{"id":1401,"date":"2022-05-13T18:24:58","date_gmt":"2022-05-13T21:24:58","guid":{"rendered":"https:\/\/rmarqcollection.com.br\/?page_id=1401"},"modified":"2026-01-08T10:18:53","modified_gmt":"2026-01-08T13:18:53","slug":"politica-de-envios","status":"publish","type":"page","link":"https:\/\/rmarqcollection.com.br\/?page_id=1401","title":{"rendered":"Pol\u00edtica de Envios"},"content":{"rendered":"\n<p>A <strong><a href=\"https:\/\/rmarqcollection.com.br\/?post_type=product\" title=\"\">RMarq Collection<\/a><\/strong> visando um melhor atendimento aos seus clientes oferece servi\u00e7os de qualidade e conta com uma Pol\u00edtica de Envios respons\u00e1vel e com efici\u00eancia.<\/p>\n\n\n\n<p>Nossas entregas s\u00e3o feitas por meio dos correios ou meios a ser selecionados pelo cliente quando dispon\u00edveis.<\/p>\n\n\n\n<p><strong>Tarifa conforme a modalidade escolhida.<\/strong><\/p>\n\n\n\n<p>O prazo de entrega come\u00e7ar\u00e1 a ser contado ap\u00f3s confirma\u00e7\u00e3o dos seus dados cadastrais e confirma\u00e7\u00e3o do pagamento para posterior envio do produto. Os envios dos produtos poder\u00e3o ser enviados em at\u00e9 48 horas ap\u00f3s confirma\u00e7\u00e3o do pagamento. Aten\u00e7\u00e3o: alguns produtos realizados por encomenda ter\u00e3o um tempo mais prolongado para o envio. Importante entrar em contato para realizar a estimativa de entre acesse: <strong><a href=\"https:\/\/rmarqcollection.com.br\/?page_id=238\" title=\"\">Atendimento<\/a><\/strong><\/p>\n\n\n\n<p>O prazo estabelecido de entrega pode variar entre 7 e 12 dias \u00fateis, dependendo da localidade e do m\u00e9todo de entrega escolhido, n\u00e3o considerando s\u00e1bados, domingos e feriados.<\/p>\n\n\n\n<p>Para pagamento em boleto banc\u00e1rio, o banco poder\u00e1 levar at\u00e9 2 dias \u00fateis para comunicar o processo de compensa\u00e7\u00e3o banc\u00e1ria.<\/p>\n\n\n\n<p>Para contagem do prazo de entrega, ser\u00e1 considerado o hor\u00e1rio da aprova\u00e7\u00e3o do pagamento e n\u00e3o o momento da sua compra.<\/p>\n\n\n\n<p>A entrega poder\u00e1 ser feita a terceiros (parentes, moradores da mesma resid\u00eancia ou porteiros), desde que o mesmo assine o comprovante de entrega com nome leg\u00edvel e documento.<\/p>\n\n\n\n<p>A aus\u00eancia do cliente no endere\u00e7o da entrega, recusa do produto pelo cliente, mudan\u00e7a de endere\u00e7o ou dados cadastrais incorretos podem comprometer o prazo de entrega estimado. Nesses casos, o nosso <a href=\"https:\/\/rmarqcollection.com.br\/?page_id=238\" title=\"\"><strong>servi\u00e7o de atendimento ao cliente<\/strong><\/a> estar\u00e1 \u00e0 disposi\u00e7\u00e3o para encontrar a melhor solu\u00e7\u00e3o.<\/p>\n\n\n\n<p>Motivos de for\u00e7a maior como greves, enchentes, cat\u00e1strofes naturais, roubo ou furto na transportadora, acidentes de grandes propor\u00e7\u00f5es ou outras ocasi\u00f5es n\u00e3o previstas tamb\u00e9m podem impedir a realiza\u00e7\u00e3o da entrega no prazo estimado.<\/p>\n\n\n\n<p><strong>Pol\u00edtica de Frete:<\/strong><\/p>\n\n\n\n<p>O valor do frete est\u00e1 relacionado \u00e0s dimens\u00f5es e peso dos produtos selecionados, \u00e0 dist\u00e2ncia do local de entrega da encomenda e a forma de entrega.<\/p>\n\n\n\n<p>O c\u00e1lculo \u00e9 feito automaticamente pelo nosso sistema no momento do fechamento de sua compra, por\u00e9m voc\u00ea tem a op\u00e7\u00e3o de simular o valor do frete antecipadamente. Para calcular o valor do frete proceda assim: adicione os produtos ao carrinho, informe o seu CEP e clique no bot\u00e3o. &nbsp;&nbsp;&nbsp;&nbsp;&nbsp;&nbsp;&nbsp;&nbsp;&nbsp;&nbsp;<\/p>\n\n\n\n<p>Na hora de escolher sua op\u00e7\u00e3o de frete, preste aten\u00e7\u00e3o nos valores. Assim, voc\u00ea pode optar por uma entrega mais r\u00e1pida ou mais econ\u00f4mica. <\/p>\n\n\n\n<p><strong>Obs.: valores calculados conforme a transportadora.<\/strong><\/p>\n\n\n\n<p><strong>Frete gr\u00e1tis com cupom<\/strong> poder\u00e3o ser oferecido pela loja, a qualquer momento. Fique atento a este benef\u00edcio siga as orienta\u00e7\u00f5es. Acesse:  <strong><a href=\"https:\/\/rmarqcollection.com.br\/?page_id=2010\" title=\"\">Frete Gr\u00e1tis\/Cupom de Descontos <\/a><\/strong><\/p>\n\n\n\n<p class=\"has-text-align-center has-large-font-size\">D\u00favidas<\/p>\n\n\n\n<div class=\"wp-block-buttons is-layout-flex wp-block-buttons-is-layout-flex\">\n<div class=\"wp-block-button aligncenter\"><a class=\"wp-block-button__link has-vivid-cyan-blue-color has-text-color wp-element-button\" href=\"https:\/\/rmarqcollection.com.br\/?page_id=238\" target=\"_blank\" rel=\"noreferrer noopener\"><strong> Clique Aqui <\/strong><\/a><\/div>\n<\/div>\n\n\n\n<p class=\"has-black-color has-text-color has-link-color wp-elements-3766df3c2b0ae4e29d4d7096364ffaf2\"><strong>Siga nossas redes sociais. <\/strong><\/p>\n\n\n\n<ul class=\"wp-block-social-links is-layout-flex wp-block-social-links-is-layout-flex\"><li class=\"wp-social-link wp-social-link-instagram  wp-block-social-link\"><a href=\"https:\/\/www.instagram.com\/rmarqcollection\/\" class=\"wp-block-social-link-anchor\"><svg width=\"24\" height=\"24\" viewBox=\"0 0 24 24\" version=\"1.1\" xmlns=\"http:\/\/www.w3.org\/2000\/svg\" aria-hidden=\"true\" focusable=\"false\"><path d=\"M12,4.622c2.403,0,2.688,0.009,3.637,0.052c0.877,0.04,1.354,0.187,1.671,0.31c0.42,0.163,0.72,0.358,1.035,0.673 c0.315,0.315,0.51,0.615,0.673,1.035c0.123,0.317,0.27,0.794,0.31,1.671c0.043,0.949,0.052,1.234,0.052,3.637 s-0.009,2.688-0.052,3.637c-0.04,0.877-0.187,1.354-0.31,1.671c-0.163,0.42-0.358,0.72-0.673,1.035 c-0.315,0.315-0.615,0.51-1.035,0.673c-0.317,0.123-0.794,0.27-1.671,0.31c-0.949,0.043-1.233,0.052-3.637,0.052 s-2.688-0.009-3.637-0.052c-0.877-0.04-1.354-0.187-1.671-0.31c-0.42-0.163-0.72-0.358-1.035-0.673 c-0.315-0.315-0.51-0.615-0.673-1.035c-0.123-0.317-0.27-0.794-0.31-1.671C4.631,14.688,4.622,14.403,4.622,12 s0.009-2.688,0.052-3.637c0.04-0.877,0.187-1.354,0.31-1.671c0.163-0.42,0.358-0.72,0.673-1.035 c0.315-0.315,0.615-0.51,1.035-0.673c0.317-0.123,0.794-0.27,1.671-0.31C9.312,4.631,9.597,4.622,12,4.622 M12,3 C9.556,3,9.249,3.01,8.289,3.054C7.331,3.098,6.677,3.25,6.105,3.472C5.513,3.702,5.011,4.01,4.511,4.511 c-0.5,0.5-0.808,1.002-1.038,1.594C3.25,6.677,3.098,7.331,3.054,8.289C3.01,9.249,3,9.556,3,12c0,2.444,0.01,2.751,0.054,3.711 c0.044,0.958,0.196,1.612,0.418,2.185c0.23,0.592,0.538,1.094,1.038,1.594c0.5,0.5,1.002,0.808,1.594,1.038 c0.572,0.222,1.227,0.375,2.185,0.418C9.249,20.99,9.556,21,12,21s2.751-0.01,3.711-0.054c0.958-0.044,1.612-0.196,2.185-0.418 c0.592-0.23,1.094-0.538,1.594-1.038c0.5-0.5,0.808-1.002,1.038-1.594c0.222-0.572,0.375-1.227,0.418-2.185 C20.99,14.751,21,14.444,21,12s-0.01-2.751-0.054-3.711c-0.044-0.958-0.196-1.612-0.418-2.185c-0.23-0.592-0.538-1.094-1.038-1.594 c-0.5-0.5-1.002-0.808-1.594-1.038c-0.572-0.222-1.227-0.375-2.185-0.418C14.751,3.01,14.444,3,12,3L12,3z M12,7.378 c-2.552,0-4.622,2.069-4.622,4.622S9.448,16.622,12,16.622s4.622-2.069,4.622-4.622S14.552,7.378,12,7.378z M12,15 c-1.657,0-3-1.343-3-3s1.343-3,3-3s3,1.343,3,3S13.657,15,12,15z M16.804,6.116c-0.596,0-1.08,0.484-1.08,1.08 s0.484,1.08,1.08,1.08c0.596,0,1.08-0.484,1.08-1.08S17.401,6.116,16.804,6.116z\"><\/path><\/svg><span class=\"wp-block-social-link-label screen-reader-text\">Instagram<\/span><\/a><\/li>\n\n<li class=\"wp-social-link wp-social-link-facebook  wp-block-social-link\"><a href=\"https:\/\/www.facebook.com\/rmarqcollection\/\" class=\"wp-block-social-link-anchor\"><svg width=\"24\" height=\"24\" viewBox=\"0 0 24 24\" version=\"1.1\" xmlns=\"http:\/\/www.w3.org\/2000\/svg\" aria-hidden=\"true\" focusable=\"false\"><path d=\"M12 2C6.5 2 2 6.5 2 12c0 5 3.7 9.1 8.4 9.9v-7H7.9V12h2.5V9.8c0-2.5 1.5-3.9 3.8-3.9 1.1 0 2.2.2 2.2.2v2.5h-1.3c-1.2 0-1.6.8-1.6 1.6V12h2.8l-.4 2.9h-2.3v7C18.3 21.1 22 17 22 12c0-5.5-4.5-10-10-10z\"><\/path><\/svg><span class=\"wp-block-social-link-label screen-reader-text\">Facebook<\/span><\/a><\/li>\n\n<li class=\"wp-social-link wp-social-link-pinterest  wp-block-social-link\"><a href=\"https:\/\/br.pinterest.com\/rmarqcollection\/\" class=\"wp-block-social-link-anchor\"><svg width=\"24\" height=\"24\" viewBox=\"0 0 24 24\" version=\"1.1\" xmlns=\"http:\/\/www.w3.org\/2000\/svg\" aria-hidden=\"true\" focusable=\"false\"><path d=\"M12.289,2C6.617,2,3.606,5.648,3.606,9.622c0,1.846,1.025,4.146,2.666,4.878c0.25,0.111,0.381,0.063,0.439-0.169 c0.044-0.175,0.267-1.029,0.365-1.428c0.032-0.128,0.017-0.237-0.091-0.362C6.445,11.911,6.01,10.75,6.01,9.668 c0-2.777,2.194-5.464,5.933-5.464c3.23,0,5.49,2.108,5.49,5.122c0,3.407-1.794,5.768-4.13,5.768c-1.291,0-2.257-1.021-1.948-2.277 c0.372-1.495,1.089-3.112,1.089-4.191c0-0.967-0.542-1.775-1.663-1.775c-1.319,0-2.379,1.309-2.379,3.059 c0,1.115,0.394,1.869,0.394,1.869s-1.302,5.279-1.54,6.261c-0.405,1.666,0.053,4.368,0.094,4.604 c0.021,0.126,0.167,0.169,0.25,0.063c0.129-0.165,1.699-2.419,2.142-4.051c0.158-0.59,0.817-2.995,0.817-2.995 c0.43,0.784,1.681,1.446,3.013,1.446c3.963,0,6.822-3.494,6.822-7.833C20.394,5.112,16.849,2,12.289,2\"><\/path><\/svg><span class=\"wp-block-social-link-label screen-reader-text\">Pinterest<\/span><\/a><\/li>\n\n<li class=\"wp-social-link wp-social-link-tiktok  wp-block-social-link\"><a href=\"https:\/\/www.tiktok.com\/@rmarq.collection\" class=\"wp-block-social-link-anchor\"><svg width=\"24\" height=\"24\" viewBox=\"0 0 32 32\" version=\"1.1\" xmlns=\"http:\/\/www.w3.org\/2000\/svg\" aria-hidden=\"true\" focusable=\"false\"><path d=\"M16.708 0.027c1.745-0.027 3.48-0.011 5.213-0.027 0.105 2.041 0.839 4.12 2.333 5.563 1.491 1.479 3.6 2.156 5.652 2.385v5.369c-1.923-0.063-3.855-0.463-5.6-1.291-0.76-0.344-1.468-0.787-2.161-1.24-0.009 3.896 0.016 7.787-0.025 11.667-0.104 1.864-0.719 3.719-1.803 5.255-1.744 2.557-4.771 4.224-7.88 4.276-1.907 0.109-3.812-0.411-5.437-1.369-2.693-1.588-4.588-4.495-4.864-7.615-0.032-0.667-0.043-1.333-0.016-1.984 0.24-2.537 1.495-4.964 3.443-6.615 2.208-1.923 5.301-2.839 8.197-2.297 0.027 1.975-0.052 3.948-0.052 5.923-1.323-0.428-2.869-0.308-4.025 0.495-0.844 0.547-1.485 1.385-1.819 2.333-0.276 0.676-0.197 1.427-0.181 2.145 0.317 2.188 2.421 4.027 4.667 3.828 1.489-0.016 2.916-0.88 3.692-2.145 0.251-0.443 0.532-0.896 0.547-1.417 0.131-2.385 0.079-4.76 0.095-7.145 0.011-5.375-0.016-10.735 0.025-16.093z\" \/><\/svg><span class=\"wp-block-social-link-label screen-reader-text\">TikTok<\/span><\/a><\/li>\n\n<li class=\"wp-social-link wp-social-link-x  wp-block-social-link\"><a href=\"https:\/\/x.com\/rmarqcollection\" class=\"wp-block-social-link-anchor\"><svg width=\"24\" height=\"24\" viewBox=\"0 0 24 24\" version=\"1.1\" xmlns=\"http:\/\/www.w3.org\/2000\/svg\" aria-hidden=\"true\" focusable=\"false\"><path d=\"M13.982 10.622 20.54 3h-1.554l-5.693 6.618L8.745 3H3.5l6.876 10.007L3.5 21h1.554l6.012-6.989L15.868 21h5.245l-7.131-10.378Zm-2.128 2.474-.697-.997-5.543-7.93H8l4.474 6.4.697.996 5.815 8.318h-2.387l-4.745-6.787Z\" \/><\/svg><span class=\"wp-block-social-link-label screen-reader-text\">X<\/span><\/a><\/li>\n\n<li class=\"wp-social-link wp-social-link-youtube  wp-block-social-link\"><a href=\"https:\/\/www.youtube.com\/@rmarqcollection\" class=\"wp-block-social-link-anchor\"><svg width=\"24\" height=\"24\" viewBox=\"0 0 24 24\" version=\"1.1\" xmlns=\"http:\/\/www.w3.org\/2000\/svg\" aria-hidden=\"true\" focusable=\"false\"><path d=\"M21.8,8.001c0,0-0.195-1.378-0.795-1.985c-0.76-0.797-1.613-0.801-2.004-0.847c-2.799-0.202-6.997-0.202-6.997-0.202 h-0.009c0,0-4.198,0-6.997,0.202C4.608,5.216,3.756,5.22,2.995,6.016C2.395,6.623,2.2,8.001,2.2,8.001S2,9.62,2,11.238v1.517 c0,1.618,0.2,3.237,0.2,3.237s0.195,1.378,0.795,1.985c0.761,0.797,1.76,0.771,2.205,0.855c1.6,0.153,6.8,0.201,6.8,0.201 s4.203-0.006,7.001-0.209c0.391-0.047,1.243-0.051,2.004-0.847c0.6-0.607,0.795-1.985,0.795-1.985s0.2-1.618,0.2-3.237v-1.517 C22,9.62,21.8,8.001,21.8,8.001z M9.935,14.594l-0.001-5.62l5.404,2.82L9.935,14.594z\"><\/path><\/svg><span class=\"wp-block-social-link-label screen-reader-text\">Youtube<\/span><\/a><\/li>\n\n<li class=\"wp-social-link wp-social-link-threads  wp-block-social-link\"><a href=\"https:\/\/www.threads.com\/@rmarqcollection\" class=\"wp-block-social-link-anchor\"><svg width=\"24\" height=\"24\" viewBox=\"0 0 24 24\" version=\"1.1\" xmlns=\"http:\/\/www.w3.org\/2000\/svg\" aria-hidden=\"true\" focusable=\"false\"><path d=\"M16.3 11.3c-.1 0-.2-.1-.2-.1-.1-2.6-1.5-4-3.9-4-1.4 0-2.6.6-3.3 1.7l1.3.9c.5-.8 1.4-1 2-1 .8 0 1.4.2 1.7.7.3.3.5.8.5 1.3-.7-.1-1.4-.2-2.2-.1-2.2.1-3.7 1.4-3.6 3.2 0 .9.5 1.7 1.3 2.2.7.4 1.5.6 2.4.6 1.2-.1 2.1-.5 2.7-1.3.5-.6.8-1.4.9-2.4.6.3 1 .8 1.2 1.3.4.9.4 2.4-.8 3.6-1.1 1.1-2.3 1.5-4.3 1.5-2.1 0-3.8-.7-4.8-2S5.7 14.3 5.7 12c0-2.3.5-4.1 1.5-5.4 1.1-1.3 2.7-2 4.8-2 2.2 0 3.8.7 4.9 2 .5.7.9 1.5 1.2 2.5l1.5-.4c-.3-1.2-.8-2.2-1.5-3.1-1.3-1.7-3.3-2.6-6-2.6-2.6 0-4.7.9-6 2.6C4.9 7.2 4.3 9.3 4.3 12s.6 4.8 1.9 6.4c1.4 1.7 3.4 2.6 6 2.6 2.3 0 4-.6 5.3-2 1.8-1.8 1.7-4 1.1-5.4-.4-.9-1.2-1.7-2.3-2.3zm-4 3.8c-1 .1-2-.4-2-1.3 0-.7.5-1.5 2.1-1.6h.5c.6 0 1.1.1 1.6.2-.2 2.3-1.3 2.7-2.2 2.7z\"\/><\/svg><span class=\"wp-block-social-link-label screen-reader-text\">Threads<\/span><\/a><\/li><\/ul>\n","protected":false},"excerpt":{"rendered":"<p>A RMarq Collection visando um melhor atendimento aos seus clientes oferece servi\u00e7os de qualidade e conta com uma Pol\u00edtica de Envios respons\u00e1vel e com efici\u00eancia. Nossas entregas s\u00e3o feitas por<\/p>\n","protected":false},"author":1,"featured_media":0,"parent":0,"menu_order":0,"comment_status":"closed","ping_status":"closed","template":"","meta":{"footnotes":""},"class_list":{"1":"page","2":"type-page","3":"status-publish","4":"hentry"},"aioseo_notices":[],"jetpack-related-posts":[{"id":1388,"url":"https:\/\/rmarqcollection.com.br\/?page_id=1388","url_meta":{"origin":1401,"position":0},"title":"Pol\u00edtica de troca, devolu\u00e7\u00e3o e reembolso","author":"cole\u00e7\u00e3o rmarq","date":"13\/05\/2022","format":false,"excerpt":"Caso voc\u00ea n\u00e3o esteja satisfeito com o produto ou tenha se arrependido da compra, voc\u00ea poder\u00e1 solicitar uma troca ou devolu\u00e7\u00e3o em at\u00e9 7 dias contados da data do recebimento do pedido no seu endere\u00e7o. Atendimento Condi\u00e7\u00f5es para efetuar uma troca: Caso queira efetuar uma troca, o produto dever\u00e1 estar\u2026","rel":"","context":"Post similar","block_context":{"text":"Post similar","link":""},"img":{"alt_text":"","src":"","width":0,"height":0},"classes":[]},{"id":1849,"url":"https:\/\/rmarqcollection.com.br\/?page_id=1849","url_meta":{"origin":1401,"position":1},"title":"Formas   de   Pagamentos","author":"cole\u00e7\u00e3o rmarq","date":"12\/06\/2022","format":false,"excerpt":"Frete gr\u00e1tis a partir de 120,00 reais Confira as melhores op\u00e7\u00f5es Nosso Pix: Pagamento a Vista. Aprova\u00e7\u00e3o imediata. Ao finalizar a compra, iremos gerar o c\u00f3digo Pix para pagamento na pr\u00f3xima tela. Voc\u00ea receber\u00e1 a confirma\u00e7\u00e3o via email do pagamento e a confirma\u00e7\u00e3o do pedido. Todos os meios de pagamento\u2026","rel":"","context":"Post similar","block_context":{"text":"Post similar","link":""},"img":{"alt_text":"","src":"https:\/\/i0.wp.com\/rmarqcollection.com.br\/wp-content\/uploads\/2022\/06\/image-1.png?resize=350%2C200&ssl=1","width":350,"height":200},"classes":[]},{"id":1409,"url":"https:\/\/rmarqcollection.com.br\/?page_id=1409","url_meta":{"origin":1401,"position":2},"title":"Pol\u00edticas do Site","author":"cole\u00e7\u00e3o rmarq","date":"13\/05\/2022","format":false,"excerpt":"Segue abaixo algumas de nossas pol\u00edticas para o desenvolvimento de nossa atividade e o melhor atendimento dos nossos clientes e parceiros. Caro cliente voc\u00ea encontra aqui v\u00e1rias informa\u00e7\u00f5es como direitos , obriga\u00e7\u00f5es e procedimentos a serem adotados, assim cada informa\u00e7\u00e3o \u00e9 importante para voc\u00ea e para nossa loja. Leia com\u2026","rel":"","context":"Post similar","block_context":{"text":"Post similar","link":""},"img":{"alt_text":"","src":"","width":0,"height":0},"classes":[]},{"id":3,"url":"https:\/\/rmarqcollection.com.br\/?page_id=3","url_meta":{"origin":1401,"position":3},"title":"Pol\u00edtica de privacidade","author":"cole\u00e7\u00e3o rmarq","date":"28\/05\/2021","format":false,"excerpt":"Quem somos Somos uma loja de produtos f\u00edsicos, voltada para o setor de acess\u00f3rios da moda e nos preocupamos com sua privacidade. O endere\u00e7o do nosso site \u00e9: https:\/\/rmarqcollection.com.br Coment\u00e1rios Quando os visitantes deixam coment\u00e1rios no site, coletamos os dados mostrados no formul\u00e1rio de coment\u00e1rios, al\u00e9m do endere\u00e7o de IP\u2026","rel":"","context":"Post similar","block_context":{"text":"Post similar","link":""},"img":{"alt_text":"","src":"","width":0,"height":0},"classes":[]},{"id":238,"url":"https:\/\/rmarqcollection.com.br\/?page_id=238","url_meta":{"origin":1401,"position":4},"title":"Atendimento","author":"cole\u00e7\u00e3o rmarq","date":"06\/06\/2021","format":false,"excerpt":"Escolha uma das op\u00e7\u00f5es Identifica\u00e7\u00e3o Fale conosco Conversar no WhatsApp FORMUL\u00c1RIO DE CONTATO Quando os visitantes deixam coment\u00e1rios no site, coletamos os dados mostrados no formul\u00e1rio de coment\u00e1rios, al\u00e9m do endere\u00e7o de IP e de dados do navegador do visitante, para auxiliar na detec\u00e7\u00e3o de spam. Saiba mais. Pol\u00edticas do\u2026","rel":"","context":"Post similar","block_context":{"text":"Post similar","link":""},"img":{"alt_text":"","src":"https:\/\/i0.wp.com\/rmarqcollection.com.br\/wp-content\/uploads\/2022\/05\/RMARQCOLLECTION-1024x102.png?resize=350%2C200&ssl=1","width":350,"height":200,"srcset":"https:\/\/i0.wp.com\/rmarqcollection.com.br\/wp-content\/uploads\/2022\/05\/RMARQCOLLECTION-1024x102.png?resize=350%2C200&ssl=1 1x, https:\/\/i0.wp.com\/rmarqcollection.com.br\/wp-content\/uploads\/2022\/05\/RMARQCOLLECTION-1024x102.png?resize=525%2C300&ssl=1 1.5x, https:\/\/i0.wp.com\/rmarqcollection.com.br\/wp-content\/uploads\/2022\/05\/RMARQCOLLECTION-1024x102.png?resize=700%2C400&ssl=1 2x"},"classes":[]},{"id":9,"url":"https:\/\/rmarqcollection.com.br\/?page_id=9","url_meta":{"origin":1401,"position":5},"title":"Entrar ou Cadastre-se","author":"cole\u00e7\u00e3o rmarq","date":"28\/05\/2021","format":false,"excerpt":"Bem vindo (a) a nossa loja! Siga nossas redes sociais.","rel":"","context":"Post similar","block_context":{"text":"Post similar","link":""},"img":{"alt_text":"","src":"","width":0,"height":0},"classes":[]}],"jetpack_likes_enabled":true,"jetpack_sharing_enabled":true,"_links":{"self":[{"href":"https:\/\/rmarqcollection.com.br\/index.php?rest_route=\/wp\/v2\/pages\/1401","targetHints":{"allow":["GET"]}}],"collection":[{"href":"https:\/\/rmarqcollection.com.br\/index.php?rest_route=\/wp\/v2\/pages"}],"about":[{"href":"https:\/\/rmarqcollection.com.br\/index.php?rest_route=\/wp\/v2\/types\/page"}],"author":[{"embeddable":true,"href":"https:\/\/rmarqcollection.com.br\/index.php?rest_route=\/wp\/v2\/users\/1"}],"replies":[{"embeddable":true,"href":"https:\/\/rmarqcollection.com.br\/index.php?rest_route=%2Fwp%2Fv2%2Fcomments&post=1401"}],"version-history":[{"count":1,"href":"https:\/\/rmarqcollection.com.br\/index.php?rest_route=\/wp\/v2\/pages\/1401\/revisions"}],"predecessor-version":[{"id":7379,"href":"https:\/\/rmarqcollection.com.br\/index.php?rest_route=\/wp\/v2\/pages\/1401\/revisions\/7379"}],"wp:attachment":[{"href":"https:\/\/rmarqcollection.com.br\/index.php?rest_route=%2Fwp%2Fv2%2Fmedia&parent=1401"}],"curies":[{"name":"wp","href":"https:\/\/api.w.org\/{rel}","templated":true}]}}