{"id":2650,"date":"2022-09-01T18:42:23","date_gmt":"2022-09-01T21:42:23","guid":{"rendered":"https:\/\/rmarqcollection.com.br\/?page_id=2650"},"modified":"2025-12-29T10:28:55","modified_gmt":"2025-12-29T13:28:55","slug":"camisetas","status":"publish","type":"page","link":"https:\/\/rmarqcollection.com.br\/?page_id=2650","title":{"rendered":"Camisetas lisas e estampadas"},"content":{"rendered":"\n<figure class=\"wp-block-gallery has-nested-images columns-3 is-cropped wp-block-gallery-1 is-layout-flex wp-block-gallery-is-layout-flex\">\n<figure class=\"wp-block-image size-medium\"><a href=\"https:\/\/rmarqcollection.com.br\/?product=camiseta-estampada-marsala-100-algodao\"><img data-recalc-dims=\"1\" loading=\"lazy\" decoding=\"async\" width=\"256\" height=\"300\" data-id=\"1037\" src=\"https:\/\/i0.wp.com\/rmarqcollection.com.br\/wp-content\/uploads\/2022\/01\/camisa-3-cinza-escura-G-Com.70-Lar-52-1-1.png?resize=256%2C300&#038;ssl=1\" alt=\"\" class=\"wp-image-1037\" srcset=\"https:\/\/i0.wp.com\/rmarqcollection.com.br\/wp-content\/uploads\/2022\/01\/camisa-3-cinza-escura-G-Com.70-Lar-52-1-1.png?resize=256%2C300&amp;ssl=1 256w, https:\/\/i0.wp.com\/rmarqcollection.com.br\/wp-content\/uploads\/2022\/01\/camisa-3-cinza-escura-G-Com.70-Lar-52-1-1.png?resize=600%2C702&amp;ssl=1 600w, https:\/\/i0.wp.com\/rmarqcollection.com.br\/wp-content\/uploads\/2022\/01\/camisa-3-cinza-escura-G-Com.70-Lar-52-1-1.png?resize=875%2C1024&amp;ssl=1 875w, https:\/\/i0.wp.com\/rmarqcollection.com.br\/wp-content\/uploads\/2022\/01\/camisa-3-cinza-escura-G-Com.70-Lar-52-1-1.png?resize=768%2C899&amp;ssl=1 768w, https:\/\/i0.wp.com\/rmarqcollection.com.br\/wp-content\/uploads\/2022\/01\/camisa-3-cinza-escura-G-Com.70-Lar-52-1-1.png?resize=324%2C379&amp;ssl=1 324w, https:\/\/i0.wp.com\/rmarqcollection.com.br\/wp-content\/uploads\/2022\/01\/camisa-3-cinza-escura-G-Com.70-Lar-52-1-1.png?resize=416%2C487&amp;ssl=1 416w, https:\/\/i0.wp.com\/rmarqcollection.com.br\/wp-content\/uploads\/2022\/01\/camisa-3-cinza-escura-G-Com.70-Lar-52-1-1.png?w=1025&amp;ssl=1 1025w\" sizes=\"auto, (max-width: 256px) 100vw, 256px\" \/><\/a><figcaption class=\"wp-element-caption\"><strong>Camiseta estampa masculina cinza escuro <\/strong><\/figcaption><\/figure>\n\n\n\n<figure class=\"wp-block-image size-medium\"><a href=\"https:\/\/rmarqcollection.com.br\/?product=camiseta-estampada-marsala-100-algodao\"><img data-recalc-dims=\"1\" loading=\"lazy\" decoding=\"async\" width=\"255\" height=\"300\" data-id=\"1036\" src=\"https:\/\/i0.wp.com\/rmarqcollection.com.br\/wp-content\/uploads\/2022\/01\/camisa-4-Azul-turquesa-GG-Com-70-Lar-56.png?resize=255%2C300&#038;ssl=1\" alt=\"\" class=\"wp-image-1036\" srcset=\"https:\/\/i0.wp.com\/rmarqcollection.com.br\/wp-content\/uploads\/2022\/01\/camisa-4-Azul-turquesa-GG-Com-70-Lar-56.png?resize=255%2C300&amp;ssl=1 255w, https:\/\/i0.wp.com\/rmarqcollection.com.br\/wp-content\/uploads\/2022\/01\/camisa-4-Azul-turquesa-GG-Com-70-Lar-56.png?resize=416%2C490&amp;ssl=1 416w, https:\/\/i0.wp.com\/rmarqcollection.com.br\/wp-content\/uploads\/2022\/01\/camisa-4-Azul-turquesa-GG-Com-70-Lar-56.png?resize=324%2C382&amp;ssl=1 324w, https:\/\/i0.wp.com\/rmarqcollection.com.br\/wp-content\/uploads\/2022\/01\/camisa-4-Azul-turquesa-GG-Com-70-Lar-56.png?w=460&amp;ssl=1 460w\" sizes=\"auto, (max-width: 255px) 100vw, 255px\" \/><\/a><figcaption class=\"wp-element-caption\"><strong>Camiseta estampa masculina azul turquesa<\/strong><\/figcaption><\/figure>\n\n\n\n<figure class=\"wp-block-image size-medium\"><a href=\"https:\/\/rmarqcollection.com.br\/?product=camisetas-unissex-lisas\"><img data-recalc-dims=\"1\" loading=\"lazy\" decoding=\"async\" width=\"266\" height=\"300\" data-id=\"1024\" src=\"https:\/\/i0.wp.com\/rmarqcollection.com.br\/wp-content\/uploads\/2022\/01\/camiseta-unissex-P-M-GG-Azul-Petrolio-1.png?resize=266%2C300&#038;ssl=1\" alt=\"\" class=\"wp-image-1024\" srcset=\"https:\/\/i0.wp.com\/rmarqcollection.com.br\/wp-content\/uploads\/2022\/01\/camiseta-unissex-P-M-GG-Azul-Petrolio-1.png?resize=266%2C300&amp;ssl=1 266w, https:\/\/i0.wp.com\/rmarqcollection.com.br\/wp-content\/uploads\/2022\/01\/camiseta-unissex-P-M-GG-Azul-Petrolio-1.png?resize=600%2C678&amp;ssl=1 600w, https:\/\/i0.wp.com\/rmarqcollection.com.br\/wp-content\/uploads\/2022\/01\/camiseta-unissex-P-M-GG-Azul-Petrolio-1.png?resize=906%2C1024&amp;ssl=1 906w, https:\/\/i0.wp.com\/rmarqcollection.com.br\/wp-content\/uploads\/2022\/01\/camiseta-unissex-P-M-GG-Azul-Petrolio-1.png?resize=768%2C868&amp;ssl=1 768w, https:\/\/i0.wp.com\/rmarqcollection.com.br\/wp-content\/uploads\/2022\/01\/camiseta-unissex-P-M-GG-Azul-Petrolio-1.png?resize=324%2C366&amp;ssl=1 324w, https:\/\/i0.wp.com\/rmarqcollection.com.br\/wp-content\/uploads\/2022\/01\/camiseta-unissex-P-M-GG-Azul-Petrolio-1.png?resize=416%2C470&amp;ssl=1 416w, https:\/\/i0.wp.com\/rmarqcollection.com.br\/wp-content\/uploads\/2022\/01\/camiseta-unissex-P-M-GG-Azul-Petrolio-1.png?w=1062&amp;ssl=1 1062w\" sizes=\"auto, (max-width: 266px) 100vw, 266px\" \/><\/a><figcaption class=\"wp-element-caption\"><strong>Camiseta unissex lisa azul petr\u00f3leo<\/strong><\/figcaption><\/figure>\n\n\n\n<figure class=\"wp-block-image size-medium\"><a href=\"https:\/\/rmarqcollection.com.br\/?product=camisetas-unissex-lisas\"><img data-recalc-dims=\"1\" loading=\"lazy\" decoding=\"async\" width=\"231\" height=\"300\" data-id=\"1025\" src=\"https:\/\/i0.wp.com\/rmarqcollection.com.br\/wp-content\/uploads\/2022\/01\/camiseta-unissex-P-M-GG-Azul-Petrolio-2.png?resize=231%2C300&#038;ssl=1\" alt=\"\" class=\"wp-image-1025\" srcset=\"https:\/\/i0.wp.com\/rmarqcollection.com.br\/wp-content\/uploads\/2022\/01\/camiseta-unissex-P-M-GG-Azul-Petrolio-2.png?resize=231%2C300&amp;ssl=1 231w, https:\/\/i0.wp.com\/rmarqcollection.com.br\/wp-content\/uploads\/2022\/01\/camiseta-unissex-P-M-GG-Azul-Petrolio-2.png?resize=600%2C778&amp;ssl=1 600w, https:\/\/i0.wp.com\/rmarqcollection.com.br\/wp-content\/uploads\/2022\/01\/camiseta-unissex-P-M-GG-Azul-Petrolio-2.png?resize=789%2C1024&amp;ssl=1 789w, https:\/\/i0.wp.com\/rmarqcollection.com.br\/wp-content\/uploads\/2022\/01\/camiseta-unissex-P-M-GG-Azul-Petrolio-2.png?resize=768%2C996&amp;ssl=1 768w, https:\/\/i0.wp.com\/rmarqcollection.com.br\/wp-content\/uploads\/2022\/01\/camiseta-unissex-P-M-GG-Azul-Petrolio-2.png?resize=324%2C420&amp;ssl=1 324w, https:\/\/i0.wp.com\/rmarqcollection.com.br\/wp-content\/uploads\/2022\/01\/camiseta-unissex-P-M-GG-Azul-Petrolio-2.png?resize=416%2C540&amp;ssl=1 416w, https:\/\/i0.wp.com\/rmarqcollection.com.br\/wp-content\/uploads\/2022\/01\/camiseta-unissex-P-M-GG-Azul-Petrolio-2.png?w=925&amp;ssl=1 925w\" sizes=\"auto, (max-width: 231px) 100vw, 231px\" \/><\/a><figcaption class=\"wp-element-caption\"><strong>Camiseta unissex lisa azul petr\u00f3leo<\/strong><\/figcaption><\/figure>\n\n\n\n<figure class=\"wp-block-image size-medium\"><a href=\"https:\/\/rmarqcollection.com.br\/?product=camisetas-unissex-lisas\"><img data-recalc-dims=\"1\" loading=\"lazy\" decoding=\"async\" width=\"298\" height=\"300\" data-id=\"1027\" src=\"https:\/\/i0.wp.com\/rmarqcollection.com.br\/wp-content\/uploads\/2022\/01\/camiseta-unissex-PMGGG-Marsala-2.png?resize=298%2C300&#038;ssl=1\" alt=\"\" class=\"wp-image-1027\" srcset=\"https:\/\/i0.wp.com\/rmarqcollection.com.br\/wp-content\/uploads\/2022\/01\/camiseta-unissex-PMGGG-Marsala-2.png?resize=298%2C300&amp;ssl=1 298w, https:\/\/i0.wp.com\/rmarqcollection.com.br\/wp-content\/uploads\/2022\/01\/camiseta-unissex-PMGGG-Marsala-2.png?resize=100%2C100&amp;ssl=1 100w, https:\/\/i0.wp.com\/rmarqcollection.com.br\/wp-content\/uploads\/2022\/01\/camiseta-unissex-PMGGG-Marsala-2.png?resize=600%2C604&amp;ssl=1 600w, https:\/\/i0.wp.com\/rmarqcollection.com.br\/wp-content\/uploads\/2022\/01\/camiseta-unissex-PMGGG-Marsala-2.png?resize=1017%2C1024&amp;ssl=1 1017w, https:\/\/i0.wp.com\/rmarqcollection.com.br\/wp-content\/uploads\/2022\/01\/camiseta-unissex-PMGGG-Marsala-2.png?resize=150%2C150&amp;ssl=1 150w, https:\/\/i0.wp.com\/rmarqcollection.com.br\/wp-content\/uploads\/2022\/01\/camiseta-unissex-PMGGG-Marsala-2.png?resize=768%2C773&amp;ssl=1 768w, https:\/\/i0.wp.com\/rmarqcollection.com.br\/wp-content\/uploads\/2022\/01\/camiseta-unissex-PMGGG-Marsala-2.png?resize=324%2C326&amp;ssl=1 324w, https:\/\/i0.wp.com\/rmarqcollection.com.br\/wp-content\/uploads\/2022\/01\/camiseta-unissex-PMGGG-Marsala-2.png?resize=416%2C419&amp;ssl=1 416w, https:\/\/i0.wp.com\/rmarqcollection.com.br\/wp-content\/uploads\/2022\/01\/camiseta-unissex-PMGGG-Marsala-2.png?w=1192&amp;ssl=1 1192w\" sizes=\"auto, (max-width: 298px) 100vw, 298px\" \/><\/a><figcaption class=\"wp-element-caption\"><strong>Camiseta unissex lisa marsala<\/strong><\/figcaption><\/figure>\n\n\n\n<figure class=\"wp-block-image size-medium\"><a href=\"https:\/\/rmarqcollection.com.br\/?product=camisetas-unissex-lisas\"><img data-recalc-dims=\"1\" loading=\"lazy\" decoding=\"async\" width=\"291\" height=\"300\" data-id=\"1026\" src=\"https:\/\/i0.wp.com\/rmarqcollection.com.br\/wp-content\/uploads\/2022\/01\/camiseta-unissex-PMGGG-Marsala-1.png?resize=291%2C300&#038;ssl=1\" alt=\"\" class=\"wp-image-1026\" srcset=\"https:\/\/i0.wp.com\/rmarqcollection.com.br\/wp-content\/uploads\/2022\/01\/camiseta-unissex-PMGGG-Marsala-1.png?resize=291%2C300&amp;ssl=1 291w, https:\/\/i0.wp.com\/rmarqcollection.com.br\/wp-content\/uploads\/2022\/01\/camiseta-unissex-PMGGG-Marsala-1.png?resize=600%2C620&amp;ssl=1 600w, https:\/\/i0.wp.com\/rmarqcollection.com.br\/wp-content\/uploads\/2022\/01\/camiseta-unissex-PMGGG-Marsala-1.png?resize=992%2C1024&amp;ssl=1 992w, https:\/\/i0.wp.com\/rmarqcollection.com.br\/wp-content\/uploads\/2022\/01\/camiseta-unissex-PMGGG-Marsala-1.png?resize=768%2C793&amp;ssl=1 768w, https:\/\/i0.wp.com\/rmarqcollection.com.br\/wp-content\/uploads\/2022\/01\/camiseta-unissex-PMGGG-Marsala-1.png?resize=324%2C335&amp;ssl=1 324w, https:\/\/i0.wp.com\/rmarqcollection.com.br\/wp-content\/uploads\/2022\/01\/camiseta-unissex-PMGGG-Marsala-1.png?resize=416%2C430&amp;ssl=1 416w, https:\/\/i0.wp.com\/rmarqcollection.com.br\/wp-content\/uploads\/2022\/01\/camiseta-unissex-PMGGG-Marsala-1.png?w=1162&amp;ssl=1 1162w\" sizes=\"auto, (max-width: 291px) 100vw, 291px\" \/><\/a><figcaption class=\"wp-element-caption\"><strong>Camiseta unissex lisa marsala<\/strong><\/figcaption><\/figure>\n<\/figure>\n","protected":false},"excerpt":{"rendered":"","protected":false},"author":1,"featured_media":0,"parent":0,"menu_order":0,"comment_status":"closed","ping_status":"closed","template":"","meta":{"footnotes":""},"class_list":{"1":"page","2":"type-page","3":"status-publish","4":"hentry"},"aioseo_notices":[],"jetpack-related-posts":[{"id":2808,"url":"https:\/\/rmarqcollection.com.br\/?page_id=2808","url_meta":{"origin":2650,"position":0},"title":"Camisetas  Masculinas (unissex)","author":"cole\u00e7\u00e3o rmarq","date":"05\/09\/2022","format":false,"excerpt":"Camiseta estampa masculina Camiseta estampa masculina Camiseta unissex Camiseta unissex","rel":"","context":"Post similar","block_context":{"text":"Post similar","link":""},"img":{"alt_text":"","src":"https:\/\/i0.wp.com\/rmarqcollection.com.br\/wp-content\/uploads\/2022\/01\/camisa-3-cinza-escura-G-Com.70-Lar-52-1-1.png?resize=350%2C200","width":350,"height":200,"srcset":"https:\/\/i0.wp.com\/rmarqcollection.com.br\/wp-content\/uploads\/2022\/01\/camisa-3-cinza-escura-G-Com.70-Lar-52-1-1.png?resize=350%2C200 1x, https:\/\/i0.wp.com\/rmarqcollection.com.br\/wp-content\/uploads\/2022\/01\/camisa-3-cinza-escura-G-Com.70-Lar-52-1-1.png?resize=525%2C300 1.5x, https:\/\/i0.wp.com\/rmarqcollection.com.br\/wp-content\/uploads\/2022\/01\/camisa-3-cinza-escura-G-Com.70-Lar-52-1-1.png?resize=700%2C400 2x"},"classes":[]},{"id":2786,"url":"https:\/\/rmarqcollection.com.br\/?page_id=2786","url_meta":{"origin":2650,"position":1},"title":"Masculino","author":"cole\u00e7\u00e3o rmarq","date":"05\/09\/2022","format":false,"excerpt":"boot t\u00eanis Sapato nobuck castor Sapato nobuck preto Mocassim Botina Cinto Jeans Cinto couro branco Cinto couro marrom escuro cinto preto couro Cinto press\u00e3o branco Couro Cinto (4 cm) couro marrom escuro Cinto cinto gorgur\u00e3o branco cinto gorgur\u00e3o verde cinto gorgur\u00e3o azul marinho cinto gorgur\u00e3o cinza Carteira pequena carteira couro\u2026","rel":"","context":"Post similar","block_context":{"text":"Post similar","link":""},"img":{"alt_text":"","src":"https:\/\/i0.wp.com\/rmarqcollection.com.br\/wp-content\/uploads\/2023\/09\/Coturno-camurca-2.png?resize=350%2C200","width":350,"height":200,"srcset":"https:\/\/i0.wp.com\/rmarqcollection.com.br\/wp-content\/uploads\/2023\/09\/Coturno-camurca-2.png?resize=350%2C200 1x, https:\/\/i0.wp.com\/rmarqcollection.com.br\/wp-content\/uploads\/2023\/09\/Coturno-camurca-2.png?resize=525%2C300 1.5x, https:\/\/i0.wp.com\/rmarqcollection.com.br\/wp-content\/uploads\/2023\/09\/Coturno-camurca-2.png?resize=700%2C400 2x, https:\/\/i0.wp.com\/rmarqcollection.com.br\/wp-content\/uploads\/2023\/09\/Coturno-camurca-2.png?resize=1050%2C600 3x"},"classes":[]},{"id":2804,"url":"https:\/\/rmarqcollection.com.br\/?page_id=2804","url_meta":{"origin":2650,"position":2},"title":"Camisetas Femininas (unissex)","author":"cole\u00e7\u00e3o rmarq","date":"05\/09\/2022","format":false,"excerpt":"Camiseta unissex Camiseta unissex","rel":"","context":"Post similar","block_context":{"text":"Post similar","link":""},"img":{"alt_text":"","src":"https:\/\/i0.wp.com\/rmarqcollection.com.br\/wp-content\/uploads\/2022\/01\/camiseta-unissex-PMGGG-Marsala-2.png?resize=350%2C200","width":350,"height":200,"srcset":"https:\/\/i0.wp.com\/rmarqcollection.com.br\/wp-content\/uploads\/2022\/01\/camiseta-unissex-PMGGG-Marsala-2.png?resize=350%2C200 1x, https:\/\/i0.wp.com\/rmarqcollection.com.br\/wp-content\/uploads\/2022\/01\/camiseta-unissex-PMGGG-Marsala-2.png?resize=525%2C300 1.5x, https:\/\/i0.wp.com\/rmarqcollection.com.br\/wp-content\/uploads\/2022\/01\/camiseta-unissex-PMGGG-Marsala-2.png?resize=700%2C400 2x, https:\/\/i0.wp.com\/rmarqcollection.com.br\/wp-content\/uploads\/2022\/01\/camiseta-unissex-PMGGG-Marsala-2.png?resize=1050%2C600 3x"},"classes":[]},{"id":2655,"url":"https:\/\/rmarqcollection.com.br\/?page_id=2655","url_meta":{"origin":2650,"position":3},"title":"Vestidos","author":"cole\u00e7\u00e3o rmarq","date":"01\/09\/2022","format":false,"excerpt":"Vestido curto babado liso Vestido curto babado estampa","rel":"","context":"Post similar","block_context":{"text":"Post similar","link":""},"img":{"alt_text":"","src":"https:\/\/i0.wp.com\/rmarqcollection.com.br\/wp-content\/uploads\/2022\/01\/7002-coral-liso-manga-curta-babado-longo-38-40-1-2.png?resize=350%2C200","width":350,"height":200,"srcset":"https:\/\/i0.wp.com\/rmarqcollection.com.br\/wp-content\/uploads\/2022\/01\/7002-coral-liso-manga-curta-babado-longo-38-40-1-2.png?resize=350%2C200 1x, https:\/\/i0.wp.com\/rmarqcollection.com.br\/wp-content\/uploads\/2022\/01\/7002-coral-liso-manga-curta-babado-longo-38-40-1-2.png?resize=525%2C300 1.5x, https:\/\/i0.wp.com\/rmarqcollection.com.br\/wp-content\/uploads\/2022\/01\/7002-coral-liso-manga-curta-babado-longo-38-40-1-2.png?resize=700%2C400 2x"},"classes":[]},{"id":2782,"url":"https:\/\/rmarqcollection.com.br\/?page_id=2782","url_meta":{"origin":2650,"position":4},"title":"Feminino moda acess\u00f3rios","author":"cole\u00e7\u00e3o rmarq","date":"05\/09\/2022","format":false,"excerpt":"Clique nas fotos e veja op\u00e7\u00f5es Estojo \u00f3culos Porta Passaporte Carteira feminina Braceletes femininos Pulseira Cintos femininos Bolsa imperme\u00e1vel coqueiros Bolsa jeans Camiseta marsala unissex Bolsa m\u00e9dia couro Bolsa couro 03 Terracota Bolsa couro 02 Terracota Bolsa couro 03 Preta Bolsa couro 03 Preta","rel":"","context":"Post similar","block_context":{"text":"Post similar","link":""},"img":{"alt_text":"","src":"https:\/\/i0.wp.com\/rmarqcollection.com.br\/wp-content\/uploads\/2024\/03\/bege-cintilante-1.png?resize=350%2C200","width":350,"height":200,"srcset":"https:\/\/i0.wp.com\/rmarqcollection.com.br\/wp-content\/uploads\/2024\/03\/bege-cintilante-1.png?resize=350%2C200 1x, https:\/\/i0.wp.com\/rmarqcollection.com.br\/wp-content\/uploads\/2024\/03\/bege-cintilante-1.png?resize=525%2C300 1.5x, https:\/\/i0.wp.com\/rmarqcollection.com.br\/wp-content\/uploads\/2024\/03\/bege-cintilante-1.png?resize=700%2C400 2x, https:\/\/i0.wp.com\/rmarqcollection.com.br\/wp-content\/uploads\/2024\/03\/bege-cintilante-1.png?resize=1050%2C600 3x, https:\/\/i0.wp.com\/rmarqcollection.com.br\/wp-content\/uploads\/2024\/03\/bege-cintilante-1.png?resize=1400%2C800 4x"},"classes":[]},{"id":2642,"url":"https:\/\/rmarqcollection.com.br\/?page_id=2642","url_meta":{"origin":2650,"position":5},"title":"Cintos Masculinos","author":"cole\u00e7\u00e3o rmarq","date":"01\/09\/2022","format":false,"excerpt":"Cinto couro preto Cinto couro branco Cinto couro marrom escuro Cinto couro branco press\u00e3o Cinto jeans Cinto jeans listra cinza Cinto jeans listra azul cinto fita listra vermelha cinto gorgur\u00e3o verde litras pretas cinto gorgur\u00e3o branco listra preta cinto gorgur\u00e3o azul marinho listras cinto gorgur\u00e3o cinza Cinto 4 cm couro\u2026","rel":"","context":"Post similar","block_context":{"text":"Post similar","link":""},"img":{"alt_text":"","src":"https:\/\/i0.wp.com\/rmarqcollection.com.br\/wp-content\/uploads\/2022\/10\/Cinto-masculino-preto-fivela-parafuso-largura-35-cm-1.png?resize=350%2C200","width":350,"height":200,"srcset":"https:\/\/i0.wp.com\/rmarqcollection.com.br\/wp-content\/uploads\/2022\/10\/Cinto-masculino-preto-fivela-parafuso-largura-35-cm-1.png?resize=350%2C200 1x, https:\/\/i0.wp.com\/rmarqcollection.com.br\/wp-content\/uploads\/2022\/10\/Cinto-masculino-preto-fivela-parafuso-largura-35-cm-1.png?resize=525%2C300 1.5x, https:\/\/i0.wp.com\/rmarqcollection.com.br\/wp-content\/uploads\/2022\/10\/Cinto-masculino-preto-fivela-parafuso-largura-35-cm-1.png?resize=700%2C400 2x, https:\/\/i0.wp.com\/rmarqcollection.com.br\/wp-content\/uploads\/2022\/10\/Cinto-masculino-preto-fivela-parafuso-largura-35-cm-1.png?resize=1050%2C600 3x, https:\/\/i0.wp.com\/rmarqcollection.com.br\/wp-content\/uploads\/2022\/10\/Cinto-masculino-preto-fivela-parafuso-largura-35-cm-1.png?resize=1400%2C800 4x"},"classes":[]}],"jetpack_likes_enabled":true,"jetpack_sharing_enabled":true,"_links":{"self":[{"href":"https:\/\/rmarqcollection.com.br\/index.php?rest_route=\/wp\/v2\/pages\/2650","targetHints":{"allow":["GET"]}}],"collection":[{"href":"https:\/\/rmarqcollection.com.br\/index.php?rest_route=\/wp\/v2\/pages"}],"about":[{"href":"https:\/\/rmarqcollection.com.br\/index.php?rest_route=\/wp\/v2\/types\/page"}],"author":[{"embeddable":true,"href":"https:\/\/rmarqcollection.com.br\/index.php?rest_route=\/wp\/v2\/users\/1"}],"replies":[{"embeddable":true,"href":"https:\/\/rmarqcollection.com.br\/index.php?rest_route=%2Fwp%2Fv2%2Fcomments&post=2650"}],"version-history":[{"count":1,"href":"https:\/\/rmarqcollection.com.br\/index.php?rest_route=\/wp\/v2\/pages\/2650\/revisions"}],"predecessor-version":[{"id":7267,"href":"https:\/\/rmarqcollection.com.br\/index.php?rest_route=\/wp\/v2\/pages\/2650\/revisions\/7267"}],"wp:attachment":[{"href":"https:\/\/rmarqcollection.com.br\/index.php?rest_route=%2Fwp%2Fv2%2Fmedia&parent=2650"}],"curies":[{"name":"wp","href":"https:\/\/api.w.org\/{rel}","templated":true}]}}