{"id":2658,"date":"2022-09-01T18:40:15","date_gmt":"2022-09-01T21:40:15","guid":{"rendered":"https:\/\/rmarqcollection.com.br\/?page_id=2658"},"modified":"2026-03-02T22:08:56","modified_gmt":"2026-03-03T01:08:56","slug":"calcados-masculinos","status":"publish","type":"page","link":"https:\/\/rmarqcollection.com.br\/?page_id=2658","title":{"rendered":"Cal\u00e7ados Masculinos Couro"},"content":{"rendered":"\n<p><\/p>\n\n\n\n<figure class=\"wp-block-gallery has-nested-images columns-4 is-cropped wp-block-gallery-1 is-layout-flex wp-block-gallery-is-layout-flex\">\n<figure class=\"wp-block-image size-medium\"><a href=\"https:\/\/rmarqcollection.com.br\/?product=botina-masculina-de-couro-carneiro\"><img data-recalc-dims=\"1\" loading=\"lazy\" decoding=\"async\" width=\"300\" height=\"300\" data-id=\"5089\" src=\"https:\/\/i0.wp.com\/rmarqcollection.com.br\/wp-content\/uploads\/2021\/06\/botina-preta-3-1.png?resize=300%2C300&#038;ssl=1\" alt=\"\" class=\"wp-image-5089\" srcset=\"https:\/\/i0.wp.com\/rmarqcollection.com.br\/wp-content\/uploads\/2021\/06\/botina-preta-3-1.png?resize=300%2C300&amp;ssl=1 300w, https:\/\/i0.wp.com\/rmarqcollection.com.br\/wp-content\/uploads\/2021\/06\/botina-preta-3-1.png?resize=100%2C100&amp;ssl=1 100w, https:\/\/i0.wp.com\/rmarqcollection.com.br\/wp-content\/uploads\/2021\/06\/botina-preta-3-1.png?resize=600%2C600&amp;ssl=1 600w, https:\/\/i0.wp.com\/rmarqcollection.com.br\/wp-content\/uploads\/2021\/06\/botina-preta-3-1.png?resize=1024%2C1024&amp;ssl=1 1024w, https:\/\/i0.wp.com\/rmarqcollection.com.br\/wp-content\/uploads\/2021\/06\/botina-preta-3-1.png?resize=150%2C150&amp;ssl=1 150w, https:\/\/i0.wp.com\/rmarqcollection.com.br\/wp-content\/uploads\/2021\/06\/botina-preta-3-1.png?resize=768%2C768&amp;ssl=1 768w, https:\/\/i0.wp.com\/rmarqcollection.com.br\/wp-content\/uploads\/2021\/06\/botina-preta-3-1.png?w=1500&amp;ssl=1 1500w, https:\/\/i0.wp.com\/rmarqcollection.com.br\/wp-content\/uploads\/2021\/06\/botina-preta-3-1.png?w=1280&amp;ssl=1 1280w\" sizes=\"auto, (max-width: 300px) 100vw, 300px\" \/><\/a><figcaption class=\"wp-element-caption\">Botina masculina preta<\/figcaption><\/figure>\n\n\n\n<figure class=\"wp-block-image size-medium\"><a href=\"https:\/\/rmarqcollection.com.br\/?product=botina-masculina-de-couro-carneiro\"><img data-recalc-dims=\"1\" loading=\"lazy\" decoding=\"async\" width=\"300\" height=\"300\" data-id=\"5139\" src=\"https:\/\/i0.wp.com\/rmarqcollection.com.br\/wp-content\/uploads\/2021\/06\/botina-2.png?resize=300%2C300&#038;ssl=1\" alt=\"\" class=\"wp-image-5139\" srcset=\"https:\/\/i0.wp.com\/rmarqcollection.com.br\/wp-content\/uploads\/2021\/06\/botina-2.png?resize=300%2C300&amp;ssl=1 300w, https:\/\/i0.wp.com\/rmarqcollection.com.br\/wp-content\/uploads\/2021\/06\/botina-2.png?resize=100%2C100&amp;ssl=1 100w, https:\/\/i0.wp.com\/rmarqcollection.com.br\/wp-content\/uploads\/2021\/06\/botina-2.png?resize=600%2C600&amp;ssl=1 600w, https:\/\/i0.wp.com\/rmarqcollection.com.br\/wp-content\/uploads\/2021\/06\/botina-2.png?resize=1024%2C1024&amp;ssl=1 1024w, https:\/\/i0.wp.com\/rmarqcollection.com.br\/wp-content\/uploads\/2021\/06\/botina-2.png?resize=150%2C150&amp;ssl=1 150w, https:\/\/i0.wp.com\/rmarqcollection.com.br\/wp-content\/uploads\/2021\/06\/botina-2.png?resize=768%2C768&amp;ssl=1 768w, https:\/\/i0.wp.com\/rmarqcollection.com.br\/wp-content\/uploads\/2021\/06\/botina-2.png?w=1500&amp;ssl=1 1500w, https:\/\/i0.wp.com\/rmarqcollection.com.br\/wp-content\/uploads\/2021\/06\/botina-2.png?w=1280&amp;ssl=1 1280w\" sizes=\"auto, (max-width: 300px) 100vw, 300px\" \/><\/a><figcaption class=\"wp-element-caption\">Botina masculina marrom <\/figcaption><\/figure>\n\n\n\n<figure class=\"wp-block-image size-large\"><a href=\"https:\/\/rmarqcollection.com.br\/?product=sapato\"><img data-recalc-dims=\"1\" loading=\"lazy\" decoding=\"async\" width=\"640\" height=\"640\" data-id=\"5260\" src=\"https:\/\/i0.wp.com\/rmarqcollection.com.br\/wp-content\/uploads\/2024\/03\/sapato-marrom-4-1.png?resize=640%2C640&#038;ssl=1\" alt=\"\" class=\"wp-image-5260\" srcset=\"https:\/\/i0.wp.com\/rmarqcollection.com.br\/wp-content\/uploads\/2024\/03\/sapato-marrom-4-1.png?resize=1024%2C1024&amp;ssl=1 1024w, https:\/\/i0.wp.com\/rmarqcollection.com.br\/wp-content\/uploads\/2024\/03\/sapato-marrom-4-1.png?resize=300%2C300&amp;ssl=1 300w, https:\/\/i0.wp.com\/rmarqcollection.com.br\/wp-content\/uploads\/2024\/03\/sapato-marrom-4-1.png?resize=100%2C100&amp;ssl=1 100w, https:\/\/i0.wp.com\/rmarqcollection.com.br\/wp-content\/uploads\/2024\/03\/sapato-marrom-4-1.png?resize=600%2C600&amp;ssl=1 600w, https:\/\/i0.wp.com\/rmarqcollection.com.br\/wp-content\/uploads\/2024\/03\/sapato-marrom-4-1.png?resize=150%2C150&amp;ssl=1 150w, https:\/\/i0.wp.com\/rmarqcollection.com.br\/wp-content\/uploads\/2024\/03\/sapato-marrom-4-1.png?resize=768%2C768&amp;ssl=1 768w, https:\/\/i0.wp.com\/rmarqcollection.com.br\/wp-content\/uploads\/2024\/03\/sapato-marrom-4-1.png?w=1500&amp;ssl=1 1500w, https:\/\/i0.wp.com\/rmarqcollection.com.br\/wp-content\/uploads\/2024\/03\/sapato-marrom-4-1.png?w=1280&amp;ssl=1 1280w\" sizes=\"auto, (max-width: 640px) 100vw, 640px\" \/><\/a><figcaption class=\"wp-element-caption\">Sapato mocassim masculino  marrom<\/figcaption><\/figure>\n\n\n\n<figure class=\"wp-block-image size-large\"><a href=\"https:\/\/rmarqcollection.com.br\/?product=sapato\"><img data-recalc-dims=\"1\" loading=\"lazy\" decoding=\"async\" width=\"640\" height=\"640\" data-id=\"5101\" src=\"https:\/\/i0.wp.com\/rmarqcollection.com.br\/wp-content\/uploads\/2024\/02\/mocassim-preto-2.png?resize=640%2C640&#038;ssl=1\" alt=\"\" class=\"wp-image-5101\" srcset=\"https:\/\/i0.wp.com\/rmarqcollection.com.br\/wp-content\/uploads\/2024\/02\/mocassim-preto-2.png?resize=1024%2C1024&amp;ssl=1 1024w, https:\/\/i0.wp.com\/rmarqcollection.com.br\/wp-content\/uploads\/2024\/02\/mocassim-preto-2.png?resize=300%2C300&amp;ssl=1 300w, https:\/\/i0.wp.com\/rmarqcollection.com.br\/wp-content\/uploads\/2024\/02\/mocassim-preto-2.png?resize=100%2C100&amp;ssl=1 100w, https:\/\/i0.wp.com\/rmarqcollection.com.br\/wp-content\/uploads\/2024\/02\/mocassim-preto-2.png?resize=600%2C600&amp;ssl=1 600w, https:\/\/i0.wp.com\/rmarqcollection.com.br\/wp-content\/uploads\/2024\/02\/mocassim-preto-2.png?resize=150%2C150&amp;ssl=1 150w, https:\/\/i0.wp.com\/rmarqcollection.com.br\/wp-content\/uploads\/2024\/02\/mocassim-preto-2.png?resize=768%2C768&amp;ssl=1 768w, https:\/\/i0.wp.com\/rmarqcollection.com.br\/wp-content\/uploads\/2024\/02\/mocassim-preto-2.png?w=1500&amp;ssl=1 1500w, https:\/\/i0.wp.com\/rmarqcollection.com.br\/wp-content\/uploads\/2024\/02\/mocassim-preto-2.png?w=1280&amp;ssl=1 1280w\" sizes=\"auto, (max-width: 640px) 100vw, 640px\" \/><\/a><figcaption class=\"wp-element-caption\">Sapato mocassim masculino preto<\/figcaption><\/figure>\n\n\n\n<figure class=\"wp-block-image size-medium\"><a href=\"https:\/\/rmarqcollection.com.br\/?product=bota-tenis-cano-medio-couro-camurca\"><img data-recalc-dims=\"1\" loading=\"lazy\" decoding=\"async\" width=\"300\" height=\"300\" data-id=\"7603\" src=\"https:\/\/i0.wp.com\/rmarqcollection.com.br\/wp-content\/uploads\/2023\/09\/Coturno-camurca-7.png?resize=300%2C300&#038;ssl=1\" alt=\"\" class=\"wp-image-7603\" srcset=\"https:\/\/i0.wp.com\/rmarqcollection.com.br\/wp-content\/uploads\/2023\/09\/Coturno-camurca-7.png?resize=300%2C300&amp;ssl=1 300w, https:\/\/i0.wp.com\/rmarqcollection.com.br\/wp-content\/uploads\/2023\/09\/Coturno-camurca-7.png?resize=150%2C150&amp;ssl=1 150w, https:\/\/i0.wp.com\/rmarqcollection.com.br\/wp-content\/uploads\/2023\/09\/Coturno-camurca-7.png?resize=768%2C767&amp;ssl=1 768w, https:\/\/i0.wp.com\/rmarqcollection.com.br\/wp-content\/uploads\/2023\/09\/Coturno-camurca-7.png?resize=600%2C599&amp;ssl=1 600w, https:\/\/i0.wp.com\/rmarqcollection.com.br\/wp-content\/uploads\/2023\/09\/Coturno-camurca-7.png?resize=100%2C100&amp;ssl=1 100w, https:\/\/i0.wp.com\/rmarqcollection.com.br\/wp-content\/uploads\/2023\/09\/Coturno-camurca-7.png?w=818&amp;ssl=1 818w\" sizes=\"auto, (max-width: 300px) 100vw, 300px\" \/><\/a><figcaption class=\"wp-element-caption\">Boot T\u00eanis camur\u00e7a preto<\/figcaption><\/figure>\n\n\n\n<figure class=\"wp-block-image size-large\"><a href=\"https:\/\/rmarqcollection.com.br\/?product=sapato-masculino-couro-nobuck-rmarqcollection-sola-borracha\"><img data-recalc-dims=\"1\" loading=\"lazy\" decoding=\"async\" width=\"640\" height=\"640\" data-id=\"5886\" src=\"https:\/\/i0.wp.com\/rmarqcollection.com.br\/wp-content\/uploads\/2024\/09\/Sapato-castor-RMarq-4.jpg?resize=640%2C640&#038;ssl=1\" alt=\"\" class=\"wp-image-5886\" srcset=\"https:\/\/i0.wp.com\/rmarqcollection.com.br\/wp-content\/uploads\/2024\/09\/Sapato-castor-RMarq-4.jpg?resize=1024%2C1024&amp;ssl=1 1024w, https:\/\/i0.wp.com\/rmarqcollection.com.br\/wp-content\/uploads\/2024\/09\/Sapato-castor-RMarq-4.jpg?resize=300%2C300&amp;ssl=1 300w, https:\/\/i0.wp.com\/rmarqcollection.com.br\/wp-content\/uploads\/2024\/09\/Sapato-castor-RMarq-4.jpg?resize=100%2C100&amp;ssl=1 100w, https:\/\/i0.wp.com\/rmarqcollection.com.br\/wp-content\/uploads\/2024\/09\/Sapato-castor-RMarq-4.jpg?resize=600%2C600&amp;ssl=1 600w, https:\/\/i0.wp.com\/rmarqcollection.com.br\/wp-content\/uploads\/2024\/09\/Sapato-castor-RMarq-4.jpg?resize=150%2C150&amp;ssl=1 150w, https:\/\/i0.wp.com\/rmarqcollection.com.br\/wp-content\/uploads\/2024\/09\/Sapato-castor-RMarq-4.jpg?resize=768%2C768&amp;ssl=1 768w, https:\/\/i0.wp.com\/rmarqcollection.com.br\/wp-content\/uploads\/2024\/09\/Sapato-castor-RMarq-4.jpg?w=1500&amp;ssl=1 1500w, https:\/\/i0.wp.com\/rmarqcollection.com.br\/wp-content\/uploads\/2024\/09\/Sapato-castor-RMarq-4.jpg?w=1280&amp;ssl=1 1280w\" sizes=\"auto, (max-width: 640px) 100vw, 640px\" \/><\/a><figcaption class=\"wp-element-caption\">Sapato nobuck castor<\/figcaption><\/figure>\n\n\n\n<figure class=\"wp-block-image size-large\"><a href=\"https:\/\/rmarqcollection.com.br\/?product=sapato-masculino-couro-nobuck-rmarqcollection-sola-borracha\"><img data-recalc-dims=\"1\" loading=\"lazy\" decoding=\"async\" width=\"640\" height=\"640\" data-id=\"5892\" src=\"https:\/\/i0.wp.com\/rmarqcollection.com.br\/wp-content\/uploads\/2024\/09\/Sapato-preto-RMarq-5.jpg?resize=640%2C640&#038;ssl=1\" alt=\"\" class=\"wp-image-5892\" srcset=\"https:\/\/i0.wp.com\/rmarqcollection.com.br\/wp-content\/uploads\/2024\/09\/Sapato-preto-RMarq-5.jpg?resize=1024%2C1024&amp;ssl=1 1024w, https:\/\/i0.wp.com\/rmarqcollection.com.br\/wp-content\/uploads\/2024\/09\/Sapato-preto-RMarq-5.jpg?resize=300%2C300&amp;ssl=1 300w, https:\/\/i0.wp.com\/rmarqcollection.com.br\/wp-content\/uploads\/2024\/09\/Sapato-preto-RMarq-5.jpg?resize=100%2C100&amp;ssl=1 100w, https:\/\/i0.wp.com\/rmarqcollection.com.br\/wp-content\/uploads\/2024\/09\/Sapato-preto-RMarq-5.jpg?resize=600%2C600&amp;ssl=1 600w, https:\/\/i0.wp.com\/rmarqcollection.com.br\/wp-content\/uploads\/2024\/09\/Sapato-preto-RMarq-5.jpg?resize=150%2C150&amp;ssl=1 150w, https:\/\/i0.wp.com\/rmarqcollection.com.br\/wp-content\/uploads\/2024\/09\/Sapato-preto-RMarq-5.jpg?resize=768%2C768&amp;ssl=1 768w, https:\/\/i0.wp.com\/rmarqcollection.com.br\/wp-content\/uploads\/2024\/09\/Sapato-preto-RMarq-5.jpg?w=1500&amp;ssl=1 1500w, https:\/\/i0.wp.com\/rmarqcollection.com.br\/wp-content\/uploads\/2024\/09\/Sapato-preto-RMarq-5.jpg?w=1280&amp;ssl=1 1280w\" sizes=\"auto, (max-width: 640px) 100vw, 640px\" \/><\/a><figcaption class=\"wp-element-caption\">Sapato nobuck preto<\/figcaption><\/figure>\n<\/figure>\n\n\n\n<p><\/p>\n","protected":false},"excerpt":{"rendered":"","protected":false},"author":1,"featured_media":0,"parent":0,"menu_order":0,"comment_status":"closed","ping_status":"closed","template":"","meta":{"footnotes":""},"class_list":{"1":"page","2":"type-page","3":"status-publish","4":"hentry"},"aioseo_notices":[],"jetpack-related-posts":[{"id":2786,"url":"https:\/\/rmarqcollection.com.br\/?page_id=2786","url_meta":{"origin":2658,"position":0},"title":"Masculino","author":"cole\u00e7\u00e3o rmarq","date":"05\/09\/2022","format":false,"excerpt":"boot t\u00eanis Sapato nobuck castor Sapato nobuck preto Mocassim Botina Cinto Jeans Cinto couro branco Cinto couro marrom escuro cinto preto couro Cinto press\u00e3o branco Couro Cinto (4 cm) couro marrom escuro Cinto cinto gorgur\u00e3o branco cinto gorgur\u00e3o verde cinto gorgur\u00e3o azul marinho cinto gorgur\u00e3o cinza Carteira pequena carteira couro\u2026","rel":"","context":"Post similar","block_context":{"text":"Post similar","link":""},"img":{"alt_text":"","src":"https:\/\/i0.wp.com\/rmarqcollection.com.br\/wp-content\/uploads\/2023\/09\/Coturno-camurca-2.png?resize=350%2C200","width":350,"height":200,"srcset":"https:\/\/i0.wp.com\/rmarqcollection.com.br\/wp-content\/uploads\/2023\/09\/Coturno-camurca-2.png?resize=350%2C200 1x, https:\/\/i0.wp.com\/rmarqcollection.com.br\/wp-content\/uploads\/2023\/09\/Coturno-camurca-2.png?resize=525%2C300 1.5x, https:\/\/i0.wp.com\/rmarqcollection.com.br\/wp-content\/uploads\/2023\/09\/Coturno-camurca-2.png?resize=700%2C400 2x, https:\/\/i0.wp.com\/rmarqcollection.com.br\/wp-content\/uploads\/2023\/09\/Coturno-camurca-2.png?resize=1050%2C600 3x"},"classes":[]},{"id":2648,"url":"https:\/\/rmarqcollection.com.br\/?page_id=2648","url_meta":{"origin":2658,"position":1},"title":"Carteiras Masculinas Couro","author":"cole\u00e7\u00e3o rmarq","date":"01\/09\/2022","format":false,"excerpt":"Carteira couro z\u00edper terracota Carteira couro z\u00edper preta Carteira couro z\u00edper camel Carteira couro genu\u00edno terracota Carteira couro genu\u00edno preta Carteira couro genu\u00edno camel Carteira preta listra marrom Carteira marrom listra vermelha Carteira marrom listra branca Carteira preta listra vermelha Carteira preta listra branca Carteira marrom listra preta","rel":"","context":"Post similar","block_context":{"text":"Post similar","link":""},"img":{"alt_text":"","src":"https:\/\/i0.wp.com\/rmarqcollection.com.br\/wp-content\/uploads\/2025\/08\/carteira-marrom-ziper-3-e1756209436829.png?resize=350%2C200","width":350,"height":200,"srcset":"https:\/\/i0.wp.com\/rmarqcollection.com.br\/wp-content\/uploads\/2025\/08\/carteira-marrom-ziper-3-e1756209436829.png?resize=350%2C200 1x, https:\/\/i0.wp.com\/rmarqcollection.com.br\/wp-content\/uploads\/2025\/08\/carteira-marrom-ziper-3-e1756209436829.png?resize=525%2C300 1.5x, https:\/\/i0.wp.com\/rmarqcollection.com.br\/wp-content\/uploads\/2025\/08\/carteira-marrom-ziper-3-e1756209436829.png?resize=700%2C400 2x, https:\/\/i0.wp.com\/rmarqcollection.com.br\/wp-content\/uploads\/2025\/08\/carteira-marrom-ziper-3-e1756209436829.png?resize=1050%2C600 3x"},"classes":[]},{"id":4626,"url":"https:\/\/rmarqcollection.com.br\/?page_id=4626","url_meta":{"origin":2658,"position":2},"title":"Braceletes Masculinos e Femininos","author":"cole\u00e7\u00e3o rmarq","date":"27\/12\/2023","format":false,"excerpt":"Modelos: RM500-RM501-RM502 Bracelete Masculino RM500 Bracelete Masculino RM501 Bracelete Masculino RM502 Modelos: RM503-RM504 Bracelete cruz cinza RM503 Bracelete cruz marrom RM503 Bracelete enfeite cinza RM504 Bracelete enfeite marrom RM504 Modelo: RM01 Bracelete feminino rosa chiclete Bracelete feminino rosa claro Bracelete feminino preto Bracelete feminino marrom Bracelete feminino couro verde e\u2026","rel":"","context":"Post similar","block_context":{"text":"Post similar","link":""},"img":{"alt_text":"","src":"https:\/\/i0.wp.com\/rmarqcollection.com.br\/wp-content\/uploads\/2023\/12\/Braceletes-RM500.png?resize=350%2C200","width":350,"height":200,"srcset":"https:\/\/i0.wp.com\/rmarqcollection.com.br\/wp-content\/uploads\/2023\/12\/Braceletes-RM500.png?resize=350%2C200 1x, https:\/\/i0.wp.com\/rmarqcollection.com.br\/wp-content\/uploads\/2023\/12\/Braceletes-RM500.png?resize=525%2C300 1.5x, https:\/\/i0.wp.com\/rmarqcollection.com.br\/wp-content\/uploads\/2023\/12\/Braceletes-RM500.png?resize=700%2C400 2x, https:\/\/i0.wp.com\/rmarqcollection.com.br\/wp-content\/uploads\/2023\/12\/Braceletes-RM500.png?resize=1050%2C600 3x"},"classes":[]},{"id":2642,"url":"https:\/\/rmarqcollection.com.br\/?page_id=2642","url_meta":{"origin":2658,"position":3},"title":"Cintos Masculinos","author":"cole\u00e7\u00e3o rmarq","date":"01\/09\/2022","format":false,"excerpt":"Cinto couro preto Cinto couro branco Cinto couro marrom escuro Cinto couro branco press\u00e3o Cinto jeans Cinto jeans listra cinza Cinto jeans listra azul cinto fita listra vermelha cinto gorgur\u00e3o verde litras pretas cinto gorgur\u00e3o branco listra preta cinto gorgur\u00e3o azul marinho listras cinto gorgur\u00e3o cinza Cinto 4 cm couro\u2026","rel":"","context":"Post similar","block_context":{"text":"Post similar","link":""},"img":{"alt_text":"","src":"https:\/\/i0.wp.com\/rmarqcollection.com.br\/wp-content\/uploads\/2022\/10\/Cinto-masculino-preto-fivela-parafuso-largura-35-cm-1.png?resize=350%2C200","width":350,"height":200,"srcset":"https:\/\/i0.wp.com\/rmarqcollection.com.br\/wp-content\/uploads\/2022\/10\/Cinto-masculino-preto-fivela-parafuso-largura-35-cm-1.png?resize=350%2C200 1x, https:\/\/i0.wp.com\/rmarqcollection.com.br\/wp-content\/uploads\/2022\/10\/Cinto-masculino-preto-fivela-parafuso-largura-35-cm-1.png?resize=525%2C300 1.5x, https:\/\/i0.wp.com\/rmarqcollection.com.br\/wp-content\/uploads\/2022\/10\/Cinto-masculino-preto-fivela-parafuso-largura-35-cm-1.png?resize=700%2C400 2x, https:\/\/i0.wp.com\/rmarqcollection.com.br\/wp-content\/uploads\/2022\/10\/Cinto-masculino-preto-fivela-parafuso-largura-35-cm-1.png?resize=1050%2C600 3x, https:\/\/i0.wp.com\/rmarqcollection.com.br\/wp-content\/uploads\/2022\/10\/Cinto-masculino-preto-fivela-parafuso-largura-35-cm-1.png?resize=1400%2C800 4x"},"classes":[]},{"id":2653,"url":"https:\/\/rmarqcollection.com.br\/?page_id=2653","url_meta":{"origin":2658,"position":4},"title":"Camisas    Gola    Polo","author":"cole\u00e7\u00e3o rmarq","date":"01\/09\/2022","format":false,"excerpt":"Camisa gola polo masculina preta Camisa gola polo masculina azul turquesa","rel":"","context":"Post similar","block_context":{"text":"Post similar","link":""},"img":{"alt_text":"","src":"https:\/\/i0.wp.com\/rmarqcollection.com.br\/wp-content\/uploads\/2022\/01\/camisa-Polo-02-Preta.png?resize=350%2C200&ssl=1","width":350,"height":200,"srcset":"https:\/\/i0.wp.com\/rmarqcollection.com.br\/wp-content\/uploads\/2022\/01\/camisa-Polo-02-Preta.png?resize=350%2C200&ssl=1 1x, https:\/\/i0.wp.com\/rmarqcollection.com.br\/wp-content\/uploads\/2022\/01\/camisa-Polo-02-Preta.png?resize=525%2C300&ssl=1 1.5x, https:\/\/i0.wp.com\/rmarqcollection.com.br\/wp-content\/uploads\/2022\/01\/camisa-Polo-02-Preta.png?resize=700%2C400&ssl=1 2x, https:\/\/i0.wp.com\/rmarqcollection.com.br\/wp-content\/uploads\/2022\/01\/camisa-Polo-02-Preta.png?resize=1050%2C600&ssl=1 3x"},"classes":[]},{"id":2808,"url":"https:\/\/rmarqcollection.com.br\/?page_id=2808","url_meta":{"origin":2658,"position":5},"title":"Camisetas  Masculinas (unissex)","author":"cole\u00e7\u00e3o rmarq","date":"05\/09\/2022","format":false,"excerpt":"Camiseta estampa masculina Camiseta estampa masculina Camiseta unissex Camiseta unissex","rel":"","context":"Post similar","block_context":{"text":"Post similar","link":""},"img":{"alt_text":"","src":"https:\/\/i0.wp.com\/rmarqcollection.com.br\/wp-content\/uploads\/2022\/01\/camisa-3-cinza-escura-G-Com.70-Lar-52-1-1.png?resize=350%2C200","width":350,"height":200,"srcset":"https:\/\/i0.wp.com\/rmarqcollection.com.br\/wp-content\/uploads\/2022\/01\/camisa-3-cinza-escura-G-Com.70-Lar-52-1-1.png?resize=350%2C200 1x, https:\/\/i0.wp.com\/rmarqcollection.com.br\/wp-content\/uploads\/2022\/01\/camisa-3-cinza-escura-G-Com.70-Lar-52-1-1.png?resize=525%2C300 1.5x, https:\/\/i0.wp.com\/rmarqcollection.com.br\/wp-content\/uploads\/2022\/01\/camisa-3-cinza-escura-G-Com.70-Lar-52-1-1.png?resize=700%2C400 2x"},"classes":[]}],"jetpack_likes_enabled":true,"jetpack_sharing_enabled":true,"_links":{"self":[{"href":"https:\/\/rmarqcollection.com.br\/index.php?rest_route=\/wp\/v2\/pages\/2658","targetHints":{"allow":["GET"]}}],"collection":[{"href":"https:\/\/rmarqcollection.com.br\/index.php?rest_route=\/wp\/v2\/pages"}],"about":[{"href":"https:\/\/rmarqcollection.com.br\/index.php?rest_route=\/wp\/v2\/types\/page"}],"author":[{"embeddable":true,"href":"https:\/\/rmarqcollection.com.br\/index.php?rest_route=\/wp\/v2\/users\/1"}],"replies":[{"embeddable":true,"href":"https:\/\/rmarqcollection.com.br\/index.php?rest_route=%2Fwp%2Fv2%2Fcomments&post=2658"}],"version-history":[{"count":1,"href":"https:\/\/rmarqcollection.com.br\/index.php?rest_route=\/wp\/v2\/pages\/2658\/revisions"}],"predecessor-version":[{"id":7605,"href":"https:\/\/rmarqcollection.com.br\/index.php?rest_route=\/wp\/v2\/pages\/2658\/revisions\/7605"}],"wp:attachment":[{"href":"https:\/\/rmarqcollection.com.br\/index.php?rest_route=%2Fwp%2Fv2%2Fmedia&parent=2658"}],"curies":[{"name":"wp","href":"https:\/\/api.w.org\/{rel}","templated":true}]}}