{"id":3926,"date":"2023-05-25T17:20:27","date_gmt":"2023-05-25T20:20:27","guid":{"rendered":"https:\/\/rmarqcollection.com.br\/?page_id=3926"},"modified":"2024-03-18T23:11:08","modified_gmt":"2024-03-19T02:11:08","slug":"porta-documento-cartoes","status":"publish","type":"page","link":"https:\/\/rmarqcollection.com.br\/?page_id=3926","title":{"rendered":"Carteira Pequena de Couro"},"content":{"rendered":"\n<figure class=\"wp-block-gallery has-nested-images columns-default is-cropped wp-block-gallery-1 is-layout-flex wp-block-gallery-is-layout-flex\">\n<figure class=\"wp-block-image size-large\"><a href=\"https:\/\/rmarqcollection.com.br\/?product=porta-passaporte-carteira-para-documentos-material-couro\"><img data-recalc-dims=\"1\" loading=\"lazy\" decoding=\"async\" width=\"640\" height=\"640\" data-id=\"4873\" src=\"https:\/\/i0.wp.com\/rmarqcollection.com.br\/wp-content\/uploads\/2023\/02\/mini-carteira-preta-2.jpeg?resize=640%2C640&#038;ssl=1\" alt=\"\" class=\"wp-image-4873\" srcset=\"https:\/\/i0.wp.com\/rmarqcollection.com.br\/wp-content\/uploads\/2023\/02\/mini-carteira-preta-2.jpeg?resize=1024%2C1024&amp;ssl=1 1024w, https:\/\/i0.wp.com\/rmarqcollection.com.br\/wp-content\/uploads\/2023\/02\/mini-carteira-preta-2.jpeg?resize=300%2C300&amp;ssl=1 300w, https:\/\/i0.wp.com\/rmarqcollection.com.br\/wp-content\/uploads\/2023\/02\/mini-carteira-preta-2.jpeg?resize=100%2C100&amp;ssl=1 100w, https:\/\/i0.wp.com\/rmarqcollection.com.br\/wp-content\/uploads\/2023\/02\/mini-carteira-preta-2.jpeg?resize=600%2C600&amp;ssl=1 600w, https:\/\/i0.wp.com\/rmarqcollection.com.br\/wp-content\/uploads\/2023\/02\/mini-carteira-preta-2.jpeg?resize=150%2C150&amp;ssl=1 150w, https:\/\/i0.wp.com\/rmarqcollection.com.br\/wp-content\/uploads\/2023\/02\/mini-carteira-preta-2.jpeg?resize=768%2C768&amp;ssl=1 768w, https:\/\/i0.wp.com\/rmarqcollection.com.br\/wp-content\/uploads\/2023\/02\/mini-carteira-preta-2.jpeg?w=1500&amp;ssl=1 1500w, https:\/\/i0.wp.com\/rmarqcollection.com.br\/wp-content\/uploads\/2023\/02\/mini-carteira-preta-2.jpeg?w=1280&amp;ssl=1 1280w\" sizes=\"auto, (max-width: 640px) 100vw, 640px\" \/><\/a><figcaption class=\"wp-element-caption\">Carteira preta<\/figcaption><\/figure>\n\n\n\n<figure class=\"wp-block-image size-large\"><a href=\"https:\/\/rmarqcollection.com.br\/?product=porta-passaporte-carteira-para-documentos-material-couro\"><img data-recalc-dims=\"1\" loading=\"lazy\" decoding=\"async\" width=\"640\" height=\"640\" data-id=\"4869\" src=\"https:\/\/i0.wp.com\/rmarqcollection.com.br\/wp-content\/uploads\/2023\/02\/mini-carteira-marrom-1.jpeg?resize=640%2C640&#038;ssl=1\" alt=\"\" class=\"wp-image-4869\" srcset=\"https:\/\/i0.wp.com\/rmarqcollection.com.br\/wp-content\/uploads\/2023\/02\/mini-carteira-marrom-1.jpeg?resize=1024%2C1024&amp;ssl=1 1024w, https:\/\/i0.wp.com\/rmarqcollection.com.br\/wp-content\/uploads\/2023\/02\/mini-carteira-marrom-1.jpeg?resize=300%2C300&amp;ssl=1 300w, https:\/\/i0.wp.com\/rmarqcollection.com.br\/wp-content\/uploads\/2023\/02\/mini-carteira-marrom-1.jpeg?resize=100%2C100&amp;ssl=1 100w, https:\/\/i0.wp.com\/rmarqcollection.com.br\/wp-content\/uploads\/2023\/02\/mini-carteira-marrom-1.jpeg?resize=600%2C600&amp;ssl=1 600w, https:\/\/i0.wp.com\/rmarqcollection.com.br\/wp-content\/uploads\/2023\/02\/mini-carteira-marrom-1.jpeg?resize=150%2C150&amp;ssl=1 150w, https:\/\/i0.wp.com\/rmarqcollection.com.br\/wp-content\/uploads\/2023\/02\/mini-carteira-marrom-1.jpeg?resize=768%2C768&amp;ssl=1 768w, https:\/\/i0.wp.com\/rmarqcollection.com.br\/wp-content\/uploads\/2023\/02\/mini-carteira-marrom-1.jpeg?w=1500&amp;ssl=1 1500w, https:\/\/i0.wp.com\/rmarqcollection.com.br\/wp-content\/uploads\/2023\/02\/mini-carteira-marrom-1.jpeg?w=1280&amp;ssl=1 1280w\" sizes=\"auto, (max-width: 640px) 100vw, 640px\" \/><\/a><figcaption class=\"wp-element-caption\">Carteira marrom<\/figcaption><\/figure>\n\n\n\n<figure class=\"wp-block-image size-large\"><a href=\"https:\/\/rmarqcollection.com.br\/?product=porta-passaporte-carteira-para-documentos-material-couro\"><img data-recalc-dims=\"1\" loading=\"lazy\" decoding=\"async\" width=\"640\" height=\"640\" data-id=\"4876\" src=\"https:\/\/i0.wp.com\/rmarqcollection.com.br\/wp-content\/uploads\/2024\/01\/mini-carteira-marinho-1.jpeg?resize=640%2C640&#038;ssl=1\" alt=\"\" class=\"wp-image-4876\" srcset=\"https:\/\/i0.wp.com\/rmarqcollection.com.br\/wp-content\/uploads\/2024\/01\/mini-carteira-marinho-1.jpeg?resize=1024%2C1024&amp;ssl=1 1024w, https:\/\/i0.wp.com\/rmarqcollection.com.br\/wp-content\/uploads\/2024\/01\/mini-carteira-marinho-1.jpeg?resize=300%2C300&amp;ssl=1 300w, https:\/\/i0.wp.com\/rmarqcollection.com.br\/wp-content\/uploads\/2024\/01\/mini-carteira-marinho-1.jpeg?resize=100%2C100&amp;ssl=1 100w, https:\/\/i0.wp.com\/rmarqcollection.com.br\/wp-content\/uploads\/2024\/01\/mini-carteira-marinho-1.jpeg?resize=600%2C600&amp;ssl=1 600w, https:\/\/i0.wp.com\/rmarqcollection.com.br\/wp-content\/uploads\/2024\/01\/mini-carteira-marinho-1.jpeg?resize=150%2C150&amp;ssl=1 150w, https:\/\/i0.wp.com\/rmarqcollection.com.br\/wp-content\/uploads\/2024\/01\/mini-carteira-marinho-1.jpeg?resize=768%2C768&amp;ssl=1 768w, https:\/\/i0.wp.com\/rmarqcollection.com.br\/wp-content\/uploads\/2024\/01\/mini-carteira-marinho-1.jpeg?w=1500&amp;ssl=1 1500w, https:\/\/i0.wp.com\/rmarqcollection.com.br\/wp-content\/uploads\/2024\/01\/mini-carteira-marinho-1.jpeg?w=1280&amp;ssl=1 1280w\" sizes=\"auto, (max-width: 640px) 100vw, 640px\" \/><\/a><figcaption class=\"wp-element-caption\">Carteira azul marinho<\/figcaption><\/figure>\n<\/figure>\n","protected":false},"excerpt":{"rendered":"","protected":false},"author":1,"featured_media":0,"parent":0,"menu_order":0,"comment_status":"closed","ping_status":"closed","template":"","meta":{"footnotes":""},"class_list":{"1":"page","2":"type-page","3":"status-publish","4":"hentry"},"aioseo_notices":[],"jetpack-related-posts":[{"id":2648,"url":"https:\/\/rmarqcollection.com.br\/?page_id=2648","url_meta":{"origin":3926,"position":0},"title":"Carteiras Masculinas Couro","author":"cole\u00e7\u00e3o rmarq","date":"01\/09\/2022","format":false,"excerpt":"Carteira couro z\u00edper terracota Carteira couro z\u00edper preta Carteira couro z\u00edper camel Carteira couro genu\u00edno terracota Carteira couro genu\u00edno preta Carteira couro genu\u00edno camel Carteira preta listra marrom Carteira marrom listra vermelha Carteira marrom listra branca Carteira preta listra vermelha Carteira preta listra branca Carteira marrom listra preta","rel":"","context":"Post similar","block_context":{"text":"Post similar","link":""},"img":{"alt_text":"","src":"https:\/\/i0.wp.com\/rmarqcollection.com.br\/wp-content\/uploads\/2025\/08\/carteira-marrom-ziper-3-e1756209436829.png?resize=350%2C200","width":350,"height":200,"srcset":"https:\/\/i0.wp.com\/rmarqcollection.com.br\/wp-content\/uploads\/2025\/08\/carteira-marrom-ziper-3-e1756209436829.png?resize=350%2C200 1x, https:\/\/i0.wp.com\/rmarqcollection.com.br\/wp-content\/uploads\/2025\/08\/carteira-marrom-ziper-3-e1756209436829.png?resize=525%2C300 1.5x, https:\/\/i0.wp.com\/rmarqcollection.com.br\/wp-content\/uploads\/2025\/08\/carteira-marrom-ziper-3-e1756209436829.png?resize=700%2C400 2x, https:\/\/i0.wp.com\/rmarqcollection.com.br\/wp-content\/uploads\/2025\/08\/carteira-marrom-ziper-3-e1756209436829.png?resize=1050%2C600 3x"},"classes":[]},{"id":2786,"url":"https:\/\/rmarqcollection.com.br\/?page_id=2786","url_meta":{"origin":3926,"position":1},"title":"Masculino","author":"cole\u00e7\u00e3o rmarq","date":"05\/09\/2022","format":false,"excerpt":"boot t\u00eanis Sapato nobuck castor Sapato nobuck preto Mocassim Botina Cinto Jeans Cinto couro branco Cinto couro marrom escuro cinto preto couro Cinto press\u00e3o branco Couro Cinto (4 cm) couro marrom escuro Cinto cinto gorgur\u00e3o branco cinto gorgur\u00e3o verde cinto gorgur\u00e3o azul marinho cinto gorgur\u00e3o cinza Carteira pequena carteira couro\u2026","rel":"","context":"Post similar","block_context":{"text":"Post similar","link":""},"img":{"alt_text":"","src":"https:\/\/i0.wp.com\/rmarqcollection.com.br\/wp-content\/uploads\/2023\/09\/Coturno-camurca-2.png?resize=350%2C200","width":350,"height":200,"srcset":"https:\/\/i0.wp.com\/rmarqcollection.com.br\/wp-content\/uploads\/2023\/09\/Coturno-camurca-2.png?resize=350%2C200 1x, https:\/\/i0.wp.com\/rmarqcollection.com.br\/wp-content\/uploads\/2023\/09\/Coturno-camurca-2.png?resize=525%2C300 1.5x, https:\/\/i0.wp.com\/rmarqcollection.com.br\/wp-content\/uploads\/2023\/09\/Coturno-camurca-2.png?resize=700%2C400 2x, https:\/\/i0.wp.com\/rmarqcollection.com.br\/wp-content\/uploads\/2023\/09\/Coturno-camurca-2.png?resize=1050%2C600 3x"},"classes":[]},{"id":3933,"url":"https:\/\/rmarqcollection.com.br\/?page_id=3933","url_meta":{"origin":3926,"position":2},"title":"Carteira Feminina Couro","author":"cole\u00e7\u00e3o rmarq","date":"25\/05\/2023","format":false,"excerpt":"Rosa chiclete Verde Azul turquesa Preta Bege cintilante Bege Rosa claro","rel":"","context":"Post similar","block_context":{"text":"Post similar","link":""},"img":{"alt_text":"","src":"https:\/\/i0.wp.com\/rmarqcollection.com.br\/wp-content\/uploads\/2023\/02\/mini-necessaire-carteira-feminina-rosa-chiclete-1.png?resize=350%2C200","width":350,"height":200,"srcset":"https:\/\/i0.wp.com\/rmarqcollection.com.br\/wp-content\/uploads\/2023\/02\/mini-necessaire-carteira-feminina-rosa-chiclete-1.png?resize=350%2C200 1x, https:\/\/i0.wp.com\/rmarqcollection.com.br\/wp-content\/uploads\/2023\/02\/mini-necessaire-carteira-feminina-rosa-chiclete-1.png?resize=525%2C300 1.5x, https:\/\/i0.wp.com\/rmarqcollection.com.br\/wp-content\/uploads\/2023\/02\/mini-necessaire-carteira-feminina-rosa-chiclete-1.png?resize=700%2C400 2x, https:\/\/i0.wp.com\/rmarqcollection.com.br\/wp-content\/uploads\/2023\/02\/mini-necessaire-carteira-feminina-rosa-chiclete-1.png?resize=1050%2C600 3x, https:\/\/i0.wp.com\/rmarqcollection.com.br\/wp-content\/uploads\/2023\/02\/mini-necessaire-carteira-feminina-rosa-chiclete-1.png?resize=1400%2C800 4x"},"classes":[]},{"id":2665,"url":"https:\/\/rmarqcollection.com.br\/?page_id=2665","url_meta":{"origin":3926,"position":3},"title":"Pochete\/Estojo\/Carteira","author":"cole\u00e7\u00e3o rmarq","date":"01\/09\/2022","format":false,"excerpt":"Pochete unissex Necesser mini carteira Necesser couro preto unissex Necesser jeans estojo duplo unissex Estojo duplo unissex Estojo simples Estojo simples","rel":"","context":"Post similar","block_context":{"text":"Post similar","link":""},"img":{"alt_text":"","src":"https:\/\/i0.wp.com\/rmarqcollection.com.br\/wp-content\/uploads\/2021\/06\/20240118_111435-PhotoRoom.png-PhotoRoom.jpg?resize=350%2C200","width":350,"height":200,"srcset":"https:\/\/i0.wp.com\/rmarqcollection.com.br\/wp-content\/uploads\/2021\/06\/20240118_111435-PhotoRoom.png-PhotoRoom.jpg?resize=350%2C200 1x, https:\/\/i0.wp.com\/rmarqcollection.com.br\/wp-content\/uploads\/2021\/06\/20240118_111435-PhotoRoom.png-PhotoRoom.jpg?resize=525%2C300 1.5x, https:\/\/i0.wp.com\/rmarqcollection.com.br\/wp-content\/uploads\/2021\/06\/20240118_111435-PhotoRoom.png-PhotoRoom.jpg?resize=700%2C400 2x, https:\/\/i0.wp.com\/rmarqcollection.com.br\/wp-content\/uploads\/2021\/06\/20240118_111435-PhotoRoom.png-PhotoRoom.jpg?resize=1050%2C600 3x, https:\/\/i0.wp.com\/rmarqcollection.com.br\/wp-content\/uploads\/2021\/06\/20240118_111435-PhotoRoom.png-PhotoRoom.jpg?resize=1400%2C800 4x"},"classes":[]},{"id":2782,"url":"https:\/\/rmarqcollection.com.br\/?page_id=2782","url_meta":{"origin":3926,"position":4},"title":"Feminino moda acess\u00f3rios","author":"cole\u00e7\u00e3o rmarq","date":"05\/09\/2022","format":false,"excerpt":"Clique nas fotos e veja op\u00e7\u00f5es Estojo \u00f3culos Porta Passaporte Carteira feminina Braceletes femininos Pulseira Cintos femininos Bolsa imperme\u00e1vel coqueiros Bolsa jeans Camiseta marsala unissex Bolsa m\u00e9dia couro Bolsa couro 03 Terracota Bolsa couro 02 Terracota Bolsa couro 03 Preta Bolsa couro 03 Preta","rel":"","context":"Post similar","block_context":{"text":"Post similar","link":""},"img":{"alt_text":"","src":"https:\/\/i0.wp.com\/rmarqcollection.com.br\/wp-content\/uploads\/2024\/03\/bege-cintilante-1.png?resize=350%2C200","width":350,"height":200,"srcset":"https:\/\/i0.wp.com\/rmarqcollection.com.br\/wp-content\/uploads\/2024\/03\/bege-cintilante-1.png?resize=350%2C200 1x, https:\/\/i0.wp.com\/rmarqcollection.com.br\/wp-content\/uploads\/2024\/03\/bege-cintilante-1.png?resize=525%2C300 1.5x, https:\/\/i0.wp.com\/rmarqcollection.com.br\/wp-content\/uploads\/2024\/03\/bege-cintilante-1.png?resize=700%2C400 2x, https:\/\/i0.wp.com\/rmarqcollection.com.br\/wp-content\/uploads\/2024\/03\/bege-cintilante-1.png?resize=1050%2C600 3x, https:\/\/i0.wp.com\/rmarqcollection.com.br\/wp-content\/uploads\/2024\/03\/bege-cintilante-1.png?resize=1400%2C800 4x"},"classes":[]},{"id":2634,"url":"https:\/\/rmarqcollection.com.br\/?page_id=2634","url_meta":{"origin":3926,"position":5},"title":"Bolsas femininas v\u00e1rias op\u00e7\u00f5es","author":"cole\u00e7\u00e3o rmarq","date":"01\/09\/2022","format":false,"excerpt":"Bolsa Jeans grande Bolsa Jeans pequena Bolsa caramelo sint\u00e9tica Bolsa preta sint\u00e9tica Bolsa de couro bege Bolsa de couro marrom Bolsa imperme\u00e1vel coqueiros Bolsa imperme\u00e1vel Marfim Bolsa imperme\u00e1vel preto Bolsa imperme\u00e1vel estampa folhas Bolsa imperme\u00e1vel folhas e flores bolsa imperme\u00e1vel listrada Bolsa feminina couro preta 03 Bolsa feminina couro camel\u2026","rel":"","context":"Post similar","block_context":{"text":"Post similar","link":""},"img":{"alt_text":"","src":"https:\/\/i0.wp.com\/rmarqcollection.com.br\/wp-content\/uploads\/2022\/12\/Bolsa-Jeans-G-0.jpg?resize=350%2C200","width":350,"height":200,"srcset":"https:\/\/i0.wp.com\/rmarqcollection.com.br\/wp-content\/uploads\/2022\/12\/Bolsa-Jeans-G-0.jpg?resize=350%2C200 1x, https:\/\/i0.wp.com\/rmarqcollection.com.br\/wp-content\/uploads\/2022\/12\/Bolsa-Jeans-G-0.jpg?resize=525%2C300 1.5x, https:\/\/i0.wp.com\/rmarqcollection.com.br\/wp-content\/uploads\/2022\/12\/Bolsa-Jeans-G-0.jpg?resize=700%2C400 2x, https:\/\/i0.wp.com\/rmarqcollection.com.br\/wp-content\/uploads\/2022\/12\/Bolsa-Jeans-G-0.jpg?resize=1050%2C600 3x, https:\/\/i0.wp.com\/rmarqcollection.com.br\/wp-content\/uploads\/2022\/12\/Bolsa-Jeans-G-0.jpg?resize=1400%2C800 4x"},"classes":[]}],"jetpack_likes_enabled":true,"jetpack_sharing_enabled":true,"_links":{"self":[{"href":"https:\/\/rmarqcollection.com.br\/index.php?rest_route=\/wp\/v2\/pages\/3926","targetHints":{"allow":["GET"]}}],"collection":[{"href":"https:\/\/rmarqcollection.com.br\/index.php?rest_route=\/wp\/v2\/pages"}],"about":[{"href":"https:\/\/rmarqcollection.com.br\/index.php?rest_route=\/wp\/v2\/types\/page"}],"author":[{"embeddable":true,"href":"https:\/\/rmarqcollection.com.br\/index.php?rest_route=\/wp\/v2\/users\/1"}],"replies":[{"embeddable":true,"href":"https:\/\/rmarqcollection.com.br\/index.php?rest_route=%2Fwp%2Fv2%2Fcomments&post=3926"}],"version-history":[{"count":0,"href":"https:\/\/rmarqcollection.com.br\/index.php?rest_route=\/wp\/v2\/pages\/3926\/revisions"}],"wp:attachment":[{"href":"https:\/\/rmarqcollection.com.br\/index.php?rest_route=%2Fwp%2Fv2%2Fmedia&parent=3926"}],"curies":[{"name":"wp","href":"https:\/\/api.w.org\/{rel}","templated":true}]}}