{"id":3984,"date":"2023-05-30T08:02:14","date_gmt":"2023-05-30T11:02:14","guid":{"rendered":"https:\/\/rmarqcollection.com.br\/?page_id=3984"},"modified":"2025-12-29T08:36:49","modified_gmt":"2025-12-29T11:36:49","slug":"necesser-pochete","status":"publish","type":"page","link":"https:\/\/rmarqcollection.com.br\/?page_id=3984","title":{"rendered":"Pochete unissex\/Necessaire"},"content":{"rendered":"\n<figure class=\"wp-block-gallery has-nested-images columns-default is-cropped wp-block-gallery-1 is-layout-flex wp-block-gallery-is-layout-flex\">\n<figure class=\"wp-block-image size-large is-style-default\"><a href=\"https:\/\/rmarqcollection.com.br\/?product=necessaire-estojo-maculino-material-couro\"><img data-recalc-dims=\"1\" loading=\"lazy\" decoding=\"async\" width=\"640\" height=\"640\" data-id=\"6163\" src=\"https:\/\/i0.wp.com\/rmarqcollection.com.br\/wp-content\/uploads\/2023\/02\/Bege-escuro-2.png?resize=640%2C640&#038;ssl=1\" alt=\"\" class=\"wp-image-6163\" srcset=\"https:\/\/i0.wp.com\/rmarqcollection.com.br\/wp-content\/uploads\/2023\/02\/Bege-escuro-2.png?resize=1024%2C1024&amp;ssl=1 1024w, https:\/\/i0.wp.com\/rmarqcollection.com.br\/wp-content\/uploads\/2023\/02\/Bege-escuro-2.png?resize=300%2C300&amp;ssl=1 300w, https:\/\/i0.wp.com\/rmarqcollection.com.br\/wp-content\/uploads\/2023\/02\/Bege-escuro-2.png?resize=100%2C100&amp;ssl=1 100w, https:\/\/i0.wp.com\/rmarqcollection.com.br\/wp-content\/uploads\/2023\/02\/Bege-escuro-2.png?resize=600%2C600&amp;ssl=1 600w, https:\/\/i0.wp.com\/rmarqcollection.com.br\/wp-content\/uploads\/2023\/02\/Bege-escuro-2.png?resize=150%2C150&amp;ssl=1 150w, https:\/\/i0.wp.com\/rmarqcollection.com.br\/wp-content\/uploads\/2023\/02\/Bege-escuro-2.png?resize=768%2C768&amp;ssl=1 768w, https:\/\/i0.wp.com\/rmarqcollection.com.br\/wp-content\/uploads\/2023\/02\/Bege-escuro-2.png?w=1500&amp;ssl=1 1500w, https:\/\/i0.wp.com\/rmarqcollection.com.br\/wp-content\/uploads\/2023\/02\/Bege-escuro-2.png?w=1280&amp;ssl=1 1280w\" sizes=\"auto, (max-width: 640px) 100vw, 640px\" \/><\/a><figcaption class=\"wp-element-caption\"><strong>Necessaire couro<\/strong><\/figcaption><\/figure>\n\n\n\n<figure class=\"wp-block-image size-large\"><a href=\"https:\/\/rmarqcollection.com.br\/?product=pochete-transversal-e-cintura-rmarqcollection-shoulder-bag\"><img data-recalc-dims=\"1\" loading=\"lazy\" decoding=\"async\" width=\"640\" height=\"640\" data-id=\"6000\" src=\"https:\/\/i0.wp.com\/rmarqcollection.com.br\/wp-content\/uploads\/2024\/12\/pochete-militar-002-1.png?resize=640%2C640&#038;ssl=1\" alt=\"\" class=\"wp-image-6000\" srcset=\"https:\/\/i0.wp.com\/rmarqcollection.com.br\/wp-content\/uploads\/2024\/12\/pochete-militar-002-1.png?resize=1024%2C1024&amp;ssl=1 1024w, https:\/\/i0.wp.com\/rmarqcollection.com.br\/wp-content\/uploads\/2024\/12\/pochete-militar-002-1.png?resize=300%2C300&amp;ssl=1 300w, https:\/\/i0.wp.com\/rmarqcollection.com.br\/wp-content\/uploads\/2024\/12\/pochete-militar-002-1.png?resize=100%2C100&amp;ssl=1 100w, https:\/\/i0.wp.com\/rmarqcollection.com.br\/wp-content\/uploads\/2024\/12\/pochete-militar-002-1.png?resize=600%2C600&amp;ssl=1 600w, https:\/\/i0.wp.com\/rmarqcollection.com.br\/wp-content\/uploads\/2024\/12\/pochete-militar-002-1.png?resize=150%2C150&amp;ssl=1 150w, https:\/\/i0.wp.com\/rmarqcollection.com.br\/wp-content\/uploads\/2024\/12\/pochete-militar-002-1.png?resize=768%2C768&amp;ssl=1 768w, https:\/\/i0.wp.com\/rmarqcollection.com.br\/wp-content\/uploads\/2024\/12\/pochete-militar-002-1.png?w=1280&amp;ssl=1 1280w\" sizes=\"auto, (max-width: 640px) 100vw, 640px\" \/><\/a><figcaption class=\"wp-element-caption\">Pochete transversal e cintura<\/figcaption><\/figure>\n\n\n\n<figure class=\"wp-block-image size-large is-style-default\"><a href=\"https:\/\/rmarqcollection.com.br\/?product=pochete-cintura-nylon-600\"><img data-recalc-dims=\"1\" loading=\"lazy\" decoding=\"async\" width=\"640\" height=\"640\" data-id=\"4829\" src=\"https:\/\/i0.wp.com\/rmarqcollection.com.br\/wp-content\/uploads\/2021\/06\/20240118_111435-PhotoRoom.png-PhotoRoom.jpg?resize=640%2C640&#038;ssl=1\" alt=\"\" class=\"wp-image-4829\" srcset=\"https:\/\/i0.wp.com\/rmarqcollection.com.br\/wp-content\/uploads\/2021\/06\/20240118_111435-PhotoRoom.png-PhotoRoom.jpg?resize=1024%2C1024&amp;ssl=1 1024w, https:\/\/i0.wp.com\/rmarqcollection.com.br\/wp-content\/uploads\/2021\/06\/20240118_111435-PhotoRoom.png-PhotoRoom.jpg?resize=300%2C300&amp;ssl=1 300w, https:\/\/i0.wp.com\/rmarqcollection.com.br\/wp-content\/uploads\/2021\/06\/20240118_111435-PhotoRoom.png-PhotoRoom.jpg?resize=100%2C100&amp;ssl=1 100w, https:\/\/i0.wp.com\/rmarqcollection.com.br\/wp-content\/uploads\/2021\/06\/20240118_111435-PhotoRoom.png-PhotoRoom.jpg?resize=600%2C600&amp;ssl=1 600w, https:\/\/i0.wp.com\/rmarqcollection.com.br\/wp-content\/uploads\/2021\/06\/20240118_111435-PhotoRoom.png-PhotoRoom.jpg?resize=150%2C150&amp;ssl=1 150w, https:\/\/i0.wp.com\/rmarqcollection.com.br\/wp-content\/uploads\/2021\/06\/20240118_111435-PhotoRoom.png-PhotoRoom.jpg?resize=768%2C768&amp;ssl=1 768w, https:\/\/i0.wp.com\/rmarqcollection.com.br\/wp-content\/uploads\/2021\/06\/20240118_111435-PhotoRoom.png-PhotoRoom.jpg?w=1500&amp;ssl=1 1500w, https:\/\/i0.wp.com\/rmarqcollection.com.br\/wp-content\/uploads\/2021\/06\/20240118_111435-PhotoRoom.png-PhotoRoom.jpg?w=1280&amp;ssl=1 1280w\" sizes=\"auto, (max-width: 640px) 100vw, 640px\" \/><\/a><figcaption class=\"wp-element-caption\"><strong>Pochete <\/strong>cintura<\/figcaption><\/figure>\n<\/figure>\n\n\n\n<p><\/p>\n","protected":false},"excerpt":{"rendered":"","protected":false},"author":1,"featured_media":0,"parent":0,"menu_order":0,"comment_status":"closed","ping_status":"closed","template":"","meta":{"footnotes":""},"class_list":{"1":"page","2":"type-page","3":"status-publish","4":"hentry"},"aioseo_notices":[],"jetpack-related-posts":[{"id":2665,"url":"https:\/\/rmarqcollection.com.br\/?page_id=2665","url_meta":{"origin":3984,"position":0},"title":"Pochete\/Estojo\/Carteira","author":"cole\u00e7\u00e3o rmarq","date":"01\/09\/2022","format":false,"excerpt":"Pochete unissex Necesser mini carteira Necesser couro preto unissex Necesser jeans estojo duplo unissex Estojo duplo unissex Estojo simples Estojo simples","rel":"","context":"Post similar","block_context":{"text":"Post similar","link":""},"img":{"alt_text":"","src":"https:\/\/i0.wp.com\/rmarqcollection.com.br\/wp-content\/uploads\/2021\/06\/20240118_111435-PhotoRoom.png-PhotoRoom.jpg?resize=350%2C200","width":350,"height":200,"srcset":"https:\/\/i0.wp.com\/rmarqcollection.com.br\/wp-content\/uploads\/2021\/06\/20240118_111435-PhotoRoom.png-PhotoRoom.jpg?resize=350%2C200 1x, https:\/\/i0.wp.com\/rmarqcollection.com.br\/wp-content\/uploads\/2021\/06\/20240118_111435-PhotoRoom.png-PhotoRoom.jpg?resize=525%2C300 1.5x, https:\/\/i0.wp.com\/rmarqcollection.com.br\/wp-content\/uploads\/2021\/06\/20240118_111435-PhotoRoom.png-PhotoRoom.jpg?resize=700%2C400 2x, https:\/\/i0.wp.com\/rmarqcollection.com.br\/wp-content\/uploads\/2021\/06\/20240118_111435-PhotoRoom.png-PhotoRoom.jpg?resize=1050%2C600 3x, https:\/\/i0.wp.com\/rmarqcollection.com.br\/wp-content\/uploads\/2021\/06\/20240118_111435-PhotoRoom.png-PhotoRoom.jpg?resize=1400%2C800 4x"},"classes":[]},{"id":3933,"url":"https:\/\/rmarqcollection.com.br\/?page_id=3933","url_meta":{"origin":3984,"position":1},"title":"Carteira Feminina Couro","author":"cole\u00e7\u00e3o rmarq","date":"25\/05\/2023","format":false,"excerpt":"Rosa chiclete Verde Azul turquesa Preta Bege cintilante Bege Rosa claro","rel":"","context":"Post similar","block_context":{"text":"Post similar","link":""},"img":{"alt_text":"","src":"https:\/\/i0.wp.com\/rmarqcollection.com.br\/wp-content\/uploads\/2023\/02\/mini-necessaire-carteira-feminina-rosa-chiclete-1.png?resize=350%2C200","width":350,"height":200,"srcset":"https:\/\/i0.wp.com\/rmarqcollection.com.br\/wp-content\/uploads\/2023\/02\/mini-necessaire-carteira-feminina-rosa-chiclete-1.png?resize=350%2C200 1x, https:\/\/i0.wp.com\/rmarqcollection.com.br\/wp-content\/uploads\/2023\/02\/mini-necessaire-carteira-feminina-rosa-chiclete-1.png?resize=525%2C300 1.5x, https:\/\/i0.wp.com\/rmarqcollection.com.br\/wp-content\/uploads\/2023\/02\/mini-necessaire-carteira-feminina-rosa-chiclete-1.png?resize=700%2C400 2x, https:\/\/i0.wp.com\/rmarqcollection.com.br\/wp-content\/uploads\/2023\/02\/mini-necessaire-carteira-feminina-rosa-chiclete-1.png?resize=1050%2C600 3x, https:\/\/i0.wp.com\/rmarqcollection.com.br\/wp-content\/uploads\/2023\/02\/mini-necessaire-carteira-feminina-rosa-chiclete-1.png?resize=1400%2C800 4x"},"classes":[]},{"id":2782,"url":"https:\/\/rmarqcollection.com.br\/?page_id=2782","url_meta":{"origin":3984,"position":2},"title":"Feminino moda acess\u00f3rios","author":"cole\u00e7\u00e3o rmarq","date":"05\/09\/2022","format":false,"excerpt":"Clique nas fotos e veja op\u00e7\u00f5es Estojo \u00f3culos Porta Passaporte Carteira feminina Braceletes femininos Pulseira Cintos femininos Bolsa imperme\u00e1vel coqueiros Bolsa jeans Camiseta marsala unissex Bolsa m\u00e9dia couro Bolsa couro 03 Terracota Bolsa couro 02 Terracota Bolsa couro 03 Preta Bolsa couro 03 Preta","rel":"","context":"Post similar","block_context":{"text":"Post similar","link":""},"img":{"alt_text":"","src":"https:\/\/i0.wp.com\/rmarqcollection.com.br\/wp-content\/uploads\/2024\/03\/bege-cintilante-1.png?resize=350%2C200","width":350,"height":200,"srcset":"https:\/\/i0.wp.com\/rmarqcollection.com.br\/wp-content\/uploads\/2024\/03\/bege-cintilante-1.png?resize=350%2C200 1x, https:\/\/i0.wp.com\/rmarqcollection.com.br\/wp-content\/uploads\/2024\/03\/bege-cintilante-1.png?resize=525%2C300 1.5x, https:\/\/i0.wp.com\/rmarqcollection.com.br\/wp-content\/uploads\/2024\/03\/bege-cintilante-1.png?resize=700%2C400 2x, https:\/\/i0.wp.com\/rmarqcollection.com.br\/wp-content\/uploads\/2024\/03\/bege-cintilante-1.png?resize=1050%2C600 3x, https:\/\/i0.wp.com\/rmarqcollection.com.br\/wp-content\/uploads\/2024\/03\/bege-cintilante-1.png?resize=1400%2C800 4x"},"classes":[]},{"id":2786,"url":"https:\/\/rmarqcollection.com.br\/?page_id=2786","url_meta":{"origin":3984,"position":3},"title":"Masculino","author":"cole\u00e7\u00e3o rmarq","date":"05\/09\/2022","format":false,"excerpt":"boot t\u00eanis Sapato nobuck castor Sapato nobuck preto Mocassim Botina Cinto Jeans Cinto couro branco Cinto couro marrom escuro cinto preto couro Cinto press\u00e3o branco Couro Cinto (4 cm) couro marrom escuro Cinto cinto gorgur\u00e3o branco cinto gorgur\u00e3o verde cinto gorgur\u00e3o azul marinho cinto gorgur\u00e3o cinza Carteira pequena carteira couro\u2026","rel":"","context":"Post similar","block_context":{"text":"Post similar","link":""},"img":{"alt_text":"","src":"https:\/\/i0.wp.com\/rmarqcollection.com.br\/wp-content\/uploads\/2023\/09\/Coturno-camurca-2.png?resize=350%2C200","width":350,"height":200,"srcset":"https:\/\/i0.wp.com\/rmarqcollection.com.br\/wp-content\/uploads\/2023\/09\/Coturno-camurca-2.png?resize=350%2C200 1x, https:\/\/i0.wp.com\/rmarqcollection.com.br\/wp-content\/uploads\/2023\/09\/Coturno-camurca-2.png?resize=525%2C300 1.5x, https:\/\/i0.wp.com\/rmarqcollection.com.br\/wp-content\/uploads\/2023\/09\/Coturno-camurca-2.png?resize=700%2C400 2x, https:\/\/i0.wp.com\/rmarqcollection.com.br\/wp-content\/uploads\/2023\/09\/Coturno-camurca-2.png?resize=1050%2C600 3x"},"classes":[]},{"id":2650,"url":"https:\/\/rmarqcollection.com.br\/?page_id=2650","url_meta":{"origin":3984,"position":4},"title":"Camisetas lisas e estampadas","author":"cole\u00e7\u00e3o rmarq","date":"01\/09\/2022","format":false,"excerpt":"Camiseta estampa masculina cinza escuro Camiseta estampa masculina azul turquesa Camiseta unissex lisa azul petr\u00f3leo Camiseta unissex lisa azul petr\u00f3leo Camiseta unissex lisa marsala Camiseta unissex lisa marsala","rel":"","context":"Post similar","block_context":{"text":"Post similar","link":""},"img":{"alt_text":"","src":"https:\/\/i0.wp.com\/rmarqcollection.com.br\/wp-content\/uploads\/2022\/01\/camisa-3-cinza-escura-G-Com.70-Lar-52-1-1.png?resize=350%2C200","width":350,"height":200,"srcset":"https:\/\/i0.wp.com\/rmarqcollection.com.br\/wp-content\/uploads\/2022\/01\/camisa-3-cinza-escura-G-Com.70-Lar-52-1-1.png?resize=350%2C200 1x, https:\/\/i0.wp.com\/rmarqcollection.com.br\/wp-content\/uploads\/2022\/01\/camisa-3-cinza-escura-G-Com.70-Lar-52-1-1.png?resize=525%2C300 1.5x, https:\/\/i0.wp.com\/rmarqcollection.com.br\/wp-content\/uploads\/2022\/01\/camisa-3-cinza-escura-G-Com.70-Lar-52-1-1.png?resize=700%2C400 2x"},"classes":[]},{"id":2804,"url":"https:\/\/rmarqcollection.com.br\/?page_id=2804","url_meta":{"origin":3984,"position":5},"title":"Camisetas Femininas (unissex)","author":"cole\u00e7\u00e3o rmarq","date":"05\/09\/2022","format":false,"excerpt":"Camiseta unissex Camiseta unissex","rel":"","context":"Post similar","block_context":{"text":"Post similar","link":""},"img":{"alt_text":"","src":"https:\/\/i0.wp.com\/rmarqcollection.com.br\/wp-content\/uploads\/2022\/01\/camiseta-unissex-PMGGG-Marsala-2.png?resize=350%2C200","width":350,"height":200,"srcset":"https:\/\/i0.wp.com\/rmarqcollection.com.br\/wp-content\/uploads\/2022\/01\/camiseta-unissex-PMGGG-Marsala-2.png?resize=350%2C200 1x, https:\/\/i0.wp.com\/rmarqcollection.com.br\/wp-content\/uploads\/2022\/01\/camiseta-unissex-PMGGG-Marsala-2.png?resize=525%2C300 1.5x, https:\/\/i0.wp.com\/rmarqcollection.com.br\/wp-content\/uploads\/2022\/01\/camiseta-unissex-PMGGG-Marsala-2.png?resize=700%2C400 2x, https:\/\/i0.wp.com\/rmarqcollection.com.br\/wp-content\/uploads\/2022\/01\/camiseta-unissex-PMGGG-Marsala-2.png?resize=1050%2C600 3x"},"classes":[]}],"jetpack_likes_enabled":true,"jetpack_sharing_enabled":true,"_links":{"self":[{"href":"https:\/\/rmarqcollection.com.br\/index.php?rest_route=\/wp\/v2\/pages\/3984","targetHints":{"allow":["GET"]}}],"collection":[{"href":"https:\/\/rmarqcollection.com.br\/index.php?rest_route=\/wp\/v2\/pages"}],"about":[{"href":"https:\/\/rmarqcollection.com.br\/index.php?rest_route=\/wp\/v2\/types\/page"}],"author":[{"embeddable":true,"href":"https:\/\/rmarqcollection.com.br\/index.php?rest_route=\/wp\/v2\/users\/1"}],"replies":[{"embeddable":true,"href":"https:\/\/rmarqcollection.com.br\/index.php?rest_route=%2Fwp%2Fv2%2Fcomments&post=3984"}],"version-history":[{"count":1,"href":"https:\/\/rmarqcollection.com.br\/index.php?rest_route=\/wp\/v2\/pages\/3984\/revisions"}],"predecessor-version":[{"id":7255,"href":"https:\/\/rmarqcollection.com.br\/index.php?rest_route=\/wp\/v2\/pages\/3984\/revisions\/7255"}],"wp:attachment":[{"href":"https:\/\/rmarqcollection.com.br\/index.php?rest_route=%2Fwp%2Fv2%2Fmedia&parent=3984"}],"curies":[{"name":"wp","href":"https:\/\/api.w.org\/{rel}","templated":true}]}}