{"id":1022,"date":"2022-01-27T10:01:32","date_gmt":"2022-01-27T13:01:32","guid":{"rendered":"https:\/\/rmarqcollection.com.br\/?post_type=product&#038;p=1022"},"modified":"2026-02-15T17:08:34","modified_gmt":"2026-02-15T20:08:34","slug":"camiseta-estampada-marsala-100-algodao","status":"publish","type":"product","link":"https:\/\/rmarqcollection.com.br\/?product=camiseta-estampada-marsala-100-algodao","title":{"rendered":"Camisetas Masculinas Estampadas 100% Algod\u00e3o"},"content":{"rendered":"<p>Bem-vindo (a) a nossa loja!<br \/>\nQueremos proporcionar a voc\u00ea o que h\u00e1 de melhor. Todos os nossos produtos s\u00e3o confeccionados visando a qualidade e o conforto sempre com o objetivo de satisfazer voc\u00ea. A RMarq Collection comercializa este produto visando sempre a melhor qualidade, beleza e o estilo.<br \/>\n<strong>As camisetas masculinas com estampas <\/strong>s\u00e3o confeccionadas em 100% algod\u00e3o de alt\u00edssima qualidade e costuradas com Fio 30.1, visando sempre proporcionar um bom caimento e visual. S\u00e3o confort\u00e1veis, dur\u00e1veis com costuras refor\u00e7adas e gola redonda com um \u00f3timo acabamento.<\/p>\n<p><strong>Caracter\u00edsticas t\u00e9cnicas: <\/strong><br \/>\nMalha 100% algod\u00e3o;<img data-recalc-dims=\"1\" loading=\"lazy\" decoding=\"async\" class=\"wp-image-963 alignright\" src=\"https:\/\/i0.wp.com\/rmarqcollection.com.br\/wp-content\/uploads\/2022\/01\/foto_ilustrativa1.jpg?resize=263%2C281&#038;ssl=1\" alt=\"\" width=\"263\" height=\"281\" srcset=\"https:\/\/i0.wp.com\/rmarqcollection.com.br\/wp-content\/uploads\/2022\/01\/foto_ilustrativa1.jpg?resize=281%2C300&amp;ssl=1 281w, https:\/\/i0.wp.com\/rmarqcollection.com.br\/wp-content\/uploads\/2022\/01\/foto_ilustrativa1.jpg?resize=600%2C640&amp;ssl=1 600w, https:\/\/i0.wp.com\/rmarqcollection.com.br\/wp-content\/uploads\/2022\/01\/foto_ilustrativa1.jpg?resize=324%2C346&amp;ssl=1 324w, https:\/\/i0.wp.com\/rmarqcollection.com.br\/wp-content\/uploads\/2022\/01\/foto_ilustrativa1.jpg?resize=416%2C444&amp;ssl=1 416w, https:\/\/i0.wp.com\/rmarqcollection.com.br\/wp-content\/uploads\/2022\/01\/foto_ilustrativa1.jpg?w=609&amp;ssl=1 609w\" sizes=\"auto, (max-width: 263px) 100vw, 263px\" \/><br \/>\nFio 30.1;<br \/>\nGola redonda (gola careca)<br \/>\nGramatura 140;<br \/>\nCor: Cinza Escura e Azul Turquesa.<br \/>\nObs.: Estampa<br \/>\nComprimento: Observar indica\u00e7\u00f5es na p\u00e1gina.<br \/>\nLargura: Observar indica\u00e7\u00f5es na p\u00e1gina.<br \/>\nCostura overloque (ponto cadeia)<br \/>\nRefor\u00e7o ombro a ombro<br \/>\nMolde T cl\u00e1ssico<\/p>\n<p><strong>Confira as suas medidas: <\/strong>Importante ficar atento as medidas elas indicar\u00e3o qual a melhor op\u00e7\u00e3o para voc\u00ea.<br \/>\nUtilize uma camiseta que voc\u00ea usa ou que esteja dispon\u00edvel para fazer as suas medidas corretas.<\/p>\n<p><strong>Cuidados importantes:<\/strong><br \/>\nPara que sua pe\u00e7a tenha durabilidade e seja conservada s\u00e3o necess\u00e1rios alguns cuidados especiais:<br \/>\n<strong>Ao Lavar:<\/strong> Procure usar sab\u00e3o neutro e n\u00e3o esfregue com muita for\u00e7a. Enxague corretamente observando se n\u00e3o ficou res\u00edduos de sab\u00e3o ou amaciante, pois podem ajudar na perda de qualidade do tecido.<br \/>\n<strong>Ao Secar:<\/strong> Procure colocar a pe\u00e7a para secar na sombra para que n\u00e3o desbote perdendo a qualidade.<br \/>\n<strong>Ao Passar:<\/strong> Use temperatura baixa e sem vapor. Temperaturas altas ir\u00e3o danificar sua pe\u00e7a queimando-a.<br \/>\n<strong>Ao Guardar:<\/strong> Verificar se a pe\u00e7a est\u00e1 seca e se o local n\u00e3o contenha umidade. Assim, voc\u00ea evita que a pe\u00e7a fique mofada.<\/p>\n<p>Garantia do Fabricante: Contra defeitos de fabrica\u00e7\u00e3o.<br \/>\n<a href=\"https:\/\/rmarqcollection.com.br\/?page_id=238\"><strong>Estamos dispon\u00edveis para atender \u00e0s suas d\u00favidas.<\/strong><\/a><\/p>\n","protected":false},"excerpt":{"rendered":"<h6><a href=\"https:\/\/rmarqcollection.com.br\/?page_id=1849\"><strong>Em 12x confira formas de pagamentos.<\/strong><\/a><\/h6>\n<h6>Camisetas 100% algod\u00e3o.<\/h6>\n","protected":false},"featured_media":1037,"comment_status":"open","ping_status":"closed","template":"","meta":{"jetpack_publicize_message":"","jetpack_publicize_feature_enabled":true,"jetpack_social_post_already_shared":false,"jetpack_social_options":{"image_generator_settings":{"template":"highway","default_image_id":0,"font":"","enabled":false},"version":2}},"product_brand":[],"product_cat":[127],"product_tag":[393,182,179,392,181],"class_list":{"0":"post-1022","1":"product","2":"type-product","3":"status-publish","6":"product_cat-camisetas-masculinas","7":"product_tag-camiseta","8":"product_tag-camiseta-masculina","9":"product_tag-camisetas","10":"product_tag-camisetas-de-algodao","11":"product_tag-camisetas-estampadas","13":"first","14":"instock","15":"sale","16":"sold-individually","17":"taxable","18":"shipping-taxable","19":"purchasable","20":"product-type-variable"},"aioseo_notices":[],"jetpack_publicize_connections":[],"jetpack-related-posts":[{"id":1040,"url":"https:\/\/rmarqcollection.com.br\/?product=camisetas-unissex-lisas","url_meta":{"origin":1022,"position":0},"title":"Camisetas Unissex Lisas","author":"cole\u00e7\u00e3o rmarq","date":"31\/01\/2022","format":false,"excerpt":"Em 12x confira formas de pagamentos. Produtos 100% algod\u00e3o alt\u00edssima qualidade.","rel":"","context":"Post similar","block_context":{"text":"Post similar","link":""},"img":{"alt_text":"","src":"https:\/\/i0.wp.com\/rmarqcollection.com.br\/wp-content\/uploads\/2022\/01\/camiseta-unissex-P-M-GG-Azul-Petrolio-1.png?fit=1062%2C1200&ssl=1&resize=350%2C200","width":350,"height":200,"srcset":"https:\/\/i0.wp.com\/rmarqcollection.com.br\/wp-content\/uploads\/2022\/01\/camiseta-unissex-P-M-GG-Azul-Petrolio-1.png?fit=1062%2C1200&ssl=1&resize=350%2C200 1x, https:\/\/i0.wp.com\/rmarqcollection.com.br\/wp-content\/uploads\/2022\/01\/camiseta-unissex-P-M-GG-Azul-Petrolio-1.png?fit=1062%2C1200&ssl=1&resize=525%2C300 1.5x, https:\/\/i0.wp.com\/rmarqcollection.com.br\/wp-content\/uploads\/2022\/01\/camiseta-unissex-P-M-GG-Azul-Petrolio-1.png?fit=1062%2C1200&ssl=1&resize=700%2C400 2x, https:\/\/i0.wp.com\/rmarqcollection.com.br\/wp-content\/uploads\/2022\/01\/camiseta-unissex-P-M-GG-Azul-Petrolio-1.png?fit=1062%2C1200&ssl=1&resize=1050%2C600 3x"},"classes":[]},{"id":1102,"url":"https:\/\/rmarqcollection.com.br\/?product=camisas-masculinas-gola-polo","url_meta":{"origin":1022,"position":1},"title":"Camisas Masculinas Gola Polo Lisa","author":"cole\u00e7\u00e3o rmarq","date":"31\/01\/2022","format":false,"excerpt":"Em 12x confira formas de pagamentos. 50% Algod\u00e3o e 50% Poli\u00e9ster. Eleg\u00e2ncia e estilo para voc\u00ea.","rel":"","context":"Post similar","block_context":{"text":"Post similar","link":""},"img":{"alt_text":"","src":"https:\/\/i0.wp.com\/rmarqcollection.com.br\/wp-content\/uploads\/2022\/01\/camisa-Polo-02-Preta.png?fit=1056%2C1200&ssl=1&resize=350%2C200","width":350,"height":200,"srcset":"https:\/\/i0.wp.com\/rmarqcollection.com.br\/wp-content\/uploads\/2022\/01\/camisa-Polo-02-Preta.png?fit=1056%2C1200&ssl=1&resize=350%2C200 1x, https:\/\/i0.wp.com\/rmarqcollection.com.br\/wp-content\/uploads\/2022\/01\/camisa-Polo-02-Preta.png?fit=1056%2C1200&ssl=1&resize=525%2C300 1.5x, https:\/\/i0.wp.com\/rmarqcollection.com.br\/wp-content\/uploads\/2022\/01\/camisa-Polo-02-Preta.png?fit=1056%2C1200&ssl=1&resize=700%2C400 2x, https:\/\/i0.wp.com\/rmarqcollection.com.br\/wp-content\/uploads\/2022\/01\/camisa-Polo-02-Preta.png?fit=1056%2C1200&ssl=1&resize=1050%2C600 3x"},"classes":[]},{"id":992,"url":"https:\/\/rmarqcollection.com.br\/?product=vestido-curto-babado-viscose-lisa-ou-estampada-tamanho-unico-veste-38-40","url_meta":{"origin":1022,"position":2},"title":"Vestido Curto Viscose Lisa ou Estampa Tamanho Veste 38\/40","author":"cole\u00e7\u00e3o rmarq","date":"24\/01\/2022","format":false,"excerpt":"Em 12x confira formas de pagamentos. Leve e confort\u00e1vel.","rel":"","context":"Post similar","block_context":{"text":"Post similar","link":""},"img":{"alt_text":"","src":"https:\/\/i0.wp.com\/rmarqcollection.com.br\/wp-content\/uploads\/2022\/01\/7003-bege-manga-curta-babado-longo-estampa-colorida-38-40-2.png?fit=1037%2C1200&ssl=1&resize=350%2C200","width":350,"height":200,"srcset":"https:\/\/i0.wp.com\/rmarqcollection.com.br\/wp-content\/uploads\/2022\/01\/7003-bege-manga-curta-babado-longo-estampa-colorida-38-40-2.png?fit=1037%2C1200&ssl=1&resize=350%2C200 1x, https:\/\/i0.wp.com\/rmarqcollection.com.br\/wp-content\/uploads\/2022\/01\/7003-bege-manga-curta-babado-longo-estampa-colorida-38-40-2.png?fit=1037%2C1200&ssl=1&resize=525%2C300 1.5x, https:\/\/i0.wp.com\/rmarqcollection.com.br\/wp-content\/uploads\/2022\/01\/7003-bege-manga-curta-babado-longo-estampa-colorida-38-40-2.png?fit=1037%2C1200&ssl=1&resize=700%2C400 2x"},"classes":[]},{"id":259,"url":"https:\/\/rmarqcollection.com.br\/?product=cinto-masculino-40mm-fita-gorgurao-algodao","url_meta":{"origin":1022,"position":3},"title":"Cinto Masculino Gorgur\u00e3o Listra Vermelha RMarq Collection","author":"cole\u00e7\u00e3o rmarq","date":"09\/06\/2021","format":false,"excerpt":"Em 12x confira formas de pagamentos Fivela Ouro Velho (4 cm), ilh\u00f3ses e detalhe em couro.","rel":"","context":"Post similar","block_context":{"text":"Post similar","link":""},"img":{"alt_text":"","src":"https:\/\/i0.wp.com\/rmarqcollection.com.br\/wp-content\/uploads\/2021\/06\/Cinto-listrado-Marrom-vermelho-5-.png?fit=1200%2C1200&ssl=1&resize=350%2C200","width":350,"height":200,"srcset":"https:\/\/i0.wp.com\/rmarqcollection.com.br\/wp-content\/uploads\/2021\/06\/Cinto-listrado-Marrom-vermelho-5-.png?fit=1200%2C1200&ssl=1&resize=350%2C200 1x, https:\/\/i0.wp.com\/rmarqcollection.com.br\/wp-content\/uploads\/2021\/06\/Cinto-listrado-Marrom-vermelho-5-.png?fit=1200%2C1200&ssl=1&resize=525%2C300 1.5x, https:\/\/i0.wp.com\/rmarqcollection.com.br\/wp-content\/uploads\/2021\/06\/Cinto-listrado-Marrom-vermelho-5-.png?fit=1200%2C1200&ssl=1&resize=700%2C400 2x, https:\/\/i0.wp.com\/rmarqcollection.com.br\/wp-content\/uploads\/2021\/06\/Cinto-listrado-Marrom-vermelho-5-.png?fit=1200%2C1200&ssl=1&resize=1050%2C600 3x"},"classes":[]},{"id":5882,"url":"https:\/\/rmarqcollection.com.br\/?product=sapato-masculino-couro-nobuck-rmarqcollection-sola-borracha","url_meta":{"origin":1022,"position":4},"title":"Sapato Masculino Couro Nobuck Sola Borracha RMarq Collection","author":"cole\u00e7\u00e3o rmarq","date":"19\/09\/2024","format":false,"excerpt":"Em 12x confira formas de pagamentos Sapato nobuck , bico redondo. Conforto e prote\u00e7\u00e3o para os p\u00e9s.","rel":"","context":"Post similar","block_context":{"text":"Post similar","link":""},"img":{"alt_text":"","src":"https:\/\/i0.wp.com\/rmarqcollection.com.br\/wp-content\/uploads\/2024\/09\/Sapato-castor-RMarq-2.jpg?fit=1200%2C1200&ssl=1&resize=350%2C200","width":350,"height":200,"srcset":"https:\/\/i0.wp.com\/rmarqcollection.com.br\/wp-content\/uploads\/2024\/09\/Sapato-castor-RMarq-2.jpg?fit=1200%2C1200&ssl=1&resize=350%2C200 1x, https:\/\/i0.wp.com\/rmarqcollection.com.br\/wp-content\/uploads\/2024\/09\/Sapato-castor-RMarq-2.jpg?fit=1200%2C1200&ssl=1&resize=525%2C300 1.5x, https:\/\/i0.wp.com\/rmarqcollection.com.br\/wp-content\/uploads\/2024\/09\/Sapato-castor-RMarq-2.jpg?fit=1200%2C1200&ssl=1&resize=700%2C400 2x, https:\/\/i0.wp.com\/rmarqcollection.com.br\/wp-content\/uploads\/2024\/09\/Sapato-castor-RMarq-2.jpg?fit=1200%2C1200&ssl=1&resize=1050%2C600 3x"},"classes":[]},{"id":3539,"url":"https:\/\/rmarqcollection.com.br\/?product=cintos-femininos-material-couro","url_meta":{"origin":1022,"position":5},"title":"Cinto Feminino Couro Genu\u00edno (Largura 2 cm) RMarq Collection","author":"cole\u00e7\u00e3o rmarq","date":"12\/02\/2023","format":false,"excerpt":"Em 12x confira formas de pagamentos \u00a0Fivela n\u00edquel ou dourada, largura (2 cm) V\u00eddeo","rel":"","context":"Post similar","block_context":{"text":"Post similar","link":""},"img":{"alt_text":"","src":"https:\/\/i0.wp.com\/rmarqcollection.com.br\/wp-content\/uploads\/2023\/02\/cinto-feminino-quadro-1.png?fit=1200%2C705&ssl=1&resize=350%2C200","width":350,"height":200,"srcset":"https:\/\/i0.wp.com\/rmarqcollection.com.br\/wp-content\/uploads\/2023\/02\/cinto-feminino-quadro-1.png?fit=1200%2C705&ssl=1&resize=350%2C200 1x, https:\/\/i0.wp.com\/rmarqcollection.com.br\/wp-content\/uploads\/2023\/02\/cinto-feminino-quadro-1.png?fit=1200%2C705&ssl=1&resize=525%2C300 1.5x, https:\/\/i0.wp.com\/rmarqcollection.com.br\/wp-content\/uploads\/2023\/02\/cinto-feminino-quadro-1.png?fit=1200%2C705&ssl=1&resize=700%2C400 2x, https:\/\/i0.wp.com\/rmarqcollection.com.br\/wp-content\/uploads\/2023\/02\/cinto-feminino-quadro-1.png?fit=1200%2C705&ssl=1&resize=1050%2C600 3x"},"classes":[]}],"jetpack_likes_enabled":true,"jetpack_sharing_enabled":true,"_links":{"self":[{"href":"https:\/\/rmarqcollection.com.br\/index.php?rest_route=\/wp\/v2\/product\/1022","targetHints":{"allow":["GET"]}}],"collection":[{"href":"https:\/\/rmarqcollection.com.br\/index.php?rest_route=\/wp\/v2\/product"}],"about":[{"href":"https:\/\/rmarqcollection.com.br\/index.php?rest_route=\/wp\/v2\/types\/product"}],"replies":[{"embeddable":true,"href":"https:\/\/rmarqcollection.com.br\/index.php?rest_route=%2Fwp%2Fv2%2Fcomments&post=1022"}],"wp:featuredmedia":[{"embeddable":true,"href":"https:\/\/rmarqcollection.com.br\/index.php?rest_route=\/wp\/v2\/media\/1037"}],"wp:attachment":[{"href":"https:\/\/rmarqcollection.com.br\/index.php?rest_route=%2Fwp%2Fv2%2Fmedia&parent=1022"}],"wp:term":[{"taxonomy":"product_brand","embeddable":true,"href":"https:\/\/rmarqcollection.com.br\/index.php?rest_route=%2Fwp%2Fv2%2Fproduct_brand&post=1022"},{"taxonomy":"product_cat","embeddable":true,"href":"https:\/\/rmarqcollection.com.br\/index.php?rest_route=%2Fwp%2Fv2%2Fproduct_cat&post=1022"},{"taxonomy":"product_tag","embeddable":true,"href":"https:\/\/rmarqcollection.com.br\/index.php?rest_route=%2Fwp%2Fv2%2Fproduct_tag&post=1022"}],"curies":[{"name":"wp","href":"https:\/\/api.w.org\/{rel}","templated":true}]}}