{"id":1040,"date":"2022-01-31T11:28:19","date_gmt":"2022-01-31T14:28:19","guid":{"rendered":"https:\/\/rmarqcollection.com.br\/?post_type=product&#038;p=1040"},"modified":"2026-02-15T17:06:57","modified_gmt":"2026-02-15T20:06:57","slug":"camisetas-unissex-lisas","status":"publish","type":"product","link":"https:\/\/rmarqcollection.com.br\/?product=camisetas-unissex-lisas","title":{"rendered":"Camisetas Unissex Lisas"},"content":{"rendered":"<p>Bem-vindo (a) a nossa loja!<br \/>\nQueremos proporcionar a voc\u00ea o que h\u00e1 de melhor. Todos os nossos produtos s\u00e3o confeccionados visando a qualidade e o conforto sempre com o objetivo de satisfazer voc\u00ea. A RMarq Collection comercializa este produto visando sempre a melhor qualidade, beleza e o estilo.<br \/>\n<strong>As camisetas unissex lisas <\/strong>100% algod\u00e3o s\u00e3o confeccionadas com alt\u00edssima qualidade e costuradas com Fio 30.1 visando sempre proporcionar um bom caimento e visual. S\u00e3o confort\u00e1veis, dur\u00e1veis com costuras refor\u00e7adas e gola redonda com um \u00f3timo acabamento.<\/p>\n<p><strong>Caracter\u00edsticas t\u00e9cnicas:<img data-recalc-dims=\"1\" loading=\"lazy\" decoding=\"async\" class=\"size-medium wp-image-963 alignright\" src=\"https:\/\/i0.wp.com\/rmarqcollection.com.br\/wp-content\/uploads\/2022\/01\/foto_ilustrativa1.jpg?resize=281%2C300&#038;ssl=1\" sizes=\"auto, (max-width: 281px) 100vw, 281px\" srcset=\"https:\/\/rmarqcollection.com.br\/wp-content\/uploads\/2022\/01\/foto_ilustrativa1-281x300.jpg 281w, https:\/\/rmarqcollection.com.br\/wp-content\/uploads\/2022\/01\/foto_ilustrativa1-324x346.jpg 324w, https:\/\/rmarqcollection.com.br\/wp-content\/uploads\/2022\/01\/foto_ilustrativa1-416x444.jpg 416w, https:\/\/rmarqcollection.com.br\/wp-content\/uploads\/2022\/01\/foto_ilustrativa1.jpg 609w\" alt=\"\" width=\"281\" height=\"300\" \/><\/strong><br \/>\nMalha 100% algod\u00e3o;<br \/>\nFio 30.1;<br \/>\nGola redonda (gola careca)<br \/>\nGramatura 140;<br \/>\nCor: Marsala, Azul Caneta\u00a0 e Azul Petr\u00f3leo.<br \/>\nComprimento: Observar indica\u00e7\u00f5es na p\u00e1gina.<br \/>\nLargura: Observar indica\u00e7\u00f5es na p\u00e1gina.<br \/>\nCostura overloque (ponto cadeia)<br \/>\nRefor\u00e7o ombro a ombro<br \/>\nMolde T cl\u00e1ssico<\/p>\n<p>&nbsp;<\/p>\n<p><strong>Confira as suas medidas: <\/strong>Importante ficar atento as medidas elas indicar\u00e3o qual a melhor op\u00e7\u00e3o para voc\u00ea.<br \/>\nUtilize uma camiseta que voc\u00ea usa ou que esteja dispon\u00edvel para fazer as suas medidas corretas.<\/p>\n<p><strong>Cuidados importantes:<\/strong><br \/>\nPara que sua pe\u00e7a tenha durabilidade e seja conservada s\u00e3o necess\u00e1rios alguns cuidados especiais:<br \/>\n<strong>Ao Lavar:<\/strong>\u00a0Procure usar sab\u00e3o neutro e n\u00e3o esfregue com muita for\u00e7a. Enxague corretamente observando se n\u00e3o ficou res\u00edduos de sab\u00e3o ou amaciante, pois podem ajudar na perda de qualidade do tecido.<br \/>\n<strong>Ao Secar:<\/strong>\u00a0Procure colocar a pe\u00e7a para secar na sombra para que n\u00e3o desbote perdendo a qualidade.<br \/>\n<strong>Ao Passar:<\/strong>\u00a0Use temperatura baixa e sem vapor. Temperaturas altas ir\u00e3o danificar sua pe\u00e7a queimando-a.<br \/>\n<strong>Ao Guardar:<\/strong>\u00a0Verificar se a pe\u00e7a est\u00e1 seca e se o local n\u00e3o contenha umidade. Assim, voc\u00ea evita que a pe\u00e7a fique mofada.<\/p>\n<p>Garantia do Fabricante: Contra defeitos de fabrica\u00e7\u00e3o.<br \/>\n<span style=\"color: #0000ff;\"><a style=\"color: #0000ff;\" href=\"https:\/\/rmarqcollection.com.br\/?page_id=238\"><strong>Estamos dispon\u00edveis para atender \u00e0s suas d\u00favidas.<\/strong><\/a><\/span><\/p>\n","protected":false},"excerpt":{"rendered":"<h6><a href=\"https:\/\/rmarqcollection.com.br\/?page_id=1849\"><strong>Em 12x confira formas de pagamentos.<\/strong><\/a><\/h6>\n<h6>Produtos 100% algod\u00e3o alt\u00edssima qualidade.<\/h6>\n","protected":false},"featured_media":1024,"comment_status":"open","ping_status":"closed","template":"","meta":{"jetpack_publicize_message":"","jetpack_publicize_feature_enabled":true,"jetpack_social_post_already_shared":false,"jetpack_social_options":{"image_generator_settings":{"template":"highway","default_image_id":0,"font":"","enabled":false},"version":2}},"product_brand":[],"product_cat":[120],"product_tag":[393,179,392,180],"class_list":{"0":"post-1040","1":"product","2":"type-product","3":"status-publish","6":"product_cat-camisetas-unissex","7":"product_tag-camiseta","8":"product_tag-camisetas","9":"product_tag-camisetas-de-algodao","10":"product_tag-camisetas-unissex","12":"first","13":"instock","14":"sale","15":"sold-individually","16":"taxable","17":"shipping-taxable","18":"purchasable","19":"product-type-variable"},"aioseo_notices":[],"jetpack_publicize_connections":[],"jetpack-related-posts":[{"id":1022,"url":"https:\/\/rmarqcollection.com.br\/?product=camiseta-estampada-marsala-100-algodao","url_meta":{"origin":1040,"position":0},"title":"Camisetas Masculinas Estampadas 100% Algod\u00e3o","author":"cole\u00e7\u00e3o rmarq","date":"27\/01\/2022","format":false,"excerpt":"Em 12x confira formas de pagamentos. Camisetas 100% algod\u00e3o.","rel":"","context":"Post similar","block_context":{"text":"Post similar","link":""},"img":{"alt_text":"","src":"https:\/\/i0.wp.com\/rmarqcollection.com.br\/wp-content\/uploads\/2022\/01\/camisa-3-cinza-escura-G-Com.70-Lar-52-1-1.png?fit=1025%2C1200&ssl=1&resize=350%2C200","width":350,"height":200,"srcset":"https:\/\/i0.wp.com\/rmarqcollection.com.br\/wp-content\/uploads\/2022\/01\/camisa-3-cinza-escura-G-Com.70-Lar-52-1-1.png?fit=1025%2C1200&ssl=1&resize=350%2C200 1x, https:\/\/i0.wp.com\/rmarqcollection.com.br\/wp-content\/uploads\/2022\/01\/camisa-3-cinza-escura-G-Com.70-Lar-52-1-1.png?fit=1025%2C1200&ssl=1&resize=525%2C300 1.5x, https:\/\/i0.wp.com\/rmarqcollection.com.br\/wp-content\/uploads\/2022\/01\/camisa-3-cinza-escura-G-Com.70-Lar-52-1-1.png?fit=1025%2C1200&ssl=1&resize=700%2C400 2x"},"classes":[]},{"id":1102,"url":"https:\/\/rmarqcollection.com.br\/?product=camisas-masculinas-gola-polo","url_meta":{"origin":1040,"position":1},"title":"Camisas Masculinas Gola Polo Lisa","author":"cole\u00e7\u00e3o rmarq","date":"31\/01\/2022","format":false,"excerpt":"Em 12x confira formas de pagamentos. 50% Algod\u00e3o e 50% Poli\u00e9ster. Eleg\u00e2ncia e estilo para voc\u00ea.","rel":"","context":"Post similar","block_context":{"text":"Post similar","link":""},"img":{"alt_text":"","src":"https:\/\/i0.wp.com\/rmarqcollection.com.br\/wp-content\/uploads\/2022\/01\/camisa-Polo-02-Preta.png?fit=1056%2C1200&ssl=1&resize=350%2C200","width":350,"height":200,"srcset":"https:\/\/i0.wp.com\/rmarqcollection.com.br\/wp-content\/uploads\/2022\/01\/camisa-Polo-02-Preta.png?fit=1056%2C1200&ssl=1&resize=350%2C200 1x, https:\/\/i0.wp.com\/rmarqcollection.com.br\/wp-content\/uploads\/2022\/01\/camisa-Polo-02-Preta.png?fit=1056%2C1200&ssl=1&resize=525%2C300 1.5x, https:\/\/i0.wp.com\/rmarqcollection.com.br\/wp-content\/uploads\/2022\/01\/camisa-Polo-02-Preta.png?fit=1056%2C1200&ssl=1&resize=700%2C400 2x, https:\/\/i0.wp.com\/rmarqcollection.com.br\/wp-content\/uploads\/2022\/01\/camisa-Polo-02-Preta.png?fit=1056%2C1200&ssl=1&resize=1050%2C600 3x"},"classes":[]},{"id":207,"url":"https:\/\/rmarqcollection.com.br\/?product=pulseira-para-relogio","url_meta":{"origin":1040,"position":2},"title":"Pulseira Rel\u00f3gio Unissex Couro Genu\u00edno Sem Fivela RMarq Collection Dobrada","author":"cole\u00e7\u00e3o rmarq","date":"04\/06\/2021","format":false,"excerpt":"Em 12x confira formas de pagamentos Couro genu\u00edno, costuradas, sem fivela e pinos.","rel":"","context":"Post similar","block_context":{"text":"Post similar","link":""},"img":{"alt_text":"","src":"https:\/\/i0.wp.com\/rmarqcollection.com.br\/wp-content\/uploads\/2021\/06\/x-pul-foto.jpg?fit=1200%2C1200&ssl=1&resize=350%2C200","width":350,"height":200,"srcset":"https:\/\/i0.wp.com\/rmarqcollection.com.br\/wp-content\/uploads\/2021\/06\/x-pul-foto.jpg?fit=1200%2C1200&ssl=1&resize=350%2C200 1x, https:\/\/i0.wp.com\/rmarqcollection.com.br\/wp-content\/uploads\/2021\/06\/x-pul-foto.jpg?fit=1200%2C1200&ssl=1&resize=525%2C300 1.5x, https:\/\/i0.wp.com\/rmarqcollection.com.br\/wp-content\/uploads\/2021\/06\/x-pul-foto.jpg?fit=1200%2C1200&ssl=1&resize=700%2C400 2x, https:\/\/i0.wp.com\/rmarqcollection.com.br\/wp-content\/uploads\/2021\/06\/x-pul-foto.jpg?fit=1200%2C1200&ssl=1&resize=1050%2C600 3x"},"classes":[]},{"id":3459,"url":"https:\/\/rmarqcollection.com.br\/?product=pulseira-para-relogio-com-fivela-material-couro","url_meta":{"origin":1040,"position":3},"title":"Pulseira Rel\u00f3gio Unissex Couro Genu\u00edno Com Fivela RMarq Collection","author":"cole\u00e7\u00e3o rmarq","date":"12\/01\/2023","format":false,"excerpt":"Em 12x confira formas de pagamentos. Cores e larguras variadas, costuradas e fivela dourada ou prateada.","rel":"","context":"Post similar","block_context":{"text":"Post similar","link":""},"img":{"alt_text":"","src":"https:\/\/i0.wp.com\/rmarqcollection.com.br\/wp-content\/uploads\/2023\/01\/pulseira-vinho-fivela-prateada-2.png?fit=1200%2C1200&ssl=1&resize=350%2C200","width":350,"height":200,"srcset":"https:\/\/i0.wp.com\/rmarqcollection.com.br\/wp-content\/uploads\/2023\/01\/pulseira-vinho-fivela-prateada-2.png?fit=1200%2C1200&ssl=1&resize=350%2C200 1x, https:\/\/i0.wp.com\/rmarqcollection.com.br\/wp-content\/uploads\/2023\/01\/pulseira-vinho-fivela-prateada-2.png?fit=1200%2C1200&ssl=1&resize=525%2C300 1.5x, https:\/\/i0.wp.com\/rmarqcollection.com.br\/wp-content\/uploads\/2023\/01\/pulseira-vinho-fivela-prateada-2.png?fit=1200%2C1200&ssl=1&resize=700%2C400 2x, https:\/\/i0.wp.com\/rmarqcollection.com.br\/wp-content\/uploads\/2023\/01\/pulseira-vinho-fivela-prateada-2.png?fit=1200%2C1200&ssl=1&resize=1050%2C600 3x"},"classes":[]},{"id":911,"url":"https:\/\/rmarqcollection.com.br\/?product=pulseira-para-relogio-unissex-couro-floater-marrom-escuro-sem-fivela-20mm-22mm","url_meta":{"origin":1040,"position":4},"title":"Pulseira Rel\u00f3gio Unissex Couro Genu\u00edno RMarq Collection Sem Fivela","author":"cole\u00e7\u00e3o rmarq","date":"22\/12\/2021","format":false,"excerpt":"Em 12x confira formas de pagamentos. Obs.: N\u00e3o acompanha fivela e pinos. Op\u00e7\u00f5es Cores e Larguras. V\u00eddeo","rel":"","context":"Post similar","block_context":{"text":"Post similar","link":""},"img":{"alt_text":"","src":"https:\/\/i0.wp.com\/rmarqcollection.com.br\/wp-content\/uploads\/2021\/12\/pulseira-vermelha-sem-fivela-2.png?fit=1200%2C1200&ssl=1&resize=350%2C200","width":350,"height":200,"srcset":"https:\/\/i0.wp.com\/rmarqcollection.com.br\/wp-content\/uploads\/2021\/12\/pulseira-vermelha-sem-fivela-2.png?fit=1200%2C1200&ssl=1&resize=350%2C200 1x, https:\/\/i0.wp.com\/rmarqcollection.com.br\/wp-content\/uploads\/2021\/12\/pulseira-vermelha-sem-fivela-2.png?fit=1200%2C1200&ssl=1&resize=525%2C300 1.5x, https:\/\/i0.wp.com\/rmarqcollection.com.br\/wp-content\/uploads\/2021\/12\/pulseira-vermelha-sem-fivela-2.png?fit=1200%2C1200&ssl=1&resize=700%2C400 2x, https:\/\/i0.wp.com\/rmarqcollection.com.br\/wp-content\/uploads\/2021\/12\/pulseira-vermelha-sem-fivela-2.png?fit=1200%2C1200&ssl=1&resize=1050%2C600 3x"},"classes":[]},{"id":3606,"url":"https:\/\/rmarqcollection.com.br\/?product=necessaire-estojo-maculino-material-couro","url_meta":{"origin":1040,"position":5},"title":"Estojo Necessaire Unissex Couro Genu\u00edno RMarq Collection","author":"cole\u00e7\u00e3o rmarq","date":"18\/02\/2023","format":false,"excerpt":"Em 12x confira formas de pagamentos Estojo material couro com fecho z\u00edper.","rel":"","context":"Post similar","block_context":{"text":"Post similar","link":""},"img":{"alt_text":"","src":"https:\/\/i0.wp.com\/rmarqcollection.com.br\/wp-content\/uploads\/2023\/02\/Bege-escuro-2.png?fit=1200%2C1200&ssl=1&resize=350%2C200","width":350,"height":200,"srcset":"https:\/\/i0.wp.com\/rmarqcollection.com.br\/wp-content\/uploads\/2023\/02\/Bege-escuro-2.png?fit=1200%2C1200&ssl=1&resize=350%2C200 1x, https:\/\/i0.wp.com\/rmarqcollection.com.br\/wp-content\/uploads\/2023\/02\/Bege-escuro-2.png?fit=1200%2C1200&ssl=1&resize=525%2C300 1.5x, https:\/\/i0.wp.com\/rmarqcollection.com.br\/wp-content\/uploads\/2023\/02\/Bege-escuro-2.png?fit=1200%2C1200&ssl=1&resize=700%2C400 2x, https:\/\/i0.wp.com\/rmarqcollection.com.br\/wp-content\/uploads\/2023\/02\/Bege-escuro-2.png?fit=1200%2C1200&ssl=1&resize=1050%2C600 3x"},"classes":[]}],"jetpack_likes_enabled":true,"jetpack_sharing_enabled":true,"_links":{"self":[{"href":"https:\/\/rmarqcollection.com.br\/index.php?rest_route=\/wp\/v2\/product\/1040","targetHints":{"allow":["GET"]}}],"collection":[{"href":"https:\/\/rmarqcollection.com.br\/index.php?rest_route=\/wp\/v2\/product"}],"about":[{"href":"https:\/\/rmarqcollection.com.br\/index.php?rest_route=\/wp\/v2\/types\/product"}],"replies":[{"embeddable":true,"href":"https:\/\/rmarqcollection.com.br\/index.php?rest_route=%2Fwp%2Fv2%2Fcomments&post=1040"}],"wp:featuredmedia":[{"embeddable":true,"href":"https:\/\/rmarqcollection.com.br\/index.php?rest_route=\/wp\/v2\/media\/1024"}],"wp:attachment":[{"href":"https:\/\/rmarqcollection.com.br\/index.php?rest_route=%2Fwp%2Fv2%2Fmedia&parent=1040"}],"wp:term":[{"taxonomy":"product_brand","embeddable":true,"href":"https:\/\/rmarqcollection.com.br\/index.php?rest_route=%2Fwp%2Fv2%2Fproduct_brand&post=1040"},{"taxonomy":"product_cat","embeddable":true,"href":"https:\/\/rmarqcollection.com.br\/index.php?rest_route=%2Fwp%2Fv2%2Fproduct_cat&post=1040"},{"taxonomy":"product_tag","embeddable":true,"href":"https:\/\/rmarqcollection.com.br\/index.php?rest_route=%2Fwp%2Fv2%2Fproduct_tag&post=1040"}],"curies":[{"name":"wp","href":"https:\/\/api.w.org\/{rel}","templated":true}]}}