{"id":1102,"date":"2022-01-31T15:07:38","date_gmt":"2022-01-31T18:07:38","guid":{"rendered":"https:\/\/rmarqcollection.com.br\/?post_type=product&#038;p=1102"},"modified":"2026-02-15T17:01:27","modified_gmt":"2026-02-15T20:01:27","slug":"camisas-masculinas-gola-polo","status":"publish","type":"product","link":"https:\/\/rmarqcollection.com.br\/?product=camisas-masculinas-gola-polo","title":{"rendered":"Camisas Masculinas Gola Polo Lisa"},"content":{"rendered":"<p>Bem-vindo (a) a nossa loja!<br \/>\nQueremos proporcionar a voc\u00ea o que h\u00e1 de melhor. Todos os nossos produtos s\u00e3o confeccionados visando a qualidade e o conforto sempre com o objetivo de satisfazer voc\u00ea. A RMarq Collection comercializa este produto visando sempre a melhor qualidade, beleza e o estilo.<br \/>\nAs camisas masculinas de Gola Polo\u00a0 lisas s\u00e3o 50% algod\u00e3o e 50% poli\u00e9ster e s\u00e3o confeccionadas com alt\u00edssima qualidade e costuradas com Fio 40.1 visando sempre proporcionar um bom caimento e visual. S\u00e3o confort\u00e1veis, dur\u00e1veis com costuras refor\u00e7adas, gola ribana canelada\u00a0 e dois bot\u00f5es.<\/p>\n<p><strong>Caracter\u00edsticas t\u00e9cnicas:<img data-recalc-dims=\"1\" loading=\"lazy\" decoding=\"async\" class=\"wp-image-963 alignright\" src=\"https:\/\/i0.wp.com\/rmarqcollection.com.br\/wp-content\/uploads\/2022\/01\/foto_ilustrativa1.jpg?resize=299%2C320&#038;ssl=1\" sizes=\"auto, (max-width: 281px) 100vw, 281px\" srcset=\"https:\/\/rmarqcollection.com.br\/wp-content\/uploads\/2022\/01\/foto_ilustrativa1-281x300.jpg 281w, https:\/\/rmarqcollection.com.br\/wp-content\/uploads\/2022\/01\/foto_ilustrativa1-324x346.jpg 324w, https:\/\/rmarqcollection.com.br\/wp-content\/uploads\/2022\/01\/foto_ilustrativa1-416x444.jpg 416w, https:\/\/rmarqcollection.com.br\/wp-content\/uploads\/2022\/01\/foto_ilustrativa1.jpg 609w\" alt=\"\" width=\"299\" height=\"320\" \/><\/strong><br \/>\nConfeccionada\u00a0 \u00a0Pique;<br \/>\n50% Algod\u00e3o e 50% Poli\u00e9ster;<br \/>\nFio 40.1;<br \/>\nGola Ribana canelada<br \/>\nDois Bot\u00f5es<br \/>\nGramatura 170;<br \/>\nCores: Preto e\u00a0 Azul Turquesa<br \/>\nComprimento: Observar indica\u00e7\u00f5es na p\u00e1gina.<br \/>\nLargura: Observar indica\u00e7\u00f5es na p\u00e1gina.<br \/>\nCostura overloque (ponto cadeia)<br \/>\nRefor\u00e7o ombro a ombro<br \/>\nMolde T cl\u00e1ssico<\/p>\n<p><strong>Confira as suas medidas: <\/strong>Importante ficar atento as medidas elas indicar\u00e3o qual a melhor op\u00e7\u00e3o para voc\u00ea.<br \/>\nUtilize uma camiseta que voc\u00ea usa ou que esteja dispon\u00edvel para fazer as suas medidas corretas.<br \/>\nAs fotos s\u00e3o ilustrativas podendo ocorrer pequenas varia\u00e7\u00f5es nas cores por causa da luminosidade.<\/p>\n<p><strong>Cuidados importantes:<\/strong><br \/>\nPara que sua pe\u00e7a tenha durabilidade e seja conservada s\u00e3o necess\u00e1rios alguns cuidados especiais:<br \/>\n<strong>Ao Lavar:<\/strong>\u00a0Procure usar sab\u00e3o neutro e n\u00e3o esfregue com muita for\u00e7a. Enxague corretamente observando se n\u00e3o ficou res\u00edduos de sab\u00e3o ou amaciante, pois podem ajudar na perda de qualidade do tecido.<br \/>\n<strong>Ao Secar:<\/strong>\u00a0Procure colocar a pe\u00e7a para secar na sombra para que n\u00e3o desbote perdendo a qualidade.<br \/>\n<strong>Ao Passar:<\/strong>\u00a0Use temperatura baixa e sem vapor. Temperaturas altas ir\u00e3o danificar sua pe\u00e7a queimando-a.<br \/>\n<strong>Ao Guardar:<\/strong>\u00a0Verificar se a pe\u00e7a est\u00e1 seca e se o local n\u00e3o contenha umidade. Assim, voc\u00ea evita que a pe\u00e7a fique mofada.<\/p>\n<p>Garantia do Fabricante: Contra defeitos de fabrica\u00e7\u00e3o.<br \/>\n<span style=\"color: #0000ff;\"><strong><a style=\"color: #0000ff;\" href=\"https:\/\/rmarqcollection.com.br\/?page_id=238\">Estamos dispon\u00edveis para atender \u00e0s suas d\u00favidas.<\/a><\/strong><\/span><\/p>\n","protected":false},"excerpt":{"rendered":"<h6><a href=\"https:\/\/rmarqcollection.com.br\/?page_id=1849\"><strong>Em 12x confira formas de pagamentos.<\/strong><\/a><\/h6>\n<h6>50% Algod\u00e3o e 50% Poli\u00e9ster.<br \/>\nEleg\u00e2ncia e estilo para voc\u00ea.<\/h6>\n","protected":false},"featured_media":1104,"comment_status":"open","ping_status":"closed","template":"","meta":{"jetpack_publicize_message":"","jetpack_publicize_feature_enabled":true,"jetpack_social_post_already_shared":false,"jetpack_social_options":{"image_generator_settings":{"template":"highway","default_image_id":0,"font":"","enabled":false},"version":2}},"product_brand":[],"product_cat":[140],"product_tag":[391,176,177,178],"class_list":{"0":"post-1102","1":"product","2":"type-product","3":"status-publish","6":"product_cat-camisas-gola-polo","7":"product_tag-camisa-gola-polo","8":"product_tag-camisas","9":"product_tag-camisas-masculinas","10":"product_tag-gola-polo","12":"first","13":"instock","14":"sale","15":"sold-individually","16":"taxable","17":"shipping-taxable","18":"purchasable","19":"product-type-variable"},"aioseo_notices":[],"jetpack_publicize_connections":[],"jetpack-related-posts":[{"id":1022,"url":"https:\/\/rmarqcollection.com.br\/?product=camiseta-estampada-marsala-100-algodao","url_meta":{"origin":1102,"position":0},"title":"Camisetas Masculinas Estampadas 100% Algod\u00e3o","author":"cole\u00e7\u00e3o rmarq","date":"27\/01\/2022","format":false,"excerpt":"Em 12x confira formas de pagamentos. Camisetas 100% algod\u00e3o.","rel":"","context":"Post similar","block_context":{"text":"Post similar","link":""},"img":{"alt_text":"","src":"https:\/\/i0.wp.com\/rmarqcollection.com.br\/wp-content\/uploads\/2022\/01\/camisa-3-cinza-escura-G-Com.70-Lar-52-1-1.png?fit=1025%2C1200&ssl=1&resize=350%2C200","width":350,"height":200,"srcset":"https:\/\/i0.wp.com\/rmarqcollection.com.br\/wp-content\/uploads\/2022\/01\/camisa-3-cinza-escura-G-Com.70-Lar-52-1-1.png?fit=1025%2C1200&ssl=1&resize=350%2C200 1x, https:\/\/i0.wp.com\/rmarqcollection.com.br\/wp-content\/uploads\/2022\/01\/camisa-3-cinza-escura-G-Com.70-Lar-52-1-1.png?fit=1025%2C1200&ssl=1&resize=525%2C300 1.5x, https:\/\/i0.wp.com\/rmarqcollection.com.br\/wp-content\/uploads\/2022\/01\/camisa-3-cinza-escura-G-Com.70-Lar-52-1-1.png?fit=1025%2C1200&ssl=1&resize=700%2C400 2x"},"classes":[]},{"id":1040,"url":"https:\/\/rmarqcollection.com.br\/?product=camisetas-unissex-lisas","url_meta":{"origin":1102,"position":1},"title":"Camisetas Unissex Lisas","author":"cole\u00e7\u00e3o rmarq","date":"31\/01\/2022","format":false,"excerpt":"Em 12x confira formas de pagamentos. Produtos 100% algod\u00e3o alt\u00edssima qualidade.","rel":"","context":"Post similar","block_context":{"text":"Post similar","link":""},"img":{"alt_text":"","src":"https:\/\/i0.wp.com\/rmarqcollection.com.br\/wp-content\/uploads\/2022\/01\/camiseta-unissex-P-M-GG-Azul-Petrolio-1.png?fit=1062%2C1200&ssl=1&resize=350%2C200","width":350,"height":200,"srcset":"https:\/\/i0.wp.com\/rmarqcollection.com.br\/wp-content\/uploads\/2022\/01\/camiseta-unissex-P-M-GG-Azul-Petrolio-1.png?fit=1062%2C1200&ssl=1&resize=350%2C200 1x, https:\/\/i0.wp.com\/rmarqcollection.com.br\/wp-content\/uploads\/2022\/01\/camiseta-unissex-P-M-GG-Azul-Petrolio-1.png?fit=1062%2C1200&ssl=1&resize=525%2C300 1.5x, https:\/\/i0.wp.com\/rmarqcollection.com.br\/wp-content\/uploads\/2022\/01\/camiseta-unissex-P-M-GG-Azul-Petrolio-1.png?fit=1062%2C1200&ssl=1&resize=700%2C400 2x, https:\/\/i0.wp.com\/rmarqcollection.com.br\/wp-content\/uploads\/2022\/01\/camiseta-unissex-P-M-GG-Azul-Petrolio-1.png?fit=1062%2C1200&ssl=1&resize=1050%2C600 3x"},"classes":[]},{"id":992,"url":"https:\/\/rmarqcollection.com.br\/?product=vestido-curto-babado-viscose-lisa-ou-estampada-tamanho-unico-veste-38-40","url_meta":{"origin":1102,"position":2},"title":"Vestido Curto Viscose Lisa ou Estampa Tamanho Veste 38\/40","author":"cole\u00e7\u00e3o rmarq","date":"24\/01\/2022","format":false,"excerpt":"Em 12x confira formas de pagamentos. Leve e confort\u00e1vel.","rel":"","context":"Post similar","block_context":{"text":"Post similar","link":""},"img":{"alt_text":"","src":"https:\/\/i0.wp.com\/rmarqcollection.com.br\/wp-content\/uploads\/2022\/01\/7003-bege-manga-curta-babado-longo-estampa-colorida-38-40-2.png?fit=1037%2C1200&ssl=1&resize=350%2C200","width":350,"height":200,"srcset":"https:\/\/i0.wp.com\/rmarqcollection.com.br\/wp-content\/uploads\/2022\/01\/7003-bege-manga-curta-babado-longo-estampa-colorida-38-40-2.png?fit=1037%2C1200&ssl=1&resize=350%2C200 1x, https:\/\/i0.wp.com\/rmarqcollection.com.br\/wp-content\/uploads\/2022\/01\/7003-bege-manga-curta-babado-longo-estampa-colorida-38-40-2.png?fit=1037%2C1200&ssl=1&resize=525%2C300 1.5x, https:\/\/i0.wp.com\/rmarqcollection.com.br\/wp-content\/uploads\/2022\/01\/7003-bege-manga-curta-babado-longo-estampa-colorida-38-40-2.png?fit=1037%2C1200&ssl=1&resize=700%2C400 2x"},"classes":[]},{"id":259,"url":"https:\/\/rmarqcollection.com.br\/?product=cinto-masculino-40mm-fita-gorgurao-algodao","url_meta":{"origin":1102,"position":3},"title":"Cinto Masculino Gorgur\u00e3o Listra Vermelha RMarq Collection","author":"cole\u00e7\u00e3o rmarq","date":"09\/06\/2021","format":false,"excerpt":"Em 12x confira formas de pagamentos Fivela Ouro Velho (4 cm), ilh\u00f3ses e detalhe em couro.","rel":"","context":"Post similar","block_context":{"text":"Post similar","link":""},"img":{"alt_text":"","src":"https:\/\/i0.wp.com\/rmarqcollection.com.br\/wp-content\/uploads\/2021\/06\/Cinto-listrado-Marrom-vermelho-5-.png?fit=1200%2C1200&ssl=1&resize=350%2C200","width":350,"height":200,"srcset":"https:\/\/i0.wp.com\/rmarqcollection.com.br\/wp-content\/uploads\/2021\/06\/Cinto-listrado-Marrom-vermelho-5-.png?fit=1200%2C1200&ssl=1&resize=350%2C200 1x, https:\/\/i0.wp.com\/rmarqcollection.com.br\/wp-content\/uploads\/2021\/06\/Cinto-listrado-Marrom-vermelho-5-.png?fit=1200%2C1200&ssl=1&resize=525%2C300 1.5x, https:\/\/i0.wp.com\/rmarqcollection.com.br\/wp-content\/uploads\/2021\/06\/Cinto-listrado-Marrom-vermelho-5-.png?fit=1200%2C1200&ssl=1&resize=700%2C400 2x, https:\/\/i0.wp.com\/rmarqcollection.com.br\/wp-content\/uploads\/2021\/06\/Cinto-listrado-Marrom-vermelho-5-.png?fit=1200%2C1200&ssl=1&resize=1050%2C600 3x"},"classes":[]},{"id":305,"url":"https:\/\/rmarqcollection.com.br\/?product=sapato","url_meta":{"origin":1102,"position":4},"title":"Sapato Mocassim Masculino Couro Genu\u00edno Pelica\/Mesti\u00e7o","author":"cole\u00e7\u00e3o rmarq","date":"10\/06\/2021","format":false,"excerpt":"Em 12x confira formas de pagamentos. Frete gr\u00e1tis saiba mais\u2026 Dispon\u00edvel em at\u00e9 6 dias ap\u00f3s compra V\u00eddeo","rel":"","context":"Post similar","block_context":{"text":"Post similar","link":""},"img":{"alt_text":"","src":"https:\/\/i0.wp.com\/rmarqcollection.com.br\/wp-content\/uploads\/2021\/06\/Apresentacao1-1.png?fit=1200%2C1200&ssl=1&resize=350%2C200","width":350,"height":200,"srcset":"https:\/\/i0.wp.com\/rmarqcollection.com.br\/wp-content\/uploads\/2021\/06\/Apresentacao1-1.png?fit=1200%2C1200&ssl=1&resize=350%2C200 1x, https:\/\/i0.wp.com\/rmarqcollection.com.br\/wp-content\/uploads\/2021\/06\/Apresentacao1-1.png?fit=1200%2C1200&ssl=1&resize=525%2C300 1.5x, https:\/\/i0.wp.com\/rmarqcollection.com.br\/wp-content\/uploads\/2021\/06\/Apresentacao1-1.png?fit=1200%2C1200&ssl=1&resize=700%2C400 2x, https:\/\/i0.wp.com\/rmarqcollection.com.br\/wp-content\/uploads\/2021\/06\/Apresentacao1-1.png?fit=1200%2C1200&ssl=1&resize=1050%2C600 3x"},"classes":[]},{"id":2873,"url":"https:\/\/rmarqcollection.com.br\/?product=cinto-masculino-jeans-escuro-fivela-e-parafuso-largura-4-cm","url_meta":{"origin":1102,"position":5},"title":"Cinto Masculino Tecido Jeans Largura (4 cm) RMarq Collection","author":"cole\u00e7\u00e3o rmarq","date":"09\/09\/2022","format":false,"excerpt":"Em 12x confira formas de pagamentos Frete gr\u00e1tis saiba mais\u2026 Azul marinho liso\/ listrado, detalhes couro, largura (4 cm), presilha e parafuso. V\u00eddeo","rel":"","context":"Post similar","block_context":{"text":"Post similar","link":""},"img":{"alt_text":"","src":"https:\/\/i0.wp.com\/rmarqcollection.com.br\/wp-content\/uploads\/2022\/09\/os-tres.jpg?fit=1197%2C1200&ssl=1&resize=350%2C200","width":350,"height":200,"srcset":"https:\/\/i0.wp.com\/rmarqcollection.com.br\/wp-content\/uploads\/2022\/09\/os-tres.jpg?fit=1197%2C1200&ssl=1&resize=350%2C200 1x, https:\/\/i0.wp.com\/rmarqcollection.com.br\/wp-content\/uploads\/2022\/09\/os-tres.jpg?fit=1197%2C1200&ssl=1&resize=525%2C300 1.5x, https:\/\/i0.wp.com\/rmarqcollection.com.br\/wp-content\/uploads\/2022\/09\/os-tres.jpg?fit=1197%2C1200&ssl=1&resize=700%2C400 2x, https:\/\/i0.wp.com\/rmarqcollection.com.br\/wp-content\/uploads\/2022\/09\/os-tres.jpg?fit=1197%2C1200&ssl=1&resize=1050%2C600 3x"},"classes":[]}],"jetpack_likes_enabled":true,"jetpack_sharing_enabled":true,"_links":{"self":[{"href":"https:\/\/rmarqcollection.com.br\/index.php?rest_route=\/wp\/v2\/product\/1102","targetHints":{"allow":["GET"]}}],"collection":[{"href":"https:\/\/rmarqcollection.com.br\/index.php?rest_route=\/wp\/v2\/product"}],"about":[{"href":"https:\/\/rmarqcollection.com.br\/index.php?rest_route=\/wp\/v2\/types\/product"}],"replies":[{"embeddable":true,"href":"https:\/\/rmarqcollection.com.br\/index.php?rest_route=%2Fwp%2Fv2%2Fcomments&post=1102"}],"wp:featuredmedia":[{"embeddable":true,"href":"https:\/\/rmarqcollection.com.br\/index.php?rest_route=\/wp\/v2\/media\/1104"}],"wp:attachment":[{"href":"https:\/\/rmarqcollection.com.br\/index.php?rest_route=%2Fwp%2Fv2%2Fmedia&parent=1102"}],"wp:term":[{"taxonomy":"product_brand","embeddable":true,"href":"https:\/\/rmarqcollection.com.br\/index.php?rest_route=%2Fwp%2Fv2%2Fproduct_brand&post=1102"},{"taxonomy":"product_cat","embeddable":true,"href":"https:\/\/rmarqcollection.com.br\/index.php?rest_route=%2Fwp%2Fv2%2Fproduct_cat&post=1102"},{"taxonomy":"product_tag","embeddable":true,"href":"https:\/\/rmarqcollection.com.br\/index.php?rest_route=%2Fwp%2Fv2%2Fproduct_tag&post=1102"}],"curies":[{"name":"wp","href":"https:\/\/api.w.org\/{rel}","templated":true}]}}