{"id":1189,"date":"2022-02-07T15:21:41","date_gmt":"2022-02-07T18:21:41","guid":{"rendered":"https:\/\/rmarqcollection.com.br\/?post_type=product&#038;p=1189"},"modified":"2026-01-09T15:27:12","modified_gmt":"2026-01-09T18:27:12","slug":"bolsa-tecido-impermeavel-alca-ombro-praia-clube-diversas-ocasioes","status":"publish","type":"product","link":"https:\/\/rmarqcollection.com.br\/?product=bolsa-tecido-impermeavel-alca-ombro-praia-clube-diversas-ocasioes","title":{"rendered":"Bolsa Feminina Imperme\u00e1vel Listrada Ombro RMarq Collection"},"content":{"rendered":"<p>Bem-vindo (a) a nossa loja! Queremos proporcionar a voc\u00ea o que h\u00e1 de melhor. Todos os nossos produtos s\u00e3o confeccionados visando a qualidade e o conforto sempre com o objetivo de satisfazer voc\u00ea.<br \/>\nA RMarq Collection produz e comercializa este produto visando sempre a melhor qualidade, beleza e o estilo.<\/p>\n<p>Bolsa de ombro feminina, feita de tecido imperme\u00e1vel, colorida com listras mescladas. Forrada internamente com Nylon 70 resinado. Al\u00e7as de polipropileno na cor preto com (35 cm) de altura. Fecho de z\u00edper na cor preto. Bolso embutido e fecho com z\u00edper .<\/p>\n<p>Uma \u00f3tima op\u00e7\u00e3o para os seus momentos de lazer, pois por ser imperme\u00e1vel resiste aos respingos de \u00e1gua e \u00e0 umidade externa, evitando molhar os seus objetos internamente.<br \/>\nIdeal para uso em Clube, Praia e em diversos ambientes. <a href=\"https:\/\/youtube.com\/shorts\/_wqpAFdj3vw?feature=share\"><strong><span style=\"color: #3366ff;\">V\u00eddeo<\/span><\/strong><\/a><\/p>\n<p><strong>Informa\u00e7\u00f5es t\u00e9cnicas:<\/strong><br \/>\nModelo: Bolsa de ombro feminina<img data-recalc-dims=\"1\" loading=\"lazy\" decoding=\"async\" class=\" wp-image-5638 alignright\" src=\"https:\/\/i0.wp.com\/rmarqcollection.com.br\/wp-content\/uploads\/2022\/02\/medidas-3-1.jpg?resize=265%2C285&#038;ssl=1\" alt=\"\" width=\"265\" height=\"285\" srcset=\"https:\/\/i0.wp.com\/rmarqcollection.com.br\/wp-content\/uploads\/2022\/02\/medidas-3-1.jpg?resize=279%2C300&amp;ssl=1 279w, https:\/\/i0.wp.com\/rmarqcollection.com.br\/wp-content\/uploads\/2022\/02\/medidas-3-1.jpg?resize=600%2C645&amp;ssl=1 600w, https:\/\/i0.wp.com\/rmarqcollection.com.br\/wp-content\/uploads\/2022\/02\/medidas-3-1.jpg?resize=953%2C1024&amp;ssl=1 953w, https:\/\/i0.wp.com\/rmarqcollection.com.br\/wp-content\/uploads\/2022\/02\/medidas-3-1.jpg?resize=768%2C825&amp;ssl=1 768w, https:\/\/i0.wp.com\/rmarqcollection.com.br\/wp-content\/uploads\/2022\/02\/medidas-3-1.jpg?w=1117&amp;ssl=1 1117w\" sizes=\"auto, (max-width: 265px) 100vw, 265px\" \/><br \/>\nMaterial: Tecido Imperme\u00e1vel<br \/>\nCor: Listras mescladas<br \/>\nForro: Nylon resinado<br \/>\nPeso: 130 g<br \/>\nLargura abertura: 45 cm<br \/>\nComprimento \/ Altura: 33 cm<br \/>\nLargura fundo: 10 cm<br \/>\nAbertura e fechamento: Z\u00edper<br \/>\nAl\u00e7a: (35 cm altura\u00a0 e 3 cm largura)<br \/>\nRecomendamos M\u00e1ximo (4,5 kg)<br \/>\nBolso: externo com z\u00edper<\/p>\n<p>Cuide bem do seu produto para que tenha uma boa durabilidade.<br \/>\nProduzido e comercializado por RMarq Collection.<\/p>\n<p>Garantia do Fabricante: Contra defeitos de fabrica\u00e7\u00e3o: 30 dias.<br \/>\n<span style=\"color: #0000ff;\"><strong><a style=\"color: #0000ff;\" href=\"https:\/\/rmarqcollection.com.br\/?page_id=238\">Estamos a disposi\u00e7\u00e3o para atender \u00e0s suas d\u00favidas.<\/a><\/strong><\/span><\/p>\n","protected":false},"excerpt":{"rendered":"<h6><a href=\"https:\/\/rmarqcollection.com.br\/?page_id=1849\"><strong>Em 12x confira formas de pagamentos.<\/strong><\/a><\/h6>\n<\/h6>\n<h6>Resistente a respingos de \u00e1gua. Praia, clube e diversos momentos.<br \/>\n<a href=\"https:\/\/rmarqcollection.com.br\/?p=2145\"><span style=\"color: #3366ff;\">V\u00eddeo<\/span><\/a><\/h6>\n","protected":false},"featured_media":5633,"comment_status":"open","ping_status":"closed","template":"","meta":{"jetpack_publicize_message":"","jetpack_publicize_feature_enabled":true,"jetpack_social_post_already_shared":false,"jetpack_social_options":{"image_generator_settings":{"template":"highway","default_image_id":0,"font":"","enabled":false},"version":2}},"product_brand":[509],"product_cat":[376,31],"product_tag":[168,169,170,479,378,377,369,368],"class_list":{"0":"post-1189","1":"product","2":"type-product","3":"status-publish","6":"product_brand-rmarq-collection","7":"product_cat-bolsas-femininas","8":"product_cat-bolsa-impermeavel","9":"product_tag-bolsa","10":"product_tag-bolsa-feminina","11":"product_tag-bolsa-impermeavel","12":"product_tag-bolsa-listrada","13":"product_tag-bolsa-ombro","14":"product_tag-bolsa-praia-clube","15":"product_tag-bolsa-tecido","16":"product_tag-bolsas","18":"first","19":"instock","20":"sale","21":"taxable","22":"shipping-taxable","23":"purchasable","24":"product-type-simple"},"aioseo_notices":[],"jetpack_publicize_connections":[],"jetpack-related-posts":[{"id":251,"url":"https:\/\/rmarqcollection.com.br\/?product=bolsa-praia-clube-impermeavel","url_meta":{"origin":1189,"position":0},"title":"Bolsa Feminina Imperme\u00e1vel Folhas e Flores RMarq Collection","author":"cole\u00e7\u00e3o rmarq","date":"09\/06\/2021","format":false,"excerpt":"Em 12x confira formas de pagamentos Tecido imperme\u00e1vel, al\u00e7a ombro e fecho z\u00edper. Moda praia clube. V\u00eddeo","rel":"","context":"Post similar","block_context":{"text":"Post similar","link":""},"img":{"alt_text":"","src":"https:\/\/i0.wp.com\/rmarqcollection.com.br\/wp-content\/uploads\/2021\/06\/Bolsa-bege-flores-impermeavel-2.jpg?fit=1200%2C1200&ssl=1&resize=350%2C200","width":350,"height":200,"srcset":"https:\/\/i0.wp.com\/rmarqcollection.com.br\/wp-content\/uploads\/2021\/06\/Bolsa-bege-flores-impermeavel-2.jpg?fit=1200%2C1200&ssl=1&resize=350%2C200 1x, https:\/\/i0.wp.com\/rmarqcollection.com.br\/wp-content\/uploads\/2021\/06\/Bolsa-bege-flores-impermeavel-2.jpg?fit=1200%2C1200&ssl=1&resize=525%2C300 1.5x, https:\/\/i0.wp.com\/rmarqcollection.com.br\/wp-content\/uploads\/2021\/06\/Bolsa-bege-flores-impermeavel-2.jpg?fit=1200%2C1200&ssl=1&resize=700%2C400 2x, https:\/\/i0.wp.com\/rmarqcollection.com.br\/wp-content\/uploads\/2021\/06\/Bolsa-bege-flores-impermeavel-2.jpg?fit=1200%2C1200&ssl=1&resize=1050%2C600 3x"},"classes":[]},{"id":4975,"url":"https:\/\/rmarqcollection.com.br\/?product=bolsa-impermeavel-ombro-rmarqcollection-cor-linho-preto-moda-praia-clube","url_meta":{"origin":1189,"position":1},"title":"Bolsa Feminina Imperme\u00e1vel Preta RMarq Collection Praia Clube","author":"cole\u00e7\u00e3o rmarq","date":"19\/02\/2024","format":false,"excerpt":"Em 12x confira formas de pagamentos Tecido imperme\u00e1vel, al\u00e7a ombro e\u00a0 fecho z\u00edper. Moda praia clube. V\u00eddeo","rel":"","context":"Post similar","block_context":{"text":"Post similar","link":""},"img":{"alt_text":"","src":"https:\/\/i0.wp.com\/rmarqcollection.com.br\/wp-content\/uploads\/2024\/02\/bolsa-linho-preto-1.png?fit=1200%2C1200&ssl=1&resize=350%2C200","width":350,"height":200,"srcset":"https:\/\/i0.wp.com\/rmarqcollection.com.br\/wp-content\/uploads\/2024\/02\/bolsa-linho-preto-1.png?fit=1200%2C1200&ssl=1&resize=350%2C200 1x, https:\/\/i0.wp.com\/rmarqcollection.com.br\/wp-content\/uploads\/2024\/02\/bolsa-linho-preto-1.png?fit=1200%2C1200&ssl=1&resize=525%2C300 1.5x, https:\/\/i0.wp.com\/rmarqcollection.com.br\/wp-content\/uploads\/2024\/02\/bolsa-linho-preto-1.png?fit=1200%2C1200&ssl=1&resize=700%2C400 2x, https:\/\/i0.wp.com\/rmarqcollection.com.br\/wp-content\/uploads\/2024\/02\/bolsa-linho-preto-1.png?fit=1200%2C1200&ssl=1&resize=1050%2C600 3x"},"classes":[]},{"id":1214,"url":"https:\/\/rmarqcollection.com.br\/?product=bolsa-feminina-ombro-material-sintetico-preto-detalhe-couro-vermelho","url_meta":{"origin":1189,"position":2},"title":"Bolsa Feminina Couro Sint\u00e9tico Preto Ombro RMarq Collection","author":"cole\u00e7\u00e3o rmarq","date":"28\/03\/2022","format":false,"excerpt":"Em 12x confira formas de pagamentos. Al\u00e7as cor preto e detalhe vermelho, metal, rebite n\u00edquel, fecho z\u00edper e bolsos. V\u00eddeo","rel":"","context":"Post similar","block_context":{"text":"Post similar","link":""},"img":{"alt_text":"","src":"https:\/\/i0.wp.com\/rmarqcollection.com.br\/wp-content\/uploads\/2022\/03\/Bolsa-Preta-Sintetica-1.png?fit=1200%2C1200&ssl=1&resize=350%2C200","width":350,"height":200,"srcset":"https:\/\/i0.wp.com\/rmarqcollection.com.br\/wp-content\/uploads\/2022\/03\/Bolsa-Preta-Sintetica-1.png?fit=1200%2C1200&ssl=1&resize=350%2C200 1x, https:\/\/i0.wp.com\/rmarqcollection.com.br\/wp-content\/uploads\/2022\/03\/Bolsa-Preta-Sintetica-1.png?fit=1200%2C1200&ssl=1&resize=525%2C300 1.5x, https:\/\/i0.wp.com\/rmarqcollection.com.br\/wp-content\/uploads\/2022\/03\/Bolsa-Preta-Sintetica-1.png?fit=1200%2C1200&ssl=1&resize=700%2C400 2x, https:\/\/i0.wp.com\/rmarqcollection.com.br\/wp-content\/uploads\/2022\/03\/Bolsa-Preta-Sintetica-1.png?fit=1200%2C1200&ssl=1&resize=1050%2C600 3x"},"classes":[]},{"id":3100,"url":"https:\/\/rmarqcollection.com.br\/?product=bolsa-feminina-tecido-impermeavel-praia-clube-alca-ombro-estampa-folhas","url_meta":{"origin":1189,"position":3},"title":"Bolsa Feminina Imperme\u00e1vel Estampa Azul Folhas RMarq Collection","author":"cole\u00e7\u00e3o rmarq","date":"23\/09\/2022","format":false,"excerpt":"Em 12x confira formas de pagamentos. Tecido imperme\u00e1vel, al\u00e7a ombro e fecho z\u00edper. Moda praia clube. V\u00eddeo","rel":"","context":"Post similar","block_context":{"text":"Post similar","link":""},"img":{"alt_text":"","src":"https:\/\/i0.wp.com\/rmarqcollection.com.br\/wp-content\/uploads\/2022\/09\/bolsa-impermeavel-azul-piscina-1.png?fit=1200%2C1200&ssl=1&resize=350%2C200","width":350,"height":200,"srcset":"https:\/\/i0.wp.com\/rmarqcollection.com.br\/wp-content\/uploads\/2022\/09\/bolsa-impermeavel-azul-piscina-1.png?fit=1200%2C1200&ssl=1&resize=350%2C200 1x, https:\/\/i0.wp.com\/rmarqcollection.com.br\/wp-content\/uploads\/2022\/09\/bolsa-impermeavel-azul-piscina-1.png?fit=1200%2C1200&ssl=1&resize=525%2C300 1.5x, https:\/\/i0.wp.com\/rmarqcollection.com.br\/wp-content\/uploads\/2022\/09\/bolsa-impermeavel-azul-piscina-1.png?fit=1200%2C1200&ssl=1&resize=700%2C400 2x, https:\/\/i0.wp.com\/rmarqcollection.com.br\/wp-content\/uploads\/2022\/09\/bolsa-impermeavel-azul-piscina-1.png?fit=1200%2C1200&ssl=1&resize=1050%2C600 3x"},"classes":[]},{"id":4983,"url":"https:\/\/rmarqcollection.com.br\/?product=bolsa-tecido-impermeavel-ombro-falso-liso-cor-marfim-rmarqcollection-moda-praia-clube","url_meta":{"origin":1189,"position":4},"title":"Bolsa Feminina Imperme\u00e1vel Marfim RMarq Collection Praia Clube","author":"cole\u00e7\u00e3o rmarq","date":"19\/02\/2024","format":false,"excerpt":"Em 12x confira formas de pagamentos Tecido imperme\u00e1vel, al\u00e7a ombro e fecho z\u00edper. Moda praia clube. V\u00eddeo","rel":"","context":"Post similar","block_context":{"text":"Post similar","link":""},"img":{"alt_text":"","src":"https:\/\/i0.wp.com\/rmarqcollection.com.br\/wp-content\/uploads\/2024\/02\/bolsa-falso-liso-marfim-1.png?fit=1200%2C1200&ssl=1&resize=350%2C200","width":350,"height":200,"srcset":"https:\/\/i0.wp.com\/rmarqcollection.com.br\/wp-content\/uploads\/2024\/02\/bolsa-falso-liso-marfim-1.png?fit=1200%2C1200&ssl=1&resize=350%2C200 1x, https:\/\/i0.wp.com\/rmarqcollection.com.br\/wp-content\/uploads\/2024\/02\/bolsa-falso-liso-marfim-1.png?fit=1200%2C1200&ssl=1&resize=525%2C300 1.5x, https:\/\/i0.wp.com\/rmarqcollection.com.br\/wp-content\/uploads\/2024\/02\/bolsa-falso-liso-marfim-1.png?fit=1200%2C1200&ssl=1&resize=700%2C400 2x, https:\/\/i0.wp.com\/rmarqcollection.com.br\/wp-content\/uploads\/2024\/02\/bolsa-falso-liso-marfim-1.png?fit=1200%2C1200&ssl=1&resize=1050%2C600 3x"},"classes":[]},{"id":4991,"url":"https:\/\/rmarqcollection.com.br\/?product=bolsa-tecido-impermeavel-ombro-rmarqcollection-estampa-coqueiros-cru-moda-praia-clube","url_meta":{"origin":1189,"position":5},"title":"Bolsa Feminina Imperme\u00e1vel Estampa Coqueiros RMarq Collection","author":"cole\u00e7\u00e3o rmarq","date":"19\/02\/2024","format":false,"excerpt":"Em 12x confira formas de pagamentos Tecido imperme\u00e1vel, al\u00e7a ombro e fecho z\u00edper. Moda praia clube. V\u00eddeo","rel":"","context":"Post similar","block_context":{"text":"Post similar","link":""},"img":{"alt_text":"","src":"https:\/\/i0.wp.com\/rmarqcollection.com.br\/wp-content\/uploads\/2024\/02\/bolsa-coqueiro-cru-1.png?fit=1197%2C1200&ssl=1&resize=350%2C200","width":350,"height":200,"srcset":"https:\/\/i0.wp.com\/rmarqcollection.com.br\/wp-content\/uploads\/2024\/02\/bolsa-coqueiro-cru-1.png?fit=1197%2C1200&ssl=1&resize=350%2C200 1x, https:\/\/i0.wp.com\/rmarqcollection.com.br\/wp-content\/uploads\/2024\/02\/bolsa-coqueiro-cru-1.png?fit=1197%2C1200&ssl=1&resize=525%2C300 1.5x, https:\/\/i0.wp.com\/rmarqcollection.com.br\/wp-content\/uploads\/2024\/02\/bolsa-coqueiro-cru-1.png?fit=1197%2C1200&ssl=1&resize=700%2C400 2x, https:\/\/i0.wp.com\/rmarqcollection.com.br\/wp-content\/uploads\/2024\/02\/bolsa-coqueiro-cru-1.png?fit=1197%2C1200&ssl=1&resize=1050%2C600 3x"},"classes":[]}],"jetpack_likes_enabled":true,"jetpack_sharing_enabled":true,"_links":{"self":[{"href":"https:\/\/rmarqcollection.com.br\/index.php?rest_route=\/wp\/v2\/product\/1189","targetHints":{"allow":["GET"]}}],"collection":[{"href":"https:\/\/rmarqcollection.com.br\/index.php?rest_route=\/wp\/v2\/product"}],"about":[{"href":"https:\/\/rmarqcollection.com.br\/index.php?rest_route=\/wp\/v2\/types\/product"}],"replies":[{"embeddable":true,"href":"https:\/\/rmarqcollection.com.br\/index.php?rest_route=%2Fwp%2Fv2%2Fcomments&post=1189"}],"wp:featuredmedia":[{"embeddable":true,"href":"https:\/\/rmarqcollection.com.br\/index.php?rest_route=\/wp\/v2\/media\/5633"}],"wp:attachment":[{"href":"https:\/\/rmarqcollection.com.br\/index.php?rest_route=%2Fwp%2Fv2%2Fmedia&parent=1189"}],"wp:term":[{"taxonomy":"product_brand","embeddable":true,"href":"https:\/\/rmarqcollection.com.br\/index.php?rest_route=%2Fwp%2Fv2%2Fproduct_brand&post=1189"},{"taxonomy":"product_cat","embeddable":true,"href":"https:\/\/rmarqcollection.com.br\/index.php?rest_route=%2Fwp%2Fv2%2Fproduct_cat&post=1189"},{"taxonomy":"product_tag","embeddable":true,"href":"https:\/\/rmarqcollection.com.br\/index.php?rest_route=%2Fwp%2Fv2%2Fproduct_tag&post=1189"}],"curies":[{"name":"wp","href":"https:\/\/api.w.org\/{rel}","templated":true}]}}