{"id":1214,"date":"2022-03-28T11:52:58","date_gmt":"2022-03-28T14:52:58","guid":{"rendered":"https:\/\/rmarqcollection.com.br\/?post_type=product&#038;p=1214"},"modified":"2026-01-09T15:25:10","modified_gmt":"2026-01-09T18:25:10","slug":"bolsa-feminina-ombro-material-sintetico-preto-detalhe-couro-vermelho","status":"publish","type":"product","link":"https:\/\/rmarqcollection.com.br\/?product=bolsa-feminina-ombro-material-sintetico-preto-detalhe-couro-vermelho","title":{"rendered":"Bolsa Feminina Couro Sint\u00e9tico Preto Ombro RMarq Collection"},"content":{"rendered":"<p>Bem-vindo (a) a nossa loja! Queremos proporcionar a voc\u00ea o que h\u00e1 de melhor. Todos os nossos produtos s\u00e3o confeccionados visando a qualidade e o conforto sempre com o objetivo de satisfazer voc\u00ea.<br \/>\nA RMarq Collection produz e comercializa este produto visando sempre a melhor qualidade, beleza e o estilo.<\/p>\n<p>Bolsa de ombro feminina, feita de couro sint\u00e9tico com detalhe em couro genu\u00edno vermelho. Forrada internamente forro imperme\u00e1vel Nylon 70 resinado. Duas al\u00e7as na cor preto e detalhe vermelho e rebite n\u00edquel. Medidas da Al\u00e7a 33 cm. Fecho de z\u00edper na cor preto e cursor n\u00edquel. Bolso externo e fecho com z\u00edper. Bolso interno simples.<br \/>\nUma \u00f3tima op\u00e7\u00e3o para os seus momentos de passeios e encontros sociais. Guarde seus objetos e tenha uma bolsa estilosa para o dia a dia.<br \/>\nIdeal para uso em\u00a0 diversos ambientes.<a href=\"https:\/\/youtube.com\/shorts\/7YYhQLrBUi8?si=9LMda15NIsQIqWrP\"><span style=\"color: #3366ff;\">V\u00eddeo<\/span><\/a><\/p>\n<p><strong>Informa\u00e7\u00f5es t\u00e9cnicas:<\/strong><br \/>\nModelo: Bolsa de ombro feminina<br \/>\nMaterial: Couro sint\u00e9tico<br \/>\nCor: Preto<br \/>\nDetalhe vermelho (couro genu\u00edno)<img data-recalc-dims=\"1\" loading=\"lazy\" decoding=\"async\" class=\" wp-image-5054 alignright\" src=\"https:\/\/i0.wp.com\/rmarqcollection.com.br\/wp-content\/uploads\/2022\/03\/Bolsa-Preta-Sintetica-5.jpg?resize=278%2C290&#038;ssl=1\" alt=\"\" width=\"278\" height=\"290\" srcset=\"https:\/\/i0.wp.com\/rmarqcollection.com.br\/wp-content\/uploads\/2022\/03\/Bolsa-Preta-Sintetica-5.jpg?resize=288%2C300&amp;ssl=1 288w, https:\/\/i0.wp.com\/rmarqcollection.com.br\/wp-content\/uploads\/2022\/03\/Bolsa-Preta-Sintetica-5.jpg?resize=600%2C625&amp;ssl=1 600w, https:\/\/i0.wp.com\/rmarqcollection.com.br\/wp-content\/uploads\/2022\/03\/Bolsa-Preta-Sintetica-5.jpg?resize=983%2C1024&amp;ssl=1 983w, https:\/\/i0.wp.com\/rmarqcollection.com.br\/wp-content\/uploads\/2022\/03\/Bolsa-Preta-Sintetica-5.jpg?resize=768%2C800&amp;ssl=1 768w, https:\/\/i0.wp.com\/rmarqcollection.com.br\/wp-content\/uploads\/2022\/03\/Bolsa-Preta-Sintetica-5.jpg?w=1440&amp;ssl=1 1440w, https:\/\/i0.wp.com\/rmarqcollection.com.br\/wp-content\/uploads\/2022\/03\/Bolsa-Preta-Sintetica-5.jpg?w=1280&amp;ssl=1 1280w\" sizes=\"auto, (max-width: 278px) 100vw, 278px\" \/><br \/>\nForro: Nylon 70 resinado<br \/>\nPeso: 150 g<br \/>\nLargura abertura : 42 cm<br \/>\nComprimento \/ Altura: 28 cm<br \/>\nLargura fundo: 12 cm<br \/>\nAbertura e fechamento: Z\u00edper preto<br \/>\nAl\u00e7a: 33 cm altura\u00a0 e 2 cm largura<br \/>\nRecomendamos M\u00e1ximo 4,5 kg<br \/>\nBolso: externo com z\u00edper<br \/>\nBolso: interno simples<\/p>\n<p>Cuide bem do seu produto para que tenha uma boa durabilidade.<\/p>\n<p>Produzido e comercializado por RMarq Collection.<\/p>\n<p>Garantia do Fabricante: Contra defeitos de fabrica\u00e7\u00e3o; 30 dias.<br \/>\n<span style=\"color: #0000ff;\"><strong><a style=\"color: #0000ff;\" href=\"https:\/\/rmarqcollection.com.br\/?page_id=238\">Estamos a disposi\u00e7\u00e3o para atender \u00e0s suas d\u00favidas.<\/a><\/strong><\/span><\/p>\n","protected":false},"excerpt":{"rendered":"<h6><a href=\"https:\/\/rmarqcollection.com.br\/?page_id=1849\"><strong><span style=\"color: #0000ff;\">Em 12x confira formas de pagamentos.<\/span><\/strong><\/a><\/h6>\n<\/h6>\n<h6>Al\u00e7as cor preto e detalhe vermelho, metal, rebite n\u00edquel, fecho z\u00edper e bolsos.<br \/>\n<a href=\"https:\/\/rmarqcollection.com.br\/?p=5433\"><span style=\"color: #3366ff;\">V\u00eddeo<\/span><\/a><\/h6>\n","protected":false},"featured_media":5049,"comment_status":"open","ping_status":"closed","template":"","meta":{"jetpack_publicize_message":"","jetpack_publicize_feature_enabled":true,"jetpack_social_post_already_shared":false,"jetpack_social_options":{"image_generator_settings":{"template":"highway","default_image_id":0,"font":"","enabled":false},"version":2}},"product_brand":[509],"product_cat":[153,376],"product_tag":[168,602,169,378,389,387,368],"class_list":{"0":"post-1214","1":"product","2":"type-product","3":"status-publish","6":"product_brand-rmarq-collection","7":"product_cat-bolsas-couro-sintetico","8":"product_cat-bolsas-femininas","9":"product_tag-bolsa","10":"product_tag-bolsa-couro-sintetico","11":"product_tag-bolsa-feminina","12":"product_tag-bolsa-ombro","13":"product_tag-bolsa-preta","14":"product_tag-bolsa-sintetica","15":"product_tag-bolsas","17":"first","18":"instock","19":"sale","20":"taxable","21":"shipping-taxable","22":"purchasable","23":"product-type-simple"},"aioseo_notices":[],"jetpack_publicize_connections":[],"jetpack-related-posts":[{"id":1242,"url":"https:\/\/rmarqcollection.com.br\/?product=bolsa-feminina-ombro-sintetico-caramelo","url_meta":{"origin":1214,"position":0},"title":"Bolsa Feminina Couro Sint\u00e9tico Caramelo Ombro RMarq Collection","author":"cole\u00e7\u00e3o rmarq","date":"10\/04\/2022","format":false,"excerpt":"Em 12x confira formas de pagamentos Al\u00e7a remov\u00edvel, fecho z\u00edper, metais dourados e bolsos. V\u00eddeo\u00a0","rel":"","context":"Post similar","block_context":{"text":"Post similar","link":""},"img":{"alt_text":"","src":"https:\/\/i0.wp.com\/rmarqcollection.com.br\/wp-content\/uploads\/2022\/04\/bolsa-Caramelo-10.jpg?fit=1200%2C1199&ssl=1&resize=350%2C200","width":350,"height":200,"srcset":"https:\/\/i0.wp.com\/rmarqcollection.com.br\/wp-content\/uploads\/2022\/04\/bolsa-Caramelo-10.jpg?fit=1200%2C1199&ssl=1&resize=350%2C200 1x, https:\/\/i0.wp.com\/rmarqcollection.com.br\/wp-content\/uploads\/2022\/04\/bolsa-Caramelo-10.jpg?fit=1200%2C1199&ssl=1&resize=525%2C300 1.5x, https:\/\/i0.wp.com\/rmarqcollection.com.br\/wp-content\/uploads\/2022\/04\/bolsa-Caramelo-10.jpg?fit=1200%2C1199&ssl=1&resize=700%2C400 2x, https:\/\/i0.wp.com\/rmarqcollection.com.br\/wp-content\/uploads\/2022\/04\/bolsa-Caramelo-10.jpg?fit=1200%2C1199&ssl=1&resize=1050%2C600 3x"},"classes":[]},{"id":6438,"url":"https:\/\/rmarqcollection.com.br\/?product=bolsa-feminina-mao-ombro-e-tiracolo-couro-rmarq-collection","url_meta":{"origin":1214,"position":1},"title":"Bolsa Feminina M\u00e3o Ombro Tiracolo Couro Genu\u00edno RMarq Collection","author":"cole\u00e7\u00e3o rmarq","date":"22\/06\/2025","format":false,"excerpt":"V\u00eddeo Em 12x confira formas de pagamentos Frete gr\u00e1tis saiba mais\u2026","rel":"","context":"Post similar","block_context":{"text":"Post similar","link":""},"img":{"alt_text":"","src":"https:\/\/i0.wp.com\/rmarqcollection.com.br\/wp-content\/uploads\/2025\/06\/Bolsa-Feminina-Couro-Camel-RMarq-3-1-1.png?fit=1200%2C1200&ssl=1&resize=350%2C200","width":350,"height":200,"srcset":"https:\/\/i0.wp.com\/rmarqcollection.com.br\/wp-content\/uploads\/2025\/06\/Bolsa-Feminina-Couro-Camel-RMarq-3-1-1.png?fit=1200%2C1200&ssl=1&resize=350%2C200 1x, https:\/\/i0.wp.com\/rmarqcollection.com.br\/wp-content\/uploads\/2025\/06\/Bolsa-Feminina-Couro-Camel-RMarq-3-1-1.png?fit=1200%2C1200&ssl=1&resize=525%2C300 1.5x, https:\/\/i0.wp.com\/rmarqcollection.com.br\/wp-content\/uploads\/2025\/06\/Bolsa-Feminina-Couro-Camel-RMarq-3-1-1.png?fit=1200%2C1200&ssl=1&resize=700%2C400 2x, https:\/\/i0.wp.com\/rmarqcollection.com.br\/wp-content\/uploads\/2025\/06\/Bolsa-Feminina-Couro-Camel-RMarq-3-1-1.png?fit=1200%2C1200&ssl=1&resize=1050%2C600 3x"},"classes":[]},{"id":2604,"url":"https:\/\/rmarqcollection.com.br\/?product=bolsa-feminina-media-couro-legitimo-alca-transversal","url_meta":{"origin":1214,"position":2},"title":"Bolsa Feminina Couro Genu\u00edno Ombro Transversal RMarq Collection","author":"cole\u00e7\u00e3o rmarq","date":"29\/08\/2022","format":false,"excerpt":"Em 12x confira formas de pagamentos Frete gr\u00e1tis saiba mais\u2026 Couro genu\u00edno, franja, costuras fantasia, enfeite, metal e z\u00edper.","rel":"","context":"Post similar","block_context":{"text":"Post similar","link":""},"img":{"alt_text":"","src":"https:\/\/i0.wp.com\/rmarqcollection.com.br\/wp-content\/uploads\/2022\/08\/Bolsa-bege-sintilante-5.png?fit=1200%2C1200&ssl=1&resize=350%2C200","width":350,"height":200,"srcset":"https:\/\/i0.wp.com\/rmarqcollection.com.br\/wp-content\/uploads\/2022\/08\/Bolsa-bege-sintilante-5.png?fit=1200%2C1200&ssl=1&resize=350%2C200 1x, https:\/\/i0.wp.com\/rmarqcollection.com.br\/wp-content\/uploads\/2022\/08\/Bolsa-bege-sintilante-5.png?fit=1200%2C1200&ssl=1&resize=525%2C300 1.5x, https:\/\/i0.wp.com\/rmarqcollection.com.br\/wp-content\/uploads\/2022\/08\/Bolsa-bege-sintilante-5.png?fit=1200%2C1200&ssl=1&resize=700%2C400 2x, https:\/\/i0.wp.com\/rmarqcollection.com.br\/wp-content\/uploads\/2022\/08\/Bolsa-bege-sintilante-5.png?fit=1200%2C1200&ssl=1&resize=1050%2C600 3x"},"classes":[]},{"id":6411,"url":"https:\/\/rmarqcollection.com.br\/?product=bolsa-feminina-mao-e-ombro-couro-rmarq-collection","url_meta":{"origin":1214,"position":3},"title":"Bolsa Feminina M\u00e3o e Ombro Couro Genu\u00edno RMarq Collection","author":"cole\u00e7\u00e3o rmarq","date":"12\/06\/2025","format":false,"excerpt":"V\u00eddeo Em 12x confira formas de pagamentos Frete gr\u00e1tis saiba mais\u2026","rel":"","context":"Post similar","block_context":{"text":"Post similar","link":""},"img":{"alt_text":"","src":"https:\/\/i0.wp.com\/rmarqcollection.com.br\/wp-content\/uploads\/2025\/06\/Bolsa-Feminina-Couro-Preto-RMarq-2-5-1.png?fit=1199%2C1200&ssl=1&resize=350%2C200","width":350,"height":200,"srcset":"https:\/\/i0.wp.com\/rmarqcollection.com.br\/wp-content\/uploads\/2025\/06\/Bolsa-Feminina-Couro-Preto-RMarq-2-5-1.png?fit=1199%2C1200&ssl=1&resize=350%2C200 1x, https:\/\/i0.wp.com\/rmarqcollection.com.br\/wp-content\/uploads\/2025\/06\/Bolsa-Feminina-Couro-Preto-RMarq-2-5-1.png?fit=1199%2C1200&ssl=1&resize=525%2C300 1.5x, https:\/\/i0.wp.com\/rmarqcollection.com.br\/wp-content\/uploads\/2025\/06\/Bolsa-Feminina-Couro-Preto-RMarq-2-5-1.png?fit=1199%2C1200&ssl=1&resize=700%2C400 2x, https:\/\/i0.wp.com\/rmarqcollection.com.br\/wp-content\/uploads\/2025\/06\/Bolsa-Feminina-Couro-Preto-RMarq-2-5-1.png?fit=1199%2C1200&ssl=1&resize=1050%2C600 3x"},"classes":[]},{"id":3431,"url":"https:\/\/rmarqcollection.com.br\/?product=bolsa-jeans-feminina-grande-marinho-escuro-alca-ombro","url_meta":{"origin":1214,"position":4},"title":"Bolsa Feminina Jeans Azul-Marinho Ombro RMarq Collection","author":"cole\u00e7\u00e3o rmarq","date":"30\/12\/2022","format":false,"excerpt":"Em 12x confira formas de pagamentos. Al\u00e7a ombro, corrente e fita dourada, costuras rosa, fecho z\u00edper e bolsos.\u00a0 V\u00eddeo","rel":"","context":"Post similar","block_context":{"text":"Post similar","link":""},"img":{"alt_text":"","src":"https:\/\/i0.wp.com\/rmarqcollection.com.br\/wp-content\/uploads\/2022\/12\/Bolsa-Jeans-G-0.jpg?fit=1200%2C1200&ssl=1&resize=350%2C200","width":350,"height":200,"srcset":"https:\/\/i0.wp.com\/rmarqcollection.com.br\/wp-content\/uploads\/2022\/12\/Bolsa-Jeans-G-0.jpg?fit=1200%2C1200&ssl=1&resize=350%2C200 1x, https:\/\/i0.wp.com\/rmarqcollection.com.br\/wp-content\/uploads\/2022\/12\/Bolsa-Jeans-G-0.jpg?fit=1200%2C1200&ssl=1&resize=525%2C300 1.5x, https:\/\/i0.wp.com\/rmarqcollection.com.br\/wp-content\/uploads\/2022\/12\/Bolsa-Jeans-G-0.jpg?fit=1200%2C1200&ssl=1&resize=700%2C400 2x, https:\/\/i0.wp.com\/rmarqcollection.com.br\/wp-content\/uploads\/2022\/12\/Bolsa-Jeans-G-0.jpg?fit=1200%2C1200&ssl=1&resize=1050%2C600 3x"},"classes":[]},{"id":5428,"url":"https:\/\/rmarqcollection.com.br\/?product=bolsa-tecido-jeans-feminina-pequena-rmarqcollection","url_meta":{"origin":1214,"position":5},"title":"Bolsa Feminina Tecido Jeans Marinho Pequena RMarq Collection","author":"cole\u00e7\u00e3o rmarq","date":"25\/03\/2024","format":false,"excerpt":"Em 12x confira formas de pagamentos. Frete gr\u00e1tis saiba mais\u2026 Al\u00e7a ombro, azul marinho, flor, costuras rosa, fecho z\u00edper e bolsos.\u00a0 V\u00eddeo","rel":"","context":"Post similar","block_context":{"text":"Post similar","link":""},"img":{"alt_text":"","src":"https:\/\/i0.wp.com\/rmarqcollection.com.br\/wp-content\/uploads\/2022\/10\/Bolsa-Jeans-Pequena-1-e1711413567665.png?fit=1200%2C1157&ssl=1&resize=350%2C200","width":350,"height":200,"srcset":"https:\/\/i0.wp.com\/rmarqcollection.com.br\/wp-content\/uploads\/2022\/10\/Bolsa-Jeans-Pequena-1-e1711413567665.png?fit=1200%2C1157&ssl=1&resize=350%2C200 1x, https:\/\/i0.wp.com\/rmarqcollection.com.br\/wp-content\/uploads\/2022\/10\/Bolsa-Jeans-Pequena-1-e1711413567665.png?fit=1200%2C1157&ssl=1&resize=525%2C300 1.5x, https:\/\/i0.wp.com\/rmarqcollection.com.br\/wp-content\/uploads\/2022\/10\/Bolsa-Jeans-Pequena-1-e1711413567665.png?fit=1200%2C1157&ssl=1&resize=700%2C400 2x, https:\/\/i0.wp.com\/rmarqcollection.com.br\/wp-content\/uploads\/2022\/10\/Bolsa-Jeans-Pequena-1-e1711413567665.png?fit=1200%2C1157&ssl=1&resize=1050%2C600 3x"},"classes":[]}],"jetpack_likes_enabled":true,"jetpack_sharing_enabled":true,"_links":{"self":[{"href":"https:\/\/rmarqcollection.com.br\/index.php?rest_route=\/wp\/v2\/product\/1214","targetHints":{"allow":["GET"]}}],"collection":[{"href":"https:\/\/rmarqcollection.com.br\/index.php?rest_route=\/wp\/v2\/product"}],"about":[{"href":"https:\/\/rmarqcollection.com.br\/index.php?rest_route=\/wp\/v2\/types\/product"}],"replies":[{"embeddable":true,"href":"https:\/\/rmarqcollection.com.br\/index.php?rest_route=%2Fwp%2Fv2%2Fcomments&post=1214"}],"wp:featuredmedia":[{"embeddable":true,"href":"https:\/\/rmarqcollection.com.br\/index.php?rest_route=\/wp\/v2\/media\/5049"}],"wp:attachment":[{"href":"https:\/\/rmarqcollection.com.br\/index.php?rest_route=%2Fwp%2Fv2%2Fmedia&parent=1214"}],"wp:term":[{"taxonomy":"product_brand","embeddable":true,"href":"https:\/\/rmarqcollection.com.br\/index.php?rest_route=%2Fwp%2Fv2%2Fproduct_brand&post=1214"},{"taxonomy":"product_cat","embeddable":true,"href":"https:\/\/rmarqcollection.com.br\/index.php?rest_route=%2Fwp%2Fv2%2Fproduct_cat&post=1214"},{"taxonomy":"product_tag","embeddable":true,"href":"https:\/\/rmarqcollection.com.br\/index.php?rest_route=%2Fwp%2Fv2%2Fproduct_tag&post=1214"}],"curies":[{"name":"wp","href":"https:\/\/api.w.org\/{rel}","templated":true}]}}