{"id":1242,"date":"2022-04-10T17:19:31","date_gmt":"2022-04-10T20:19:31","guid":{"rendered":"https:\/\/rmarqcollection.com.br\/?post_type=product&#038;p=1242"},"modified":"2026-01-09T15:23:08","modified_gmt":"2026-01-09T18:23:08","slug":"bolsa-feminina-ombro-sintetico-caramelo","status":"publish","type":"product","link":"https:\/\/rmarqcollection.com.br\/?product=bolsa-feminina-ombro-sintetico-caramelo","title":{"rendered":"Bolsa Feminina Couro Sint\u00e9tico Caramelo Ombro RMarq Collection"},"content":{"rendered":"<p><span style=\"vertical-align: inherit;\"><span style=\"vertical-align: inherit;\">Bem-vindo (a) a nossa loja! Queremos proporcionar a voc\u00ea o que h\u00e1 de melhor. Todos os nossos produtos s\u00e3o confeccionados visando a qualidade e o conforto sempre com o objetivo de satisfazer voc\u00ea.<\/span><\/span><br \/>\n<span style=\"vertical-align: inherit;\"><span style=\"vertical-align: inherit;\">A RMarq Collection produz e comercializa este produto visando sempre a melhor qualidade, beleza e o estilo.<\/span><\/span><\/p>\n<p><span style=\"vertical-align: inherit;\"><span style=\"vertical-align: inherit;\">Bolsa de ombro feminina, feita de cabedal couro sint\u00e9tico na cor caramelo. Forrada internamente forro celta preto. Uma al\u00e7a na cor caramelo. Medidas da Al\u00e7a 35 cm (70 cm total) com detalhe de meia argola dourada . Fecho de z\u00edper na cor bege e cursor dourado. Bolso externo e fecho com z\u00edper. Bolso interno simples. Corrente externa pode ser removida nos elos.<\/span><\/span><br \/>\n<span style=\"vertical-align: inherit;\"><span style=\"vertical-align: inherit;\">Uma \u00f3tima op\u00e7\u00e3o para os seus momentos de passeios e encontros sociais. Guarde seus objetos e tenha uma bolsa estilosa para o dia a dia.<\/span><\/span><br \/>\n<span style=\"vertical-align: inherit;\"><span style=\"vertical-align: inherit;\">Ideal para uso em diversos ambientes.<\/span><\/span><\/p>\n<p><strong><span style=\"vertical-align: inherit;\"><span style=\"vertical-align: inherit;\">Informa\u00e7\u00f5es t\u00e9cnicas:<\/span><\/span><\/strong><br \/>\n<span style=\"vertical-align: inherit;\"><span style=\"vertical-align: inherit;\">Modelo: Bolsa de ombro feminina<\/span><\/span><br \/>\n<span style=\"vertical-align: inherit;\"><span style=\"vertical-align: inherit;\">Material: Couro sint\u00e9tico.<\/span><\/span><br \/>\n<span style=\"vertical-align: inherit;\"><span style=\"vertical-align: inherit;\">Cor: Caramelo<\/span><\/span><br \/>\n<span style=\"vertical-align: inherit;\"><span style=\"vertical-align: inherit;\">Forro: Celta Preto<\/span><\/span><br \/>\n<span style=\"vertical-align: inherit;\"><span style=\"vertical-align: inherit;\"><span style=\"vertical-align: inherit;\"><span style=\"vertical-align: inherit;\">Peso: 160 g<\/span><\/span><\/span><\/span><br \/>\n<span style=\"vertical-align: inherit;\"><span style=\"vertical-align: inherit;\">Largura abertura : 28 cm<\/span><\/span><br \/>\n<span style=\"vertical-align: inherit;\"><span style=\"vertical-align: inherit;\">Comprimento \/ Altura: 20 cm<\/span><\/span><br \/>\n<span style=\"vertical-align: inherit;\"><span style=\"vertical-align: inherit;\">Largura fundo: 09 cm<\/span><\/span><br \/>\n<span style=\"vertical-align: inherit;\"><span style=\"vertical-align: inherit;\">Abertura e fechamento: Z\u00edper bege<\/span><\/span><br \/>\n<span style=\"vertical-align: inherit;\"><span style=\"vertical-align: inherit;\">Al\u00e7a: 35 cm altura\u00a0 e 2,5 cm largura<\/span><\/span><br \/>\n<span style=\"vertical-align: inherit;\"><span style=\"vertical-align: inherit;\">Recomendamos M\u00e1ximo 4 kg<\/span><\/span><br \/>\n<span style=\"vertical-align: inherit;\"><span style=\"vertical-align: inherit;\">Bolso: externo com z\u00edper bege dourado<\/span><\/span><br \/>\n<span style=\"vertical-align: inherit;\"><span style=\"vertical-align: inherit;\">Bolso: interno simples<br \/>\nCorrente externa pode ser removida nos elos<\/span><\/span><\/p>\n<p><span style=\"vertical-align: inherit;\"><span style=\"vertical-align: inherit;\">Cuide bem do seu produto para que tenha uma boa durabilidade.<\/span><\/span><br \/>\n<span style=\"vertical-align: inherit;\"><span style=\"vertical-align: inherit;\">Produzido e comercializado por RMarq Collection.<\/span><\/span><\/p>\n<p><span style=\"vertical-align: inherit;\"><span style=\"vertical-align: inherit;\">Garantia do Fabricante: Contra defeitos de fabrica\u00e7\u00e3o; 30 dias.<\/span><\/span><br \/>\n<strong><span style=\"color: #0000ff;\"><a style=\"color: #0000ff;\" href=\"https:\/\/rmarqcollection.com.br\/?page_id=238\"><span style=\"vertical-align: inherit;\"><span style=\"vertical-align: inherit;\">Estamos a disposi\u00e7\u00e3o para atender \u00e0s suas d\u00favidas.<\/span><\/span><\/a><\/span><\/strong><\/p>\n","protected":false},"excerpt":{"rendered":"<h6><span style=\"color: #0000ff;\"><a style=\"color: #0000ff;\" href=\"https:\/\/rmarqcollection.com.br\/?page_id=1849\"><strong><span style=\"vertical-align: inherit;\"><span style=\"vertical-align: inherit;\">Em 12x confira formas de pagamentos<\/span><\/span><\/strong><\/a><\/span><\/h6>\n<\/h6>\n<h6><strong><span style=\"vertical-align: inherit;\"><span style=\"vertical-align: inherit;\">Al\u00e7a remov\u00edvel, fecho z\u00edper, metais dourados e bolsos.<\/span><\/span><\/strong><\/h6>\n<h5><a href=\"https:\/\/rmarqcollection.com.br\/?p=3395\"><strong><span style=\"vertical-align: inherit;\"><span style=\"vertical-align: inherit;\">V\u00eddeo\u00a0<\/span><\/span><\/strong><\/a><\/h5>\n","protected":false},"featured_media":4672,"comment_status":"open","ping_status":"closed","template":"","meta":{"jetpack_publicize_message":"","jetpack_publicize_feature_enabled":true,"jetpack_social_post_already_shared":false,"jetpack_social_options":{"image_generator_settings":{"template":"highway","default_image_id":0,"font":"","enabled":false},"version":2}},"product_brand":[509],"product_cat":[154,376],"product_tag":[168,388,602,169,378,387,368],"class_list":{"0":"post-1242","1":"product","2":"type-product","3":"status-publish","6":"product_brand-rmarq-collection","7":"product_cat-bolsa-couro-sintetico-caramelo","8":"product_cat-bolsas-femininas","9":"product_tag-bolsa","10":"product_tag-bolsa-caramelo","11":"product_tag-bolsa-couro-sintetico","12":"product_tag-bolsa-feminina","13":"product_tag-bolsa-ombro","14":"product_tag-bolsa-sintetica","15":"product_tag-bolsas","17":"first","18":"instock","19":"sale","20":"taxable","21":"shipping-taxable","22":"purchasable","23":"product-type-simple"},"aioseo_notices":[],"jetpack_publicize_connections":[],"jetpack-related-posts":[{"id":1214,"url":"https:\/\/rmarqcollection.com.br\/?product=bolsa-feminina-ombro-material-sintetico-preto-detalhe-couro-vermelho","url_meta":{"origin":1242,"position":0},"title":"Bolsa Feminina Couro Sint\u00e9tico Preto Ombro RMarq Collection","author":"cole\u00e7\u00e3o rmarq","date":"28\/03\/2022","format":false,"excerpt":"Em 12x confira formas de pagamentos. Al\u00e7as cor preto e detalhe vermelho, metal, rebite n\u00edquel, fecho z\u00edper e bolsos. V\u00eddeo","rel":"","context":"Post similar","block_context":{"text":"Post similar","link":""},"img":{"alt_text":"","src":"https:\/\/i0.wp.com\/rmarqcollection.com.br\/wp-content\/uploads\/2022\/03\/Bolsa-Preta-Sintetica-1.png?fit=1200%2C1200&ssl=1&resize=350%2C200","width":350,"height":200,"srcset":"https:\/\/i0.wp.com\/rmarqcollection.com.br\/wp-content\/uploads\/2022\/03\/Bolsa-Preta-Sintetica-1.png?fit=1200%2C1200&ssl=1&resize=350%2C200 1x, https:\/\/i0.wp.com\/rmarqcollection.com.br\/wp-content\/uploads\/2022\/03\/Bolsa-Preta-Sintetica-1.png?fit=1200%2C1200&ssl=1&resize=525%2C300 1.5x, https:\/\/i0.wp.com\/rmarqcollection.com.br\/wp-content\/uploads\/2022\/03\/Bolsa-Preta-Sintetica-1.png?fit=1200%2C1200&ssl=1&resize=700%2C400 2x, https:\/\/i0.wp.com\/rmarqcollection.com.br\/wp-content\/uploads\/2022\/03\/Bolsa-Preta-Sintetica-1.png?fit=1200%2C1200&ssl=1&resize=1050%2C600 3x"},"classes":[]},{"id":3431,"url":"https:\/\/rmarqcollection.com.br\/?product=bolsa-jeans-feminina-grande-marinho-escuro-alca-ombro","url_meta":{"origin":1242,"position":1},"title":"Bolsa Feminina Jeans Azul-Marinho Ombro RMarq Collection","author":"cole\u00e7\u00e3o rmarq","date":"30\/12\/2022","format":false,"excerpt":"Em 12x confira formas de pagamentos. Al\u00e7a ombro, corrente e fita dourada, costuras rosa, fecho z\u00edper e bolsos.\u00a0 V\u00eddeo","rel":"","context":"Post similar","block_context":{"text":"Post similar","link":""},"img":{"alt_text":"","src":"https:\/\/i0.wp.com\/rmarqcollection.com.br\/wp-content\/uploads\/2022\/12\/Bolsa-Jeans-G-0.jpg?fit=1200%2C1200&ssl=1&resize=350%2C200","width":350,"height":200,"srcset":"https:\/\/i0.wp.com\/rmarqcollection.com.br\/wp-content\/uploads\/2022\/12\/Bolsa-Jeans-G-0.jpg?fit=1200%2C1200&ssl=1&resize=350%2C200 1x, https:\/\/i0.wp.com\/rmarqcollection.com.br\/wp-content\/uploads\/2022\/12\/Bolsa-Jeans-G-0.jpg?fit=1200%2C1200&ssl=1&resize=525%2C300 1.5x, https:\/\/i0.wp.com\/rmarqcollection.com.br\/wp-content\/uploads\/2022\/12\/Bolsa-Jeans-G-0.jpg?fit=1200%2C1200&ssl=1&resize=700%2C400 2x, https:\/\/i0.wp.com\/rmarqcollection.com.br\/wp-content\/uploads\/2022\/12\/Bolsa-Jeans-G-0.jpg?fit=1200%2C1200&ssl=1&resize=1050%2C600 3x"},"classes":[]},{"id":2604,"url":"https:\/\/rmarqcollection.com.br\/?product=bolsa-feminina-media-couro-legitimo-alca-transversal","url_meta":{"origin":1242,"position":2},"title":"Bolsa Feminina Couro Genu\u00edno Ombro Transversal RMarq Collection","author":"cole\u00e7\u00e3o rmarq","date":"29\/08\/2022","format":false,"excerpt":"Em 12x confira formas de pagamentos Frete gr\u00e1tis saiba mais\u2026 Couro genu\u00edno, franja, costuras fantasia, enfeite, metal e z\u00edper.","rel":"","context":"Post similar","block_context":{"text":"Post similar","link":""},"img":{"alt_text":"","src":"https:\/\/i0.wp.com\/rmarqcollection.com.br\/wp-content\/uploads\/2022\/08\/Bolsa-bege-sintilante-5.png?fit=1200%2C1200&ssl=1&resize=350%2C200","width":350,"height":200,"srcset":"https:\/\/i0.wp.com\/rmarqcollection.com.br\/wp-content\/uploads\/2022\/08\/Bolsa-bege-sintilante-5.png?fit=1200%2C1200&ssl=1&resize=350%2C200 1x, https:\/\/i0.wp.com\/rmarqcollection.com.br\/wp-content\/uploads\/2022\/08\/Bolsa-bege-sintilante-5.png?fit=1200%2C1200&ssl=1&resize=525%2C300 1.5x, https:\/\/i0.wp.com\/rmarqcollection.com.br\/wp-content\/uploads\/2022\/08\/Bolsa-bege-sintilante-5.png?fit=1200%2C1200&ssl=1&resize=700%2C400 2x, https:\/\/i0.wp.com\/rmarqcollection.com.br\/wp-content\/uploads\/2022\/08\/Bolsa-bege-sintilante-5.png?fit=1200%2C1200&ssl=1&resize=1050%2C600 3x"},"classes":[]},{"id":3564,"url":"https:\/\/rmarqcollection.com.br\/?product=mini-necessaire-carteira-feminina-material-couro","url_meta":{"origin":1242,"position":3},"title":"Carteira Necessaire Feminina Couro Genu\u00edno RMarq Collection","author":"cole\u00e7\u00e3o rmarq","date":"17\/02\/2023","format":false,"excerpt":"Em 12x confira formas de pagamentos Frete gr\u00e1tis saiba mais\u2026 Forro interno, Fecho z\u00edper e bolso externo, al\u00e7a remov\u00edvel e bolsinha avulsa. V\u00eddeo","rel":"","context":"Post similar","block_context":{"text":"Post similar","link":""},"img":{"alt_text":"","src":"https:\/\/i0.wp.com\/rmarqcollection.com.br\/wp-content\/uploads\/2023\/02\/mini-necessaire-carteira-feminina-rosa-chiclete-1.png?fit=1200%2C1200&ssl=1&resize=350%2C200","width":350,"height":200,"srcset":"https:\/\/i0.wp.com\/rmarqcollection.com.br\/wp-content\/uploads\/2023\/02\/mini-necessaire-carteira-feminina-rosa-chiclete-1.png?fit=1200%2C1200&ssl=1&resize=350%2C200 1x, https:\/\/i0.wp.com\/rmarqcollection.com.br\/wp-content\/uploads\/2023\/02\/mini-necessaire-carteira-feminina-rosa-chiclete-1.png?fit=1200%2C1200&ssl=1&resize=525%2C300 1.5x, https:\/\/i0.wp.com\/rmarqcollection.com.br\/wp-content\/uploads\/2023\/02\/mini-necessaire-carteira-feminina-rosa-chiclete-1.png?fit=1200%2C1200&ssl=1&resize=700%2C400 2x, https:\/\/i0.wp.com\/rmarqcollection.com.br\/wp-content\/uploads\/2023\/02\/mini-necessaire-carteira-feminina-rosa-chiclete-1.png?fit=1200%2C1200&ssl=1&resize=1050%2C600 3x"},"classes":[]},{"id":6438,"url":"https:\/\/rmarqcollection.com.br\/?product=bolsa-feminina-mao-ombro-e-tiracolo-couro-rmarq-collection","url_meta":{"origin":1242,"position":4},"title":"Bolsa Feminina M\u00e3o Ombro Tiracolo Couro Genu\u00edno RMarq Collection","author":"cole\u00e7\u00e3o rmarq","date":"22\/06\/2025","format":false,"excerpt":"V\u00eddeo Em 12x confira formas de pagamentos Frete gr\u00e1tis saiba mais\u2026","rel":"","context":"Post similar","block_context":{"text":"Post similar","link":""},"img":{"alt_text":"","src":"https:\/\/i0.wp.com\/rmarqcollection.com.br\/wp-content\/uploads\/2025\/06\/Bolsa-Feminina-Couro-Camel-RMarq-3-1-1.png?fit=1200%2C1200&ssl=1&resize=350%2C200","width":350,"height":200,"srcset":"https:\/\/i0.wp.com\/rmarqcollection.com.br\/wp-content\/uploads\/2025\/06\/Bolsa-Feminina-Couro-Camel-RMarq-3-1-1.png?fit=1200%2C1200&ssl=1&resize=350%2C200 1x, https:\/\/i0.wp.com\/rmarqcollection.com.br\/wp-content\/uploads\/2025\/06\/Bolsa-Feminina-Couro-Camel-RMarq-3-1-1.png?fit=1200%2C1200&ssl=1&resize=525%2C300 1.5x, https:\/\/i0.wp.com\/rmarqcollection.com.br\/wp-content\/uploads\/2025\/06\/Bolsa-Feminina-Couro-Camel-RMarq-3-1-1.png?fit=1200%2C1200&ssl=1&resize=700%2C400 2x, https:\/\/i0.wp.com\/rmarqcollection.com.br\/wp-content\/uploads\/2025\/06\/Bolsa-Feminina-Couro-Camel-RMarq-3-1-1.png?fit=1200%2C1200&ssl=1&resize=1050%2C600 3x"},"classes":[]},{"id":5428,"url":"https:\/\/rmarqcollection.com.br\/?product=bolsa-tecido-jeans-feminina-pequena-rmarqcollection","url_meta":{"origin":1242,"position":5},"title":"Bolsa Feminina Tecido Jeans Marinho Pequena RMarq Collection","author":"cole\u00e7\u00e3o rmarq","date":"25\/03\/2024","format":false,"excerpt":"Em 12x confira formas de pagamentos. Frete gr\u00e1tis saiba mais\u2026 Al\u00e7a ombro, azul marinho, flor, costuras rosa, fecho z\u00edper e bolsos.\u00a0 V\u00eddeo","rel":"","context":"Post similar","block_context":{"text":"Post similar","link":""},"img":{"alt_text":"","src":"https:\/\/i0.wp.com\/rmarqcollection.com.br\/wp-content\/uploads\/2022\/10\/Bolsa-Jeans-Pequena-1-e1711413567665.png?fit=1200%2C1157&ssl=1&resize=350%2C200","width":350,"height":200,"srcset":"https:\/\/i0.wp.com\/rmarqcollection.com.br\/wp-content\/uploads\/2022\/10\/Bolsa-Jeans-Pequena-1-e1711413567665.png?fit=1200%2C1157&ssl=1&resize=350%2C200 1x, https:\/\/i0.wp.com\/rmarqcollection.com.br\/wp-content\/uploads\/2022\/10\/Bolsa-Jeans-Pequena-1-e1711413567665.png?fit=1200%2C1157&ssl=1&resize=525%2C300 1.5x, https:\/\/i0.wp.com\/rmarqcollection.com.br\/wp-content\/uploads\/2022\/10\/Bolsa-Jeans-Pequena-1-e1711413567665.png?fit=1200%2C1157&ssl=1&resize=700%2C400 2x, https:\/\/i0.wp.com\/rmarqcollection.com.br\/wp-content\/uploads\/2022\/10\/Bolsa-Jeans-Pequena-1-e1711413567665.png?fit=1200%2C1157&ssl=1&resize=1050%2C600 3x"},"classes":[]}],"jetpack_likes_enabled":true,"jetpack_sharing_enabled":true,"_links":{"self":[{"href":"https:\/\/rmarqcollection.com.br\/index.php?rest_route=\/wp\/v2\/product\/1242","targetHints":{"allow":["GET"]}}],"collection":[{"href":"https:\/\/rmarqcollection.com.br\/index.php?rest_route=\/wp\/v2\/product"}],"about":[{"href":"https:\/\/rmarqcollection.com.br\/index.php?rest_route=\/wp\/v2\/types\/product"}],"replies":[{"embeddable":true,"href":"https:\/\/rmarqcollection.com.br\/index.php?rest_route=%2Fwp%2Fv2%2Fcomments&post=1242"}],"wp:featuredmedia":[{"embeddable":true,"href":"https:\/\/rmarqcollection.com.br\/index.php?rest_route=\/wp\/v2\/media\/4672"}],"wp:attachment":[{"href":"https:\/\/rmarqcollection.com.br\/index.php?rest_route=%2Fwp%2Fv2%2Fmedia&parent=1242"}],"wp:term":[{"taxonomy":"product_brand","embeddable":true,"href":"https:\/\/rmarqcollection.com.br\/index.php?rest_route=%2Fwp%2Fv2%2Fproduct_brand&post=1242"},{"taxonomy":"product_cat","embeddable":true,"href":"https:\/\/rmarqcollection.com.br\/index.php?rest_route=%2Fwp%2Fv2%2Fproduct_cat&post=1242"},{"taxonomy":"product_tag","embeddable":true,"href":"https:\/\/rmarqcollection.com.br\/index.php?rest_route=%2Fwp%2Fv2%2Fproduct_tag&post=1242"}],"curies":[{"name":"wp","href":"https:\/\/api.w.org\/{rel}","templated":true}]}}