{"id":2529,"date":"2022-08-21T20:21:41","date_gmt":"2022-08-21T23:21:41","guid":{"rendered":"https:\/\/rmarqcollection.com.br\/?post_type=product&#038;p=2529"},"modified":"2026-05-03T16:18:40","modified_gmt":"2026-05-03T19:18:40","slug":"cinto-masculino-couro-branco-fivela-removivel-largura-35cm","status":"publish","type":"product","link":"https:\/\/rmarqcollection.com.br\/?product=cinto-masculino-couro-branco-fivela-removivel-largura-35cm","title":{"rendered":"Cinto Masculino Couro Genu\u00edno Branco Fivela Press\u00e3o RMarq Collection"},"content":{"rendered":"<p>Bem-vindo (a) a nossa loja! Queremos proporcionar a voc\u00ea o que h\u00e1 de melhor. Todos os nossos produtos s\u00e3o confeccionados visando a qualidade e o conforto sempre com o objetivo de satisfazer voc\u00ea.<\/p>\n<p>Cinto confeccionado em material Couro genu\u00edno cor branco, fundo forro vacum e fivela de press\u00e3o remov\u00edvel em metal n\u00edquel.<br \/>\nDetalhes: <strong>Largura (3,5 cm)<\/strong>, costurado \u00e0 m\u00e1quina, possui 8 furos e presilha, proporcionando um melhor acabamento e visual moderno que possibilita o uso com cal\u00e7as e bermudas.<br \/>\nIndicado para o dia a dia em diversas ocasi\u00f5es. Resistente e dur\u00e1vel.<\/p>\n<p><strong>Dispon\u00edvel na cor Branco.<\/strong><br \/>\n<strong>Tamanho &#8212;&#8212;&#8212;&#8212;Comprimento&#8212;&#8212;&#8212;Cintura<\/strong><br \/>\n<strong>P &#8212;&#8212;&#8212;&#8212;&#8212;&#8212;&#8212;&#8212;&#8211;105 cm&#8212;&#8212;&#8212;&#8212;&#8212;&#8211;74 a 94<\/strong><br \/>\n<strong><span style=\"vertical-align: inherit;\">M&#8212;&#8212;&#8212;&#8212;&#8212;&#8212;&#8212;&#8212;&#8211;110 cm &#8212;&#8212;&#8212;&#8212;&#8212;-80 a 100<\/span><\/strong><br \/>\n<strong> G &#8212;&#8212;&#8212;&#8212;&#8212;&#8212;&#8212;&#8212;&#8211;120 cm&#8212;&#8212;&#8212;&#8212;&#8212;&#8211;90 a 110<\/strong><br \/>\n<strong><span style=\"vertical-align: inherit;\"><span style=\"vertical-align: inherit;\">GG &#8212;&#8212;&#8212;&#8212;&#8212;&#8212;&#8212;&#8212;135 cm &#8212;&#8212;&#8212;&#8212;&#8212;105 a 125<\/span><\/span><\/strong><\/p>\n<p>O cinto pode ser cortado de acordo com o tamanho que desejar.<br \/>\nRegular na fivela de press\u00e3o remov\u00edvel.<br \/>\nSe caso precisar cortar o couro cuidado com as pontas de linhas para n\u00e3o descosturar.<\/p>\n<p><strong>Importante fazer as medidas de sua cintura para a aquisi\u00e7\u00e3o correta do seu cinto.<\/strong><br \/>\nComo medir? Use um cinto que voc\u00ea j\u00e1 usa para medir.<br \/>\nMedir da extremidade da fivela at\u00e9 o furo do meio, por\u00e9m por ter v\u00e1rios furos pode ser ajustado ao corpo para mais ou menos.<\/p>\n<p><strong>Recomenda\u00e7\u00f5es importantes:<\/strong><br \/>\nA limpeza pode ser feita com sab\u00e3o neutro e pano \u00famido e n\u00e3o deve ficar de molho. N\u00e3o esfregar com bucha grossa, pois pode ocasionar ranhuras no couro danificando-o. N\u00e3o usar nenhuma fonte de calor para secar, somente a natural. Guardar em local sem umidade.<br \/>\nPode-se usar produtos dispon\u00edveis e compat\u00edveis no mercado para a conserva\u00e7\u00e3o e o brilho do couro.<\/p>\n<p>Fabricado e comercializado pela RMarq Collection com todo cuidado e qualidade, visando sempre o melhor benef\u00edcio para voc\u00ea.<br \/>\nGarantia do Fabricante: Contra defeitos de fabrica\u00e7\u00e3o \/ 30 dias.<br \/>\n<span style=\"color: #0000ff;\"><strong><a style=\"color: #0000ff;\" href=\"https:\/\/rmarqcollection.com.br\/?page_id=238\">Estamos dispon\u00edveis para atender \u00e0s suas d\u00favidas.<\/a><\/strong><\/span><\/p>\n","protected":false},"excerpt":{"rendered":"<h6><span style=\"color: #0000ff;\"><a style=\"color: #0000ff;\" href=\"https:\/\/rmarqcollection.com.br\/?page_id=1849\"><strong>Em 12x confira formas de pagamentos<\/strong><\/a><\/span><\/h6>\n<h6><strong>Largura (3,5 cm), fivela press\u00e3o, costurado, (8 furos) e presilha.\u00a0<\/strong><\/h6>\n<h5><strong><a href=\"https:\/\/rmarqcollection.com.br\/?p=3793\"><strong>V\u00eddeo<\/strong><\/a><\/strong><\/h5>\n","protected":false},"featured_media":6020,"comment_status":"open","ping_status":"closed","template":"","meta":{"jetpack_publicize_message":"","jetpack_publicize_feature_enabled":true,"jetpack_social_post_already_shared":true,"jetpack_social_options":{"image_generator_settings":{"template":"highway","default_image_id":0,"font":"","enabled":false},"version":2}},"product_brand":[509],"product_cat":[260,32],"product_tag":[362,385,384,534,600,221,375,202,386,355,533],"class_list":{"0":"post-2529","1":"product","2":"type-product","3":"status-publish","6":"product_brand-rmarq-collection","7":"product_cat-cintos-de-couro","8":"product_cat-cintos-masculinos","9":"product_tag-cinto","10":"product_tag-cinto-branco","11":"product_tag-cinto-couro-branco","12":"product_tag-cinto-couro-fivela-pressao","13":"product_tag-cinto-couro-genuino","14":"product_tag-cinto-de-couro","15":"product_tag-cinto-fivela-removivel","16":"product_tag-cinto-masculino","17":"product_tag-cinto-masculino-branco","18":"product_tag-cintos","19":"product_tag-fivela-de-pressao","21":"first","22":"instock","23":"taxable","24":"shipping-taxable","25":"purchasable","26":"product-type-variable"},"aioseo_notices":[],"jetpack_publicize_connections":[],"jetpack-related-posts":[{"id":6928,"url":"https:\/\/rmarqcollection.com.br\/?product=cinto-masculino-gorgurao-branco-listra-preta-rmarq-collection","url_meta":{"origin":2529,"position":0},"title":"Cinto Masculino Gorgur\u00e3o Branco Listra Preta RMarq Collection","author":"cole\u00e7\u00e3o rmarq","date":"07\/09\/2025","format":false,"excerpt":"Em 12x confira formas de pagamentos. Largura (4 cm), detalhes couro, oito furos, presilha e parafuso. V\u00eddeo","rel":"","context":"Post similar","block_context":{"text":"Post similar","link":""},"img":{"alt_text":"","src":"https:\/\/i0.wp.com\/rmarqcollection.com.br\/wp-content\/uploads\/2025\/09\/Cinto-gorgurao-branco-listra-preta-1.png?fit=1200%2C1200&ssl=1&resize=350%2C200","width":350,"height":200,"srcset":"https:\/\/i0.wp.com\/rmarqcollection.com.br\/wp-content\/uploads\/2025\/09\/Cinto-gorgurao-branco-listra-preta-1.png?fit=1200%2C1200&ssl=1&resize=350%2C200 1x, https:\/\/i0.wp.com\/rmarqcollection.com.br\/wp-content\/uploads\/2025\/09\/Cinto-gorgurao-branco-listra-preta-1.png?fit=1200%2C1200&ssl=1&resize=525%2C300 1.5x, https:\/\/i0.wp.com\/rmarqcollection.com.br\/wp-content\/uploads\/2025\/09\/Cinto-gorgurao-branco-listra-preta-1.png?fit=1200%2C1200&ssl=1&resize=700%2C400 2x, https:\/\/i0.wp.com\/rmarqcollection.com.br\/wp-content\/uploads\/2025\/09\/Cinto-gorgurao-branco-listra-preta-1.png?fit=1200%2C1200&ssl=1&resize=1050%2C600 3x"},"classes":[]},{"id":3539,"url":"https:\/\/rmarqcollection.com.br\/?product=cintos-femininos-material-couro","url_meta":{"origin":2529,"position":1},"title":"Cinto Feminino Couro Genu\u00edno (Largura 2 cm) RMarq Collection","author":"cole\u00e7\u00e3o rmarq","date":"12\/02\/2023","format":false,"excerpt":"Em 12x confira formas de pagamentos \u00a0Fivela n\u00edquel ou dourada, largura (2 cm) V\u00eddeo","rel":"","context":"Post similar","block_context":{"text":"Post similar","link":""},"img":{"alt_text":"","src":"https:\/\/i0.wp.com\/rmarqcollection.com.br\/wp-content\/uploads\/2023\/02\/cinto-feminino-quadro-1.png?fit=1200%2C705&ssl=1&resize=350%2C200","width":350,"height":200,"srcset":"https:\/\/i0.wp.com\/rmarqcollection.com.br\/wp-content\/uploads\/2023\/02\/cinto-feminino-quadro-1.png?fit=1200%2C705&ssl=1&resize=350%2C200 1x, https:\/\/i0.wp.com\/rmarqcollection.com.br\/wp-content\/uploads\/2023\/02\/cinto-feminino-quadro-1.png?fit=1200%2C705&ssl=1&resize=525%2C300 1.5x, https:\/\/i0.wp.com\/rmarqcollection.com.br\/wp-content\/uploads\/2023\/02\/cinto-feminino-quadro-1.png?fit=1200%2C705&ssl=1&resize=700%2C400 2x, https:\/\/i0.wp.com\/rmarqcollection.com.br\/wp-content\/uploads\/2023\/02\/cinto-feminino-quadro-1.png?fit=1200%2C705&ssl=1&resize=1050%2C600 3x"},"classes":[]},{"id":6484,"url":"https:\/\/rmarqcollection.com.br\/?product=cinto-masculino-couro-fivela-largura-35-cm-rmarq-collection","url_meta":{"origin":2529,"position":2},"title":"Cinto Masculino Couro Genu\u00edno Branco 3,5 cm RMarq Collection","author":"cole\u00e7\u00e3o rmarq","date":"30\/06\/2025","format":false,"excerpt":"Em 12x confira formas de pagamentos. Largura (3,5 cm), costurado, oito furos, presilha e parafuso.","rel":"","context":"Post similar","block_context":{"text":"Post similar","link":""},"img":{"alt_text":"","src":"https:\/\/i0.wp.com\/rmarqcollection.com.br\/wp-content\/uploads\/2025\/06\/Cinto-RMarq-Couro-Genuino-Branco-1.png?fit=1200%2C1200&ssl=1&resize=350%2C200","width":350,"height":200,"srcset":"https:\/\/i0.wp.com\/rmarqcollection.com.br\/wp-content\/uploads\/2025\/06\/Cinto-RMarq-Couro-Genuino-Branco-1.png?fit=1200%2C1200&ssl=1&resize=350%2C200 1x, https:\/\/i0.wp.com\/rmarqcollection.com.br\/wp-content\/uploads\/2025\/06\/Cinto-RMarq-Couro-Genuino-Branco-1.png?fit=1200%2C1200&ssl=1&resize=525%2C300 1.5x, https:\/\/i0.wp.com\/rmarqcollection.com.br\/wp-content\/uploads\/2025\/06\/Cinto-RMarq-Couro-Genuino-Branco-1.png?fit=1200%2C1200&ssl=1&resize=700%2C400 2x, https:\/\/i0.wp.com\/rmarqcollection.com.br\/wp-content\/uploads\/2025\/06\/Cinto-RMarq-Couro-Genuino-Branco-1.png?fit=1200%2C1200&ssl=1&resize=1050%2C600 3x"},"classes":[]},{"id":6944,"url":"https:\/\/rmarqcollection.com.br\/?product=cinto-masculino-gorgurao-azul-marinho-listras-rmarq-collection","url_meta":{"origin":2529,"position":3},"title":"Cinto Masculino Gorgur\u00e3o Azul Marinho Listras RMarq Collection","author":"cole\u00e7\u00e3o rmarq","date":"07\/09\/2025","format":false,"excerpt":"Em 12x confira formas de pagamentos. Largura (3,5 cm), detalhes couro, oito furos, presilha e parafuso. V\u00eddeo","rel":"","context":"Post similar","block_context":{"text":"Post similar","link":""},"img":{"alt_text":"","src":"https:\/\/i0.wp.com\/rmarqcollection.com.br\/wp-content\/uploads\/2025\/09\/Cinto-gorgurao-azul-marinho-listras-1.png?fit=1200%2C1200&ssl=1&resize=350%2C200","width":350,"height":200,"srcset":"https:\/\/i0.wp.com\/rmarqcollection.com.br\/wp-content\/uploads\/2025\/09\/Cinto-gorgurao-azul-marinho-listras-1.png?fit=1200%2C1200&ssl=1&resize=350%2C200 1x, https:\/\/i0.wp.com\/rmarqcollection.com.br\/wp-content\/uploads\/2025\/09\/Cinto-gorgurao-azul-marinho-listras-1.png?fit=1200%2C1200&ssl=1&resize=525%2C300 1.5x, https:\/\/i0.wp.com\/rmarqcollection.com.br\/wp-content\/uploads\/2025\/09\/Cinto-gorgurao-azul-marinho-listras-1.png?fit=1200%2C1200&ssl=1&resize=700%2C400 2x, https:\/\/i0.wp.com\/rmarqcollection.com.br\/wp-content\/uploads\/2025\/09\/Cinto-gorgurao-azul-marinho-listras-1.png?fit=1200%2C1200&ssl=1&resize=1050%2C600 3x"},"classes":[]},{"id":3329,"url":"https:\/\/rmarqcollection.com.br\/?product=cinto-masculino-couro-preto-fivela-removivel-largura-35-cm","url_meta":{"origin":2529,"position":4},"title":"Cinto Masculino Couro Genu\u00edno Preto Largura 3,5 cm RMarq Collection","author":"cole\u00e7\u00e3o rmarq","date":"29\/10\/2022","format":false,"excerpt":"Em 12x confira formas de pagamentos. Largura (3,5 cm), costurado, possui oito furos e presilha. V\u00eddeo","rel":"","context":"Post similar","block_context":{"text":"Post similar","link":""},"img":{"alt_text":"","src":"https:\/\/i0.wp.com\/rmarqcollection.com.br\/wp-content\/uploads\/2022\/10\/Cinto-masculino-preto-fivela-parafuso-largura-35-cm-1.png?fit=1200%2C1200&ssl=1&resize=350%2C200","width":350,"height":200,"srcset":"https:\/\/i0.wp.com\/rmarqcollection.com.br\/wp-content\/uploads\/2022\/10\/Cinto-masculino-preto-fivela-parafuso-largura-35-cm-1.png?fit=1200%2C1200&ssl=1&resize=350%2C200 1x, https:\/\/i0.wp.com\/rmarqcollection.com.br\/wp-content\/uploads\/2022\/10\/Cinto-masculino-preto-fivela-parafuso-largura-35-cm-1.png?fit=1200%2C1200&ssl=1&resize=525%2C300 1.5x, https:\/\/i0.wp.com\/rmarqcollection.com.br\/wp-content\/uploads\/2022\/10\/Cinto-masculino-preto-fivela-parafuso-largura-35-cm-1.png?fit=1200%2C1200&ssl=1&resize=700%2C400 2x, https:\/\/i0.wp.com\/rmarqcollection.com.br\/wp-content\/uploads\/2022\/10\/Cinto-masculino-preto-fivela-parafuso-largura-35-cm-1.png?fit=1200%2C1200&ssl=1&resize=1050%2C600 3x"},"classes":[]},{"id":3497,"url":"https:\/\/rmarqcollection.com.br\/?product=3497","url_meta":{"origin":2529,"position":5},"title":"Cinto Masculino Couro Genu\u00edno Marrom Escuro RMarq Collection","author":"cole\u00e7\u00e3o rmarq","date":"04\/02\/2023","format":false,"excerpt":"Em 12x confira formas de pagamentos. Fivela remov\u00edvel preta (4 cm), regulagem em parafuso. Detalhe em couro preto. V\u00eddeo","rel":"","context":"Post similar","block_context":{"text":"Post similar","link":""},"img":{"alt_text":"","src":"https:\/\/i0.wp.com\/rmarqcollection.com.br\/wp-content\/uploads\/2023\/02\/Cinto-Masculino-4-cm-Couro-Marrom-escuro-1.png?fit=1200%2C1199&ssl=1&resize=350%2C200","width":350,"height":200,"srcset":"https:\/\/i0.wp.com\/rmarqcollection.com.br\/wp-content\/uploads\/2023\/02\/Cinto-Masculino-4-cm-Couro-Marrom-escuro-1.png?fit=1200%2C1199&ssl=1&resize=350%2C200 1x, https:\/\/i0.wp.com\/rmarqcollection.com.br\/wp-content\/uploads\/2023\/02\/Cinto-Masculino-4-cm-Couro-Marrom-escuro-1.png?fit=1200%2C1199&ssl=1&resize=525%2C300 1.5x, https:\/\/i0.wp.com\/rmarqcollection.com.br\/wp-content\/uploads\/2023\/02\/Cinto-Masculino-4-cm-Couro-Marrom-escuro-1.png?fit=1200%2C1199&ssl=1&resize=700%2C400 2x, https:\/\/i0.wp.com\/rmarqcollection.com.br\/wp-content\/uploads\/2023\/02\/Cinto-Masculino-4-cm-Couro-Marrom-escuro-1.png?fit=1200%2C1199&ssl=1&resize=1050%2C600 3x"},"classes":[]}],"jetpack_likes_enabled":true,"jetpack_sharing_enabled":true,"_links":{"self":[{"href":"https:\/\/rmarqcollection.com.br\/index.php?rest_route=\/wp\/v2\/product\/2529","targetHints":{"allow":["GET"]}}],"collection":[{"href":"https:\/\/rmarqcollection.com.br\/index.php?rest_route=\/wp\/v2\/product"}],"about":[{"href":"https:\/\/rmarqcollection.com.br\/index.php?rest_route=\/wp\/v2\/types\/product"}],"replies":[{"embeddable":true,"href":"https:\/\/rmarqcollection.com.br\/index.php?rest_route=%2Fwp%2Fv2%2Fcomments&post=2529"}],"wp:featuredmedia":[{"embeddable":true,"href":"https:\/\/rmarqcollection.com.br\/index.php?rest_route=\/wp\/v2\/media\/6020"}],"wp:attachment":[{"href":"https:\/\/rmarqcollection.com.br\/index.php?rest_route=%2Fwp%2Fv2%2Fmedia&parent=2529"}],"wp:term":[{"taxonomy":"product_brand","embeddable":true,"href":"https:\/\/rmarqcollection.com.br\/index.php?rest_route=%2Fwp%2Fv2%2Fproduct_brand&post=2529"},{"taxonomy":"product_cat","embeddable":true,"href":"https:\/\/rmarqcollection.com.br\/index.php?rest_route=%2Fwp%2Fv2%2Fproduct_cat&post=2529"},{"taxonomy":"product_tag","embeddable":true,"href":"https:\/\/rmarqcollection.com.br\/index.php?rest_route=%2Fwp%2Fv2%2Fproduct_tag&post=2529"}],"curies":[{"name":"wp","href":"https:\/\/api.w.org\/{rel}","templated":true}]}}