{"id":259,"date":"2021-06-09T16:16:15","date_gmt":"2021-06-09T19:16:15","guid":{"rendered":"https:\/\/rmarqcollection.com.br\/?post_type=product&#038;p=259"},"modified":"2026-03-17T20:32:23","modified_gmt":"2026-03-17T23:32:23","slug":"cinto-masculino-40mm-fita-gorgurao-algodao","status":"publish","type":"product","link":"https:\/\/rmarqcollection.com.br\/?product=cinto-masculino-40mm-fita-gorgurao-algodao","title":{"rendered":"Cinto Masculino Gorgur\u00e3o Listra Vermelha RMarq Collection"},"content":{"rendered":"<p>Bem-vindo (a) a nossa loja! Queremos proporcionar a voc\u00ea o que h\u00e1 de melhor. Todos os nossos produtos s\u00e3o confeccionados visando a qualidade e o conforto, sempre com o objetivo de satisfazer voc\u00ea.<\/p>\n<p>Cinto confeccionado em material algod\u00e3o fita\/gorgur\u00e3o, fivela largura (4 cm) em metal ouro velho, proporcionando um melhor acabamento e visual.<br \/>\nUtilizamos nos detalhes material couro genu\u00edno\u00a0 na cor marrom para complemento na fivela, nos furos com ilh\u00f3ses e na ponta do cinto.<br \/>\nVisual moderno que possibilita o uso com cal\u00e7as e bermudas.<br \/>\nIndicado para dia a dia em diversas ocasi\u00f5es. Resistente e dur\u00e1vel.<br \/>\nFabricado e comercializado pela RMarq Collection com todo cuidado e qualidade, visando sempre o melhor benef\u00edcio para voc\u00ea.<\/p>\n<p>Dispon\u00edvel nas cores:<br \/>\nMarrom com listra vermelha e fivela ouro velho.<br \/>\nLargura: 4 cm<\/p>\n<table style=\"height: 270px;\" width=\"370\">\n<tbody>\n<tr>\n<td width=\"57\">\n<p style=\"text-align: center;\">Tamanho<\/p>\n<\/td>\n<td style=\"text-align: center;\" width=\"75\">Comprimento<\/td>\n<td width=\"77\">\n<p style=\"text-align: center;\">Cintura<\/p>\n<\/td>\n<\/tr>\n<tr>\n<td width=\"57\">\n<p style=\"text-align: center;\">P<\/p>\n<\/td>\n<td style=\"text-align: center;\" width=\"75\">105<\/td>\n<td style=\"text-align: center;\" width=\"77\">74 \u00a0\u00a0a \u00a0\u00a094<\/td>\n<\/tr>\n<tr>\n<td style=\"text-align: center;\" width=\"57\">M<\/td>\n<td style=\"text-align: center;\" width=\"75\">110<\/td>\n<td width=\"77\">\n<p style=\"text-align: center;\">\u00a0 80 \u00a0\u00a0a \u00a0\u00a0100<\/p>\n<\/td>\n<\/tr>\n<tr>\n<td width=\"57\">\n<p style=\"text-align: center;\">G<\/p>\n<\/td>\n<td style=\"text-align: center;\" width=\"75\">120<\/td>\n<td style=\"text-align: center;\" width=\"77\">\u00a0 \u00a090\u00a0 \u00a0a \u00a0\u00a0\u00a0110<\/td>\n<\/tr>\n<tr>\n<td style=\"text-align: center;\" width=\"57\">GG<\/td>\n<td style=\"text-align: center;\" width=\"75\">135<\/td>\n<td width=\"77\">\n<p style=\"text-align: center;\">\u00a0\u00a0 105\u00a0 \u00a0a \u00a0\u00a0125<\/p>\n<\/td>\n<\/tr>\n<\/tbody>\n<\/table>\n<p>Medidas padronizadas para os nossos cintos.<br \/>\nImportante fazer as medidas de sua cintura para a aquisi\u00e7\u00e3o correta do seu cinto.<br \/>\nComo medir? Use um cinto que voc\u00ea j\u00e1 usa para medir.<br \/>\nMedir da extremidade da fivela at\u00e9 o furo do meio, por\u00e9m por ter v\u00e1rios furos pode ser ajustado ao corpo para mais ou menos.<\/p>\n<p>Garantia do Fabricante: Contra defeitos de fabrica\u00e7\u00e3o \/ 30 dias.<br \/>\n<strong><span style=\"color: #0000ff;\"><a style=\"color: #0000ff;\" href=\"https:\/\/rmarqcollection.com.br\/?page_id=238\">Estamos dispon\u00edveis para atender \u00e0s suas d\u00favidas.<\/a><\/span><\/strong><\/p>\n","protected":false},"excerpt":{"rendered":"<h6><span style=\"color: #0000ff;\"><a style=\"color: #0000ff;\" href=\"https:\/\/rmarqcollection.com.br\/?page_id=1849\"><strong>Em 12x confira formas de pagamentos<\/strong><\/a><\/span><\/h6>\n<h6><strong>Fivela Ouro Velho (4 cm), ilh\u00f3ses e detalhe em couro.<\/strong><\/h6>\n","protected":false},"featured_media":5042,"comment_status":"open","ping_status":"closed","template":"","meta":{"jetpack_publicize_message":"","jetpack_publicize_feature_enabled":true,"jetpack_social_post_already_shared":false,"jetpack_social_options":{"image_generator_settings":{"template":"highway","default_image_id":0,"font":"","enabled":false},"version":2}},"product_brand":[509],"product_cat":[261,32],"product_tag":[362,487,488,486,359,202,355],"class_list":{"0":"post-259","1":"product","2":"type-product","3":"status-publish","6":"product_brand-rmarq-collection","7":"product_cat-cintos-de-fita-gorgurao","8":"product_cat-cintos-masculinos","9":"product_tag-cinto","10":"product_tag-cinto-fita-gorgurao","11":"product_tag-cinto-listra-vermelha","12":"product_tag-cinto-listrado","13":"product_tag-cinto-marrom","14":"product_tag-cinto-masculino","15":"product_tag-cintos","17":"first","18":"instock","19":"sale","20":"taxable","21":"shipping-taxable","22":"purchasable","23":"product-type-variable"},"aioseo_notices":[],"jetpack_publicize_connections":[],"jetpack-related-posts":[{"id":6928,"url":"https:\/\/rmarqcollection.com.br\/?product=cinto-masculino-gorgurao-branco-listra-preta-rmarq-collection","url_meta":{"origin":259,"position":0},"title":"Cinto Masculino Gorgur\u00e3o Branco Listra Preta RMarq Collection","author":"cole\u00e7\u00e3o rmarq","date":"07\/09\/2025","format":false,"excerpt":"Em 12x confira formas de pagamentos. Largura (4 cm), detalhes couro, oito furos, presilha e parafuso. V\u00eddeo","rel":"","context":"Post similar","block_context":{"text":"Post similar","link":""},"img":{"alt_text":"","src":"https:\/\/i0.wp.com\/rmarqcollection.com.br\/wp-content\/uploads\/2025\/09\/Cinto-gorgurao-branco-listra-preta-1.png?fit=1200%2C1200&ssl=1&resize=350%2C200","width":350,"height":200,"srcset":"https:\/\/i0.wp.com\/rmarqcollection.com.br\/wp-content\/uploads\/2025\/09\/Cinto-gorgurao-branco-listra-preta-1.png?fit=1200%2C1200&ssl=1&resize=350%2C200 1x, https:\/\/i0.wp.com\/rmarqcollection.com.br\/wp-content\/uploads\/2025\/09\/Cinto-gorgurao-branco-listra-preta-1.png?fit=1200%2C1200&ssl=1&resize=525%2C300 1.5x, https:\/\/i0.wp.com\/rmarqcollection.com.br\/wp-content\/uploads\/2025\/09\/Cinto-gorgurao-branco-listra-preta-1.png?fit=1200%2C1200&ssl=1&resize=700%2C400 2x, https:\/\/i0.wp.com\/rmarqcollection.com.br\/wp-content\/uploads\/2025\/09\/Cinto-gorgurao-branco-listra-preta-1.png?fit=1200%2C1200&ssl=1&resize=1050%2C600 3x"},"classes":[]},{"id":6918,"url":"https:\/\/rmarqcollection.com.br\/?product=cinto-masculino-gorgurao-verde-listrado-preto-rmarq-collection","url_meta":{"origin":259,"position":1},"title":"Cinto Masculino Gorgur\u00e3o Verde Listrado Preto RMarq Collection","author":"cole\u00e7\u00e3o rmarq","date":"07\/09\/2025","format":false,"excerpt":"Em 12x confira formas de pagamentos. Largura (3,5 cm), detalhes couro, oito furos, presilha e parafuso. V\u00eddeo","rel":"","context":"Post similar","block_context":{"text":"Post similar","link":""},"img":{"alt_text":"","src":"https:\/\/i0.wp.com\/rmarqcollection.com.br\/wp-content\/uploads\/2025\/09\/cinto-gorgurao-verde-listras-pretas-1.png?fit=1200%2C1200&ssl=1&resize=350%2C200","width":350,"height":200,"srcset":"https:\/\/i0.wp.com\/rmarqcollection.com.br\/wp-content\/uploads\/2025\/09\/cinto-gorgurao-verde-listras-pretas-1.png?fit=1200%2C1200&ssl=1&resize=350%2C200 1x, https:\/\/i0.wp.com\/rmarqcollection.com.br\/wp-content\/uploads\/2025\/09\/cinto-gorgurao-verde-listras-pretas-1.png?fit=1200%2C1200&ssl=1&resize=525%2C300 1.5x, https:\/\/i0.wp.com\/rmarqcollection.com.br\/wp-content\/uploads\/2025\/09\/cinto-gorgurao-verde-listras-pretas-1.png?fit=1200%2C1200&ssl=1&resize=700%2C400 2x, https:\/\/i0.wp.com\/rmarqcollection.com.br\/wp-content\/uploads\/2025\/09\/cinto-gorgurao-verde-listras-pretas-1.png?fit=1200%2C1200&ssl=1&resize=1050%2C600 3x"},"classes":[]},{"id":6944,"url":"https:\/\/rmarqcollection.com.br\/?product=cinto-masculino-gorgurao-azul-marinho-listras-rmarq-collection","url_meta":{"origin":259,"position":2},"title":"Cinto Masculino Gorgur\u00e3o Azul Marinho Listras RMarq Collection","author":"cole\u00e7\u00e3o rmarq","date":"07\/09\/2025","format":false,"excerpt":"Em 12x confira formas de pagamentos. Largura (3,5 cm), detalhes couro, oito furos, presilha e parafuso. V\u00eddeo","rel":"","context":"Post similar","block_context":{"text":"Post similar","link":""},"img":{"alt_text":"","src":"https:\/\/i0.wp.com\/rmarqcollection.com.br\/wp-content\/uploads\/2025\/09\/Cinto-gorgurao-azul-marinho-listras-1.png?fit=1200%2C1200&ssl=1&resize=350%2C200","width":350,"height":200,"srcset":"https:\/\/i0.wp.com\/rmarqcollection.com.br\/wp-content\/uploads\/2025\/09\/Cinto-gorgurao-azul-marinho-listras-1.png?fit=1200%2C1200&ssl=1&resize=350%2C200 1x, https:\/\/i0.wp.com\/rmarqcollection.com.br\/wp-content\/uploads\/2025\/09\/Cinto-gorgurao-azul-marinho-listras-1.png?fit=1200%2C1200&ssl=1&resize=525%2C300 1.5x, https:\/\/i0.wp.com\/rmarqcollection.com.br\/wp-content\/uploads\/2025\/09\/Cinto-gorgurao-azul-marinho-listras-1.png?fit=1200%2C1200&ssl=1&resize=700%2C400 2x, https:\/\/i0.wp.com\/rmarqcollection.com.br\/wp-content\/uploads\/2025\/09\/Cinto-gorgurao-azul-marinho-listras-1.png?fit=1200%2C1200&ssl=1&resize=1050%2C600 3x"},"classes":[]},{"id":6923,"url":"https:\/\/rmarqcollection.com.br\/?product=cinto-masculino-gorgurao-cinza-rmarq-collection","url_meta":{"origin":259,"position":3},"title":"Cinto Masculino Gorgur\u00e3o Cinza RMarq Collection","author":"cole\u00e7\u00e3o rmarq","date":"07\/09\/2025","format":false,"excerpt":"Em 12x confira formas de pagamentos. Largura (3,5 cm), detalhes couro, oito furos, presilha e parafuso. V\u00eddeo","rel":"","context":"Post similar","block_context":{"text":"Post similar","link":""},"img":{"alt_text":"","src":"https:\/\/i0.wp.com\/rmarqcollection.com.br\/wp-content\/uploads\/2025\/09\/cinto-gorgurao-cinza-1.png?fit=1200%2C1200&ssl=1&resize=350%2C200","width":350,"height":200,"srcset":"https:\/\/i0.wp.com\/rmarqcollection.com.br\/wp-content\/uploads\/2025\/09\/cinto-gorgurao-cinza-1.png?fit=1200%2C1200&ssl=1&resize=350%2C200 1x, https:\/\/i0.wp.com\/rmarqcollection.com.br\/wp-content\/uploads\/2025\/09\/cinto-gorgurao-cinza-1.png?fit=1200%2C1200&ssl=1&resize=525%2C300 1.5x, https:\/\/i0.wp.com\/rmarqcollection.com.br\/wp-content\/uploads\/2025\/09\/cinto-gorgurao-cinza-1.png?fit=1200%2C1200&ssl=1&resize=700%2C400 2x, https:\/\/i0.wp.com\/rmarqcollection.com.br\/wp-content\/uploads\/2025\/09\/cinto-gorgurao-cinza-1.png?fit=1200%2C1200&ssl=1&resize=1050%2C600 3x"},"classes":[]},{"id":2873,"url":"https:\/\/rmarqcollection.com.br\/?product=cinto-masculino-jeans-escuro-fivela-e-parafuso-largura-4-cm","url_meta":{"origin":259,"position":4},"title":"Cinto Masculino Tecido Jeans Largura (4 cm) RMarq Collection","author":"cole\u00e7\u00e3o rmarq","date":"09\/09\/2022","format":false,"excerpt":"Em 12x confira formas de pagamentos Frete gr\u00e1tis saiba mais\u2026 Azul marinho liso\/ listrado, detalhes couro, largura (4 cm), presilha e parafuso. V\u00eddeo","rel":"","context":"Post similar","block_context":{"text":"Post similar","link":""},"img":{"alt_text":"","src":"https:\/\/i0.wp.com\/rmarqcollection.com.br\/wp-content\/uploads\/2022\/09\/os-tres.jpg?fit=1197%2C1200&ssl=1&resize=350%2C200","width":350,"height":200,"srcset":"https:\/\/i0.wp.com\/rmarqcollection.com.br\/wp-content\/uploads\/2022\/09\/os-tres.jpg?fit=1197%2C1200&ssl=1&resize=350%2C200 1x, https:\/\/i0.wp.com\/rmarqcollection.com.br\/wp-content\/uploads\/2022\/09\/os-tres.jpg?fit=1197%2C1200&ssl=1&resize=525%2C300 1.5x, https:\/\/i0.wp.com\/rmarqcollection.com.br\/wp-content\/uploads\/2022\/09\/os-tres.jpg?fit=1197%2C1200&ssl=1&resize=700%2C400 2x, https:\/\/i0.wp.com\/rmarqcollection.com.br\/wp-content\/uploads\/2022\/09\/os-tres.jpg?fit=1197%2C1200&ssl=1&resize=1050%2C600 3x"},"classes":[]},{"id":3497,"url":"https:\/\/rmarqcollection.com.br\/?product=3497","url_meta":{"origin":259,"position":5},"title":"Cinto Masculino Couro Genu\u00edno Marrom Escuro RMarq Collection","author":"cole\u00e7\u00e3o rmarq","date":"04\/02\/2023","format":false,"excerpt":"Em 12x confira formas de pagamentos. Fivela remov\u00edvel preta (4 cm), regulagem em parafuso. Detalhe em couro preto. V\u00eddeo","rel":"","context":"Post similar","block_context":{"text":"Post similar","link":""},"img":{"alt_text":"","src":"https:\/\/i0.wp.com\/rmarqcollection.com.br\/wp-content\/uploads\/2023\/02\/Cinto-Masculino-4-cm-Couro-Marrom-escuro-1.png?fit=1200%2C1199&ssl=1&resize=350%2C200","width":350,"height":200,"srcset":"https:\/\/i0.wp.com\/rmarqcollection.com.br\/wp-content\/uploads\/2023\/02\/Cinto-Masculino-4-cm-Couro-Marrom-escuro-1.png?fit=1200%2C1199&ssl=1&resize=350%2C200 1x, https:\/\/i0.wp.com\/rmarqcollection.com.br\/wp-content\/uploads\/2023\/02\/Cinto-Masculino-4-cm-Couro-Marrom-escuro-1.png?fit=1200%2C1199&ssl=1&resize=525%2C300 1.5x, https:\/\/i0.wp.com\/rmarqcollection.com.br\/wp-content\/uploads\/2023\/02\/Cinto-Masculino-4-cm-Couro-Marrom-escuro-1.png?fit=1200%2C1199&ssl=1&resize=700%2C400 2x, https:\/\/i0.wp.com\/rmarqcollection.com.br\/wp-content\/uploads\/2023\/02\/Cinto-Masculino-4-cm-Couro-Marrom-escuro-1.png?fit=1200%2C1199&ssl=1&resize=1050%2C600 3x"},"classes":[]}],"jetpack_likes_enabled":true,"jetpack_sharing_enabled":true,"_links":{"self":[{"href":"https:\/\/rmarqcollection.com.br\/index.php?rest_route=\/wp\/v2\/product\/259","targetHints":{"allow":["GET"]}}],"collection":[{"href":"https:\/\/rmarqcollection.com.br\/index.php?rest_route=\/wp\/v2\/product"}],"about":[{"href":"https:\/\/rmarqcollection.com.br\/index.php?rest_route=\/wp\/v2\/types\/product"}],"replies":[{"embeddable":true,"href":"https:\/\/rmarqcollection.com.br\/index.php?rest_route=%2Fwp%2Fv2%2Fcomments&post=259"}],"wp:featuredmedia":[{"embeddable":true,"href":"https:\/\/rmarqcollection.com.br\/index.php?rest_route=\/wp\/v2\/media\/5042"}],"wp:attachment":[{"href":"https:\/\/rmarqcollection.com.br\/index.php?rest_route=%2Fwp%2Fv2%2Fmedia&parent=259"}],"wp:term":[{"taxonomy":"product_brand","embeddable":true,"href":"https:\/\/rmarqcollection.com.br\/index.php?rest_route=%2Fwp%2Fv2%2Fproduct_brand&post=259"},{"taxonomy":"product_cat","embeddable":true,"href":"https:\/\/rmarqcollection.com.br\/index.php?rest_route=%2Fwp%2Fv2%2Fproduct_cat&post=259"},{"taxonomy":"product_tag","embeddable":true,"href":"https:\/\/rmarqcollection.com.br\/index.php?rest_route=%2Fwp%2Fv2%2Fproduct_tag&post=259"}],"curies":[{"name":"wp","href":"https:\/\/api.w.org\/{rel}","templated":true}]}}