{"id":2604,"date":"2022-08-29T23:00:26","date_gmt":"2022-08-30T02:00:26","guid":{"rendered":"https:\/\/rmarqcollection.com.br\/?post_type=product&#038;p=2604"},"modified":"2026-02-15T16:48:24","modified_gmt":"2026-02-15T19:48:24","slug":"bolsa-feminina-media-couro-legitimo-alca-transversal","status":"publish","type":"product","link":"https:\/\/rmarqcollection.com.br\/?product=bolsa-feminina-media-couro-legitimo-alca-transversal","title":{"rendered":"Bolsa Feminina Couro Genu\u00edno Ombro Transversal RMarq Collection"},"content":{"rendered":"<p>Bem-vindo (a) a nossa loja! Queremos proporcionar a voc\u00ea o que h\u00e1 de melhor. Todos os nossos produtos s\u00e3o confeccionados visando a qualidade e o conforto sempre com o objetivo de satisfazer voc\u00ea.<br \/>\nA RMarq Collection produz e comercializa este produto visando sempre a melhor qualidade, beleza e o estilo.<\/p>\n<p>Bolsa feminina m\u00e9dia, feita em material couro genu\u00edno. Detalhes franja, costuras de fantasia, enfeite pir\u00e2mide e bolso externo com z\u00edper. Forrada internamente com forro celta preto e bolso interno com z\u00edper. Al\u00e7a regul\u00e1vel Ombro\/Transversal e detalhe metais dourados. Fecho de z\u00edper na cor, cursor dourado e puxadores em couro.<br \/>\nUma \u00f3tima op\u00e7\u00e3o para os seus momentos de passeio, festas e encontros sociais. Guarde seus objetos e tenha uma bolsa estilosa para o dia a dia.<\/p>\n<p>Ideal para uso diversos ambientes.<\/p>\n<p><strong>Informa\u00e7\u00f5es t\u00e9cnicas:<\/strong><br \/>\nModelo: Bolsa feminina<br \/>\nAl\u00e7a regul\u00e1vel ombro e transversal , abertura total (130 cm e\u00a0 largura 2 cm).<br \/>\nMaterial: Couro genu\u00edno<br \/>\nCor: Marrom liso e Bege cintilante gravado <img data-recalc-dims=\"1\" loading=\"lazy\" decoding=\"async\" class=\" wp-image-5602 alignright\" src=\"https:\/\/i0.wp.com\/rmarqcollection.com.br\/wp-content\/uploads\/2022\/08\/medidas-bolsa-de-couro.jpg?resize=292%2C292&#038;ssl=1\" alt=\"\" width=\"292\" height=\"292\" srcset=\"https:\/\/i0.wp.com\/rmarqcollection.com.br\/wp-content\/uploads\/2022\/08\/medidas-bolsa-de-couro.jpg?resize=300%2C300&amp;ssl=1 300w, https:\/\/i0.wp.com\/rmarqcollection.com.br\/wp-content\/uploads\/2022\/08\/medidas-bolsa-de-couro.jpg?resize=100%2C100&amp;ssl=1 100w, https:\/\/i0.wp.com\/rmarqcollection.com.br\/wp-content\/uploads\/2022\/08\/medidas-bolsa-de-couro.jpg?resize=600%2C600&amp;ssl=1 600w, https:\/\/i0.wp.com\/rmarqcollection.com.br\/wp-content\/uploads\/2022\/08\/medidas-bolsa-de-couro.jpg?resize=150%2C150&amp;ssl=1 150w, https:\/\/i0.wp.com\/rmarqcollection.com.br\/wp-content\/uploads\/2022\/08\/medidas-bolsa-de-couro.jpg?w=614&amp;ssl=1 614w\" sizes=\"auto, (max-width: 292px) 100vw, 292px\" \/><br \/>\nForro: Celta Preto<br \/>\nPeso: 190 g<br \/>\nLargura abertura : 30 cm<br \/>\nComprimento: 30 cm<br \/>\nAltura: 20 cm<br \/>\nLargura fundo: 4 cm<br \/>\nAbertura e fechamento: z\u00edper na cor<br \/>\nRecomendamos M\u00e1ximo 1,8 kg<br \/>\nBolso: externo\u00a0 e interno com z\u00edper<br \/>\nDetalhes\/Enfeites: franja, costuras de fantasia e pir\u00e2mides pequenas e metal.<\/p>\n<p><strong>Recomenda\u00e7\u00f5es de Uso:<\/strong><br \/>\nA limpeza da bolsa pode ser feita com pano seco ou \u00famido. Se lavar n\u00e3o use produtos qu\u00edmicos e n\u00e3o usar bucha grossa, pois pode ocasionar ranhuras e danificar o couro. N\u00e3o usar nenhuma fonte de calor para secar a n\u00e3o ser a natural. Guardar em local sem umidade ap\u00f3s o uso. Pode-se usar produtos dispon\u00edveis e compat\u00edveis no mercado para conserva\u00e7\u00e3o e brilho do couro.<\/p>\n<p>Por se tratar de couro pode ocorrer pequenas varia\u00e7\u00f5es nos tons. Portanto, n\u00e3o s\u00e3o considerados defeitos ou falta de informa\u00e7\u00f5es.<\/p>\n<p>Cuide bem do seu produto para que tenha uma boa durabilidade.<br \/>\nProduzido e comercializado por RMarq Collection.<br \/>\nGarantia do Fabricante: Contra defeitos de fabrica\u00e7\u00e3o; 30 dias.<br \/>\n<span style=\"color: #0000ff;\"><strong><a style=\"color: #0000ff;\" href=\"https:\/\/rmarqcollection.com.br\/?page_id=238\">Estamos a disposi\u00e7\u00e3o para atender \u00e0s suas d\u00favidas.<\/a><\/strong><\/span><\/p>\n","protected":false},"excerpt":{"rendered":"<h6><span style=\"color: #0000ff;\"><a style=\"color: #0000ff;\" href=\"https:\/\/rmarqcollection.com.br\/?page_id=1849\"><strong>Em 12x confira formas de pagamentos<\/strong><\/a><\/span><\/h6>\n<h6><span style=\"color: #339966;\"><a style=\"color: #339966;\" href=\"https:\/\/rmarqcollection.com.br\/?page_id=2010\"><strong>Frete gr\u00e1tis saiba mais\u2026<\/strong><\/a><\/span><\/h6>\n<h6><strong>Couro genu\u00edno, franja, costuras fantasia, enfeite, metal e z\u00edper.<\/strong><\/h6>\n","protected":false},"featured_media":6066,"comment_status":"open","ping_status":"closed","template":"","meta":{"jetpack_publicize_message":"","jetpack_publicize_feature_enabled":true,"jetpack_social_post_already_shared":true,"jetpack_social_options":{"image_generator_settings":{"template":"highway","default_image_id":0,"font":"","enabled":false},"version":2}},"product_brand":[509],"product_cat":[222,376],"product_tag":[168,383,589,380,169,545,546,378,368,224],"class_list":{"0":"post-2604","1":"product","2":"type-product","3":"status-publish","6":"product_brand-rmarq-collection","7":"product_cat-bolsas-de-couro","8":"product_cat-bolsas-femininas","9":"product_tag-bolsa","10":"product_tag-bolsa-alca-transversal","11":"product_tag-bolsa-couro-genuino","12":"product_tag-bolsa-de-couro-feminina","13":"product_tag-bolsa-feminina","14":"product_tag-bolsa-marrom","15":"product_tag-bolsa-media","16":"product_tag-bolsa-ombro","17":"product_tag-bolsas","18":"product_tag-bolsas-de-couro","20":"first","21":"instock","22":"sale","23":"taxable","24":"shipping-taxable","25":"purchasable","26":"product-type-variable"},"aioseo_notices":[],"jetpack_publicize_connections":[],"jetpack-related-posts":[{"id":6438,"url":"https:\/\/rmarqcollection.com.br\/?product=bolsa-feminina-mao-ombro-e-tiracolo-couro-rmarq-collection","url_meta":{"origin":2604,"position":0},"title":"Bolsa Feminina M\u00e3o Ombro Tiracolo Couro Genu\u00edno RMarq Collection","author":"cole\u00e7\u00e3o rmarq","date":"22\/06\/2025","format":false,"excerpt":"V\u00eddeo Em 12x confira formas de pagamentos Frete gr\u00e1tis saiba mais\u2026","rel":"","context":"Post similar","block_context":{"text":"Post similar","link":""},"img":{"alt_text":"","src":"https:\/\/i0.wp.com\/rmarqcollection.com.br\/wp-content\/uploads\/2025\/06\/Bolsa-Feminina-Couro-Camel-RMarq-3-1-1.png?fit=1200%2C1200&ssl=1&resize=350%2C200","width":350,"height":200,"srcset":"https:\/\/i0.wp.com\/rmarqcollection.com.br\/wp-content\/uploads\/2025\/06\/Bolsa-Feminina-Couro-Camel-RMarq-3-1-1.png?fit=1200%2C1200&ssl=1&resize=350%2C200 1x, https:\/\/i0.wp.com\/rmarqcollection.com.br\/wp-content\/uploads\/2025\/06\/Bolsa-Feminina-Couro-Camel-RMarq-3-1-1.png?fit=1200%2C1200&ssl=1&resize=525%2C300 1.5x, https:\/\/i0.wp.com\/rmarqcollection.com.br\/wp-content\/uploads\/2025\/06\/Bolsa-Feminina-Couro-Camel-RMarq-3-1-1.png?fit=1200%2C1200&ssl=1&resize=700%2C400 2x, https:\/\/i0.wp.com\/rmarqcollection.com.br\/wp-content\/uploads\/2025\/06\/Bolsa-Feminina-Couro-Camel-RMarq-3-1-1.png?fit=1200%2C1200&ssl=1&resize=1050%2C600 3x"},"classes":[]},{"id":1214,"url":"https:\/\/rmarqcollection.com.br\/?product=bolsa-feminina-ombro-material-sintetico-preto-detalhe-couro-vermelho","url_meta":{"origin":2604,"position":1},"title":"Bolsa Feminina Couro Sint\u00e9tico Preto Ombro RMarq Collection","author":"cole\u00e7\u00e3o rmarq","date":"28\/03\/2022","format":false,"excerpt":"Em 12x confira formas de pagamentos. Al\u00e7as cor preto e detalhe vermelho, metal, rebite n\u00edquel, fecho z\u00edper e bolsos. V\u00eddeo","rel":"","context":"Post similar","block_context":{"text":"Post similar","link":""},"img":{"alt_text":"","src":"https:\/\/i0.wp.com\/rmarqcollection.com.br\/wp-content\/uploads\/2022\/03\/Bolsa-Preta-Sintetica-1.png?fit=1200%2C1200&ssl=1&resize=350%2C200","width":350,"height":200,"srcset":"https:\/\/i0.wp.com\/rmarqcollection.com.br\/wp-content\/uploads\/2022\/03\/Bolsa-Preta-Sintetica-1.png?fit=1200%2C1200&ssl=1&resize=350%2C200 1x, https:\/\/i0.wp.com\/rmarqcollection.com.br\/wp-content\/uploads\/2022\/03\/Bolsa-Preta-Sintetica-1.png?fit=1200%2C1200&ssl=1&resize=525%2C300 1.5x, https:\/\/i0.wp.com\/rmarqcollection.com.br\/wp-content\/uploads\/2022\/03\/Bolsa-Preta-Sintetica-1.png?fit=1200%2C1200&ssl=1&resize=700%2C400 2x, https:\/\/i0.wp.com\/rmarqcollection.com.br\/wp-content\/uploads\/2022\/03\/Bolsa-Preta-Sintetica-1.png?fit=1200%2C1200&ssl=1&resize=1050%2C600 3x"},"classes":[]},{"id":1242,"url":"https:\/\/rmarqcollection.com.br\/?product=bolsa-feminina-ombro-sintetico-caramelo","url_meta":{"origin":2604,"position":2},"title":"Bolsa Feminina Couro Sint\u00e9tico Caramelo Ombro RMarq Collection","author":"cole\u00e7\u00e3o rmarq","date":"10\/04\/2022","format":false,"excerpt":"Em 12x confira formas de pagamentos Al\u00e7a remov\u00edvel, fecho z\u00edper, metais dourados e bolsos. V\u00eddeo\u00a0","rel":"","context":"Post similar","block_context":{"text":"Post similar","link":""},"img":{"alt_text":"","src":"https:\/\/i0.wp.com\/rmarqcollection.com.br\/wp-content\/uploads\/2022\/04\/bolsa-Caramelo-10.jpg?fit=1200%2C1199&ssl=1&resize=350%2C200","width":350,"height":200,"srcset":"https:\/\/i0.wp.com\/rmarqcollection.com.br\/wp-content\/uploads\/2022\/04\/bolsa-Caramelo-10.jpg?fit=1200%2C1199&ssl=1&resize=350%2C200 1x, https:\/\/i0.wp.com\/rmarqcollection.com.br\/wp-content\/uploads\/2022\/04\/bolsa-Caramelo-10.jpg?fit=1200%2C1199&ssl=1&resize=525%2C300 1.5x, https:\/\/i0.wp.com\/rmarqcollection.com.br\/wp-content\/uploads\/2022\/04\/bolsa-Caramelo-10.jpg?fit=1200%2C1199&ssl=1&resize=700%2C400 2x, https:\/\/i0.wp.com\/rmarqcollection.com.br\/wp-content\/uploads\/2022\/04\/bolsa-Caramelo-10.jpg?fit=1200%2C1199&ssl=1&resize=1050%2C600 3x"},"classes":[]},{"id":6411,"url":"https:\/\/rmarqcollection.com.br\/?product=bolsa-feminina-mao-e-ombro-couro-rmarq-collection","url_meta":{"origin":2604,"position":3},"title":"Bolsa Feminina M\u00e3o e Ombro Couro Genu\u00edno RMarq Collection","author":"cole\u00e7\u00e3o rmarq","date":"12\/06\/2025","format":false,"excerpt":"V\u00eddeo Em 12x confira formas de pagamentos Frete gr\u00e1tis saiba mais\u2026","rel":"","context":"Post similar","block_context":{"text":"Post similar","link":""},"img":{"alt_text":"","src":"https:\/\/i0.wp.com\/rmarqcollection.com.br\/wp-content\/uploads\/2025\/06\/Bolsa-Feminina-Couro-Preto-RMarq-2-5-1.png?fit=1199%2C1200&ssl=1&resize=350%2C200","width":350,"height":200,"srcset":"https:\/\/i0.wp.com\/rmarqcollection.com.br\/wp-content\/uploads\/2025\/06\/Bolsa-Feminina-Couro-Preto-RMarq-2-5-1.png?fit=1199%2C1200&ssl=1&resize=350%2C200 1x, https:\/\/i0.wp.com\/rmarqcollection.com.br\/wp-content\/uploads\/2025\/06\/Bolsa-Feminina-Couro-Preto-RMarq-2-5-1.png?fit=1199%2C1200&ssl=1&resize=525%2C300 1.5x, https:\/\/i0.wp.com\/rmarqcollection.com.br\/wp-content\/uploads\/2025\/06\/Bolsa-Feminina-Couro-Preto-RMarq-2-5-1.png?fit=1199%2C1200&ssl=1&resize=700%2C400 2x, https:\/\/i0.wp.com\/rmarqcollection.com.br\/wp-content\/uploads\/2025\/06\/Bolsa-Feminina-Couro-Preto-RMarq-2-5-1.png?fit=1199%2C1200&ssl=1&resize=1050%2C600 3x"},"classes":[]},{"id":6250,"url":"https:\/\/rmarqcollection.com.br\/?product=bolsa-de-couro-masculina-transversal-e-mao-rmarq-collection","url_meta":{"origin":2604,"position":4},"title":"Bolsa Masculina Couro Genu\u00edno Transversal M\u00e3o RMarq Collection","author":"cole\u00e7\u00e3o rmarq","date":"04\/05\/2025","format":false,"excerpt":"Em 12x confira formas de pagamentos Frete gr\u00e1tis saiba mais... Aten\u00e7\u00e3o: ap\u00f3s a compra Seis (4) dias \u00fateis para postagem da bolsa.","rel":"","context":"Post similar","block_context":{"text":"Post similar","link":""},"img":{"alt_text":"","src":"https:\/\/i0.wp.com\/rmarqcollection.com.br\/wp-content\/uploads\/2025\/05\/Bolsa-masculina-de-couro-1.png?fit=1200%2C1200&ssl=1&resize=350%2C200","width":350,"height":200,"srcset":"https:\/\/i0.wp.com\/rmarqcollection.com.br\/wp-content\/uploads\/2025\/05\/Bolsa-masculina-de-couro-1.png?fit=1200%2C1200&ssl=1&resize=350%2C200 1x, https:\/\/i0.wp.com\/rmarqcollection.com.br\/wp-content\/uploads\/2025\/05\/Bolsa-masculina-de-couro-1.png?fit=1200%2C1200&ssl=1&resize=525%2C300 1.5x, https:\/\/i0.wp.com\/rmarqcollection.com.br\/wp-content\/uploads\/2025\/05\/Bolsa-masculina-de-couro-1.png?fit=1200%2C1200&ssl=1&resize=700%2C400 2x, https:\/\/i0.wp.com\/rmarqcollection.com.br\/wp-content\/uploads\/2025\/05\/Bolsa-masculina-de-couro-1.png?fit=1200%2C1200&ssl=1&resize=1050%2C600 3x"},"classes":[]},{"id":3431,"url":"https:\/\/rmarqcollection.com.br\/?product=bolsa-jeans-feminina-grande-marinho-escuro-alca-ombro","url_meta":{"origin":2604,"position":5},"title":"Bolsa Feminina Jeans Azul-Marinho Ombro RMarq Collection","author":"cole\u00e7\u00e3o rmarq","date":"30\/12\/2022","format":false,"excerpt":"Em 12x confira formas de pagamentos. Al\u00e7a ombro, corrente e fita dourada, costuras rosa, fecho z\u00edper e bolsos.\u00a0 V\u00eddeo","rel":"","context":"Post similar","block_context":{"text":"Post similar","link":""},"img":{"alt_text":"","src":"https:\/\/i0.wp.com\/rmarqcollection.com.br\/wp-content\/uploads\/2022\/12\/Bolsa-Jeans-G-0.jpg?fit=1200%2C1200&ssl=1&resize=350%2C200","width":350,"height":200,"srcset":"https:\/\/i0.wp.com\/rmarqcollection.com.br\/wp-content\/uploads\/2022\/12\/Bolsa-Jeans-G-0.jpg?fit=1200%2C1200&ssl=1&resize=350%2C200 1x, https:\/\/i0.wp.com\/rmarqcollection.com.br\/wp-content\/uploads\/2022\/12\/Bolsa-Jeans-G-0.jpg?fit=1200%2C1200&ssl=1&resize=525%2C300 1.5x, https:\/\/i0.wp.com\/rmarqcollection.com.br\/wp-content\/uploads\/2022\/12\/Bolsa-Jeans-G-0.jpg?fit=1200%2C1200&ssl=1&resize=700%2C400 2x, https:\/\/i0.wp.com\/rmarqcollection.com.br\/wp-content\/uploads\/2022\/12\/Bolsa-Jeans-G-0.jpg?fit=1200%2C1200&ssl=1&resize=1050%2C600 3x"},"classes":[]}],"jetpack_likes_enabled":true,"jetpack_sharing_enabled":true,"_links":{"self":[{"href":"https:\/\/rmarqcollection.com.br\/index.php?rest_route=\/wp\/v2\/product\/2604","targetHints":{"allow":["GET"]}}],"collection":[{"href":"https:\/\/rmarqcollection.com.br\/index.php?rest_route=\/wp\/v2\/product"}],"about":[{"href":"https:\/\/rmarqcollection.com.br\/index.php?rest_route=\/wp\/v2\/types\/product"}],"replies":[{"embeddable":true,"href":"https:\/\/rmarqcollection.com.br\/index.php?rest_route=%2Fwp%2Fv2%2Fcomments&post=2604"}],"wp:featuredmedia":[{"embeddable":true,"href":"https:\/\/rmarqcollection.com.br\/index.php?rest_route=\/wp\/v2\/media\/6066"}],"wp:attachment":[{"href":"https:\/\/rmarqcollection.com.br\/index.php?rest_route=%2Fwp%2Fv2%2Fmedia&parent=2604"}],"wp:term":[{"taxonomy":"product_brand","embeddable":true,"href":"https:\/\/rmarqcollection.com.br\/index.php?rest_route=%2Fwp%2Fv2%2Fproduct_brand&post=2604"},{"taxonomy":"product_cat","embeddable":true,"href":"https:\/\/rmarqcollection.com.br\/index.php?rest_route=%2Fwp%2Fv2%2Fproduct_cat&post=2604"},{"taxonomy":"product_tag","embeddable":true,"href":"https:\/\/rmarqcollection.com.br\/index.php?rest_route=%2Fwp%2Fv2%2Fproduct_tag&post=2604"}],"curies":[{"name":"wp","href":"https:\/\/api.w.org\/{rel}","templated":true}]}}