{"id":277,"date":"2021-06-09T23:02:49","date_gmt":"2021-06-10T02:02:49","guid":{"rendered":"https:\/\/rmarqcollection.com.br\/?post_type=product&#038;p=277"},"modified":"2025-10-01T22:08:19","modified_gmt":"2025-10-02T01:08:19","slug":"pochete-cintura-nylon-600","status":"publish","type":"product","link":"https:\/\/rmarqcollection.com.br\/?product=pochete-cintura-nylon-600","title":{"rendered":"Pochete Cintura Unissex El\u00e1stico Regulador RMarq Collection"},"content":{"rendered":"<p>Bem-vindo (a) a nossa loja! Queremos proporcionar a voc\u00ea o que h\u00e1 de melhor. Todos os nossos produtos s\u00e3o confeccionados visando a qualidade e o conforto sempre com o objetivo de satisfazer voc\u00ea.<\/p>\n<p>A RMarq Collection produz e comercializa este produto visando sempre a melhor qualidade, beleza e o estilo.<br \/>\nPochete de cintura, feita com nylon 600 leve, na cor preto com el\u00e1stico e regulador de pvc, proporcionando um melhor ajuste \u00e1 sua cintura.\u00a0 Abertura e fechamento com z\u00edper. Cont\u00eam pequena sa\u00edda para fone detalhe em couro e uma divis\u00f3ria interna. Comporta celulares de at\u00e9 6,7 polegadas, documentos, chaves, dinheiro, cart\u00f5es e outros pequenos objetos.<br \/>\nA pr\u00e1tica de exerc\u00edcios \u00e9 muito importante e precisa ser realizada com frequ\u00eancia, por\u00e9m o corpo transpira, molhando as roupas. A pochete protege evitando molhar os seus documentos e demais objetos, pois n\u00e3o deixa o suor e a umidade penetrar facilmente.<br \/>\nProduto ideal para caminhadas, passeios, viagens, esportes, academia e outros momentos.<\/p>\n<p><strong>Recomenda\u00e7\u00f5es importantes: <\/strong><br \/>\nA limpeza pode ser feita com sab\u00e3o neutro e pano \u00famido. Ao lavar n\u00e3o utilize m\u00e1quinas de lavar, n\u00e3o utilize buchas grossas e n\u00e3o esfregue com muita for\u00e7a, pois pode danificar o material.<br \/>\nN\u00e3o usar nenhuma fonte de calor para secar como secadores, fogo, forno ou atr\u00e1s de geladeiras. Deixe secar naturalmente.<br \/>\nCuide bem do seu produto para que tenha uma boa durabilidade.<\/p>\n<p><strong>Informa\u00e7\u00f5es t\u00e9cnicas:<\/strong><br \/>\n<span style=\"vertical-align: inherit;\"><span style=\"vertical-align: inherit;\"><span style=\"vertical-align: inherit;\"><span style=\"vertical-align: inherit;\"><span style=\"vertical-align: inherit;\"><span style=\"vertical-align: inherit;\">Material: Nylon 600<\/span><\/span><\/span><\/span><\/span><\/span><br \/>\nPeso: 58 g<br \/>\nAltura: 1 cm<br \/>\nLargura: 11 cm<br \/>\nComprimento: 21 cm<br \/>\nTamanho cinto: El\u00e1stico incluindo Pochete:\u00a0 90 cm \/ cede at\u00e9: \u00a0115 cm<br \/>\nRegulador: pvc<br \/>\nAbertura: Z\u00edper<\/p>\n<p><a href=\"https:\/\/rmarqcollection.com.br\/?p=682\">V\u00eddeo<\/a><\/p>\n<p>Produzido e comercializado por RMarq Collection.<br \/>\nGarantia do Fabricante: Contra defeitos de fabrica\u00e7\u00e3o \/ 30 dias.<br \/>\n<strong><span style=\"color: #0000ff;\"><a style=\"color: #0000ff;\" href=\"https:\/\/rmarqcollection.com.br\/?page_id=238\">Estamos a disposi\u00e7\u00e3o para atender \u00e0s suas d\u00favidas.<\/a><\/span><\/strong><\/p>\n","protected":false},"excerpt":{"rendered":"<h6><span style=\"color: #0000ff;\"><a style=\"color: #0000ff;\" href=\"https:\/\/rmarqcollection.com.br\/?page_id=1849\"><strong>Em 12x confira formas de pagamentos<\/strong><\/a><\/span><\/h6>\n<h6><strong>\u00a0Ideal para caminhadas, passeios e outros momentos.<\/strong><\/h6>\n<h5><a href=\"https:\/\/rmarqcollection.com.br\/?p=682\"><span style=\"color: #0000ff;\"><strong>V\u00eddeo<\/strong><\/span><\/a><\/h5>\n","protected":false},"featured_media":4831,"comment_status":"open","ping_status":"closed","template":"","meta":{"jetpack_publicize_message":"","jetpack_publicize_feature_enabled":true,"jetpack_social_post_already_shared":false,"jetpack_social_options":{"image_generator_settings":{"template":"highway","default_image_id":0,"font":"","enabled":false},"version":2}},"product_brand":[509],"product_cat":[37],"product_tag":[200,551,201,553,501,499,404,552,502],"class_list":{"0":"post-277","1":"product","2":"type-product","3":"status-publish","6":"product_brand-rmarq-collection","7":"product_cat-pochete","8":"product_tag-pochete","9":"product_tag-pochete-caminhada","10":"product_tag-pochete-cintura","11":"product_tag-pochete-com-elastico","12":"product_tag-pochete-feminina","13":"product_tag-pochete-masculina","14":"product_tag-pochete-nylon","15":"product_tag-pochete-passeio","16":"product_tag-pochete-unissex","18":"first","19":"instock","20":"sale","21":"taxable","22":"shipping-taxable","23":"purchasable","24":"product-type-simple"},"aioseo_notices":[],"jetpack_publicize_connections":[],"jetpack-related-posts":[{"id":5881,"url":"https:\/\/rmarqcollection.com.br\/?product=pochete-transversal-e-cintura-rmarqcollection-shoulder-bag","url_meta":{"origin":277,"position":0},"title":"Pochete Unissex Transversal e Cintura RMarq Collection","author":"cole\u00e7\u00e3o rmarq","date":"22\/12\/2024","format":false,"excerpt":"Em 12x confira formas de pagamentos Tecido Nylon, fecho z\u00edper, ideal para caminhadas, passeios e outros momentos.","rel":"","context":"Post similar","block_context":{"text":"Post similar","link":""},"img":{"alt_text":"","src":"https:\/\/i0.wp.com\/rmarqcollection.com.br\/wp-content\/uploads\/2024\/12\/pochete-militar-002-3.png?fit=1200%2C1200&ssl=1&resize=350%2C200","width":350,"height":200,"srcset":"https:\/\/i0.wp.com\/rmarqcollection.com.br\/wp-content\/uploads\/2024\/12\/pochete-militar-002-3.png?fit=1200%2C1200&ssl=1&resize=350%2C200 1x, https:\/\/i0.wp.com\/rmarqcollection.com.br\/wp-content\/uploads\/2024\/12\/pochete-militar-002-3.png?fit=1200%2C1200&ssl=1&resize=525%2C300 1.5x, https:\/\/i0.wp.com\/rmarqcollection.com.br\/wp-content\/uploads\/2024\/12\/pochete-militar-002-3.png?fit=1200%2C1200&ssl=1&resize=700%2C400 2x, https:\/\/i0.wp.com\/rmarqcollection.com.br\/wp-content\/uploads\/2024\/12\/pochete-militar-002-3.png?fit=1200%2C1200&ssl=1&resize=1050%2C600 3x"},"classes":[]},{"id":3577,"url":"https:\/\/rmarqcollection.com.br\/?product=porta-passaporte-carteira-para-documentos-material-couro","url_meta":{"origin":277,"position":1},"title":"Carteira Masculina Pequena Couro Genu\u00edno RMarq Collection","author":"cole\u00e7\u00e3o rmarq","date":"18\/02\/2023","format":false,"excerpt":"Em 12x confira formas de pagamentos Guarde documentos e cart\u00f5es. Costuras refor\u00e7adas, forrada e fecho bot\u00e3o de press\u00e3o.","rel":"","context":"Post similar","block_context":{"text":"Post similar","link":""},"img":{"alt_text":"","src":"https:\/\/i0.wp.com\/rmarqcollection.com.br\/wp-content\/uploads\/2023\/02\/Porta-documentos-cartoes-8.jpg?fit=1200%2C1197&ssl=1&resize=350%2C200","width":350,"height":200,"srcset":"https:\/\/i0.wp.com\/rmarqcollection.com.br\/wp-content\/uploads\/2023\/02\/Porta-documentos-cartoes-8.jpg?fit=1200%2C1197&ssl=1&resize=350%2C200 1x, https:\/\/i0.wp.com\/rmarqcollection.com.br\/wp-content\/uploads\/2023\/02\/Porta-documentos-cartoes-8.jpg?fit=1200%2C1197&ssl=1&resize=525%2C300 1.5x, https:\/\/i0.wp.com\/rmarqcollection.com.br\/wp-content\/uploads\/2023\/02\/Porta-documentos-cartoes-8.jpg?fit=1200%2C1197&ssl=1&resize=700%2C400 2x, https:\/\/i0.wp.com\/rmarqcollection.com.br\/wp-content\/uploads\/2023\/02\/Porta-documentos-cartoes-8.jpg?fit=1200%2C1197&ssl=1&resize=1050%2C600 3x"},"classes":[]},{"id":3615,"url":"https:\/\/rmarqcollection.com.br\/?product=porta-passaporte-documentos-e-cartoes-material-couro","url_meta":{"origin":277,"position":2},"title":"Porta Passaporte Carteira Couro Genu\u00edno RMarq Collection","author":"cole\u00e7\u00e3o rmarq","date":"19\/02\/2023","format":false,"excerpt":"Em 12x confira formas de pagamentos Frete gr\u00e1tis saiba mais\u2026 Couro genu\u00edno, costuras refor\u00e7adas, forrada e fecho bot\u00e3o de press\u00e3o. V\u00eddeo","rel":"","context":"Post similar","block_context":{"text":"Post similar","link":""},"img":{"alt_text":"","src":"https:\/\/i0.wp.com\/rmarqcollection.com.br\/wp-content\/uploads\/2023\/02\/Porta-Passaporte-Bege-4.jpeg?fit=1200%2C1200&ssl=1&resize=350%2C200","width":350,"height":200,"srcset":"https:\/\/i0.wp.com\/rmarqcollection.com.br\/wp-content\/uploads\/2023\/02\/Porta-Passaporte-Bege-4.jpeg?fit=1200%2C1200&ssl=1&resize=350%2C200 1x, https:\/\/i0.wp.com\/rmarqcollection.com.br\/wp-content\/uploads\/2023\/02\/Porta-Passaporte-Bege-4.jpeg?fit=1200%2C1200&ssl=1&resize=525%2C300 1.5x, https:\/\/i0.wp.com\/rmarqcollection.com.br\/wp-content\/uploads\/2023\/02\/Porta-Passaporte-Bege-4.jpeg?fit=1200%2C1200&ssl=1&resize=700%2C400 2x, https:\/\/i0.wp.com\/rmarqcollection.com.br\/wp-content\/uploads\/2023\/02\/Porta-Passaporte-Bege-4.jpeg?fit=1200%2C1200&ssl=1&resize=1050%2C600 3x"},"classes":[]},{"id":3497,"url":"https:\/\/rmarqcollection.com.br\/?product=3497","url_meta":{"origin":277,"position":3},"title":"Cinto Masculino Couro Genu\u00edno Marrom Escuro RMarq Collection","author":"cole\u00e7\u00e3o rmarq","date":"04\/02\/2023","format":false,"excerpt":"Em 12x confira formas de pagamentos. Fivela remov\u00edvel preta (4 cm), regulagem em parafuso. Detalhe em couro preto. V\u00eddeo","rel":"","context":"Post similar","block_context":{"text":"Post similar","link":""},"img":{"alt_text":"","src":"https:\/\/i0.wp.com\/rmarqcollection.com.br\/wp-content\/uploads\/2023\/02\/Cinto-Masculino-4-cm-Couro-Marrom-escuro-1.png?fit=1200%2C1199&ssl=1&resize=350%2C200","width":350,"height":200,"srcset":"https:\/\/i0.wp.com\/rmarqcollection.com.br\/wp-content\/uploads\/2023\/02\/Cinto-Masculino-4-cm-Couro-Marrom-escuro-1.png?fit=1200%2C1199&ssl=1&resize=350%2C200 1x, https:\/\/i0.wp.com\/rmarqcollection.com.br\/wp-content\/uploads\/2023\/02\/Cinto-Masculino-4-cm-Couro-Marrom-escuro-1.png?fit=1200%2C1199&ssl=1&resize=525%2C300 1.5x, https:\/\/i0.wp.com\/rmarqcollection.com.br\/wp-content\/uploads\/2023\/02\/Cinto-Masculino-4-cm-Couro-Marrom-escuro-1.png?fit=1200%2C1199&ssl=1&resize=700%2C400 2x, https:\/\/i0.wp.com\/rmarqcollection.com.br\/wp-content\/uploads\/2023\/02\/Cinto-Masculino-4-cm-Couro-Marrom-escuro-1.png?fit=1200%2C1199&ssl=1&resize=1050%2C600 3x"},"classes":[]},{"id":2529,"url":"https:\/\/rmarqcollection.com.br\/?product=cinto-masculino-couro-branco-fivela-removivel-largura-35cm","url_meta":{"origin":277,"position":4},"title":"Cinto Masculino Couro Genu\u00edno Branco Fivela Press\u00e3o RMarq Collection","author":"cole\u00e7\u00e3o rmarq","date":"21\/08\/2022","format":false,"excerpt":"Em 12x confira formas de pagamentos Largura (3,5 cm), fivela press\u00e3o, costurado, (8 furos) e presilha.\u00a0 V\u00eddeo","rel":"","context":"Post similar","block_context":{"text":"Post similar","link":""},"img":{"alt_text":"","src":"https:\/\/i0.wp.com\/rmarqcollection.com.br\/wp-content\/uploads\/2022\/08\/Cinto-Couro-branco-3.png?fit=1200%2C1200&ssl=1&resize=350%2C200","width":350,"height":200,"srcset":"https:\/\/i0.wp.com\/rmarqcollection.com.br\/wp-content\/uploads\/2022\/08\/Cinto-Couro-branco-3.png?fit=1200%2C1200&ssl=1&resize=350%2C200 1x, https:\/\/i0.wp.com\/rmarqcollection.com.br\/wp-content\/uploads\/2022\/08\/Cinto-Couro-branco-3.png?fit=1200%2C1200&ssl=1&resize=525%2C300 1.5x, https:\/\/i0.wp.com\/rmarqcollection.com.br\/wp-content\/uploads\/2022\/08\/Cinto-Couro-branco-3.png?fit=1200%2C1200&ssl=1&resize=700%2C400 2x, https:\/\/i0.wp.com\/rmarqcollection.com.br\/wp-content\/uploads\/2022\/08\/Cinto-Couro-branco-3.png?fit=1200%2C1200&ssl=1&resize=1050%2C600 3x"},"classes":[]},{"id":3590,"url":"https:\/\/rmarqcollection.com.br\/?product=porta-oculos-material-couro","url_meta":{"origin":277,"position":5},"title":"Estojo Porta \u00d3culos Unissex Couro Genu\u00edno RMarq Collection","author":"cole\u00e7\u00e3o rmarq","date":"18\/02\/2023","format":false,"excerpt":"Em 12x confira formas de pagamentos Estojo Porta \u00f3culos prote\u00e7\u00e3o contra sujeiras, riscos e impactos leves. V\u00eddeo","rel":"","context":"Post similar","block_context":{"text":"Post similar","link":""},"img":{"alt_text":"","src":"https:\/\/i0.wp.com\/rmarqcollection.com.br\/wp-content\/uploads\/2024\/03\/pink-1.png?fit=1200%2C1200&ssl=1&resize=350%2C200","width":350,"height":200,"srcset":"https:\/\/i0.wp.com\/rmarqcollection.com.br\/wp-content\/uploads\/2024\/03\/pink-1.png?fit=1200%2C1200&ssl=1&resize=350%2C200 1x, https:\/\/i0.wp.com\/rmarqcollection.com.br\/wp-content\/uploads\/2024\/03\/pink-1.png?fit=1200%2C1200&ssl=1&resize=525%2C300 1.5x, https:\/\/i0.wp.com\/rmarqcollection.com.br\/wp-content\/uploads\/2024\/03\/pink-1.png?fit=1200%2C1200&ssl=1&resize=700%2C400 2x, https:\/\/i0.wp.com\/rmarqcollection.com.br\/wp-content\/uploads\/2024\/03\/pink-1.png?fit=1200%2C1200&ssl=1&resize=1050%2C600 3x"},"classes":[]}],"jetpack_likes_enabled":true,"jetpack_sharing_enabled":true,"_links":{"self":[{"href":"https:\/\/rmarqcollection.com.br\/index.php?rest_route=\/wp\/v2\/product\/277","targetHints":{"allow":["GET"]}}],"collection":[{"href":"https:\/\/rmarqcollection.com.br\/index.php?rest_route=\/wp\/v2\/product"}],"about":[{"href":"https:\/\/rmarqcollection.com.br\/index.php?rest_route=\/wp\/v2\/types\/product"}],"replies":[{"embeddable":true,"href":"https:\/\/rmarqcollection.com.br\/index.php?rest_route=%2Fwp%2Fv2%2Fcomments&post=277"}],"wp:featuredmedia":[{"embeddable":true,"href":"https:\/\/rmarqcollection.com.br\/index.php?rest_route=\/wp\/v2\/media\/4831"}],"wp:attachment":[{"href":"https:\/\/rmarqcollection.com.br\/index.php?rest_route=%2Fwp%2Fv2%2Fmedia&parent=277"}],"wp:term":[{"taxonomy":"product_brand","embeddable":true,"href":"https:\/\/rmarqcollection.com.br\/index.php?rest_route=%2Fwp%2Fv2%2Fproduct_brand&post=277"},{"taxonomy":"product_cat","embeddable":true,"href":"https:\/\/rmarqcollection.com.br\/index.php?rest_route=%2Fwp%2Fv2%2Fproduct_cat&post=277"},{"taxonomy":"product_tag","embeddable":true,"href":"https:\/\/rmarqcollection.com.br\/index.php?rest_route=%2Fwp%2Fv2%2Fproduct_tag&post=277"}],"curies":[{"name":"wp","href":"https:\/\/api.w.org\/{rel}","templated":true}]}}