{"id":305,"date":"2021-06-10T15:19:00","date_gmt":"2021-06-10T18:19:00","guid":{"rendered":"https:\/\/rmarqcollection.com.br\/?post_type=product&#038;p=305"},"modified":"2026-04-23T18:29:56","modified_gmt":"2026-04-23T21:29:56","slug":"sapato","status":"publish","type":"product","link":"https:\/\/rmarqcollection.com.br\/?product=sapato","title":{"rendered":"Sapato Mocassim Masculino Couro Genu\u00edno Pelica\/Mesti\u00e7o"},"content":{"rendered":"<p>Bem-vindo (a) a nossa loja!<br \/>\nQueremos proporcionar a voc\u00ea o que h\u00e1 de melhor. Todos os nossos produtos s\u00e3o confeccionados visando a qualidade e o conforto sempre com o objetivo de satisfazer voc\u00ea.<\/p>\n<p>A RMarq Collection oferece para voc\u00ea um mocassim diferente, estiloso, macio, confort\u00e1vel e resistente.<br \/>\nConfeccionado em couro genu\u00edno, conhecido como mesti\u00e7o\/pelica, com costura manual, forrado e espumado internamente com forro vacum. Produto que possui flexibilidade e durabilidade.<br \/>\nO solado \u00e9 especial em borracha PU e palmilha acolchoada que proporcionam sensa\u00e7\u00e3o de bem-estar aos p\u00e9s.<br \/>\nIdeal para o uso no dia a dia e em eventos casuais levando beleza e eleg\u00e2ncia para o homem.<\/p>\n<p><strong>Especifica\u00e7\u00f5es t\u00e9cnicas:<img data-recalc-dims=\"1\" loading=\"lazy\" decoding=\"async\" class=\" wp-image-5231 alignright\" src=\"https:\/\/i0.wp.com\/rmarqcollection.com.br\/wp-content\/uploads\/2021\/06\/tabela-de-tamanho-botina-e-sapato-2.jpg?resize=269%2C269&#038;ssl=1\" alt=\"\" width=\"269\" height=\"269\" srcset=\"https:\/\/i0.wp.com\/rmarqcollection.com.br\/wp-content\/uploads\/2021\/06\/tabela-de-tamanho-botina-e-sapato-2.jpg?resize=300%2C300&amp;ssl=1 300w, https:\/\/i0.wp.com\/rmarqcollection.com.br\/wp-content\/uploads\/2021\/06\/tabela-de-tamanho-botina-e-sapato-2.jpg?resize=100%2C100&amp;ssl=1 100w, https:\/\/i0.wp.com\/rmarqcollection.com.br\/wp-content\/uploads\/2021\/06\/tabela-de-tamanho-botina-e-sapato-2.jpg?resize=600%2C601&amp;ssl=1 600w, https:\/\/i0.wp.com\/rmarqcollection.com.br\/wp-content\/uploads\/2021\/06\/tabela-de-tamanho-botina-e-sapato-2.jpg?resize=150%2C150&amp;ssl=1 150w, https:\/\/i0.wp.com\/rmarqcollection.com.br\/wp-content\/uploads\/2021\/06\/tabela-de-tamanho-botina-e-sapato-2.jpg?w=676&amp;ssl=1 676w\" sizes=\"auto, (max-width: 269px) 100vw, 269px\" \/><\/strong><br \/>\nMarca: Carrijo<br \/>\nMaterial: couro genu\u00edno mesti\u00e7o\/pelica;<br \/>\nForro interno material vacum e espuma interna macia;<br \/>\nSolado: Borracha macia e resistente;<br \/>\nEstilo da Pe\u00e7a: Lisa;<br \/>\nAltura do Salto: Baixo;<br \/>\nTipo de Bico: Redondo;<br \/>\nOcasi\u00e3o: Conforto;<br \/>\nDispon\u00edvel nos tamanhos de 37 ao 44;<br \/>\nCores: Preto e Marrom<\/p>\n<p>&nbsp;<\/p>\n<p><strong>Recomenda\u00e7\u00f5es de Uso: <\/strong>A limpeza do cal\u00e7ado pode ser feita com sab\u00e3o neutro e pano \u00famido e n\u00e3o deve ficar de molho. N\u00e3o usar bucha grossa, pois pode ocasionar ranhuras e danificar o couro. N\u00e3o usar nenhuma fonte de calor para secar. Guardar em local sem umidade e deixar descansar na sombra ap\u00f3s o uso. Pode-se usar produtos dispon\u00edveis e compat\u00edveis no mercado para conserva\u00e7\u00e3o e brilho do couro.<br \/>\nPor se tratar de couro pode ocorrer pequenas varia\u00e7\u00f5es nos tons. Portanto, n\u00e3o s\u00e3o considerados defeitos ou falta de informa\u00e7\u00f5es.<\/p>\n<p>Garantia do Fabricante: Contra defeitos de fabrica\u00e7\u00e3o: 30 dias.<br \/>\n<span style=\"color: #0000ff;\"><strong><a style=\"color: #0000ff;\" href=\"https:\/\/rmarqcollection.com.br\/?page_id=238\">Estamos a disposi\u00e7\u00e3o para atender \u00e0s suas d\u00favidas.<\/a><\/strong><\/span><\/p>\n","protected":false},"excerpt":{"rendered":"<h6><span style=\"color: #0000ff;\"><a style=\"color: #0000ff;\" href=\"https:\/\/rmarqcollection.com.br\/?page_id=1849\"><strong>Em 12x confira formas de pagamentos.<\/strong><\/a><\/span><\/h6>\n<h6><span style=\"color: #339966;\"><a style=\"color: #339966;\" href=\"https:\/\/rmarqcollection.com.br\/?page_id=2010\"><strong>Frete gr\u00e1tis saiba mais\u2026<\/strong><\/a><\/span><\/h6>\n<h6><strong><span style=\"color: #ff0000;\">Dispon\u00edvel em at\u00e9 6 dias ap\u00f3s compra<\/span><\/strong><\/h6>\n<h5><a href=\"https:\/\/rmarqcollection.com.br\/?tag=mocassim-masculino\">V\u00eddeo<\/a><\/h5>\n","protected":false},"featured_media":5103,"comment_status":"open","ping_status":"closed","template":"","meta":{"jetpack_publicize_message":"","jetpack_publicize_feature_enabled":true,"jetpack_social_post_already_shared":true,"jetpack_social_options":{"image_generator_settings":{"template":"highway","default_image_id":0,"font":"","enabled":false},"version":2}},"product_brand":[],"product_cat":[38,402],"product_tag":[194,199,466,467,403,198],"class_list":{"0":"post-305","1":"product","2":"type-product","3":"status-publish","6":"product_cat-calcados-masculinos","7":"product_cat-sapatos","8":"product_tag-calcados","9":"product_tag-mocassim-adulto","10":"product_tag-mocassim-marrom","11":"product_tag-mocassim-preto","12":"product_tag-sapato","13":"product_tag-sapato-masculino","15":"first","16":"instock","17":"taxable","18":"shipping-taxable","19":"purchasable","20":"product-type-variable"},"aioseo_notices":[],"jetpack_publicize_connections":[],"jetpack-related-posts":[{"id":377,"url":"https:\/\/rmarqcollection.com.br\/?product=botina-masculina-de-couro-carneiro","url_meta":{"origin":305,"position":0},"title":"Botina Masculina Couro Mesti\u00e7o Pelica Sola de Borracha","author":"cole\u00e7\u00e3o rmarq","date":"19\/06\/2021","format":false,"excerpt":"Em 12x confira formas de pagamentos. Frete gr\u00e1tis saiba mais\u2026 Dispon\u00edvel em at\u00e9 6 dias ap\u00f3s a compra V\u00eddeo\u00a0","rel":"","context":"Post similar","block_context":{"text":"Post similar","link":""},"img":{"alt_text":"","src":"https:\/\/i0.wp.com\/rmarqcollection.com.br\/wp-content\/uploads\/2021\/06\/Apresentacao1.png?fit=1200%2C1200&ssl=1&resize=350%2C200","width":350,"height":200,"srcset":"https:\/\/i0.wp.com\/rmarqcollection.com.br\/wp-content\/uploads\/2021\/06\/Apresentacao1.png?fit=1200%2C1200&ssl=1&resize=350%2C200 1x, https:\/\/i0.wp.com\/rmarqcollection.com.br\/wp-content\/uploads\/2021\/06\/Apresentacao1.png?fit=1200%2C1200&ssl=1&resize=525%2C300 1.5x, https:\/\/i0.wp.com\/rmarqcollection.com.br\/wp-content\/uploads\/2021\/06\/Apresentacao1.png?fit=1200%2C1200&ssl=1&resize=700%2C400 2x, https:\/\/i0.wp.com\/rmarqcollection.com.br\/wp-content\/uploads\/2021\/06\/Apresentacao1.png?fit=1200%2C1200&ssl=1&resize=1050%2C600 3x"},"classes":[]},{"id":5882,"url":"https:\/\/rmarqcollection.com.br\/?product=sapato-masculino-couro-nobuck-rmarqcollection-sola-borracha","url_meta":{"origin":305,"position":1},"title":"Sapato Masculino Couro Nobuck Sola Borracha RMarq Collection","author":"cole\u00e7\u00e3o rmarq","date":"19\/09\/2024","format":false,"excerpt":"Em 12x confira formas de pagamentos Sapato nobuck , bico redondo. Conforto e prote\u00e7\u00e3o para os p\u00e9s.","rel":"","context":"Post similar","block_context":{"text":"Post similar","link":""},"img":{"alt_text":"","src":"https:\/\/i0.wp.com\/rmarqcollection.com.br\/wp-content\/uploads\/2024\/09\/Sapato-castor-RMarq-2.jpg?fit=1200%2C1200&ssl=1&resize=350%2C200","width":350,"height":200,"srcset":"https:\/\/i0.wp.com\/rmarqcollection.com.br\/wp-content\/uploads\/2024\/09\/Sapato-castor-RMarq-2.jpg?fit=1200%2C1200&ssl=1&resize=350%2C200 1x, https:\/\/i0.wp.com\/rmarqcollection.com.br\/wp-content\/uploads\/2024\/09\/Sapato-castor-RMarq-2.jpg?fit=1200%2C1200&ssl=1&resize=525%2C300 1.5x, https:\/\/i0.wp.com\/rmarqcollection.com.br\/wp-content\/uploads\/2024\/09\/Sapato-castor-RMarq-2.jpg?fit=1200%2C1200&ssl=1&resize=700%2C400 2x, https:\/\/i0.wp.com\/rmarqcollection.com.br\/wp-content\/uploads\/2024\/09\/Sapato-castor-RMarq-2.jpg?fit=1200%2C1200&ssl=1&resize=1050%2C600 3x"},"classes":[]},{"id":4308,"url":"https:\/\/rmarqcollection.com.br\/?product=bota-tenis-cano-medio-couro-camurca","url_meta":{"origin":305,"position":2},"title":"Coturno Bota T\u00eanis Masculino Couro Camur\u00e7a RMarq Collection","author":"cole\u00e7\u00e3o rmarq","date":"01\/09\/2023","format":false,"excerpt":"Em 12x confira formas de pagamentos. Frete gr\u00e1tis saiba mais\u2026 Couro Camur\u00e7a, cano curto, forro interno, solado borracha V\u00eddeo","rel":"","context":"Post similar","block_context":{"text":"Post similar","link":""},"img":{"alt_text":"","src":"https:\/\/i0.wp.com\/rmarqcollection.com.br\/wp-content\/uploads\/2023\/09\/IMG_20260302_160728-scaled.jpg?fit=1200%2C900&ssl=1&resize=350%2C200","width":350,"height":200,"srcset":"https:\/\/i0.wp.com\/rmarqcollection.com.br\/wp-content\/uploads\/2023\/09\/IMG_20260302_160728-scaled.jpg?fit=1200%2C900&ssl=1&resize=350%2C200 1x, https:\/\/i0.wp.com\/rmarqcollection.com.br\/wp-content\/uploads\/2023\/09\/IMG_20260302_160728-scaled.jpg?fit=1200%2C900&ssl=1&resize=525%2C300 1.5x, https:\/\/i0.wp.com\/rmarqcollection.com.br\/wp-content\/uploads\/2023\/09\/IMG_20260302_160728-scaled.jpg?fit=1200%2C900&ssl=1&resize=700%2C400 2x, https:\/\/i0.wp.com\/rmarqcollection.com.br\/wp-content\/uploads\/2023\/09\/IMG_20260302_160728-scaled.jpg?fit=1200%2C900&ssl=1&resize=1050%2C600 3x"},"classes":[]},{"id":7166,"url":"https:\/\/rmarqcollection.com.br\/?product=sandalia-masculina-franciscana-tk-couro-genuino","url_meta":{"origin":305,"position":3},"title":"Sand\u00e1lia Masculina Franciscana TK Couro Genu\u00edno","author":"cole\u00e7\u00e3o rmarq","date":"28\/10\/2025","format":false,"excerpt":"Em 12x confira formas de pagamentos","rel":"","context":"Post similar","block_context":{"text":"Post similar","link":""},"img":{"alt_text":"","src":"https:\/\/i0.wp.com\/rmarqcollection.com.br\/wp-content\/uploads\/2025\/10\/Sandalia-masculina-couro-genuino-preto-4.jpg?fit=1200%2C1200&ssl=1&resize=350%2C200","width":350,"height":200,"srcset":"https:\/\/i0.wp.com\/rmarqcollection.com.br\/wp-content\/uploads\/2025\/10\/Sandalia-masculina-couro-genuino-preto-4.jpg?fit=1200%2C1200&ssl=1&resize=350%2C200 1x, https:\/\/i0.wp.com\/rmarqcollection.com.br\/wp-content\/uploads\/2025\/10\/Sandalia-masculina-couro-genuino-preto-4.jpg?fit=1200%2C1200&ssl=1&resize=525%2C300 1.5x, https:\/\/i0.wp.com\/rmarqcollection.com.br\/wp-content\/uploads\/2025\/10\/Sandalia-masculina-couro-genuino-preto-4.jpg?fit=1200%2C1200&ssl=1&resize=700%2C400 2x, https:\/\/i0.wp.com\/rmarqcollection.com.br\/wp-content\/uploads\/2025\/10\/Sandalia-masculina-couro-genuino-preto-4.jpg?fit=1200%2C1200&ssl=1&resize=1050%2C600 3x"},"classes":[]},{"id":7349,"url":"https:\/\/rmarqcollection.com.br\/?product=cinto-masculino-couro-genuino-marrom-escuro-35cm-rmarq-collection","url_meta":{"origin":305,"position":4},"title":"Cinto Masculino Couro Genu\u00edno Marrom Escuro 3,5cm RMarq Collection","author":"cole\u00e7\u00e3o rmarq","date":"05\/01\/2026","format":false,"excerpt":"Em 12x confira formas de pagamentos. Largura (3,5 cm), costurado, possui oito furos e presilha. V\u00eddeo","rel":"","context":"Post similar","block_context":{"text":"Post similar","link":""},"img":{"alt_text":"","src":"https:\/\/i0.wp.com\/rmarqcollection.com.br\/wp-content\/uploads\/2025\/06\/Cinto-masculino-couro-marrom-escuro-35-cm-0.png?fit=1200%2C1200&ssl=1&resize=350%2C200","width":350,"height":200,"srcset":"https:\/\/i0.wp.com\/rmarqcollection.com.br\/wp-content\/uploads\/2025\/06\/Cinto-masculino-couro-marrom-escuro-35-cm-0.png?fit=1200%2C1200&ssl=1&resize=350%2C200 1x, https:\/\/i0.wp.com\/rmarqcollection.com.br\/wp-content\/uploads\/2025\/06\/Cinto-masculino-couro-marrom-escuro-35-cm-0.png?fit=1200%2C1200&ssl=1&resize=525%2C300 1.5x, https:\/\/i0.wp.com\/rmarqcollection.com.br\/wp-content\/uploads\/2025\/06\/Cinto-masculino-couro-marrom-escuro-35-cm-0.png?fit=1200%2C1200&ssl=1&resize=700%2C400 2x, https:\/\/i0.wp.com\/rmarqcollection.com.br\/wp-content\/uploads\/2025\/06\/Cinto-masculino-couro-marrom-escuro-35-cm-0.png?fit=1200%2C1200&ssl=1&resize=1050%2C600 3x"},"classes":[]},{"id":3564,"url":"https:\/\/rmarqcollection.com.br\/?product=mini-necessaire-carteira-feminina-material-couro","url_meta":{"origin":305,"position":5},"title":"Carteira Necessaire Feminina Couro Genu\u00edno RMarq Collection","author":"cole\u00e7\u00e3o rmarq","date":"17\/02\/2023","format":false,"excerpt":"Em 12x confira formas de pagamentos Frete gr\u00e1tis saiba mais\u2026 Forro interno, Fecho z\u00edper e bolso externo, al\u00e7a remov\u00edvel e bolsinha avulsa. V\u00eddeo","rel":"","context":"Post similar","block_context":{"text":"Post similar","link":""},"img":{"alt_text":"","src":"https:\/\/i0.wp.com\/rmarqcollection.com.br\/wp-content\/uploads\/2023\/02\/mini-necessaire-carteira-feminina-rosa-chiclete-1.png?fit=1200%2C1200&ssl=1&resize=350%2C200","width":350,"height":200,"srcset":"https:\/\/i0.wp.com\/rmarqcollection.com.br\/wp-content\/uploads\/2023\/02\/mini-necessaire-carteira-feminina-rosa-chiclete-1.png?fit=1200%2C1200&ssl=1&resize=350%2C200 1x, https:\/\/i0.wp.com\/rmarqcollection.com.br\/wp-content\/uploads\/2023\/02\/mini-necessaire-carteira-feminina-rosa-chiclete-1.png?fit=1200%2C1200&ssl=1&resize=525%2C300 1.5x, https:\/\/i0.wp.com\/rmarqcollection.com.br\/wp-content\/uploads\/2023\/02\/mini-necessaire-carteira-feminina-rosa-chiclete-1.png?fit=1200%2C1200&ssl=1&resize=700%2C400 2x, https:\/\/i0.wp.com\/rmarqcollection.com.br\/wp-content\/uploads\/2023\/02\/mini-necessaire-carteira-feminina-rosa-chiclete-1.png?fit=1200%2C1200&ssl=1&resize=1050%2C600 3x"},"classes":[]}],"jetpack_likes_enabled":true,"jetpack_sharing_enabled":true,"_links":{"self":[{"href":"https:\/\/rmarqcollection.com.br\/index.php?rest_route=\/wp\/v2\/product\/305","targetHints":{"allow":["GET"]}}],"collection":[{"href":"https:\/\/rmarqcollection.com.br\/index.php?rest_route=\/wp\/v2\/product"}],"about":[{"href":"https:\/\/rmarqcollection.com.br\/index.php?rest_route=\/wp\/v2\/types\/product"}],"replies":[{"embeddable":true,"href":"https:\/\/rmarqcollection.com.br\/index.php?rest_route=%2Fwp%2Fv2%2Fcomments&post=305"}],"wp:featuredmedia":[{"embeddable":true,"href":"https:\/\/rmarqcollection.com.br\/index.php?rest_route=\/wp\/v2\/media\/5103"}],"wp:attachment":[{"href":"https:\/\/rmarqcollection.com.br\/index.php?rest_route=%2Fwp%2Fv2%2Fmedia&parent=305"}],"wp:term":[{"taxonomy":"product_brand","embeddable":true,"href":"https:\/\/rmarqcollection.com.br\/index.php?rest_route=%2Fwp%2Fv2%2Fproduct_brand&post=305"},{"taxonomy":"product_cat","embeddable":true,"href":"https:\/\/rmarqcollection.com.br\/index.php?rest_route=%2Fwp%2Fv2%2Fproduct_cat&post=305"},{"taxonomy":"product_tag","embeddable":true,"href":"https:\/\/rmarqcollection.com.br\/index.php?rest_route=%2Fwp%2Fv2%2Fproduct_tag&post=305"}],"curies":[{"name":"wp","href":"https:\/\/api.w.org\/{rel}","templated":true}]}}