{"id":3329,"date":"2022-10-29T20:02:19","date_gmt":"2022-10-29T23:02:19","guid":{"rendered":"https:\/\/rmarqcollection.com.br\/?post_type=product&#038;p=3329"},"modified":"2026-01-09T15:14:38","modified_gmt":"2026-01-09T18:14:38","slug":"cinto-masculino-couro-preto-fivela-removivel-largura-35-cm","status":"publish","type":"product","link":"https:\/\/rmarqcollection.com.br\/?product=cinto-masculino-couro-preto-fivela-removivel-largura-35-cm","title":{"rendered":"Cinto Masculino Couro Genu\u00edno Preto Largura 3,5 cm RMarq Collection"},"content":{"rendered":"<p>Bem-vindo (a) a nossa loja! Queremos proporcionar a voc\u00ea o que h\u00e1 de melhor.<br \/>\nTodos os nossos produtos s\u00e3o confeccionados visando a qualidade e o conforto sempre com o objetivo de satisfazer voc\u00ea.<\/p>\n<p>Cinto confeccionado em material couro genu\u00edno preto, costurado \u00e0 m\u00e1quina, possui 8 furos, presilha e fivela\u00a0com parafuso remov\u00edvel em metal niquelado, proporcionando um melhor acabamento e um visual moderno que possibilita o uso com cal\u00e7as e bermudas. <span style=\"color: #3366ff;\"><a style=\"color: #3366ff;\" href=\"https:\/\/youtu.be\/Wnh1p3WXtNU?si=EP6brT9yjN_lfmsI\">V\u00eddeo<\/a> <\/span><br \/>\nIndicado para o dia a dia em diversas ocasi\u00f5es. Resistente e dur\u00e1vel.<\/p>\n<p>Material: Couro genu\u00edno<br \/>\nCor: Preto<br \/>\nLargura: (3,5 cm)<br \/>\nFivela e parafuso: Niquel<\/p>\n<p>Tamanho &#8212; Comprimento &#8212; Cintura<br \/>\n<span style=\"vertical-align: inherit;\">P &#8212;&#8212;&#8212;&#8212;&#8211; 105 cm &#8212;&#8212;&#8211; 74 a 94<\/span><br \/>\n<span style=\"vertical-align: inherit;\"><span style=\"vertical-align: inherit;\">M &#8212;&#8212;&#8212;&#8212;&#8211; 110 cm &#8212;&#8212;&#8211; 80 a 100<\/span><\/span><br \/>\n<span style=\"vertical-align: inherit;\"><span style=\"vertical-align: inherit;\">G &#8212;&#8212;&#8212;&#8212;&#8211; 120 cm &#8212;&#8212;&#8211; 90 a 110<\/span><\/span><br \/>\n<span style=\"vertical-align: inherit;\"><span style=\"vertical-align: inherit;\">GG &#8212;&#8212;&#8212;&#8212; 135 cm &#8212;&#8212;&#8211; 105 a 125<\/span><\/span><\/p>\n<p><a href=\"https:\/\/youtube.com\/shorts\/Gb-WfFY_s3E?si=6KnEZ8267NSzaO4G\"><span style=\"color: #3366ff;\">V\u00eddeo<\/span><\/a><\/p>\n<p>Este cinto pode ser cortado de acordo com o tamanho que desejar.<br \/>\nRemover a fivela\u00a0 no parafuso.<br \/>\nSe caso precisar cortar o couro cuidado com as pontas de linhas para n\u00e3o descosturar.<br \/>\nImportante fazer as medidas de sua cintura para a aquisi\u00e7\u00e3o correta do seu cinto.<\/p>\n<p>Como medir? Use um cinto que voc\u00ea j\u00e1 usa para medir.<br \/>\nMedir da extremidade da fivela at\u00e9 o furo do meio, por\u00e9m por ter v\u00e1rios furos pode ser ajustado ao corpo para mais ou menos.<\/p>\n<p><strong>Recomenda\u00e7\u00f5es importantes: <\/strong>A limpeza pode ser feita com sab\u00e3o neutro e pano \u00famido e n\u00e3o deve ficar de molho. N\u00e3o esfregar com bucha grossa, pois pode ocasionar ranhuras no couro danificando-o. N\u00e3o usar nenhuma fonte de calor para secar, somente a natural. Guardar em local sem umidade.<br \/>\nPode-se usar produtos dispon\u00edveis e compat\u00edveis no mercado para a conserva\u00e7\u00e3o e o brilho do couro.<\/p>\n<p>Fabricado e comercializado pela RMarq Collection com todo cuidado e qualidade, visando sempre o melhor benef\u00edcio para voc\u00ea.<br \/>\nGarantia do Fabricante: Contra defeitos de fabrica\u00e7\u00e3o \/ 30 dias.<br \/>\n<span style=\"color: #0000ff;\"><strong><a style=\"color: #0000ff;\" href=\"https:\/\/rmarqcollection.com.br\/?page_id=238\">Estamos dispon\u00edveis para atender \u00e0s suas d\u00favidas.<\/a><\/strong><\/span><\/p>\n","protected":false},"excerpt":{"rendered":"<h6><span style=\"color: #0000ff;\"><a style=\"color: #0000ff;\" href=\"https:\/\/rmarqcollection.com.br\/?page_id=1849\"><strong>Em 12x confira formas de pagamentos.<\/strong><\/a><\/span><\/h6>\n<h6><strong>Largura (3,5 cm), costurado, possui oito furos e presilha.<br \/>\n<a href=\"https:\/\/rmarqcollection.com.br\/?p=4089\"><span style=\"color: #3366ff;\">V\u00eddeo<\/span><\/a><\/strong><\/h6>\n","protected":false},"featured_media":6463,"comment_status":"open","ping_status":"closed","template":"","meta":{"jetpack_publicize_message":"","jetpack_publicize_feature_enabled":true,"jetpack_social_post_already_shared":true,"jetpack_social_options":{"image_generator_settings":{"template":"highway","default_image_id":0,"font":"","enabled":false},"version":2}},"product_brand":[509],"product_cat":[260,32],"product_tag":[362,600,527,221,526,202,361,232,355],"class_list":{"0":"post-3329","1":"product","2":"type-product","3":"status-publish","6":"product_brand-rmarq-collection","7":"product_cat-cintos-de-couro","8":"product_cat-cintos-masculinos","9":"product_tag-cinto","10":"product_tag-cinto-couro-genuino","11":"product_tag-cinto-couro-preto","12":"product_tag-cinto-de-couro","13":"product_tag-cinto-fivela-com-parafuso","14":"product_tag-cinto-masculino","15":"product_tag-cinto-masculino-de-couro","16":"product_tag-cinto-preto","17":"product_tag-cintos","19":"first","20":"instock","21":"sale","22":"taxable","23":"shipping-taxable","24":"purchasable","25":"product-type-variable"},"aioseo_notices":[],"jetpack_publicize_connections":[],"jetpack-related-posts":[{"id":7349,"url":"https:\/\/rmarqcollection.com.br\/?product=cinto-masculino-couro-genuino-marrom-escuro-35cm-rmarq-collection","url_meta":{"origin":3329,"position":0},"title":"Cinto Masculino Couro Genu\u00edno Marrom Escuro 3,5cm RMarq Collection","author":"cole\u00e7\u00e3o rmarq","date":"05\/01\/2026","format":false,"excerpt":"Em 12x confira formas de pagamentos. Largura (3,5 cm), costurado, possui oito furos e presilha. V\u00eddeo","rel":"","context":"Post similar","block_context":{"text":"Post similar","link":""},"img":{"alt_text":"","src":"https:\/\/i0.wp.com\/rmarqcollection.com.br\/wp-content\/uploads\/2025\/06\/Cinto-masculino-couro-marrom-escuro-35-cm-0.png?fit=1200%2C1200&ssl=1&resize=350%2C200","width":350,"height":200,"srcset":"https:\/\/i0.wp.com\/rmarqcollection.com.br\/wp-content\/uploads\/2025\/06\/Cinto-masculino-couro-marrom-escuro-35-cm-0.png?fit=1200%2C1200&ssl=1&resize=350%2C200 1x, https:\/\/i0.wp.com\/rmarqcollection.com.br\/wp-content\/uploads\/2025\/06\/Cinto-masculino-couro-marrom-escuro-35-cm-0.png?fit=1200%2C1200&ssl=1&resize=525%2C300 1.5x, https:\/\/i0.wp.com\/rmarqcollection.com.br\/wp-content\/uploads\/2025\/06\/Cinto-masculino-couro-marrom-escuro-35-cm-0.png?fit=1200%2C1200&ssl=1&resize=700%2C400 2x, https:\/\/i0.wp.com\/rmarqcollection.com.br\/wp-content\/uploads\/2025\/06\/Cinto-masculino-couro-marrom-escuro-35-cm-0.png?fit=1200%2C1200&ssl=1&resize=1050%2C600 3x"},"classes":[]},{"id":6918,"url":"https:\/\/rmarqcollection.com.br\/?product=cinto-masculino-gorgurao-verde-listrado-preto-rmarq-collection","url_meta":{"origin":3329,"position":1},"title":"Cinto Masculino Gorgur\u00e3o Verde Listrado Preto RMarq Collection","author":"cole\u00e7\u00e3o rmarq","date":"07\/09\/2025","format":false,"excerpt":"Em 12x confira formas de pagamentos. Largura (3,5 cm), detalhes couro, oito furos, presilha e parafuso. V\u00eddeo","rel":"","context":"Post similar","block_context":{"text":"Post similar","link":""},"img":{"alt_text":"","src":"https:\/\/i0.wp.com\/rmarqcollection.com.br\/wp-content\/uploads\/2025\/09\/cinto-gorgurao-verde-listras-pretas-1.png?fit=1200%2C1200&ssl=1&resize=350%2C200","width":350,"height":200,"srcset":"https:\/\/i0.wp.com\/rmarqcollection.com.br\/wp-content\/uploads\/2025\/09\/cinto-gorgurao-verde-listras-pretas-1.png?fit=1200%2C1200&ssl=1&resize=350%2C200 1x, https:\/\/i0.wp.com\/rmarqcollection.com.br\/wp-content\/uploads\/2025\/09\/cinto-gorgurao-verde-listras-pretas-1.png?fit=1200%2C1200&ssl=1&resize=525%2C300 1.5x, https:\/\/i0.wp.com\/rmarqcollection.com.br\/wp-content\/uploads\/2025\/09\/cinto-gorgurao-verde-listras-pretas-1.png?fit=1200%2C1200&ssl=1&resize=700%2C400 2x, https:\/\/i0.wp.com\/rmarqcollection.com.br\/wp-content\/uploads\/2025\/09\/cinto-gorgurao-verde-listras-pretas-1.png?fit=1200%2C1200&ssl=1&resize=1050%2C600 3x"},"classes":[]},{"id":6944,"url":"https:\/\/rmarqcollection.com.br\/?product=cinto-masculino-gorgurao-azul-marinho-listras-rmarq-collection","url_meta":{"origin":3329,"position":2},"title":"Cinto Masculino Gorgur\u00e3o Azul Marinho Listras RMarq Collection","author":"cole\u00e7\u00e3o rmarq","date":"07\/09\/2025","format":false,"excerpt":"Em 12x confira formas de pagamentos. Largura (3,5 cm), detalhes couro, oito furos, presilha e parafuso. V\u00eddeo","rel":"","context":"Post similar","block_context":{"text":"Post similar","link":""},"img":{"alt_text":"","src":"https:\/\/i0.wp.com\/rmarqcollection.com.br\/wp-content\/uploads\/2025\/09\/Cinto-gorgurao-azul-marinho-listras-1.png?fit=1200%2C1200&ssl=1&resize=350%2C200","width":350,"height":200,"srcset":"https:\/\/i0.wp.com\/rmarqcollection.com.br\/wp-content\/uploads\/2025\/09\/Cinto-gorgurao-azul-marinho-listras-1.png?fit=1200%2C1200&ssl=1&resize=350%2C200 1x, https:\/\/i0.wp.com\/rmarqcollection.com.br\/wp-content\/uploads\/2025\/09\/Cinto-gorgurao-azul-marinho-listras-1.png?fit=1200%2C1200&ssl=1&resize=525%2C300 1.5x, https:\/\/i0.wp.com\/rmarqcollection.com.br\/wp-content\/uploads\/2025\/09\/Cinto-gorgurao-azul-marinho-listras-1.png?fit=1200%2C1200&ssl=1&resize=700%2C400 2x, https:\/\/i0.wp.com\/rmarqcollection.com.br\/wp-content\/uploads\/2025\/09\/Cinto-gorgurao-azul-marinho-listras-1.png?fit=1200%2C1200&ssl=1&resize=1050%2C600 3x"},"classes":[]},{"id":6923,"url":"https:\/\/rmarqcollection.com.br\/?product=cinto-masculino-gorgurao-cinza-rmarq-collection","url_meta":{"origin":3329,"position":3},"title":"Cinto Masculino Gorgur\u00e3o Cinza RMarq Collection","author":"cole\u00e7\u00e3o rmarq","date":"07\/09\/2025","format":false,"excerpt":"Em 12x confira formas de pagamentos. Largura (3,5 cm), detalhes couro, oito furos, presilha e parafuso. V\u00eddeo","rel":"","context":"Post similar","block_context":{"text":"Post similar","link":""},"img":{"alt_text":"","src":"https:\/\/i0.wp.com\/rmarqcollection.com.br\/wp-content\/uploads\/2025\/09\/cinto-gorgurao-cinza-1.png?fit=1200%2C1200&ssl=1&resize=350%2C200","width":350,"height":200,"srcset":"https:\/\/i0.wp.com\/rmarqcollection.com.br\/wp-content\/uploads\/2025\/09\/cinto-gorgurao-cinza-1.png?fit=1200%2C1200&ssl=1&resize=350%2C200 1x, https:\/\/i0.wp.com\/rmarqcollection.com.br\/wp-content\/uploads\/2025\/09\/cinto-gorgurao-cinza-1.png?fit=1200%2C1200&ssl=1&resize=525%2C300 1.5x, https:\/\/i0.wp.com\/rmarqcollection.com.br\/wp-content\/uploads\/2025\/09\/cinto-gorgurao-cinza-1.png?fit=1200%2C1200&ssl=1&resize=700%2C400 2x, https:\/\/i0.wp.com\/rmarqcollection.com.br\/wp-content\/uploads\/2025\/09\/cinto-gorgurao-cinza-1.png?fit=1200%2C1200&ssl=1&resize=1050%2C600 3x"},"classes":[]},{"id":6484,"url":"https:\/\/rmarqcollection.com.br\/?product=cinto-masculino-couro-fivela-largura-35-cm-rmarq-collection","url_meta":{"origin":3329,"position":4},"title":"Cinto Masculino Couro Genu\u00edno Branco 3,5 cm RMarq Collection","author":"cole\u00e7\u00e3o rmarq","date":"30\/06\/2025","format":false,"excerpt":"Em 12x confira formas de pagamentos. Largura (3,5 cm), costurado, oito furos, presilha e parafuso.","rel":"","context":"Post similar","block_context":{"text":"Post similar","link":""},"img":{"alt_text":"","src":"https:\/\/i0.wp.com\/rmarqcollection.com.br\/wp-content\/uploads\/2025\/06\/Cinto-RMarq-Couro-Genuino-Branco-1.png?fit=1200%2C1200&ssl=1&resize=350%2C200","width":350,"height":200,"srcset":"https:\/\/i0.wp.com\/rmarqcollection.com.br\/wp-content\/uploads\/2025\/06\/Cinto-RMarq-Couro-Genuino-Branco-1.png?fit=1200%2C1200&ssl=1&resize=350%2C200 1x, https:\/\/i0.wp.com\/rmarqcollection.com.br\/wp-content\/uploads\/2025\/06\/Cinto-RMarq-Couro-Genuino-Branco-1.png?fit=1200%2C1200&ssl=1&resize=525%2C300 1.5x, https:\/\/i0.wp.com\/rmarqcollection.com.br\/wp-content\/uploads\/2025\/06\/Cinto-RMarq-Couro-Genuino-Branco-1.png?fit=1200%2C1200&ssl=1&resize=700%2C400 2x, https:\/\/i0.wp.com\/rmarqcollection.com.br\/wp-content\/uploads\/2025\/06\/Cinto-RMarq-Couro-Genuino-Branco-1.png?fit=1200%2C1200&ssl=1&resize=1050%2C600 3x"},"classes":[]},{"id":2529,"url":"https:\/\/rmarqcollection.com.br\/?product=cinto-masculino-couro-branco-fivela-removivel-largura-35cm","url_meta":{"origin":3329,"position":5},"title":"Cinto Masculino Couro Genu\u00edno Branco Fivela Press\u00e3o RMarq Collection","author":"cole\u00e7\u00e3o rmarq","date":"21\/08\/2022","format":false,"excerpt":"Em 12x confira formas de pagamentos Largura (3,5 cm), fivela press\u00e3o, costurado, (8 furos) e presilha.\u00a0 V\u00eddeo","rel":"","context":"Post similar","block_context":{"text":"Post similar","link":""},"img":{"alt_text":"","src":"https:\/\/i0.wp.com\/rmarqcollection.com.br\/wp-content\/uploads\/2022\/08\/Cinto-Couro-branco-3.png?fit=1200%2C1200&ssl=1&resize=350%2C200","width":350,"height":200,"srcset":"https:\/\/i0.wp.com\/rmarqcollection.com.br\/wp-content\/uploads\/2022\/08\/Cinto-Couro-branco-3.png?fit=1200%2C1200&ssl=1&resize=350%2C200 1x, https:\/\/i0.wp.com\/rmarqcollection.com.br\/wp-content\/uploads\/2022\/08\/Cinto-Couro-branco-3.png?fit=1200%2C1200&ssl=1&resize=525%2C300 1.5x, https:\/\/i0.wp.com\/rmarqcollection.com.br\/wp-content\/uploads\/2022\/08\/Cinto-Couro-branco-3.png?fit=1200%2C1200&ssl=1&resize=700%2C400 2x, https:\/\/i0.wp.com\/rmarqcollection.com.br\/wp-content\/uploads\/2022\/08\/Cinto-Couro-branco-3.png?fit=1200%2C1200&ssl=1&resize=1050%2C600 3x"},"classes":[]}],"jetpack_likes_enabled":true,"jetpack_sharing_enabled":true,"_links":{"self":[{"href":"https:\/\/rmarqcollection.com.br\/index.php?rest_route=\/wp\/v2\/product\/3329","targetHints":{"allow":["GET"]}}],"collection":[{"href":"https:\/\/rmarqcollection.com.br\/index.php?rest_route=\/wp\/v2\/product"}],"about":[{"href":"https:\/\/rmarqcollection.com.br\/index.php?rest_route=\/wp\/v2\/types\/product"}],"replies":[{"embeddable":true,"href":"https:\/\/rmarqcollection.com.br\/index.php?rest_route=%2Fwp%2Fv2%2Fcomments&post=3329"}],"wp:featuredmedia":[{"embeddable":true,"href":"https:\/\/rmarqcollection.com.br\/index.php?rest_route=\/wp\/v2\/media\/6463"}],"wp:attachment":[{"href":"https:\/\/rmarqcollection.com.br\/index.php?rest_route=%2Fwp%2Fv2%2Fmedia&parent=3329"}],"wp:term":[{"taxonomy":"product_brand","embeddable":true,"href":"https:\/\/rmarqcollection.com.br\/index.php?rest_route=%2Fwp%2Fv2%2Fproduct_brand&post=3329"},{"taxonomy":"product_cat","embeddable":true,"href":"https:\/\/rmarqcollection.com.br\/index.php?rest_route=%2Fwp%2Fv2%2Fproduct_cat&post=3329"},{"taxonomy":"product_tag","embeddable":true,"href":"https:\/\/rmarqcollection.com.br\/index.php?rest_route=%2Fwp%2Fv2%2Fproduct_tag&post=3329"}],"curies":[{"name":"wp","href":"https:\/\/api.w.org\/{rel}","templated":true}]}}