{"id":3431,"date":"2022-12-30T18:34:29","date_gmt":"2022-12-30T21:34:29","guid":{"rendered":"https:\/\/rmarqcollection.com.br\/?post_type=product&#038;p=3431"},"modified":"2026-01-09T15:12:11","modified_gmt":"2026-01-09T18:12:11","slug":"bolsa-jeans-feminina-grande-marinho-escuro-alca-ombro","status":"publish","type":"product","link":"https:\/\/rmarqcollection.com.br\/?product=bolsa-jeans-feminina-grande-marinho-escuro-alca-ombro","title":{"rendered":"Bolsa Feminina Jeans Azul-Marinho Ombro RMarq Collection"},"content":{"rendered":"<p>Bem-vindo (a) a nossa loja! Queremos proporcionar a voc\u00ea o que h\u00e1 de melhor. Todos os nossos produtos s\u00e3o confeccionados visando a qualidade e o conforto sempre com o objetivo de satisfazer voc\u00ea.<br \/>\nA RMarq Collection produz e comercializa este produto visando sempre a melhor qualidade, beleza e o estilo.<br \/>\nBolsa Tecido Jeans de ombro feminina, cor\u00a0 azul-marinho, tamanho grande. Forrada internamente. Medidas da Al\u00e7a 38 cm (76 cm total) com detalhes corrente dourada, fita dourada\u00a0 e costuras na cor rosa. Fecho de z\u00edper na cor preto detalhe dourado e cursor dourado. Dois bolsos externos e bolso interno.<br \/>\nUma \u00f3tima op\u00e7\u00e3o para os seus momentos de passeio e encontros sociais. Guarde seus objetos e tenha uma bolsa estilosa para o dia a dia. Ideal para uso em diversos ambientes.<img data-recalc-dims=\"1\" loading=\"lazy\" decoding=\"async\" class=\"size-medium wp-image-4775 alignright\" src=\"https:\/\/i0.wp.com\/rmarqcollection.com.br\/wp-content\/uploads\/2022\/12\/Bolsa-Jeans-G-5.jpg?resize=300%2C300&#038;ssl=1\" alt=\"\" width=\"300\" height=\"300\" srcset=\"https:\/\/i0.wp.com\/rmarqcollection.com.br\/wp-content\/uploads\/2022\/12\/Bolsa-Jeans-G-5.jpg?resize=300%2C300&amp;ssl=1 300w, https:\/\/i0.wp.com\/rmarqcollection.com.br\/wp-content\/uploads\/2022\/12\/Bolsa-Jeans-G-5.jpg?resize=100%2C100&amp;ssl=1 100w, https:\/\/i0.wp.com\/rmarqcollection.com.br\/wp-content\/uploads\/2022\/12\/Bolsa-Jeans-G-5.jpg?resize=600%2C600&amp;ssl=1 600w, https:\/\/i0.wp.com\/rmarqcollection.com.br\/wp-content\/uploads\/2022\/12\/Bolsa-Jeans-G-5.jpg?resize=1024%2C1024&amp;ssl=1 1024w, https:\/\/i0.wp.com\/rmarqcollection.com.br\/wp-content\/uploads\/2022\/12\/Bolsa-Jeans-G-5.jpg?resize=150%2C150&amp;ssl=1 150w, https:\/\/i0.wp.com\/rmarqcollection.com.br\/wp-content\/uploads\/2022\/12\/Bolsa-Jeans-G-5.jpg?resize=768%2C768&amp;ssl=1 768w, https:\/\/i0.wp.com\/rmarqcollection.com.br\/wp-content\/uploads\/2022\/12\/Bolsa-Jeans-G-5.jpg?w=1500&amp;ssl=1 1500w, https:\/\/i0.wp.com\/rmarqcollection.com.br\/wp-content\/uploads\/2022\/12\/Bolsa-Jeans-G-5.jpg?w=1280&amp;ssl=1 1280w\" sizes=\"auto, (max-width: 300px) 100vw, 300px\" \/><\/p>\n<p><strong>Informa\u00e7\u00f5es t\u00e9cnicas:<\/strong><br \/>\nModelo: Bolsa de ombro feminina.<br \/>\nMaterial:\u00a0 Tecido jeans.<br \/>\nCor: Azul-marinho.<br \/>\nDetalhes: Corrente dourada pode ser removida nos elos,<br \/>\ne fita dourada fixa<br \/>\nForro: Interno cor preto.<br \/>\nPeso: 160 g.<br \/>\nLargura abertura : 42 cm.<br \/>\nComprimento: 42 cm \/ Altura: 31 cm.<br \/>\nLargura fundo: 15\u00a0cm.<br \/>\nAbertura e fechamento: Z\u00edper preto detalhe dourado.<br \/>\nAl\u00e7a: 38 cm altura (circunfer\u00eancia total 76 cm) e 2 cm largura.<br \/>\nBolsos: dois bolsos externos e bolso interno.<\/p>\n<p>Cuide bem do seu produto para que tenha uma boa durabilidade.<br \/>\nProduzido e comercializado por RMarq Collection.<\/p>\n<p>Garantia do Fabricante: Contra defeitos de fabrica\u00e7\u00e3o; 30 dias.<br \/>\n<span style=\"color: #0000ff;\"><strong><a style=\"color: #0000ff;\" href=\"https:\/\/rmarqcollection.com.br\/?page_id=238\">Estamos a disposi\u00e7\u00e3o para atender \u00e0s suas d\u00favidas.<\/a><\/strong><\/span><\/p>\n","protected":false},"excerpt":{"rendered":"<h6><strong><a href=\"https:\/\/rmarqcollection.com.br\/?page_id=1849\"><span style=\"color: #3366ff;\">Em 12x confira formas de pagamentos.<\/span><\/a><\/strong><\/h6>\n<\/h6>\n<h6><strong>Al\u00e7a ombro, corrente e fita dourada, costuras rosa, fecho z\u00edper e bolsos.\u00a0<\/strong><\/h6>\n<h5><span style=\"color: #3366ff;\"><a style=\"color: #3366ff;\" href=\"https:\/\/rmarqcollection.com.br\/?p=6139\"><strong>V\u00eddeo<\/strong><\/a><\/span><\/h5>\n","protected":false},"featured_media":4774,"comment_status":"open","ping_status":"closed","template":"","meta":{"jetpack_publicize_message":"","jetpack_publicize_feature_enabled":true,"jetpack_social_post_already_shared":true,"jetpack_social_options":{"image_generator_settings":{"template":"highway","default_image_id":0,"font":"","enabled":false},"version":2}},"product_brand":[509],"product_cat":[376,230],"product_tag":[168,169,234,371,372,369,370,368],"class_list":{"0":"post-3431","1":"product","2":"type-product","3":"status-publish","6":"product_brand-rmarq-collection","7":"product_cat-bolsas-femininas","8":"product_cat-bolsa-jeans","9":"product_tag-bolsa","10":"product_tag-bolsa-feminina","11":"product_tag-bolsa-jeans","12":"product_tag-bolsa-jeans-marinho","13":"product_tag-bolsa-jeans-ombro","14":"product_tag-bolsa-tecido","15":"product_tag-bolsa-tecido-jeans","16":"product_tag-bolsas","18":"first","19":"instock","20":"sale","21":"taxable","22":"shipping-taxable","23":"purchasable","24":"product-type-simple"},"aioseo_notices":[],"jetpack_publicize_connections":[],"jetpack-related-posts":[{"id":5428,"url":"https:\/\/rmarqcollection.com.br\/?product=bolsa-tecido-jeans-feminina-pequena-rmarqcollection","url_meta":{"origin":3431,"position":0},"title":"Bolsa Feminina Tecido Jeans Marinho Pequena RMarq Collection","author":"cole\u00e7\u00e3o rmarq","date":"25\/03\/2024","format":false,"excerpt":"Em 12x confira formas de pagamentos. Frete gr\u00e1tis saiba mais\u2026 Al\u00e7a ombro, azul marinho, flor, costuras rosa, fecho z\u00edper e bolsos.\u00a0 V\u00eddeo","rel":"","context":"Post similar","block_context":{"text":"Post similar","link":""},"img":{"alt_text":"","src":"https:\/\/i0.wp.com\/rmarqcollection.com.br\/wp-content\/uploads\/2022\/10\/Bolsa-Jeans-Pequena-1-e1711413567665.png?fit=1200%2C1157&ssl=1&resize=350%2C200","width":350,"height":200,"srcset":"https:\/\/i0.wp.com\/rmarqcollection.com.br\/wp-content\/uploads\/2022\/10\/Bolsa-Jeans-Pequena-1-e1711413567665.png?fit=1200%2C1157&ssl=1&resize=350%2C200 1x, https:\/\/i0.wp.com\/rmarqcollection.com.br\/wp-content\/uploads\/2022\/10\/Bolsa-Jeans-Pequena-1-e1711413567665.png?fit=1200%2C1157&ssl=1&resize=525%2C300 1.5x, https:\/\/i0.wp.com\/rmarqcollection.com.br\/wp-content\/uploads\/2022\/10\/Bolsa-Jeans-Pequena-1-e1711413567665.png?fit=1200%2C1157&ssl=1&resize=700%2C400 2x, https:\/\/i0.wp.com\/rmarqcollection.com.br\/wp-content\/uploads\/2022\/10\/Bolsa-Jeans-Pequena-1-e1711413567665.png?fit=1200%2C1157&ssl=1&resize=1050%2C600 3x"},"classes":[]},{"id":1242,"url":"https:\/\/rmarqcollection.com.br\/?product=bolsa-feminina-ombro-sintetico-caramelo","url_meta":{"origin":3431,"position":1},"title":"Bolsa Feminina Couro Sint\u00e9tico Caramelo Ombro RMarq Collection","author":"cole\u00e7\u00e3o rmarq","date":"10\/04\/2022","format":false,"excerpt":"Em 12x confira formas de pagamentos Al\u00e7a remov\u00edvel, fecho z\u00edper, metais dourados e bolsos. V\u00eddeo\u00a0","rel":"","context":"Post similar","block_context":{"text":"Post similar","link":""},"img":{"alt_text":"","src":"https:\/\/i0.wp.com\/rmarqcollection.com.br\/wp-content\/uploads\/2022\/04\/bolsa-Caramelo-10.jpg?fit=1200%2C1199&ssl=1&resize=350%2C200","width":350,"height":200,"srcset":"https:\/\/i0.wp.com\/rmarqcollection.com.br\/wp-content\/uploads\/2022\/04\/bolsa-Caramelo-10.jpg?fit=1200%2C1199&ssl=1&resize=350%2C200 1x, https:\/\/i0.wp.com\/rmarqcollection.com.br\/wp-content\/uploads\/2022\/04\/bolsa-Caramelo-10.jpg?fit=1200%2C1199&ssl=1&resize=525%2C300 1.5x, https:\/\/i0.wp.com\/rmarqcollection.com.br\/wp-content\/uploads\/2022\/04\/bolsa-Caramelo-10.jpg?fit=1200%2C1199&ssl=1&resize=700%2C400 2x, https:\/\/i0.wp.com\/rmarqcollection.com.br\/wp-content\/uploads\/2022\/04\/bolsa-Caramelo-10.jpg?fit=1200%2C1199&ssl=1&resize=1050%2C600 3x"},"classes":[]},{"id":2604,"url":"https:\/\/rmarqcollection.com.br\/?product=bolsa-feminina-media-couro-legitimo-alca-transversal","url_meta":{"origin":3431,"position":2},"title":"Bolsa Feminina Couro Genu\u00edno Ombro Transversal RMarq Collection","author":"cole\u00e7\u00e3o rmarq","date":"29\/08\/2022","format":false,"excerpt":"Em 12x confira formas de pagamentos Frete gr\u00e1tis saiba mais\u2026 Couro genu\u00edno, franja, costuras fantasia, enfeite, metal e z\u00edper.","rel":"","context":"Post similar","block_context":{"text":"Post similar","link":""},"img":{"alt_text":"","src":"https:\/\/i0.wp.com\/rmarqcollection.com.br\/wp-content\/uploads\/2022\/08\/Bolsa-bege-sintilante-5.png?fit=1200%2C1200&ssl=1&resize=350%2C200","width":350,"height":200,"srcset":"https:\/\/i0.wp.com\/rmarqcollection.com.br\/wp-content\/uploads\/2022\/08\/Bolsa-bege-sintilante-5.png?fit=1200%2C1200&ssl=1&resize=350%2C200 1x, https:\/\/i0.wp.com\/rmarqcollection.com.br\/wp-content\/uploads\/2022\/08\/Bolsa-bege-sintilante-5.png?fit=1200%2C1200&ssl=1&resize=525%2C300 1.5x, https:\/\/i0.wp.com\/rmarqcollection.com.br\/wp-content\/uploads\/2022\/08\/Bolsa-bege-sintilante-5.png?fit=1200%2C1200&ssl=1&resize=700%2C400 2x, https:\/\/i0.wp.com\/rmarqcollection.com.br\/wp-content\/uploads\/2022\/08\/Bolsa-bege-sintilante-5.png?fit=1200%2C1200&ssl=1&resize=1050%2C600 3x"},"classes":[]},{"id":1214,"url":"https:\/\/rmarqcollection.com.br\/?product=bolsa-feminina-ombro-material-sintetico-preto-detalhe-couro-vermelho","url_meta":{"origin":3431,"position":3},"title":"Bolsa Feminina Couro Sint\u00e9tico Preto Ombro RMarq Collection","author":"cole\u00e7\u00e3o rmarq","date":"28\/03\/2022","format":false,"excerpt":"Em 12x confira formas de pagamentos. Al\u00e7as cor preto e detalhe vermelho, metal, rebite n\u00edquel, fecho z\u00edper e bolsos. V\u00eddeo","rel":"","context":"Post similar","block_context":{"text":"Post similar","link":""},"img":{"alt_text":"","src":"https:\/\/i0.wp.com\/rmarqcollection.com.br\/wp-content\/uploads\/2022\/03\/Bolsa-Preta-Sintetica-1.png?fit=1200%2C1200&ssl=1&resize=350%2C200","width":350,"height":200,"srcset":"https:\/\/i0.wp.com\/rmarqcollection.com.br\/wp-content\/uploads\/2022\/03\/Bolsa-Preta-Sintetica-1.png?fit=1200%2C1200&ssl=1&resize=350%2C200 1x, https:\/\/i0.wp.com\/rmarqcollection.com.br\/wp-content\/uploads\/2022\/03\/Bolsa-Preta-Sintetica-1.png?fit=1200%2C1200&ssl=1&resize=525%2C300 1.5x, https:\/\/i0.wp.com\/rmarqcollection.com.br\/wp-content\/uploads\/2022\/03\/Bolsa-Preta-Sintetica-1.png?fit=1200%2C1200&ssl=1&resize=700%2C400 2x, https:\/\/i0.wp.com\/rmarqcollection.com.br\/wp-content\/uploads\/2022\/03\/Bolsa-Preta-Sintetica-1.png?fit=1200%2C1200&ssl=1&resize=1050%2C600 3x"},"classes":[]},{"id":3632,"url":"https:\/\/rmarqcollection.com.br\/?product=necessaire-estojo-feminino-material-tecido-jeans","url_meta":{"origin":3431,"position":4},"title":"Estojo Necessaire Feminino Jeans Azul-Marinho RMarq Collection","author":"cole\u00e7\u00e3o rmarq","date":"21\/02\/2023","format":false,"excerpt":"Em 12x confira formas de pagamentos Frete gr\u00e1tis saiba mais\u2026 Tecido jeans azul marinho e fecho z\u00edper V\u00eddeo","rel":"","context":"Post similar","block_context":{"text":"Post similar","link":""},"img":{"alt_text":"","src":"https:\/\/i0.wp.com\/rmarqcollection.com.br\/wp-content\/uploads\/2023\/02\/Estojo-jeans-grande-3.png?fit=1200%2C1200&ssl=1&resize=350%2C200","width":350,"height":200,"srcset":"https:\/\/i0.wp.com\/rmarqcollection.com.br\/wp-content\/uploads\/2023\/02\/Estojo-jeans-grande-3.png?fit=1200%2C1200&ssl=1&resize=350%2C200 1x, https:\/\/i0.wp.com\/rmarqcollection.com.br\/wp-content\/uploads\/2023\/02\/Estojo-jeans-grande-3.png?fit=1200%2C1200&ssl=1&resize=525%2C300 1.5x, https:\/\/i0.wp.com\/rmarqcollection.com.br\/wp-content\/uploads\/2023\/02\/Estojo-jeans-grande-3.png?fit=1200%2C1200&ssl=1&resize=700%2C400 2x, https:\/\/i0.wp.com\/rmarqcollection.com.br\/wp-content\/uploads\/2023\/02\/Estojo-jeans-grande-3.png?fit=1200%2C1200&ssl=1&resize=1050%2C600 3x"},"classes":[]},{"id":6411,"url":"https:\/\/rmarqcollection.com.br\/?product=bolsa-feminina-mao-e-ombro-couro-rmarq-collection","url_meta":{"origin":3431,"position":5},"title":"Bolsa Feminina M\u00e3o e Ombro Couro Genu\u00edno RMarq Collection","author":"cole\u00e7\u00e3o rmarq","date":"12\/06\/2025","format":false,"excerpt":"V\u00eddeo Em 12x confira formas de pagamentos Frete gr\u00e1tis saiba mais\u2026","rel":"","context":"Post similar","block_context":{"text":"Post similar","link":""},"img":{"alt_text":"","src":"https:\/\/i0.wp.com\/rmarqcollection.com.br\/wp-content\/uploads\/2025\/06\/Bolsa-Feminina-Couro-Preto-RMarq-2-5-1.png?fit=1199%2C1200&ssl=1&resize=350%2C200","width":350,"height":200,"srcset":"https:\/\/i0.wp.com\/rmarqcollection.com.br\/wp-content\/uploads\/2025\/06\/Bolsa-Feminina-Couro-Preto-RMarq-2-5-1.png?fit=1199%2C1200&ssl=1&resize=350%2C200 1x, https:\/\/i0.wp.com\/rmarqcollection.com.br\/wp-content\/uploads\/2025\/06\/Bolsa-Feminina-Couro-Preto-RMarq-2-5-1.png?fit=1199%2C1200&ssl=1&resize=525%2C300 1.5x, https:\/\/i0.wp.com\/rmarqcollection.com.br\/wp-content\/uploads\/2025\/06\/Bolsa-Feminina-Couro-Preto-RMarq-2-5-1.png?fit=1199%2C1200&ssl=1&resize=700%2C400 2x, https:\/\/i0.wp.com\/rmarqcollection.com.br\/wp-content\/uploads\/2025\/06\/Bolsa-Feminina-Couro-Preto-RMarq-2-5-1.png?fit=1199%2C1200&ssl=1&resize=1050%2C600 3x"},"classes":[]}],"jetpack_likes_enabled":true,"jetpack_sharing_enabled":true,"_links":{"self":[{"href":"https:\/\/rmarqcollection.com.br\/index.php?rest_route=\/wp\/v2\/product\/3431","targetHints":{"allow":["GET"]}}],"collection":[{"href":"https:\/\/rmarqcollection.com.br\/index.php?rest_route=\/wp\/v2\/product"}],"about":[{"href":"https:\/\/rmarqcollection.com.br\/index.php?rest_route=\/wp\/v2\/types\/product"}],"replies":[{"embeddable":true,"href":"https:\/\/rmarqcollection.com.br\/index.php?rest_route=%2Fwp%2Fv2%2Fcomments&post=3431"}],"wp:featuredmedia":[{"embeddable":true,"href":"https:\/\/rmarqcollection.com.br\/index.php?rest_route=\/wp\/v2\/media\/4774"}],"wp:attachment":[{"href":"https:\/\/rmarqcollection.com.br\/index.php?rest_route=%2Fwp%2Fv2%2Fmedia&parent=3431"}],"wp:term":[{"taxonomy":"product_brand","embeddable":true,"href":"https:\/\/rmarqcollection.com.br\/index.php?rest_route=%2Fwp%2Fv2%2Fproduct_brand&post=3431"},{"taxonomy":"product_cat","embeddable":true,"href":"https:\/\/rmarqcollection.com.br\/index.php?rest_route=%2Fwp%2Fv2%2Fproduct_cat&post=3431"},{"taxonomy":"product_tag","embeddable":true,"href":"https:\/\/rmarqcollection.com.br\/index.php?rest_route=%2Fwp%2Fv2%2Fproduct_tag&post=3431"}],"curies":[{"name":"wp","href":"https:\/\/api.w.org\/{rel}","templated":true}]}}