{"id":3459,"date":"2023-01-12T23:26:00","date_gmt":"2023-01-13T02:26:00","guid":{"rendered":"https:\/\/rmarqcollection.com.br\/?post_type=product&#038;p=3459"},"modified":"2026-04-18T19:12:23","modified_gmt":"2026-04-18T22:12:23","slug":"pulseira-para-relogio-com-fivela-material-couro","status":"publish","type":"product","link":"https:\/\/rmarqcollection.com.br\/?product=pulseira-para-relogio-com-fivela-material-couro","title":{"rendered":"Pulseira Rel\u00f3gio Unissex Couro Genu\u00edno Com Fivela RMarq Collection"},"content":{"rendered":"<p>Bem-vindo (a) a nossa loja!<br \/>\nQueremos proporcionar a voc\u00ea o que h\u00e1 de melhor. Todos os nossos produtos s\u00e3o confeccionados visando a qualidade e o conforto sempre com o objetivo de satisfazer voc\u00ea. A RMarq Collection produz e comercializa este produto visando sempre a melhor qualidade, beleza e o estilo.<\/p>\n<p>Pulseiras para rel\u00f3gios unissex produzidas em material couro, costuradas e com fivela. Ideal para troca de pulseiras em rel\u00f3gios de pulso.<\/p>\n<p><strong>Medidas de larguras:\u00a0<\/strong><br \/>\n<strong>10 mm, 12 mm, 14 mm, 16 mm, 18 mm, 20 mm, 22 mm.<\/strong><br \/>\nDispon\u00edveis nas cores: branco, preto, marrom, verde e vinho.<br \/>\nFivelas: douradas ou prateadas<\/p>\n<p><strong>OBS:\u00a0 Acompanha fivela e pinos.<\/strong><br \/>\nAs trocas geralmente podem ser feitas por voc\u00ea manualmente. Se caso n\u00e3o conseguir procure um relojoeiro.<\/p>\n<p><strong>Cuidados importantes:<\/strong> O suor pode ocasionar umidade no couro e desgaste. Procure cuidar da limpeza deste produto. Use um pano para limpeza, evite umidade se \u00famido deixe secar. N\u00e3o lave com produtos qu\u00edmicos. Para conserva\u00e7\u00e3o do couro use produto dispon\u00edveis no mercado.<\/p>\n<p>Por se tratar de couro pode ocorrer pequenas varia\u00e7\u00f5es nos tons. Portanto, n\u00e3o s\u00e3o considerados defeitos ou falta de informa\u00e7\u00f5es. as fotos podem apresentar varia\u00e7\u00f5es devido a luminosidade e flash.<\/p>\n<p>Garantia do Fabricante: Contra defeitos de fabrica\u00e7\u00e3o:30 dias.<br \/>\n<span style=\"color: #0000ff;\"><strong><a style=\"color: #0000ff;\" href=\"https:\/\/rmarqcollection.com.br\/?page_id=238\">Estamos a disposi\u00e7\u00e3o para atender \u00e0s suas d\u00favidas.<\/a><\/strong><\/span><\/p>\n","protected":false},"excerpt":{"rendered":"<h6><span style=\"color: #0000ff;\"><a style=\"color: #0000ff;\" href=\"https:\/\/rmarqcollection.com.br\/?page_id=1849\"><strong>Em 12x confira formas de pagamentos.<\/strong><\/a><\/span><\/h6>\n<h6><strong>Cores e larguras variadas, costuradas e fivela dourada ou prateada.<\/strong><\/h6>\n","protected":false},"featured_media":5802,"comment_status":"open","ping_status":"closed","template":"","meta":{"jetpack_publicize_message":"","jetpack_publicize_feature_enabled":true,"jetpack_social_post_already_shared":true,"jetpack_social_options":{"image_generator_settings":{"template":"highway","default_image_id":0,"font":"","enabled":false},"version":2}},"product_brand":[509],"product_cat":[21,259],"product_tag":[365,187,601,184,366,236,364,363],"class_list":{"0":"post-3459","1":"product","2":"type-product","3":"status-publish","6":"product_brand-rmarq-collection","7":"product_cat-pulseiras-para-relogios","8":"product_cat-pulseiras-relogios-com-fivela","9":"product_tag-pulseira","10":"product_tag-pulseira-com-fivela","11":"product_tag-pulseira-couro-genuino","12":"product_tag-pulseira-para-relogio","13":"product_tag-pulseira-relogio-de-pulso","14":"product_tag-pulseiras","15":"product_tag-pulseiras-de-couro","16":"product_tag-pulseiras-de-pulso","18":"first","19":"outofstock","20":"taxable","21":"shipping-taxable","22":"product-type-variable"},"aioseo_notices":[],"jetpack_publicize_connections":[],"jetpack-related-posts":[{"id":911,"url":"https:\/\/rmarqcollection.com.br\/?product=pulseira-para-relogio-unissex-couro-floater-marrom-escuro-sem-fivela-20mm-22mm","url_meta":{"origin":3459,"position":0},"title":"Pulseira Rel\u00f3gio Unissex Couro Genu\u00edno RMarq Collection Sem Fivela","author":"cole\u00e7\u00e3o rmarq","date":"22\/12\/2021","format":false,"excerpt":"Em 12x confira formas de pagamentos. Obs.: N\u00e3o acompanha fivela e pinos. Op\u00e7\u00f5es Cores e Larguras. V\u00eddeo","rel":"","context":"Post similar","block_context":{"text":"Post similar","link":""},"img":{"alt_text":"","src":"https:\/\/i0.wp.com\/rmarqcollection.com.br\/wp-content\/uploads\/2021\/12\/pulseira-vermelha-sem-fivela-2.png?fit=1200%2C1200&ssl=1&resize=350%2C200","width":350,"height":200,"srcset":"https:\/\/i0.wp.com\/rmarqcollection.com.br\/wp-content\/uploads\/2021\/12\/pulseira-vermelha-sem-fivela-2.png?fit=1200%2C1200&ssl=1&resize=350%2C200 1x, https:\/\/i0.wp.com\/rmarqcollection.com.br\/wp-content\/uploads\/2021\/12\/pulseira-vermelha-sem-fivela-2.png?fit=1200%2C1200&ssl=1&resize=525%2C300 1.5x, https:\/\/i0.wp.com\/rmarqcollection.com.br\/wp-content\/uploads\/2021\/12\/pulseira-vermelha-sem-fivela-2.png?fit=1200%2C1200&ssl=1&resize=700%2C400 2x, https:\/\/i0.wp.com\/rmarqcollection.com.br\/wp-content\/uploads\/2021\/12\/pulseira-vermelha-sem-fivela-2.png?fit=1200%2C1200&ssl=1&resize=1050%2C600 3x"},"classes":[]},{"id":207,"url":"https:\/\/rmarqcollection.com.br\/?product=pulseira-para-relogio","url_meta":{"origin":3459,"position":1},"title":"Pulseira Rel\u00f3gio Unissex Couro Genu\u00edno Sem Fivela RMarq Collection Dobrada","author":"cole\u00e7\u00e3o rmarq","date":"04\/06\/2021","format":false,"excerpt":"Em 12x confira formas de pagamentos Couro genu\u00edno, costuradas, sem fivela e pinos.","rel":"","context":"Post similar","block_context":{"text":"Post similar","link":""},"img":{"alt_text":"","src":"https:\/\/i0.wp.com\/rmarqcollection.com.br\/wp-content\/uploads\/2021\/06\/x-pul-foto.jpg?fit=1200%2C1200&ssl=1&resize=350%2C200","width":350,"height":200,"srcset":"https:\/\/i0.wp.com\/rmarqcollection.com.br\/wp-content\/uploads\/2021\/06\/x-pul-foto.jpg?fit=1200%2C1200&ssl=1&resize=350%2C200 1x, https:\/\/i0.wp.com\/rmarqcollection.com.br\/wp-content\/uploads\/2021\/06\/x-pul-foto.jpg?fit=1200%2C1200&ssl=1&resize=525%2C300 1.5x, https:\/\/i0.wp.com\/rmarqcollection.com.br\/wp-content\/uploads\/2021\/06\/x-pul-foto.jpg?fit=1200%2C1200&ssl=1&resize=700%2C400 2x, https:\/\/i0.wp.com\/rmarqcollection.com.br\/wp-content\/uploads\/2021\/06\/x-pul-foto.jpg?fit=1200%2C1200&ssl=1&resize=1050%2C600 3x"},"classes":[]},{"id":220,"url":"https:\/\/rmarqcollection.com.br\/?product=pulseira-para-relogio-10mm-3","url_meta":{"origin":3459,"position":2},"title":"Pulseira Rel\u00f3gio Feminino Couro Genu\u00edno Sem Fivela RMarq Collection Dobrada","author":"cole\u00e7\u00e3o rmarq","date":"05\/06\/2021","format":false,"excerpt":"Em 12x confira formas de pagamentos. Largura (1 cm =10 mm), sem fivela e pinos.\u00a0","rel":"","context":"Post similar","block_context":{"text":"Post similar","link":""},"img":{"alt_text":"","src":"https:\/\/i0.wp.com\/rmarqcollection.com.br\/wp-content\/uploads\/2021\/06\/Pulseira-dobrada-marrom-sem-fivela-3.jpg?fit=1200%2C1200&ssl=1&resize=350%2C200","width":350,"height":200,"srcset":"https:\/\/i0.wp.com\/rmarqcollection.com.br\/wp-content\/uploads\/2021\/06\/Pulseira-dobrada-marrom-sem-fivela-3.jpg?fit=1200%2C1200&ssl=1&resize=350%2C200 1x, https:\/\/i0.wp.com\/rmarqcollection.com.br\/wp-content\/uploads\/2021\/06\/Pulseira-dobrada-marrom-sem-fivela-3.jpg?fit=1200%2C1200&ssl=1&resize=525%2C300 1.5x, https:\/\/i0.wp.com\/rmarqcollection.com.br\/wp-content\/uploads\/2021\/06\/Pulseira-dobrada-marrom-sem-fivela-3.jpg?fit=1200%2C1200&ssl=1&resize=700%2C400 2x, https:\/\/i0.wp.com\/rmarqcollection.com.br\/wp-content\/uploads\/2021\/06\/Pulseira-dobrada-marrom-sem-fivela-3.jpg?fit=1200%2C1200&ssl=1&resize=1050%2C600 3x"},"classes":[]},{"id":848,"url":"https:\/\/rmarqcollection.com.br\/?product=pulseira-para-relogio-feminino-de-couro-legitimo-dobrada-com-fivela-10mm","url_meta":{"origin":3459,"position":3},"title":"Pulseira Rel\u00f3gio Feminino Couro Genu\u00edno Fivela (1cm) RMarq Collection Dobrada","author":"cole\u00e7\u00e3o rmarq","date":"08\/12\/2021","format":false,"excerpt":"Em 12x confira formas de pagamentos. Acompanha fivela e pinos. Largura (1 cm = 10 mm).","rel":"","context":"Post similar","block_context":{"text":"Post similar","link":""},"img":{"alt_text":"","src":"https:\/\/i0.wp.com\/rmarqcollection.com.br\/wp-content\/uploads\/2021\/12\/Pulseira-dobrada-preta-fivela-prateada-2.jpg?fit=1200%2C1200&ssl=1&resize=350%2C200","width":350,"height":200,"srcset":"https:\/\/i0.wp.com\/rmarqcollection.com.br\/wp-content\/uploads\/2021\/12\/Pulseira-dobrada-preta-fivela-prateada-2.jpg?fit=1200%2C1200&ssl=1&resize=350%2C200 1x, https:\/\/i0.wp.com\/rmarqcollection.com.br\/wp-content\/uploads\/2021\/12\/Pulseira-dobrada-preta-fivela-prateada-2.jpg?fit=1200%2C1200&ssl=1&resize=525%2C300 1.5x, https:\/\/i0.wp.com\/rmarqcollection.com.br\/wp-content\/uploads\/2021\/12\/Pulseira-dobrada-preta-fivela-prateada-2.jpg?fit=1200%2C1200&ssl=1&resize=700%2C400 2x, https:\/\/i0.wp.com\/rmarqcollection.com.br\/wp-content\/uploads\/2021\/12\/Pulseira-dobrada-preta-fivela-prateada-2.jpg?fit=1200%2C1200&ssl=1&resize=1050%2C600 3x"},"classes":[]},{"id":5446,"url":"https:\/\/rmarqcollection.com.br\/?product=bracelete-pulseira-masculina-couro-fivela-ajustavel-rm501","url_meta":{"origin":3459,"position":4},"title":"Bracelete Pulseira Masculina Couro Fivela Ajust\u00e1vel RM501","author":"cole\u00e7\u00e3o rmarq","date":"02\/04\/2024","format":false,"excerpt":"Em 12x confira formas de pagamentos. Tamanho: Ajust\u00e1vel (16 cm a 22 cm)\/Largura: (2,5 cm) V\u00eddeo","rel":"","context":"Post similar","block_context":{"text":"Post similar","link":""},"img":{"alt_text":"","src":"https:\/\/i0.wp.com\/rmarqcollection.com.br\/wp-content\/uploads\/2024\/04\/Braceletes-RM501.png?fit=1200%2C1200&ssl=1&resize=350%2C200","width":350,"height":200,"srcset":"https:\/\/i0.wp.com\/rmarqcollection.com.br\/wp-content\/uploads\/2024\/04\/Braceletes-RM501.png?fit=1200%2C1200&ssl=1&resize=350%2C200 1x, https:\/\/i0.wp.com\/rmarqcollection.com.br\/wp-content\/uploads\/2024\/04\/Braceletes-RM501.png?fit=1200%2C1200&ssl=1&resize=525%2C300 1.5x, https:\/\/i0.wp.com\/rmarqcollection.com.br\/wp-content\/uploads\/2024\/04\/Braceletes-RM501.png?fit=1200%2C1200&ssl=1&resize=700%2C400 2x, https:\/\/i0.wp.com\/rmarqcollection.com.br\/wp-content\/uploads\/2024\/04\/Braceletes-RM501.png?fit=1200%2C1200&ssl=1&resize=1050%2C600 3x"},"classes":[]},{"id":4555,"url":"https:\/\/rmarqcollection.com.br\/?product=bracelete-masculino-material-couro-rm500","url_meta":{"origin":3459,"position":5},"title":"Bracelete Pulseira Masculina Couro Fivela Ajust\u00e1vel RM500","author":"cole\u00e7\u00e3o rmarq","date":"27\/12\/2023","format":false,"excerpt":"Em 12x confira formas de pagamentos. Tamanho: Ajust\u00e1vel (16 cm a 22 cm)\/Largura: (2,5 cm) Bracelete enfeite tress\u00ea. V\u00eddeo","rel":"","context":"Post similar","block_context":{"text":"Post similar","link":""},"img":{"alt_text":"","src":"https:\/\/i0.wp.com\/rmarqcollection.com.br\/wp-content\/uploads\/2023\/12\/Braceletes-RM500-2.png?fit=1200%2C1200&ssl=1&resize=350%2C200","width":350,"height":200,"srcset":"https:\/\/i0.wp.com\/rmarqcollection.com.br\/wp-content\/uploads\/2023\/12\/Braceletes-RM500-2.png?fit=1200%2C1200&ssl=1&resize=350%2C200 1x, https:\/\/i0.wp.com\/rmarqcollection.com.br\/wp-content\/uploads\/2023\/12\/Braceletes-RM500-2.png?fit=1200%2C1200&ssl=1&resize=525%2C300 1.5x, https:\/\/i0.wp.com\/rmarqcollection.com.br\/wp-content\/uploads\/2023\/12\/Braceletes-RM500-2.png?fit=1200%2C1200&ssl=1&resize=700%2C400 2x, https:\/\/i0.wp.com\/rmarqcollection.com.br\/wp-content\/uploads\/2023\/12\/Braceletes-RM500-2.png?fit=1200%2C1200&ssl=1&resize=1050%2C600 3x"},"classes":[]}],"jetpack_likes_enabled":true,"jetpack_sharing_enabled":true,"_links":{"self":[{"href":"https:\/\/rmarqcollection.com.br\/index.php?rest_route=\/wp\/v2\/product\/3459","targetHints":{"allow":["GET"]}}],"collection":[{"href":"https:\/\/rmarqcollection.com.br\/index.php?rest_route=\/wp\/v2\/product"}],"about":[{"href":"https:\/\/rmarqcollection.com.br\/index.php?rest_route=\/wp\/v2\/types\/product"}],"replies":[{"embeddable":true,"href":"https:\/\/rmarqcollection.com.br\/index.php?rest_route=%2Fwp%2Fv2%2Fcomments&post=3459"}],"wp:featuredmedia":[{"embeddable":true,"href":"https:\/\/rmarqcollection.com.br\/index.php?rest_route=\/wp\/v2\/media\/5802"}],"wp:attachment":[{"href":"https:\/\/rmarqcollection.com.br\/index.php?rest_route=%2Fwp%2Fv2%2Fmedia&parent=3459"}],"wp:term":[{"taxonomy":"product_brand","embeddable":true,"href":"https:\/\/rmarqcollection.com.br\/index.php?rest_route=%2Fwp%2Fv2%2Fproduct_brand&post=3459"},{"taxonomy":"product_cat","embeddable":true,"href":"https:\/\/rmarqcollection.com.br\/index.php?rest_route=%2Fwp%2Fv2%2Fproduct_cat&post=3459"},{"taxonomy":"product_tag","embeddable":true,"href":"https:\/\/rmarqcollection.com.br\/index.php?rest_route=%2Fwp%2Fv2%2Fproduct_tag&post=3459"}],"curies":[{"name":"wp","href":"https:\/\/api.w.org\/{rel}","templated":true}]}}