{"id":3564,"date":"2023-02-17T22:38:51","date_gmt":"2023-02-18T01:38:51","guid":{"rendered":"https:\/\/rmarqcollection.com.br\/?post_type=product&#038;p=3564"},"modified":"2026-02-15T16:43:59","modified_gmt":"2026-02-15T19:43:59","slug":"mini-necessaire-carteira-feminina-material-couro","status":"publish","type":"product","link":"https:\/\/rmarqcollection.com.br\/?product=mini-necessaire-carteira-feminina-material-couro","title":{"rendered":"Carteira Necessaire Feminina Couro Genu\u00edno RMarq Collection"},"content":{"rendered":"<p>Bem-vindo (a) a nossa loja! Queremos proporcionar a voc\u00ea o que h\u00e1 de melhor. Todos os nossos produtos s\u00e3o confeccionados visando a qualidade e o conforto sempre com o objetivo de satisfazer voc\u00ea. A RMarq Collection produz e comercializa este produto visando sempre a melhor qualidade, beleza e o estilo.<\/p>\n<p><strong>Carteira (mini Necessaire) feminina,<\/strong> confeccionada em material couro genu\u00edno, resistente e dur\u00e1vel, costuras refor\u00e7adas, forrada internamente, fecho z\u00edper e bolso externo com bot\u00e3o de press\u00e3o (80) para fechamento. Possui corrente dourada, com cord\u00e3o, para uso como al\u00e7a (remov\u00edvel) se necess\u00e1rio. Comporta diversos objetos pessoais pequenos como: carteira, celular, chaves, documentos e dinheiro.<br \/>\n<strong>Acompanha bolsinha avulsa na cor preta para cart\u00f5es, moedas e documentos. <span style=\"color: #3366ff;\"><a style=\"color: #3366ff;\" href=\"https:\/\/youtube.com\/shorts\/FmpBo4NvXmg?si=Uv5C54O1GVkJEWC7\">V\u00eddeo<\/a><\/span><\/strong><br \/>\nElegante, pr\u00e1tica e leve oferece um charme especial para o uso em encontros, eventos, reuni\u00f5es, bancos, mercado e diversos locais do sue dia a dia.<br \/>\n<strong><img data-recalc-dims=\"1\" loading=\"lazy\" decoding=\"async\" class=\"size-medium wp-image-6293 alignright\" src=\"https:\/\/i0.wp.com\/rmarqcollection.com.br\/wp-content\/uploads\/2023\/02\/foto-ilustrativa-americanas-1.jpg?resize=300%2C300&#038;ssl=1\" alt=\"\" width=\"300\" height=\"300\" srcset=\"https:\/\/i0.wp.com\/rmarqcollection.com.br\/wp-content\/uploads\/2023\/02\/foto-ilustrativa-americanas-1.jpg?resize=300%2C300&amp;ssl=1 300w, https:\/\/i0.wp.com\/rmarqcollection.com.br\/wp-content\/uploads\/2023\/02\/foto-ilustrativa-americanas-1.jpg?resize=100%2C100&amp;ssl=1 100w, https:\/\/i0.wp.com\/rmarqcollection.com.br\/wp-content\/uploads\/2023\/02\/foto-ilustrativa-americanas-1.jpg?resize=600%2C600&amp;ssl=1 600w, https:\/\/i0.wp.com\/rmarqcollection.com.br\/wp-content\/uploads\/2023\/02\/foto-ilustrativa-americanas-1.jpg?resize=150%2C150&amp;ssl=1 150w, https:\/\/i0.wp.com\/rmarqcollection.com.br\/wp-content\/uploads\/2023\/02\/foto-ilustrativa-americanas-1.jpg?w=719&amp;ssl=1 719w\" sizes=\"auto, (max-width: 300px) 100vw, 300px\" \/><\/strong><br \/>\n<strong>Informa\u00e7\u00f5es t\u00e9cnicas:<\/strong><br \/>\nModelo: Carteira (mini) Necessaire Feminina<br \/>\nMaterial: Couro genu\u00edno<br \/>\nAltura: 13 cm<br \/>\nComprimento: 20 cm<br \/>\nLargura: 2 cm<br \/>\nForro: Interno<br \/>\nBolso: externo com bot\u00e3o de press\u00e3o<br \/>\nAl\u00e7a remov\u00edvel: Corrente dourada, com cord\u00e3o.<br \/>\nBolsinha: Material\u00a0 Nylon com z\u00edper e forrada, entrada para cart\u00f5es e documentos.<\/p>\n<p><strong>Recomenda\u00e7\u00f5es de Uso:<\/strong><br \/>\nA limpeza pode ser feita com pano seco ou \u00famido. Se lavar n\u00e3o use produtos qu\u00edmicos e n\u00e3o usar bucha grossa, pois pode ocasionar ranhuras e danificar o couro. N\u00e3o usar nenhuma fonte de calor para secar a n\u00e3o ser a natural. Guardar em local sem umidade ap\u00f3s o uso. Pode-se usar produtos dispon\u00edveis e compat\u00edveis no mercado para conserva\u00e7\u00e3o e brilho do couro.<\/p>\n<p>Por se tratar de couro pode ocorrer pequenas varia\u00e7\u00f5es nos tons. Portanto, n\u00e3o s\u00e3o considerados defeitos ou falta de informa\u00e7\u00f5es.<\/p>\n<p>Cuide bem do seu produto para que tenha uma boa durabilidade.<br \/>\nProduzido e comercializado por RMarq Collection.<\/p>\n<p>Garantia do Fabricante: Contra defeitos de fabrica\u00e7\u00e3o; 30 dias.<br \/>\n<strong><span style=\"color: #0000ff;\"><a style=\"color: #0000ff;\" href=\"https:\/\/rmarqcollection.com.br\/?page_id=238\">Estamos a disposi\u00e7\u00e3o para atender \u00e0s suas d\u00favidas.<\/a><\/span><\/strong><\/p>\n","protected":false},"excerpt":{"rendered":"<h6><span style=\"color: #0000ff;\"><a style=\"color: #0000ff;\" href=\"https:\/\/rmarqcollection.com.br\/?page_id=1849\"><strong>Em 12x confira formas de pagamentos<\/strong><\/a><\/span><\/h6>\n<h6><span style=\"color: #339966;\"><a style=\"color: #339966;\" href=\"https:\/\/rmarqcollection.com.br\/?page_id=2010\"><strong>Frete gr\u00e1tis saiba mais\u2026<\/strong><\/a><\/span><\/h6>\n<h6><strong>Forro interno, Fecho z\u00edper e bolso externo, al\u00e7a remov\u00edvel e bolsinha avulsa.<br \/>\n<a href=\"https:\/\/rmarqcollection.com.br\/?p=7363\"><span style=\"color: #3366ff;\">V\u00eddeo<\/span><\/a><\/strong><\/h6>\n","protected":false},"featured_media":6277,"comment_status":"open","ping_status":"closed","template":"","meta":{"jetpack_publicize_message":"","jetpack_publicize_feature_enabled":true,"jetpack_social_post_already_shared":true,"jetpack_social_options":{"image_generator_settings":{"template":"highway","default_image_id":0,"font":"","enabled":false},"version":2}},"product_brand":[509],"product_cat":[28,251],"product_tag":[351,590,352,172,354,408,409],"class_list":{"0":"post-3564","1":"product","2":"type-product","3":"status-publish","6":"product_brand-rmarq-collection","7":"product_cat-carteira-necessarie","8":"product_cat-necessaire-feminina","9":"product_tag-carteira","10":"product_tag-carteira-couro-genuino","11":"product_tag-carteira-de-couro","12":"product_tag-carteira-feminina","13":"product_tag-carteira-necesser","14":"product_tag-mini-necessaire","15":"product_tag-necessaire-carteira","17":"first","18":"instock","19":"sale","20":"taxable","21":"shipping-taxable","22":"purchasable","23":"product-type-variable"},"aioseo_notices":[],"jetpack_publicize_connections":[],"jetpack-related-posts":[{"id":3606,"url":"https:\/\/rmarqcollection.com.br\/?product=necessaire-estojo-maculino-material-couro","url_meta":{"origin":3564,"position":0},"title":"Estojo Necessaire Unissex Couro Genu\u00edno RMarq Collection","author":"cole\u00e7\u00e3o rmarq","date":"18\/02\/2023","format":false,"excerpt":"Em 12x confira formas de pagamentos Estojo material couro com fecho z\u00edper.","rel":"","context":"Post similar","block_context":{"text":"Post similar","link":""},"img":{"alt_text":"","src":"https:\/\/i0.wp.com\/rmarqcollection.com.br\/wp-content\/uploads\/2023\/02\/Bege-escuro-2.png?fit=1200%2C1200&ssl=1&resize=350%2C200","width":350,"height":200,"srcset":"https:\/\/i0.wp.com\/rmarqcollection.com.br\/wp-content\/uploads\/2023\/02\/Bege-escuro-2.png?fit=1200%2C1200&ssl=1&resize=350%2C200 1x, https:\/\/i0.wp.com\/rmarqcollection.com.br\/wp-content\/uploads\/2023\/02\/Bege-escuro-2.png?fit=1200%2C1200&ssl=1&resize=525%2C300 1.5x, https:\/\/i0.wp.com\/rmarqcollection.com.br\/wp-content\/uploads\/2023\/02\/Bege-escuro-2.png?fit=1200%2C1200&ssl=1&resize=700%2C400 2x, https:\/\/i0.wp.com\/rmarqcollection.com.br\/wp-content\/uploads\/2023\/02\/Bege-escuro-2.png?fit=1200%2C1200&ssl=1&resize=1050%2C600 3x"},"classes":[]},{"id":3577,"url":"https:\/\/rmarqcollection.com.br\/?product=porta-passaporte-carteira-para-documentos-material-couro","url_meta":{"origin":3564,"position":1},"title":"Carteira Masculina Pequena Couro Genu\u00edno RMarq Collection","author":"cole\u00e7\u00e3o rmarq","date":"18\/02\/2023","format":false,"excerpt":"Em 12x confira formas de pagamentos Guarde documentos e cart\u00f5es. Costuras refor\u00e7adas, forrada e fecho bot\u00e3o de press\u00e3o.","rel":"","context":"Post similar","block_context":{"text":"Post similar","link":""},"img":{"alt_text":"","src":"https:\/\/i0.wp.com\/rmarqcollection.com.br\/wp-content\/uploads\/2023\/02\/Porta-documentos-cartoes-8.jpg?fit=1200%2C1197&ssl=1&resize=350%2C200","width":350,"height":200,"srcset":"https:\/\/i0.wp.com\/rmarqcollection.com.br\/wp-content\/uploads\/2023\/02\/Porta-documentos-cartoes-8.jpg?fit=1200%2C1197&ssl=1&resize=350%2C200 1x, https:\/\/i0.wp.com\/rmarqcollection.com.br\/wp-content\/uploads\/2023\/02\/Porta-documentos-cartoes-8.jpg?fit=1200%2C1197&ssl=1&resize=525%2C300 1.5x, https:\/\/i0.wp.com\/rmarqcollection.com.br\/wp-content\/uploads\/2023\/02\/Porta-documentos-cartoes-8.jpg?fit=1200%2C1197&ssl=1&resize=700%2C400 2x, https:\/\/i0.wp.com\/rmarqcollection.com.br\/wp-content\/uploads\/2023\/02\/Porta-documentos-cartoes-8.jpg?fit=1200%2C1197&ssl=1&resize=1050%2C600 3x"},"classes":[]},{"id":6869,"url":"https:\/\/rmarqcollection.com.br\/?product=carteira-masculina-couro-genuino-rmarq-collection","url_meta":{"origin":3564,"position":2},"title":"Carteira Masculina Couro Genu\u00edno RMarq Collection","author":"cole\u00e7\u00e3o rmarq","date":"03\/09\/2025","format":false,"excerpt":"Em 12x confira formas de pagamentos Cores preto, terracota e camel\/documentos, dinheiro, cart\u00f5es e moedas. V\u00eddeo","rel":"","context":"Post similar","block_context":{"text":"Post similar","link":""},"img":{"alt_text":"","src":"https:\/\/i0.wp.com\/rmarqcollection.com.br\/wp-content\/uploads\/2025\/08\/carteira-marrom-5.png?fit=1200%2C1200&ssl=1&resize=350%2C200","width":350,"height":200,"srcset":"https:\/\/i0.wp.com\/rmarqcollection.com.br\/wp-content\/uploads\/2025\/08\/carteira-marrom-5.png?fit=1200%2C1200&ssl=1&resize=350%2C200 1x, https:\/\/i0.wp.com\/rmarqcollection.com.br\/wp-content\/uploads\/2025\/08\/carteira-marrom-5.png?fit=1200%2C1200&ssl=1&resize=525%2C300 1.5x, https:\/\/i0.wp.com\/rmarqcollection.com.br\/wp-content\/uploads\/2025\/08\/carteira-marrom-5.png?fit=1200%2C1200&ssl=1&resize=700%2C400 2x, https:\/\/i0.wp.com\/rmarqcollection.com.br\/wp-content\/uploads\/2025\/08\/carteira-marrom-5.png?fit=1200%2C1200&ssl=1&resize=1050%2C600 3x"},"classes":[]},{"id":3615,"url":"https:\/\/rmarqcollection.com.br\/?product=porta-passaporte-documentos-e-cartoes-material-couro","url_meta":{"origin":3564,"position":3},"title":"Porta Passaporte Carteira Couro Genu\u00edno RMarq Collection","author":"cole\u00e7\u00e3o rmarq","date":"19\/02\/2023","format":false,"excerpt":"Em 12x confira formas de pagamentos Frete gr\u00e1tis saiba mais\u2026 Couro genu\u00edno, costuras refor\u00e7adas, forrada e fecho bot\u00e3o de press\u00e3o. V\u00eddeo","rel":"","context":"Post similar","block_context":{"text":"Post similar","link":""},"img":{"alt_text":"","src":"https:\/\/i0.wp.com\/rmarqcollection.com.br\/wp-content\/uploads\/2023\/02\/Porta-Passaporte-Bege-4.jpeg?fit=1200%2C1200&ssl=1&resize=350%2C200","width":350,"height":200,"srcset":"https:\/\/i0.wp.com\/rmarqcollection.com.br\/wp-content\/uploads\/2023\/02\/Porta-Passaporte-Bege-4.jpeg?fit=1200%2C1200&ssl=1&resize=350%2C200 1x, https:\/\/i0.wp.com\/rmarqcollection.com.br\/wp-content\/uploads\/2023\/02\/Porta-Passaporte-Bege-4.jpeg?fit=1200%2C1200&ssl=1&resize=525%2C300 1.5x, https:\/\/i0.wp.com\/rmarqcollection.com.br\/wp-content\/uploads\/2023\/02\/Porta-Passaporte-Bege-4.jpeg?fit=1200%2C1200&ssl=1&resize=700%2C400 2x, https:\/\/i0.wp.com\/rmarqcollection.com.br\/wp-content\/uploads\/2023\/02\/Porta-Passaporte-Bege-4.jpeg?fit=1200%2C1200&ssl=1&resize=1050%2C600 3x"},"classes":[]},{"id":6894,"url":"https:\/\/rmarqcollection.com.br\/?product=carteira-masculina-couro-fecho-ziper-rmarq-collection","url_meta":{"origin":3564,"position":4},"title":"Carteira Masculina Couro Genu\u00edno Z\u00edper RMarq Collection","author":"cole\u00e7\u00e3o rmarq","date":"03\/09\/2025","format":false,"excerpt":"Em 12x confira formas de pagamentos. Cores preto, camel e terracota\/documentos, dinheiro, cart\u00f5es e moedas. V\u00eddeo","rel":"","context":"Post similar","block_context":{"text":"Post similar","link":""},"img":{"alt_text":"","src":"https:\/\/i0.wp.com\/rmarqcollection.com.br\/wp-content\/uploads\/2025\/08\/carteira-preta-ziper-1.png?fit=1200%2C1200&ssl=1&resize=350%2C200","width":350,"height":200,"srcset":"https:\/\/i0.wp.com\/rmarqcollection.com.br\/wp-content\/uploads\/2025\/08\/carteira-preta-ziper-1.png?fit=1200%2C1200&ssl=1&resize=350%2C200 1x, https:\/\/i0.wp.com\/rmarqcollection.com.br\/wp-content\/uploads\/2025\/08\/carteira-preta-ziper-1.png?fit=1200%2C1200&ssl=1&resize=525%2C300 1.5x, https:\/\/i0.wp.com\/rmarqcollection.com.br\/wp-content\/uploads\/2025\/08\/carteira-preta-ziper-1.png?fit=1200%2C1200&ssl=1&resize=700%2C400 2x, https:\/\/i0.wp.com\/rmarqcollection.com.br\/wp-content\/uploads\/2025\/08\/carteira-preta-ziper-1.png?fit=1200%2C1200&ssl=1&resize=1050%2C600 3x"},"classes":[]},{"id":323,"url":"https:\/\/rmarqcollection.com.br\/?product=carteira-masculina-tamanho-unico","url_meta":{"origin":3564,"position":5},"title":"Carteira Masculina Couro Genu\u00edno listrada RMarq Collection","author":"cole\u00e7\u00e3o rmarq","date":"11\/06\/2021","format":false,"excerpt":"Em 12x confira formas de pagamentos. Cores preto e marrom, espa\u00e7os documentos e cart\u00f5es. V\u00eddeo","rel":"","context":"Post similar","block_context":{"text":"Post similar","link":""},"img":{"alt_text":"","src":"https:\/\/i0.wp.com\/rmarqcollection.com.br\/wp-content\/uploads\/2024\/01\/carteira-de-bolso-masculina-1.jpg?fit=1187%2C1200&ssl=1&resize=350%2C200","width":350,"height":200,"srcset":"https:\/\/i0.wp.com\/rmarqcollection.com.br\/wp-content\/uploads\/2024\/01\/carteira-de-bolso-masculina-1.jpg?fit=1187%2C1200&ssl=1&resize=350%2C200 1x, https:\/\/i0.wp.com\/rmarqcollection.com.br\/wp-content\/uploads\/2024\/01\/carteira-de-bolso-masculina-1.jpg?fit=1187%2C1200&ssl=1&resize=525%2C300 1.5x, https:\/\/i0.wp.com\/rmarqcollection.com.br\/wp-content\/uploads\/2024\/01\/carteira-de-bolso-masculina-1.jpg?fit=1187%2C1200&ssl=1&resize=700%2C400 2x, https:\/\/i0.wp.com\/rmarqcollection.com.br\/wp-content\/uploads\/2024\/01\/carteira-de-bolso-masculina-1.jpg?fit=1187%2C1200&ssl=1&resize=1050%2C600 3x"},"classes":[]}],"jetpack_likes_enabled":true,"jetpack_sharing_enabled":true,"_links":{"self":[{"href":"https:\/\/rmarqcollection.com.br\/index.php?rest_route=\/wp\/v2\/product\/3564","targetHints":{"allow":["GET"]}}],"collection":[{"href":"https:\/\/rmarqcollection.com.br\/index.php?rest_route=\/wp\/v2\/product"}],"about":[{"href":"https:\/\/rmarqcollection.com.br\/index.php?rest_route=\/wp\/v2\/types\/product"}],"replies":[{"embeddable":true,"href":"https:\/\/rmarqcollection.com.br\/index.php?rest_route=%2Fwp%2Fv2%2Fcomments&post=3564"}],"wp:featuredmedia":[{"embeddable":true,"href":"https:\/\/rmarqcollection.com.br\/index.php?rest_route=\/wp\/v2\/media\/6277"}],"wp:attachment":[{"href":"https:\/\/rmarqcollection.com.br\/index.php?rest_route=%2Fwp%2Fv2%2Fmedia&parent=3564"}],"wp:term":[{"taxonomy":"product_brand","embeddable":true,"href":"https:\/\/rmarqcollection.com.br\/index.php?rest_route=%2Fwp%2Fv2%2Fproduct_brand&post=3564"},{"taxonomy":"product_cat","embeddable":true,"href":"https:\/\/rmarqcollection.com.br\/index.php?rest_route=%2Fwp%2Fv2%2Fproduct_cat&post=3564"},{"taxonomy":"product_tag","embeddable":true,"href":"https:\/\/rmarqcollection.com.br\/index.php?rest_route=%2Fwp%2Fv2%2Fproduct_tag&post=3564"}],"curies":[{"name":"wp","href":"https:\/\/api.w.org\/{rel}","templated":true}]}}