{"id":3577,"date":"2023-02-18T09:22:55","date_gmt":"2023-02-18T12:22:55","guid":{"rendered":"https:\/\/rmarqcollection.com.br\/?post_type=product&#038;p=3577"},"modified":"2025-11-09T17:04:47","modified_gmt":"2025-11-09T20:04:47","slug":"porta-passaporte-carteira-para-documentos-material-couro","status":"publish","type":"product","link":"https:\/\/rmarqcollection.com.br\/?product=porta-passaporte-carteira-para-documentos-material-couro","title":{"rendered":"Carteira Masculina Pequena Couro Genu\u00edno RMarq Collection"},"content":{"rendered":"<p>Bem-vindo (a) a nossa loja! Queremos proporcionar a voc\u00ea o que h\u00e1 de melhor. Todos os nossos produtos s\u00e3o confeccionados visando a qualidade e o conforto sempre com o objetivo de satisfazer voc\u00ea. A RMarq Collection produz e comercializa este produto visando sempre a melhor qualidade, beleza e o estilo.<\/p>\n<p>Carteira pequena, porta documentos e cart\u00f5es. Confeccionada em material couro genu\u00edno, resistente e dur\u00e1vel, costuras refor\u00e7adas, forrada e com bot\u00e3o de press\u00e3o para fechamento. Possui espa\u00e7os para cart\u00f5es e documentos essenciais e, se necess\u00e1rio, notas de dinheiro.<br \/>\nElegante, pr\u00e1tico e leve. Pode ser guardado no bolso, bolsas, pochetes, necessaires.<br \/>\nIndicado para organizar seus documentos para viagens, passeios e diversas ocasi\u00f5es.<\/p>\n<p>Verifique as medidas dos seus documentos para melhor aproveitamento desse produto.<img data-recalc-dims=\"1\" loading=\"lazy\" decoding=\"async\" class=\" wp-image-4865 alignright\" src=\"https:\/\/i0.wp.com\/rmarqcollection.com.br\/wp-content\/uploads\/2023\/02\/Porta-documentos-cartoes.jpeg?resize=250%2C250&#038;ssl=1\" alt=\"\" width=\"250\" height=\"250\" srcset=\"https:\/\/i0.wp.com\/rmarqcollection.com.br\/wp-content\/uploads\/2023\/02\/Porta-documentos-cartoes.jpeg?resize=300%2C300&amp;ssl=1 300w, https:\/\/i0.wp.com\/rmarqcollection.com.br\/wp-content\/uploads\/2023\/02\/Porta-documentos-cartoes.jpeg?resize=100%2C100&amp;ssl=1 100w, https:\/\/i0.wp.com\/rmarqcollection.com.br\/wp-content\/uploads\/2023\/02\/Porta-documentos-cartoes.jpeg?resize=600%2C600&amp;ssl=1 600w, https:\/\/i0.wp.com\/rmarqcollection.com.br\/wp-content\/uploads\/2023\/02\/Porta-documentos-cartoes.jpeg?resize=1024%2C1024&amp;ssl=1 1024w, https:\/\/i0.wp.com\/rmarqcollection.com.br\/wp-content\/uploads\/2023\/02\/Porta-documentos-cartoes.jpeg?resize=150%2C150&amp;ssl=1 150w, https:\/\/i0.wp.com\/rmarqcollection.com.br\/wp-content\/uploads\/2023\/02\/Porta-documentos-cartoes.jpeg?resize=768%2C768&amp;ssl=1 768w, https:\/\/i0.wp.com\/rmarqcollection.com.br\/wp-content\/uploads\/2023\/02\/Porta-documentos-cartoes.jpeg?w=1500&amp;ssl=1 1500w, https:\/\/i0.wp.com\/rmarqcollection.com.br\/wp-content\/uploads\/2023\/02\/Porta-documentos-cartoes.jpeg?w=1280&amp;ssl=1 1280w\" sizes=\"auto, (max-width: 250px) 100vw, 250px\" \/><br \/>\nInforma\u00e7\u00f5es t\u00e9cnicas:<br \/>\nModelo: Carteira pequena, porta documentos e cart\u00f5es<br \/>\nMaterial: Couro genu\u00edno<br \/>\nAltura: 12 cm<br \/>\nComprimento:\u00a0\u00a0 Aberto: 17 cm \/ Fechado: 8,5 cm<br \/>\nEspa\u00e7os para cart\u00f5es: (3) tr\u00eas<br \/>\nCompartimentos: (2) dois<br \/>\nForro: Interno<\/p>\n<p>Recomenda\u00e7\u00f5es de Uso:<br \/>\nA limpeza pode ser feita com pano seco ou \u00famido. Se lavar n\u00e3o use produtos qu\u00edmicos e n\u00e3o usar bucha grossa, pois pode ocasionar ranhuras e danificar o couro. N\u00e3o usar nenhuma fonte de calor para secar a n\u00e3o ser a natural. Guardar em local sem umidade ap\u00f3s o uso. Pode-se usar produtos dispon\u00edveis e compat\u00edveis no mercado para conserva\u00e7\u00e3o e brilho do couro.<\/p>\n<p>Por se tratar de couro pode ocorrer pequenas varia\u00e7\u00f5es nos tons. Portanto, n\u00e3o s\u00e3o considerados defeitos ou falta de informa\u00e7\u00f5es.<br \/>\nCuide bem do seu produto para que tenha uma boa durabilidade.<br \/>\nProduzido e comercializado por RMarq Collection.<\/p>\n<p>Garantia do Fabricante: Contra defeitos de fabrica\u00e7\u00e3o; 30 dias.<br \/>\n<span style=\"color: #0000ff;\"><strong><a style=\"color: #0000ff;\" href=\"https:\/\/rmarqcollection.com.br\/?page_id=238\">Estamos a disposi\u00e7\u00e3o para atender \u00e0s suas d\u00favidas.<\/a><\/strong><\/span><\/p>\n","protected":false},"excerpt":{"rendered":"<h6><span style=\"color: #0000ff;\"><a style=\"color: #0000ff;\" href=\"https:\/\/rmarqcollection.com.br\/?page_id=1849\"><strong>Em 12x confira formas de pagamentos<\/strong><\/a><\/span><\/h6>\n<h6><strong>Guarde documentos e cart\u00f5es. Costuras refor\u00e7adas, forrada e fecho bot\u00e3o de press\u00e3o.<\/strong><\/h6>\n","protected":false},"featured_media":4875,"comment_status":"open","ping_status":"closed","template":"","meta":{"jetpack_publicize_message":"","jetpack_publicize_feature_enabled":true,"jetpack_social_post_already_shared":true,"jetpack_social_options":{"image_generator_settings":{"template":"highway","default_image_id":0,"font":"","enabled":false},"version":2}},"product_brand":[509],"product_cat":[57,249],"product_tag":[351,590,196,352,350,197,349,250],"class_list":{"0":"post-3577","1":"product","2":"type-product","3":"status-publish","6":"product_brand-rmarq-collection","7":"product_cat-carteira-masculina","8":"product_cat-porta-documentos-e-cartoes","9":"product_tag-carteira","10":"product_tag-carteira-couro-genuino","11":"product_tag-carteira-de-bolso","12":"product_tag-carteira-de-couro","13":"product_tag-carteira-pequena","14":"product_tag-carteiras","15":"product_tag-porta-cartoes","16":"product_tag-porta-documentos","18":"first","19":"instock","20":"sale","21":"taxable","22":"shipping-taxable","23":"purchasable","24":"product-type-variable"},"aioseo_notices":[],"jetpack_publicize_connections":[],"jetpack-related-posts":[{"id":6869,"url":"https:\/\/rmarqcollection.com.br\/?product=carteira-masculina-couro-genuino-rmarq-collection","url_meta":{"origin":3577,"position":0},"title":"Carteira Masculina Couro Genu\u00edno RMarq Collection","author":"cole\u00e7\u00e3o rmarq","date":"03\/09\/2025","format":false,"excerpt":"Em 12x confira formas de pagamentos Cores preto, terracota e camel\/documentos, dinheiro, cart\u00f5es e moedas. V\u00eddeo","rel":"","context":"Post similar","block_context":{"text":"Post similar","link":""},"img":{"alt_text":"","src":"https:\/\/i0.wp.com\/rmarqcollection.com.br\/wp-content\/uploads\/2025\/08\/carteira-marrom-5.png?fit=1200%2C1200&ssl=1&resize=350%2C200","width":350,"height":200,"srcset":"https:\/\/i0.wp.com\/rmarqcollection.com.br\/wp-content\/uploads\/2025\/08\/carteira-marrom-5.png?fit=1200%2C1200&ssl=1&resize=350%2C200 1x, https:\/\/i0.wp.com\/rmarqcollection.com.br\/wp-content\/uploads\/2025\/08\/carteira-marrom-5.png?fit=1200%2C1200&ssl=1&resize=525%2C300 1.5x, https:\/\/i0.wp.com\/rmarqcollection.com.br\/wp-content\/uploads\/2025\/08\/carteira-marrom-5.png?fit=1200%2C1200&ssl=1&resize=700%2C400 2x, https:\/\/i0.wp.com\/rmarqcollection.com.br\/wp-content\/uploads\/2025\/08\/carteira-marrom-5.png?fit=1200%2C1200&ssl=1&resize=1050%2C600 3x"},"classes":[]},{"id":3615,"url":"https:\/\/rmarqcollection.com.br\/?product=porta-passaporte-documentos-e-cartoes-material-couro","url_meta":{"origin":3577,"position":1},"title":"Porta Passaporte Carteira Couro Genu\u00edno RMarq Collection","author":"cole\u00e7\u00e3o rmarq","date":"19\/02\/2023","format":false,"excerpt":"Em 12x confira formas de pagamentos Frete gr\u00e1tis saiba mais\u2026 Couro genu\u00edno, costuras refor\u00e7adas, forrada e fecho bot\u00e3o de press\u00e3o. V\u00eddeo","rel":"","context":"Post similar","block_context":{"text":"Post similar","link":""},"img":{"alt_text":"","src":"https:\/\/i0.wp.com\/rmarqcollection.com.br\/wp-content\/uploads\/2023\/02\/Porta-Passaporte-Bege-4.jpeg?fit=1200%2C1200&ssl=1&resize=350%2C200","width":350,"height":200,"srcset":"https:\/\/i0.wp.com\/rmarqcollection.com.br\/wp-content\/uploads\/2023\/02\/Porta-Passaporte-Bege-4.jpeg?fit=1200%2C1200&ssl=1&resize=350%2C200 1x, https:\/\/i0.wp.com\/rmarqcollection.com.br\/wp-content\/uploads\/2023\/02\/Porta-Passaporte-Bege-4.jpeg?fit=1200%2C1200&ssl=1&resize=525%2C300 1.5x, https:\/\/i0.wp.com\/rmarqcollection.com.br\/wp-content\/uploads\/2023\/02\/Porta-Passaporte-Bege-4.jpeg?fit=1200%2C1200&ssl=1&resize=700%2C400 2x, https:\/\/i0.wp.com\/rmarqcollection.com.br\/wp-content\/uploads\/2023\/02\/Porta-Passaporte-Bege-4.jpeg?fit=1200%2C1200&ssl=1&resize=1050%2C600 3x"},"classes":[]},{"id":3564,"url":"https:\/\/rmarqcollection.com.br\/?product=mini-necessaire-carteira-feminina-material-couro","url_meta":{"origin":3577,"position":2},"title":"Carteira Necessaire Feminina Couro Genu\u00edno RMarq Collection","author":"cole\u00e7\u00e3o rmarq","date":"17\/02\/2023","format":false,"excerpt":"Em 12x confira formas de pagamentos Frete gr\u00e1tis saiba mais\u2026 Forro interno, Fecho z\u00edper e bolso externo, al\u00e7a remov\u00edvel e bolsinha avulsa. V\u00eddeo","rel":"","context":"Post similar","block_context":{"text":"Post similar","link":""},"img":{"alt_text":"","src":"https:\/\/i0.wp.com\/rmarqcollection.com.br\/wp-content\/uploads\/2023\/02\/mini-necessaire-carteira-feminina-rosa-chiclete-1.png?fit=1200%2C1200&ssl=1&resize=350%2C200","width":350,"height":200,"srcset":"https:\/\/i0.wp.com\/rmarqcollection.com.br\/wp-content\/uploads\/2023\/02\/mini-necessaire-carteira-feminina-rosa-chiclete-1.png?fit=1200%2C1200&ssl=1&resize=350%2C200 1x, https:\/\/i0.wp.com\/rmarqcollection.com.br\/wp-content\/uploads\/2023\/02\/mini-necessaire-carteira-feminina-rosa-chiclete-1.png?fit=1200%2C1200&ssl=1&resize=525%2C300 1.5x, https:\/\/i0.wp.com\/rmarqcollection.com.br\/wp-content\/uploads\/2023\/02\/mini-necessaire-carteira-feminina-rosa-chiclete-1.png?fit=1200%2C1200&ssl=1&resize=700%2C400 2x, https:\/\/i0.wp.com\/rmarqcollection.com.br\/wp-content\/uploads\/2023\/02\/mini-necessaire-carteira-feminina-rosa-chiclete-1.png?fit=1200%2C1200&ssl=1&resize=1050%2C600 3x"},"classes":[]},{"id":6894,"url":"https:\/\/rmarqcollection.com.br\/?product=carteira-masculina-couro-fecho-ziper-rmarq-collection","url_meta":{"origin":3577,"position":3},"title":"Carteira Masculina Couro Genu\u00edno Z\u00edper RMarq Collection","author":"cole\u00e7\u00e3o rmarq","date":"03\/09\/2025","format":false,"excerpt":"Em 12x confira formas de pagamentos. Cores preto, camel e terracota\/documentos, dinheiro, cart\u00f5es e moedas. V\u00eddeo","rel":"","context":"Post similar","block_context":{"text":"Post similar","link":""},"img":{"alt_text":"","src":"https:\/\/i0.wp.com\/rmarqcollection.com.br\/wp-content\/uploads\/2025\/08\/carteira-preta-ziper-1.png?fit=1200%2C1200&ssl=1&resize=350%2C200","width":350,"height":200,"srcset":"https:\/\/i0.wp.com\/rmarqcollection.com.br\/wp-content\/uploads\/2025\/08\/carteira-preta-ziper-1.png?fit=1200%2C1200&ssl=1&resize=350%2C200 1x, https:\/\/i0.wp.com\/rmarqcollection.com.br\/wp-content\/uploads\/2025\/08\/carteira-preta-ziper-1.png?fit=1200%2C1200&ssl=1&resize=525%2C300 1.5x, https:\/\/i0.wp.com\/rmarqcollection.com.br\/wp-content\/uploads\/2025\/08\/carteira-preta-ziper-1.png?fit=1200%2C1200&ssl=1&resize=700%2C400 2x, https:\/\/i0.wp.com\/rmarqcollection.com.br\/wp-content\/uploads\/2025\/08\/carteira-preta-ziper-1.png?fit=1200%2C1200&ssl=1&resize=1050%2C600 3x"},"classes":[]},{"id":323,"url":"https:\/\/rmarqcollection.com.br\/?product=carteira-masculina-tamanho-unico","url_meta":{"origin":3577,"position":4},"title":"Carteira Masculina Couro Genu\u00edno listrada RMarq Collection","author":"cole\u00e7\u00e3o rmarq","date":"11\/06\/2021","format":false,"excerpt":"Em 12x confira formas de pagamentos. Cores preto e marrom, espa\u00e7os documentos e cart\u00f5es. V\u00eddeo","rel":"","context":"Post similar","block_context":{"text":"Post similar","link":""},"img":{"alt_text":"","src":"https:\/\/i0.wp.com\/rmarqcollection.com.br\/wp-content\/uploads\/2024\/01\/carteira-de-bolso-masculina-1.jpg?fit=1187%2C1200&ssl=1&resize=350%2C200","width":350,"height":200,"srcset":"https:\/\/i0.wp.com\/rmarqcollection.com.br\/wp-content\/uploads\/2024\/01\/carteira-de-bolso-masculina-1.jpg?fit=1187%2C1200&ssl=1&resize=350%2C200 1x, https:\/\/i0.wp.com\/rmarqcollection.com.br\/wp-content\/uploads\/2024\/01\/carteira-de-bolso-masculina-1.jpg?fit=1187%2C1200&ssl=1&resize=525%2C300 1.5x, https:\/\/i0.wp.com\/rmarqcollection.com.br\/wp-content\/uploads\/2024\/01\/carteira-de-bolso-masculina-1.jpg?fit=1187%2C1200&ssl=1&resize=700%2C400 2x, https:\/\/i0.wp.com\/rmarqcollection.com.br\/wp-content\/uploads\/2024\/01\/carteira-de-bolso-masculina-1.jpg?fit=1187%2C1200&ssl=1&resize=1050%2C600 3x"},"classes":[]},{"id":6250,"url":"https:\/\/rmarqcollection.com.br\/?product=bolsa-de-couro-masculina-transversal-e-mao-rmarq-collection","url_meta":{"origin":3577,"position":5},"title":"Bolsa Masculina Couro Genu\u00edno Transversal M\u00e3o RMarq Collection","author":"cole\u00e7\u00e3o rmarq","date":"04\/05\/2025","format":false,"excerpt":"Em 12x confira formas de pagamentos Frete gr\u00e1tis saiba mais... Aten\u00e7\u00e3o: ap\u00f3s a compra Seis (4) dias \u00fateis para postagem da bolsa.","rel":"","context":"Post similar","block_context":{"text":"Post similar","link":""},"img":{"alt_text":"","src":"https:\/\/i0.wp.com\/rmarqcollection.com.br\/wp-content\/uploads\/2025\/05\/Bolsa-masculina-de-couro-1.png?fit=1200%2C1200&ssl=1&resize=350%2C200","width":350,"height":200,"srcset":"https:\/\/i0.wp.com\/rmarqcollection.com.br\/wp-content\/uploads\/2025\/05\/Bolsa-masculina-de-couro-1.png?fit=1200%2C1200&ssl=1&resize=350%2C200 1x, https:\/\/i0.wp.com\/rmarqcollection.com.br\/wp-content\/uploads\/2025\/05\/Bolsa-masculina-de-couro-1.png?fit=1200%2C1200&ssl=1&resize=525%2C300 1.5x, https:\/\/i0.wp.com\/rmarqcollection.com.br\/wp-content\/uploads\/2025\/05\/Bolsa-masculina-de-couro-1.png?fit=1200%2C1200&ssl=1&resize=700%2C400 2x, https:\/\/i0.wp.com\/rmarqcollection.com.br\/wp-content\/uploads\/2025\/05\/Bolsa-masculina-de-couro-1.png?fit=1200%2C1200&ssl=1&resize=1050%2C600 3x"},"classes":[]}],"jetpack_likes_enabled":true,"jetpack_sharing_enabled":true,"_links":{"self":[{"href":"https:\/\/rmarqcollection.com.br\/index.php?rest_route=\/wp\/v2\/product\/3577","targetHints":{"allow":["GET"]}}],"collection":[{"href":"https:\/\/rmarqcollection.com.br\/index.php?rest_route=\/wp\/v2\/product"}],"about":[{"href":"https:\/\/rmarqcollection.com.br\/index.php?rest_route=\/wp\/v2\/types\/product"}],"replies":[{"embeddable":true,"href":"https:\/\/rmarqcollection.com.br\/index.php?rest_route=%2Fwp%2Fv2%2Fcomments&post=3577"}],"wp:featuredmedia":[{"embeddable":true,"href":"https:\/\/rmarqcollection.com.br\/index.php?rest_route=\/wp\/v2\/media\/4875"}],"wp:attachment":[{"href":"https:\/\/rmarqcollection.com.br\/index.php?rest_route=%2Fwp%2Fv2%2Fmedia&parent=3577"}],"wp:term":[{"taxonomy":"product_brand","embeddable":true,"href":"https:\/\/rmarqcollection.com.br\/index.php?rest_route=%2Fwp%2Fv2%2Fproduct_brand&post=3577"},{"taxonomy":"product_cat","embeddable":true,"href":"https:\/\/rmarqcollection.com.br\/index.php?rest_route=%2Fwp%2Fv2%2Fproduct_cat&post=3577"},{"taxonomy":"product_tag","embeddable":true,"href":"https:\/\/rmarqcollection.com.br\/index.php?rest_route=%2Fwp%2Fv2%2Fproduct_tag&post=3577"}],"curies":[{"name":"wp","href":"https:\/\/api.w.org\/{rel}","templated":true}]}}