{"id":3606,"date":"2023-02-18T12:46:15","date_gmt":"2023-02-18T15:46:15","guid":{"rendered":"https:\/\/rmarqcollection.com.br\/?post_type=product&#038;p=3606"},"modified":"2026-03-17T20:27:32","modified_gmt":"2026-03-17T23:27:32","slug":"necessaire-estojo-maculino-material-couro","status":"publish","type":"product","link":"https:\/\/rmarqcollection.com.br\/?product=necessaire-estojo-maculino-material-couro","title":{"rendered":"Estojo Necessaire Unissex Couro Genu\u00edno RMarq Collection"},"content":{"rendered":"<p><span style=\"vertical-align: inherit;\"><span style=\"vertical-align: inherit;\">Bem-vindo (a) a nossa loja! Queremos proporcionar a voc\u00ea o que h\u00e1 de melhor. Todos os nossos produtos s\u00e3o confeccionados visando a qualidade e o conforto sempre com o objetivo de satisfazer voc\u00ea. A RMarq Collection produz e comercializa este produto visando sempre a melhor qualidade, beleza e o estilo.<\/span><\/span><\/p>\n<p><span style=\"vertical-align: inherit;\"><span style=\"vertical-align: inherit;\">Estojo Necessaire unissex confeccionado em material couro genu\u00edno, costurado, forrado e com um bolso, fechamento com z\u00edper e al\u00e7a lateral de m\u00e3o. Comporta diversos objetos pessoais necess\u00e1rios como carteira, celular, chaves, escova, pente, desodorantes, medicamento dentre outros essenciais para o dia a dia.<\/span><\/span><br \/>\n<span style=\"vertical-align: inherit;\"><span style=\"vertical-align: inherit;\">Elegante, pr\u00e1tico e leve. Ideal para organizar em viagens, passeios e diversas ocasi\u00f5es pequenos objetos em bolsas, malas ou usar separadamente de acordo com sua prefer\u00eancia.<\/span><\/span><\/p>\n<p><span style=\"vertical-align: inherit;\"><span style=\"vertical-align: inherit;\">Verifique as medidas para melhor aproveitamento desse produto.<\/span><\/span><br \/>\n<span style=\"vertical-align: inherit;\"><span style=\"vertical-align: inherit;\">Informa\u00e7\u00f5es t\u00e9cnicas:<\/span><\/span><img data-recalc-dims=\"1\" loading=\"lazy\" decoding=\"async\" class=\" wp-image-4932 alignright\" src=\"https:\/\/i0.wp.com\/rmarqcollection.com.br\/wp-content\/uploads\/2023\/02\/Necessaire-medidas-1.jpg?resize=253%2C253&#038;ssl=1\" alt=\"\" width=\"253\" height=\"253\" srcset=\"https:\/\/i0.wp.com\/rmarqcollection.com.br\/wp-content\/uploads\/2023\/02\/Necessaire-medidas-1.jpg?resize=300%2C300&amp;ssl=1 300w, https:\/\/i0.wp.com\/rmarqcollection.com.br\/wp-content\/uploads\/2023\/02\/Necessaire-medidas-1.jpg?resize=100%2C100&amp;ssl=1 100w, https:\/\/i0.wp.com\/rmarqcollection.com.br\/wp-content\/uploads\/2023\/02\/Necessaire-medidas-1.jpg?resize=600%2C600&amp;ssl=1 600w, https:\/\/i0.wp.com\/rmarqcollection.com.br\/wp-content\/uploads\/2023\/02\/Necessaire-medidas-1.jpg?resize=1024%2C1024&amp;ssl=1 1024w, https:\/\/i0.wp.com\/rmarqcollection.com.br\/wp-content\/uploads\/2023\/02\/Necessaire-medidas-1.jpg?resize=150%2C150&amp;ssl=1 150w, https:\/\/i0.wp.com\/rmarqcollection.com.br\/wp-content\/uploads\/2023\/02\/Necessaire-medidas-1.jpg?resize=768%2C768&amp;ssl=1 768w, https:\/\/i0.wp.com\/rmarqcollection.com.br\/wp-content\/uploads\/2023\/02\/Necessaire-medidas-1.jpg?w=1500&amp;ssl=1 1500w, https:\/\/i0.wp.com\/rmarqcollection.com.br\/wp-content\/uploads\/2023\/02\/Necessaire-medidas-1.jpg?w=1280&amp;ssl=1 1280w\" sizes=\"auto, (max-width: 253px) 100vw, 253px\" \/><br \/>\n<span style=\"vertical-align: inherit;\"><span style=\"vertical-align: inherit;\">Modelo: Estojo Necessaire<\/span><\/span><br \/>\n<span style=\"vertical-align: inherit;\"><span style=\"vertical-align: inherit;\">Material: Couro genu\u00edno<\/span><\/span><br \/>\n<span style=\"vertical-align: inherit;\"><span style=\"vertical-align: inherit;\">Altura: 10 cm<\/span><\/span><br \/>\n<span style=\"vertical-align: inherit;\"><span style=\"vertical-align: inherit;\">Comprimento: 25 cm<\/span><\/span><br \/>\n<span style=\"vertical-align: inherit;\"><span style=\"vertical-align: inherit;\">Largura: 11 cm<\/span><\/span><br \/>\n<span style=\"vertical-align: inherit;\"><span style=\"vertical-align: inherit;\">Forro: Interno<\/span><\/span><br \/>\n<span style=\"vertical-align: inherit;\"><span style=\"vertical-align: inherit;\">Bolso: com z\u00edper<\/span><\/span><br \/>\n<span style=\"vertical-align: inherit;\"><span style=\"vertical-align: inherit;\">Fechamento: z\u00edper<\/span><\/span><\/p>\n<p><span style=\"vertical-align: inherit;\"><span style=\"vertical-align: inherit;\">Recomenda\u00e7\u00f5es de Uso:<\/span><\/span><br \/>\n<span style=\"vertical-align: inherit;\"><span style=\"vertical-align: inherit;\">A limpeza pode ser feita com pano seco ou \u00famido. Se lavar n\u00e3o use produtos qu\u00edmicos e n\u00e3o usar bucha grossa, pois pode ocasionar ranhuras e danificar o couro. N\u00e3o usar nenhuma fonte de calor para secar a n\u00e3o ser a natural. Guardar em local sem umidade ap\u00f3s o uso. Pode-se usar produtos dispon\u00edveis e compat\u00edveis no mercado para conserva\u00e7\u00e3o e brilho do couro.<\/span><\/span><\/p>\n<p><span style=\"vertical-align: inherit;\"><span style=\"vertical-align: inherit;\">Por se tratar de couro pode ocorrer pequenas varia\u00e7\u00f5es nos tons. Portanto, n\u00e3o s\u00e3o considerados defeitos ou falta de informa\u00e7\u00f5es.<\/span><\/span><br \/>\n<span style=\"vertical-align: inherit;\"><span style=\"vertical-align: inherit;\">Cuide bem do seu produto para que tenha uma boa durabilidade.<\/span><\/span><br \/>\n<span style=\"vertical-align: inherit;\"><span style=\"vertical-align: inherit;\">Produzido e comercializado por RMarq Collection.<\/span><\/span><\/p>\n<p><span style=\"vertical-align: inherit;\"><span style=\"vertical-align: inherit;\">Garantia do Fabricante: Contra defeitos de fabrica\u00e7\u00e3o; 30 dias.<\/span><\/span><br \/>\n<span style=\"color: #0000ff;\"><a style=\"color: #0000ff;\" href=\"https:\/\/rmarqcollection.com.br\/?page_id=238\"><span style=\"vertical-align: inherit;\"><span style=\"vertical-align: inherit;\">Estamos a disposi\u00e7\u00e3o para atender \u00e0s suas d\u00favidas.<\/span><\/span><\/a><\/span><\/p>\n","protected":false},"excerpt":{"rendered":"<h6><a href=\"https:\/\/rmarqcollection.com.br\/?product=necessaire-estojo-maculino-material-couro\"><span style=\"color: #0000ff;\"><strong><span style=\"vertical-align: inherit;\"><span style=\"vertical-align: inherit;\">Em 12x confira formas de pagamentos<\/span><\/span><\/strong><\/span><\/a><\/h6>\n<h6><strong><span style=\"vertical-align: inherit;\"><span style=\"vertical-align: inherit;\">Estojo material couro com fecho z\u00edper.<\/span><\/span><\/strong><\/h6>\n","protected":false},"featured_media":6163,"comment_status":"open","ping_status":"closed","template":"","meta":{"jetpack_publicize_message":"","jetpack_publicize_feature_enabled":true,"jetpack_social_post_already_shared":true,"jetpack_social_options":{"image_generator_settings":{"template":"highway","default_image_id":0,"font":"","enabled":false},"version":2}},"product_brand":[509],"product_cat":[504,251,247,340],"product_tag":[458,599,459,457,265,407,406,248,455],"class_list":{"0":"post-3606","1":"product","2":"type-product","3":"status-publish","6":"product_brand-rmarq-collection","7":"product_cat-estojos","8":"product_cat-necessaire-feminina","9":"product_cat-necessaire-masculina","10":"product_cat-necessaire-unissex","11":"product_tag-estojo-couro","12":"product_tag-estojo-couro-genuino","13":"product_tag-estojo-de-viagens","14":"product_tag-necessaire-de-couro","15":"product_tag-necessaire-feminina","16":"product_tag-necessaire-masculina","17":"product_tag-necessaire-unissex","18":"product_tag-necessaire-estojo","19":"product_tag-organizador","21":"first","22":"instock","23":"sale","24":"taxable","25":"shipping-taxable","26":"purchasable","27":"product-type-variable"},"aioseo_notices":[],"jetpack_publicize_connections":[],"jetpack-related-posts":[{"id":3590,"url":"https:\/\/rmarqcollection.com.br\/?product=porta-oculos-material-couro","url_meta":{"origin":3606,"position":0},"title":"Estojo Porta \u00d3culos Unissex Couro Genu\u00edno RMarq Collection","author":"cole\u00e7\u00e3o rmarq","date":"18\/02\/2023","format":false,"excerpt":"Em 12x confira formas de pagamentos Estojo Porta \u00f3culos prote\u00e7\u00e3o contra sujeiras, riscos e impactos leves. V\u00eddeo","rel":"","context":"Post similar","block_context":{"text":"Post similar","link":""},"img":{"alt_text":"","src":"https:\/\/i0.wp.com\/rmarqcollection.com.br\/wp-content\/uploads\/2024\/03\/pink-1.png?fit=1200%2C1200&ssl=1&resize=350%2C200","width":350,"height":200,"srcset":"https:\/\/i0.wp.com\/rmarqcollection.com.br\/wp-content\/uploads\/2024\/03\/pink-1.png?fit=1200%2C1200&ssl=1&resize=350%2C200 1x, https:\/\/i0.wp.com\/rmarqcollection.com.br\/wp-content\/uploads\/2024\/03\/pink-1.png?fit=1200%2C1200&ssl=1&resize=525%2C300 1.5x, https:\/\/i0.wp.com\/rmarqcollection.com.br\/wp-content\/uploads\/2024\/03\/pink-1.png?fit=1200%2C1200&ssl=1&resize=700%2C400 2x, https:\/\/i0.wp.com\/rmarqcollection.com.br\/wp-content\/uploads\/2024\/03\/pink-1.png?fit=1200%2C1200&ssl=1&resize=1050%2C600 3x"},"classes":[]},{"id":3632,"url":"https:\/\/rmarqcollection.com.br\/?product=necessaire-estojo-feminino-material-tecido-jeans","url_meta":{"origin":3606,"position":1},"title":"Estojo Necessaire Feminino Jeans Azul-Marinho RMarq Collection","author":"cole\u00e7\u00e3o rmarq","date":"21\/02\/2023","format":false,"excerpt":"Em 12x confira formas de pagamentos Frete gr\u00e1tis saiba mais\u2026 Tecido jeans azul marinho e fecho z\u00edper V\u00eddeo","rel":"","context":"Post similar","block_context":{"text":"Post similar","link":""},"img":{"alt_text":"","src":"https:\/\/i0.wp.com\/rmarqcollection.com.br\/wp-content\/uploads\/2023\/02\/Estojo-jeans-grande-3.png?fit=1200%2C1200&ssl=1&resize=350%2C200","width":350,"height":200,"srcset":"https:\/\/i0.wp.com\/rmarqcollection.com.br\/wp-content\/uploads\/2023\/02\/Estojo-jeans-grande-3.png?fit=1200%2C1200&ssl=1&resize=350%2C200 1x, https:\/\/i0.wp.com\/rmarqcollection.com.br\/wp-content\/uploads\/2023\/02\/Estojo-jeans-grande-3.png?fit=1200%2C1200&ssl=1&resize=525%2C300 1.5x, https:\/\/i0.wp.com\/rmarqcollection.com.br\/wp-content\/uploads\/2023\/02\/Estojo-jeans-grande-3.png?fit=1200%2C1200&ssl=1&resize=700%2C400 2x, https:\/\/i0.wp.com\/rmarqcollection.com.br\/wp-content\/uploads\/2023\/02\/Estojo-jeans-grande-3.png?fit=1200%2C1200&ssl=1&resize=1050%2C600 3x"},"classes":[]},{"id":3564,"url":"https:\/\/rmarqcollection.com.br\/?product=mini-necessaire-carteira-feminina-material-couro","url_meta":{"origin":3606,"position":2},"title":"Carteira Necessaire Feminina Couro Genu\u00edno RMarq Collection","author":"cole\u00e7\u00e3o rmarq","date":"17\/02\/2023","format":false,"excerpt":"Em 12x confira formas de pagamentos Frete gr\u00e1tis saiba mais\u2026 Forro interno, Fecho z\u00edper e bolso externo, al\u00e7a remov\u00edvel e bolsinha avulsa. V\u00eddeo","rel":"","context":"Post similar","block_context":{"text":"Post similar","link":""},"img":{"alt_text":"","src":"https:\/\/i0.wp.com\/rmarqcollection.com.br\/wp-content\/uploads\/2023\/02\/mini-necessaire-carteira-feminina-rosa-chiclete-1.png?fit=1200%2C1200&ssl=1&resize=350%2C200","width":350,"height":200,"srcset":"https:\/\/i0.wp.com\/rmarqcollection.com.br\/wp-content\/uploads\/2023\/02\/mini-necessaire-carteira-feminina-rosa-chiclete-1.png?fit=1200%2C1200&ssl=1&resize=350%2C200 1x, https:\/\/i0.wp.com\/rmarqcollection.com.br\/wp-content\/uploads\/2023\/02\/mini-necessaire-carteira-feminina-rosa-chiclete-1.png?fit=1200%2C1200&ssl=1&resize=525%2C300 1.5x, https:\/\/i0.wp.com\/rmarqcollection.com.br\/wp-content\/uploads\/2023\/02\/mini-necessaire-carteira-feminina-rosa-chiclete-1.png?fit=1200%2C1200&ssl=1&resize=700%2C400 2x, https:\/\/i0.wp.com\/rmarqcollection.com.br\/wp-content\/uploads\/2023\/02\/mini-necessaire-carteira-feminina-rosa-chiclete-1.png?fit=1200%2C1200&ssl=1&resize=1050%2C600 3x"},"classes":[]},{"id":6030,"url":"https:\/\/rmarqcollection.com.br\/?product=estojo-escolar-duplo-rmarq-collection-material-naylon","url_meta":{"origin":3606,"position":3},"title":"Estojo Escolar Duplo Material Nylon RMarq Collection","author":"cole\u00e7\u00e3o rmarq","date":"08\/01\/2025","format":false,"excerpt":"Em 12x confira formas de pagamentos Tecido Nylon, fecho z\u00edper, ideal para organizar objetos escolares e outros. V\u00eddeo","rel":"","context":"Post similar","block_context":{"text":"Post similar","link":""},"img":{"alt_text":"","src":"https:\/\/i0.wp.com\/rmarqcollection.com.br\/wp-content\/uploads\/2025\/01\/Estojo-duplo-verde-camuflado-1.png?fit=1200%2C1199&ssl=1&resize=350%2C200","width":350,"height":200,"srcset":"https:\/\/i0.wp.com\/rmarqcollection.com.br\/wp-content\/uploads\/2025\/01\/Estojo-duplo-verde-camuflado-1.png?fit=1200%2C1199&ssl=1&resize=350%2C200 1x, https:\/\/i0.wp.com\/rmarqcollection.com.br\/wp-content\/uploads\/2025\/01\/Estojo-duplo-verde-camuflado-1.png?fit=1200%2C1199&ssl=1&resize=525%2C300 1.5x, https:\/\/i0.wp.com\/rmarqcollection.com.br\/wp-content\/uploads\/2025\/01\/Estojo-duplo-verde-camuflado-1.png?fit=1200%2C1199&ssl=1&resize=700%2C400 2x, https:\/\/i0.wp.com\/rmarqcollection.com.br\/wp-content\/uploads\/2025\/01\/Estojo-duplo-verde-camuflado-1.png?fit=1200%2C1199&ssl=1&resize=1050%2C600 3x"},"classes":[]},{"id":6097,"url":"https:\/\/rmarqcollection.com.br\/?product=estojo-escolar-simples-rmarq-collection-material-nylon","url_meta":{"origin":3606,"position":4},"title":"Estojo Escolar Simples Material Nylon RMarq Collection","author":"cole\u00e7\u00e3o rmarq","date":"31\/01\/2025","format":false,"excerpt":"V\u00eddeo Em 12x confira formas de pagamentos Ideal para organizar objetos escolares e outros.","rel":"","context":"Post similar","block_context":{"text":"Post similar","link":""},"img":{"alt_text":"","src":"https:\/\/i0.wp.com\/rmarqcollection.com.br\/wp-content\/uploads\/2025\/01\/Estojo-simples-laranja-3.png?fit=1200%2C1200&ssl=1&resize=350%2C200","width":350,"height":200,"srcset":"https:\/\/i0.wp.com\/rmarqcollection.com.br\/wp-content\/uploads\/2025\/01\/Estojo-simples-laranja-3.png?fit=1200%2C1200&ssl=1&resize=350%2C200 1x, https:\/\/i0.wp.com\/rmarqcollection.com.br\/wp-content\/uploads\/2025\/01\/Estojo-simples-laranja-3.png?fit=1200%2C1200&ssl=1&resize=525%2C300 1.5x, https:\/\/i0.wp.com\/rmarqcollection.com.br\/wp-content\/uploads\/2025\/01\/Estojo-simples-laranja-3.png?fit=1200%2C1200&ssl=1&resize=700%2C400 2x, https:\/\/i0.wp.com\/rmarqcollection.com.br\/wp-content\/uploads\/2025\/01\/Estojo-simples-laranja-3.png?fit=1200%2C1200&ssl=1&resize=1050%2C600 3x"},"classes":[]},{"id":3615,"url":"https:\/\/rmarqcollection.com.br\/?product=porta-passaporte-documentos-e-cartoes-material-couro","url_meta":{"origin":3606,"position":5},"title":"Porta Passaporte Carteira Couro Genu\u00edno RMarq Collection","author":"cole\u00e7\u00e3o rmarq","date":"19\/02\/2023","format":false,"excerpt":"Em 12x confira formas de pagamentos Frete gr\u00e1tis saiba mais\u2026 Couro genu\u00edno, costuras refor\u00e7adas, forrada e fecho bot\u00e3o de press\u00e3o. V\u00eddeo","rel":"","context":"Post similar","block_context":{"text":"Post similar","link":""},"img":{"alt_text":"","src":"https:\/\/i0.wp.com\/rmarqcollection.com.br\/wp-content\/uploads\/2023\/02\/Porta-Passaporte-Bege-4.jpeg?fit=1200%2C1200&ssl=1&resize=350%2C200","width":350,"height":200,"srcset":"https:\/\/i0.wp.com\/rmarqcollection.com.br\/wp-content\/uploads\/2023\/02\/Porta-Passaporte-Bege-4.jpeg?fit=1200%2C1200&ssl=1&resize=350%2C200 1x, https:\/\/i0.wp.com\/rmarqcollection.com.br\/wp-content\/uploads\/2023\/02\/Porta-Passaporte-Bege-4.jpeg?fit=1200%2C1200&ssl=1&resize=525%2C300 1.5x, https:\/\/i0.wp.com\/rmarqcollection.com.br\/wp-content\/uploads\/2023\/02\/Porta-Passaporte-Bege-4.jpeg?fit=1200%2C1200&ssl=1&resize=700%2C400 2x, https:\/\/i0.wp.com\/rmarqcollection.com.br\/wp-content\/uploads\/2023\/02\/Porta-Passaporte-Bege-4.jpeg?fit=1200%2C1200&ssl=1&resize=1050%2C600 3x"},"classes":[]}],"jetpack_likes_enabled":true,"jetpack_sharing_enabled":true,"_links":{"self":[{"href":"https:\/\/rmarqcollection.com.br\/index.php?rest_route=\/wp\/v2\/product\/3606","targetHints":{"allow":["GET"]}}],"collection":[{"href":"https:\/\/rmarqcollection.com.br\/index.php?rest_route=\/wp\/v2\/product"}],"about":[{"href":"https:\/\/rmarqcollection.com.br\/index.php?rest_route=\/wp\/v2\/types\/product"}],"replies":[{"embeddable":true,"href":"https:\/\/rmarqcollection.com.br\/index.php?rest_route=%2Fwp%2Fv2%2Fcomments&post=3606"}],"wp:featuredmedia":[{"embeddable":true,"href":"https:\/\/rmarqcollection.com.br\/index.php?rest_route=\/wp\/v2\/media\/6163"}],"wp:attachment":[{"href":"https:\/\/rmarqcollection.com.br\/index.php?rest_route=%2Fwp%2Fv2%2Fmedia&parent=3606"}],"wp:term":[{"taxonomy":"product_brand","embeddable":true,"href":"https:\/\/rmarqcollection.com.br\/index.php?rest_route=%2Fwp%2Fv2%2Fproduct_brand&post=3606"},{"taxonomy":"product_cat","embeddable":true,"href":"https:\/\/rmarqcollection.com.br\/index.php?rest_route=%2Fwp%2Fv2%2Fproduct_cat&post=3606"},{"taxonomy":"product_tag","embeddable":true,"href":"https:\/\/rmarqcollection.com.br\/index.php?rest_route=%2Fwp%2Fv2%2Fproduct_tag&post=3606"}],"curies":[{"name":"wp","href":"https:\/\/api.w.org\/{rel}","templated":true}]}}