{"id":4308,"date":"2023-09-01T09:49:10","date_gmt":"2023-09-01T12:49:10","guid":{"rendered":"https:\/\/rmarqcollection.com.br\/?post_type=product&#038;p=4308"},"modified":"2026-03-17T20:24:39","modified_gmt":"2026-03-17T23:24:39","slug":"bota-tenis-cano-medio-couro-camurca","status":"publish","type":"product","link":"https:\/\/rmarqcollection.com.br\/?product=bota-tenis-cano-medio-couro-camurca","title":{"rendered":"Coturno Bota T\u00eanis Masculino Couro Camur\u00e7a RMarq Collection"},"content":{"rendered":"<p><span style=\"vertical-align: inherit;\"><span style=\"vertical-align: inherit;\">Bem-vindo (a) a nossa loja!<\/span><\/span><br \/>\n<span style=\"vertical-align: inherit;\"><span style=\"vertical-align: inherit;\">Queremos proporcionar a voc\u00ea o que h\u00e1 de melhor. Todos os nossos produtos s\u00e3o confeccionados visando a qualidade e o conforto sempre com o objetivo de satisfazer voc\u00ea.<\/span><\/span><\/p>\n<p><span style=\"vertical-align: inherit;\"><span style=\"vertical-align: inherit;\">A RMarq Collection oferece para voc\u00ea o modelo coturno boott\u00eanis (bota tipo t\u00eanis) estiloso, macio, confort\u00e1vel e resistente.<\/span><\/span><br \/>\n<span style=\"vertical-align: inherit;\"><span style=\"vertical-align: inherit;\">Confeccionado em material Couro Camur\u00e7a e detalhes em nobuck, forrado internamente com material eva-cacharrel. Um produto que possui flexibilidade e durabilidade.<\/span><\/span><br \/>\n<span style=\"vertical-align: inherit;\"><span style=\"vertical-align: inherit;\">O solado \u00e9 especial em material borracha, colado e costurado para maior durabilidade do seu cal\u00e7ado.<\/span><\/span><br \/>\n<span style=\"vertical-align: inherit;\"><span style=\"vertical-align: inherit;\">Palmilha eva-cacharrel (3 mm) macia e dur\u00e1vel proporcionando sensa\u00e7\u00e3o de bem-estar para os p\u00e9s.<\/span><\/span><br \/>\n<span style=\"vertical-align: inherit;\"><span style=\"vertical-align: inherit;\">Ideal para o uso no dia a dia como lazer, passeios e em eventos casuais levando beleza e eleg\u00e2ncia para o homem.<\/span><\/span><\/p>\n<p><strong><span style=\"vertical-align: inherit; color: #000000;\"><span style=\"vertical-align: inherit;\">Especifica\u00e7\u00f5es t\u00e9cnicas:<\/span><\/span><\/strong><img data-recalc-dims=\"1\" loading=\"lazy\" decoding=\"async\" class=\" wp-image-4657 alignright\" src=\"https:\/\/i0.wp.com\/rmarqcollection.com.br\/wp-content\/uploads\/2023\/09\/Medidas-boot-tenis.jpg?resize=198%2C198&#038;ssl=1\" alt=\"\" width=\"198\" height=\"198\" srcset=\"https:\/\/i0.wp.com\/rmarqcollection.com.br\/wp-content\/uploads\/2023\/09\/Medidas-boot-tenis.jpg?resize=300%2C300&amp;ssl=1 300w, https:\/\/i0.wp.com\/rmarqcollection.com.br\/wp-content\/uploads\/2023\/09\/Medidas-boot-tenis.jpg?resize=100%2C100&amp;ssl=1 100w, https:\/\/i0.wp.com\/rmarqcollection.com.br\/wp-content\/uploads\/2023\/09\/Medidas-boot-tenis.jpg?resize=416%2C416&amp;ssl=1 416w, https:\/\/i0.wp.com\/rmarqcollection.com.br\/wp-content\/uploads\/2023\/09\/Medidas-boot-tenis.jpg?resize=150%2C150&amp;ssl=1 150w, https:\/\/i0.wp.com\/rmarqcollection.com.br\/wp-content\/uploads\/2023\/09\/Medidas-boot-tenis.jpg?w=562&amp;ssl=1 562w\" sizes=\"auto, (max-width: 198px) 100vw, 198px\" \/><br \/>\n<span style=\"vertical-align: inherit;\"><span style=\"vertical-align: inherit;\">Material: Couro Camur\u00e7a<\/span><\/span><br \/>\n<span style=\"vertical-align: inherit;\"><span style=\"vertical-align: inherit;\">Forro interno: material eva-cacharrel<\/span><\/span><br \/>\n<span style=\"vertical-align: inherit;\"><span style=\"vertical-align: inherit;\">Solado: Borracha macia e resistente;<\/span><\/span><br \/>\n<span style=\"vertical-align: inherit;\"><span style=\"vertical-align: inherit;\">Cano: Curto<\/span><\/span><br \/>\n<span style=\"vertical-align: inherit;\"><span style=\"vertical-align: inherit;\">Altura do Salto: baixo;<\/span><\/span><br \/>\n<span style=\"vertical-align: inherit;\"><span style=\"vertical-align: inherit;\">Tipo de Bico: Redondo;<\/span><\/span><br \/>\n<span style=\"vertical-align: inherit;\"><span style=\"vertical-align: inherit;\">Ocasi\u00e3o: Casual, lazer, passeios<\/span><\/span><br \/>\n<span style=\"vertical-align: inherit;\"><span style=\"vertical-align: inherit;\">Dispon\u00edvel nos tamanhos de 37 ao 44;<\/span><\/span><br \/>\n<span style=\"vertical-align: inherit;\"><span style=\"vertical-align: inherit;\">Cor: Preto<\/span><\/span><\/p>\n<p><span style=\"vertical-align: inherit;\"><span style=\"vertical-align: inherit;\">Recomenda\u00e7\u00f5es de Uso: A limpeza do cal\u00e7ado pode ser feita com pano \u00famido ou uma esponja molhada. Cal\u00e7ados que utilizam o material couro camur\u00e7a ou nobuck, n\u00e3o se aplicam graxas, pastas ou algum tipo de brilho. Pode-se utilizar uma escova pr\u00f3pria para limpar e acomodar a camur\u00e7a. Aten\u00e7\u00e3o para as subst\u00e2ncias qu\u00edmicas, bebidas ou detergentes, pois poder\u00e1 causar manchas irrevers\u00edveis.<\/span><\/span><\/p>\n<p><span style=\"vertical-align: inherit;\"><span style=\"vertical-align: inherit;\">N\u00e3o usar bucha grossa, pois pode ocasionar ranhuras e danificar o couro. N\u00e3o usar nenhuma fonte de calor para secar como: fornos, secadores, micro-ondas &#8230;<\/span><\/span><br \/>\n<span style=\"vertical-align: inherit;\"><span style=\"vertical-align: inherit;\">Guardar em local sem umidade e deixar descansar na sombra ap\u00f3s o uso. Pode-se usar produtos dispon\u00edveis e compat\u00edveis no mercado para conserva\u00e7\u00e3o do couro.<\/span><\/span><\/p>\n<p><span style=\"vertical-align: inherit;\"><span style=\"vertical-align: inherit;\">Por se tratar de couro pode ocorrer pequenas varia\u00e7\u00f5es nos tons. Portanto, n\u00e3o s\u00e3o considerados defeitos ou falta de informa\u00e7\u00f5es.\u00a0 \u00a0 \u00a0 \u00a0 \u00a0 \u00a0 \u00a0 \u00a0 \u00a0 \u00a0 \u00a0 \u00a0 \u00a0 \u00a0 \u00a0 \u00a0 \u00a0 \u00a0 \u00a0 \u00a0 \u00a0 \u00a0 \u00a0 \u00a0 \u00a0 \u00a0 \u00a0 <\/span><\/span><\/p>\n<p><span style=\"vertical-align: inherit;\"><span style=\"vertical-align: inherit;\">Garantia do Fabricante: Contra defeitos de fabrica\u00e7\u00e3o: 30 dias.<\/span><\/span><br \/>\n<span style=\"color: #0000ff;\"><a style=\"color: #0000ff;\" href=\"https:\/\/rmarqcollection.com.br\/?page_id=238\"><span style=\"vertical-align: inherit;\"><span style=\"vertical-align: inherit;\">Estamos a disposi\u00e7\u00e3o para atender \u00e0s suas d\u00favidas.<\/span><\/span><\/a><\/span><\/p>\n","protected":false},"excerpt":{"rendered":"<h6><a href=\"https:\/\/rmarqcollection.com.br\/?page_id=1849\"><strong><span style=\"vertical-align: inherit;\"><span style=\"vertical-align: inherit;\">Em 12x confira formas de pagamentos.<\/span><\/span><\/strong><\/a><\/h6>\n<h6><span style=\"color: #339966;\"><a style=\"color: #339966;\" href=\"https:\/\/rmarqcollection.com.br\/?page_id=2010\"><strong>Frete gr\u00e1tis saiba mais\u2026<\/strong><\/a><\/span><\/h6>\n<h6><strong><span style=\"vertical-align: inherit;\"><span style=\"vertical-align: inherit;\">Couro Camur\u00e7a, cano curto, forro interno, solado borracha <\/span><\/span><\/strong><\/h6>\n<h6><a href=\"https:\/\/rmarqcollection.com.br\/?p=6120\"><strong><span style=\"vertical-align: inherit;\"><span style=\"vertical-align: inherit;\">V\u00eddeo<\/span><\/span><\/strong><\/a><\/h6>\n","protected":false},"featured_media":7604,"comment_status":"open","ping_status":"closed","template":"","meta":{"jetpack_publicize_message":"","jetpack_publicize_feature_enabled":true,"jetpack_social_post_already_shared":true,"jetpack_social_options":{"image_generator_settings":{"template":"highway","default_image_id":0,"font":"","enabled":false},"version":2}},"product_brand":[509],"product_cat":[429,38,402],"product_tag":[452,451,542,543,427,192,193,428,194,264,544],"class_list":{"0":"post-4308","1":"product","2":"type-product","3":"status-publish","6":"product_brand-rmarq-collection","7":"product_cat-bota-boottenis","8":"product_cat-calcados-masculinos","9":"product_cat-sapatos","10":"product_tag-boot-tenis","11":"product_tag-boottenis","12":"product_tag-bota-camurca","13":"product_tag-bota-cano-baixo","14":"product_tag-bota-tenis","15":"product_tag-botina","16":"product_tag-botina-masculina","17":"product_tag-botina-tenis","18":"product_tag-calcados","19":"product_tag-calcados-masculinos","20":"product_tag-coturno","22":"first","23":"instock","24":"sale","25":"taxable","26":"shipping-taxable","27":"purchasable","28":"product-type-variable"},"aioseo_notices":[],"jetpack_publicize_connections":[],"jetpack-related-posts":[{"id":377,"url":"https:\/\/rmarqcollection.com.br\/?product=botina-masculina-de-couro-carneiro","url_meta":{"origin":4308,"position":0},"title":"Botina Masculina Couro Mesti\u00e7o Pelica Sola de Borracha","author":"cole\u00e7\u00e3o rmarq","date":"19\/06\/2021","format":false,"excerpt":"Em 12x confira formas de pagamentos. Frete gr\u00e1tis saiba mais\u2026 Dispon\u00edvel em at\u00e9 6 dias ap\u00f3s a compra V\u00eddeo\u00a0","rel":"","context":"Post similar","block_context":{"text":"Post similar","link":""},"img":{"alt_text":"","src":"https:\/\/i0.wp.com\/rmarqcollection.com.br\/wp-content\/uploads\/2021\/06\/Apresentacao1.png?fit=1200%2C1200&ssl=1&resize=350%2C200","width":350,"height":200,"srcset":"https:\/\/i0.wp.com\/rmarqcollection.com.br\/wp-content\/uploads\/2021\/06\/Apresentacao1.png?fit=1200%2C1200&ssl=1&resize=350%2C200 1x, https:\/\/i0.wp.com\/rmarqcollection.com.br\/wp-content\/uploads\/2021\/06\/Apresentacao1.png?fit=1200%2C1200&ssl=1&resize=525%2C300 1.5x, https:\/\/i0.wp.com\/rmarqcollection.com.br\/wp-content\/uploads\/2021\/06\/Apresentacao1.png?fit=1200%2C1200&ssl=1&resize=700%2C400 2x, https:\/\/i0.wp.com\/rmarqcollection.com.br\/wp-content\/uploads\/2021\/06\/Apresentacao1.png?fit=1200%2C1200&ssl=1&resize=1050%2C600 3x"},"classes":[]},{"id":5882,"url":"https:\/\/rmarqcollection.com.br\/?product=sapato-masculino-couro-nobuck-rmarqcollection-sola-borracha","url_meta":{"origin":4308,"position":1},"title":"Sapato Masculino Couro Nobuck Sola Borracha RMarq Collection","author":"cole\u00e7\u00e3o rmarq","date":"19\/09\/2024","format":false,"excerpt":"Em 12x confira formas de pagamentos Sapato nobuck , bico redondo. Conforto e prote\u00e7\u00e3o para os p\u00e9s.","rel":"","context":"Post similar","block_context":{"text":"Post similar","link":""},"img":{"alt_text":"","src":"https:\/\/i0.wp.com\/rmarqcollection.com.br\/wp-content\/uploads\/2024\/09\/Sapato-castor-RMarq-2.jpg?fit=1200%2C1200&ssl=1&resize=350%2C200","width":350,"height":200,"srcset":"https:\/\/i0.wp.com\/rmarqcollection.com.br\/wp-content\/uploads\/2024\/09\/Sapato-castor-RMarq-2.jpg?fit=1200%2C1200&ssl=1&resize=350%2C200 1x, https:\/\/i0.wp.com\/rmarqcollection.com.br\/wp-content\/uploads\/2024\/09\/Sapato-castor-RMarq-2.jpg?fit=1200%2C1200&ssl=1&resize=525%2C300 1.5x, https:\/\/i0.wp.com\/rmarqcollection.com.br\/wp-content\/uploads\/2024\/09\/Sapato-castor-RMarq-2.jpg?fit=1200%2C1200&ssl=1&resize=700%2C400 2x, https:\/\/i0.wp.com\/rmarqcollection.com.br\/wp-content\/uploads\/2024\/09\/Sapato-castor-RMarq-2.jpg?fit=1200%2C1200&ssl=1&resize=1050%2C600 3x"},"classes":[]},{"id":305,"url":"https:\/\/rmarqcollection.com.br\/?product=sapato","url_meta":{"origin":4308,"position":2},"title":"Sapato Mocassim Masculino Couro Genu\u00edno Pelica\/Mesti\u00e7o","author":"cole\u00e7\u00e3o rmarq","date":"10\/06\/2021","format":false,"excerpt":"Em 12x confira formas de pagamentos. Frete gr\u00e1tis saiba mais\u2026 Dispon\u00edvel em at\u00e9 6 dias ap\u00f3s compra V\u00eddeo","rel":"","context":"Post similar","block_context":{"text":"Post similar","link":""},"img":{"alt_text":"","src":"https:\/\/i0.wp.com\/rmarqcollection.com.br\/wp-content\/uploads\/2021\/06\/Apresentacao1-1.png?fit=1200%2C1200&ssl=1&resize=350%2C200","width":350,"height":200,"srcset":"https:\/\/i0.wp.com\/rmarqcollection.com.br\/wp-content\/uploads\/2021\/06\/Apresentacao1-1.png?fit=1200%2C1200&ssl=1&resize=350%2C200 1x, https:\/\/i0.wp.com\/rmarqcollection.com.br\/wp-content\/uploads\/2021\/06\/Apresentacao1-1.png?fit=1200%2C1200&ssl=1&resize=525%2C300 1.5x, https:\/\/i0.wp.com\/rmarqcollection.com.br\/wp-content\/uploads\/2021\/06\/Apresentacao1-1.png?fit=1200%2C1200&ssl=1&resize=700%2C400 2x, https:\/\/i0.wp.com\/rmarqcollection.com.br\/wp-content\/uploads\/2021\/06\/Apresentacao1-1.png?fit=1200%2C1200&ssl=1&resize=1050%2C600 3x"},"classes":[]},{"id":3564,"url":"https:\/\/rmarqcollection.com.br\/?product=mini-necessaire-carteira-feminina-material-couro","url_meta":{"origin":4308,"position":3},"title":"Carteira Necessaire Feminina Couro Genu\u00edno RMarq Collection","author":"cole\u00e7\u00e3o rmarq","date":"17\/02\/2023","format":false,"excerpt":"Em 12x confira formas de pagamentos Frete gr\u00e1tis saiba mais\u2026 Forro interno, Fecho z\u00edper e bolso externo, al\u00e7a remov\u00edvel e bolsinha avulsa. V\u00eddeo","rel":"","context":"Post similar","block_context":{"text":"Post similar","link":""},"img":{"alt_text":"","src":"https:\/\/i0.wp.com\/rmarqcollection.com.br\/wp-content\/uploads\/2023\/02\/mini-necessaire-carteira-feminina-rosa-chiclete-1.png?fit=1200%2C1200&ssl=1&resize=350%2C200","width":350,"height":200,"srcset":"https:\/\/i0.wp.com\/rmarqcollection.com.br\/wp-content\/uploads\/2023\/02\/mini-necessaire-carteira-feminina-rosa-chiclete-1.png?fit=1200%2C1200&ssl=1&resize=350%2C200 1x, https:\/\/i0.wp.com\/rmarqcollection.com.br\/wp-content\/uploads\/2023\/02\/mini-necessaire-carteira-feminina-rosa-chiclete-1.png?fit=1200%2C1200&ssl=1&resize=525%2C300 1.5x, https:\/\/i0.wp.com\/rmarqcollection.com.br\/wp-content\/uploads\/2023\/02\/mini-necessaire-carteira-feminina-rosa-chiclete-1.png?fit=1200%2C1200&ssl=1&resize=700%2C400 2x, https:\/\/i0.wp.com\/rmarqcollection.com.br\/wp-content\/uploads\/2023\/02\/mini-necessaire-carteira-feminina-rosa-chiclete-1.png?fit=1200%2C1200&ssl=1&resize=1050%2C600 3x"},"classes":[]},{"id":3577,"url":"https:\/\/rmarqcollection.com.br\/?product=porta-passaporte-carteira-para-documentos-material-couro","url_meta":{"origin":4308,"position":4},"title":"Carteira Masculina Pequena Couro Genu\u00edno RMarq Collection","author":"cole\u00e7\u00e3o rmarq","date":"18\/02\/2023","format":false,"excerpt":"Em 12x confira formas de pagamentos Guarde documentos e cart\u00f5es. Costuras refor\u00e7adas, forrada e fecho bot\u00e3o de press\u00e3o.","rel":"","context":"Post similar","block_context":{"text":"Post similar","link":""},"img":{"alt_text":"","src":"https:\/\/i0.wp.com\/rmarqcollection.com.br\/wp-content\/uploads\/2023\/02\/Porta-documentos-cartoes-8.jpg?fit=1200%2C1197&ssl=1&resize=350%2C200","width":350,"height":200,"srcset":"https:\/\/i0.wp.com\/rmarqcollection.com.br\/wp-content\/uploads\/2023\/02\/Porta-documentos-cartoes-8.jpg?fit=1200%2C1197&ssl=1&resize=350%2C200 1x, https:\/\/i0.wp.com\/rmarqcollection.com.br\/wp-content\/uploads\/2023\/02\/Porta-documentos-cartoes-8.jpg?fit=1200%2C1197&ssl=1&resize=525%2C300 1.5x, https:\/\/i0.wp.com\/rmarqcollection.com.br\/wp-content\/uploads\/2023\/02\/Porta-documentos-cartoes-8.jpg?fit=1200%2C1197&ssl=1&resize=700%2C400 2x, https:\/\/i0.wp.com\/rmarqcollection.com.br\/wp-content\/uploads\/2023\/02\/Porta-documentos-cartoes-8.jpg?fit=1200%2C1197&ssl=1&resize=1050%2C600 3x"},"classes":[]},{"id":3606,"url":"https:\/\/rmarqcollection.com.br\/?product=necessaire-estojo-maculino-material-couro","url_meta":{"origin":4308,"position":5},"title":"Estojo Necessaire Unissex Couro Genu\u00edno RMarq Collection","author":"cole\u00e7\u00e3o rmarq","date":"18\/02\/2023","format":false,"excerpt":"Em 12x confira formas de pagamentos Estojo material couro com fecho z\u00edper.","rel":"","context":"Post similar","block_context":{"text":"Post similar","link":""},"img":{"alt_text":"","src":"https:\/\/i0.wp.com\/rmarqcollection.com.br\/wp-content\/uploads\/2023\/02\/Bege-escuro-2.png?fit=1200%2C1200&ssl=1&resize=350%2C200","width":350,"height":200,"srcset":"https:\/\/i0.wp.com\/rmarqcollection.com.br\/wp-content\/uploads\/2023\/02\/Bege-escuro-2.png?fit=1200%2C1200&ssl=1&resize=350%2C200 1x, https:\/\/i0.wp.com\/rmarqcollection.com.br\/wp-content\/uploads\/2023\/02\/Bege-escuro-2.png?fit=1200%2C1200&ssl=1&resize=525%2C300 1.5x, https:\/\/i0.wp.com\/rmarqcollection.com.br\/wp-content\/uploads\/2023\/02\/Bege-escuro-2.png?fit=1200%2C1200&ssl=1&resize=700%2C400 2x, https:\/\/i0.wp.com\/rmarqcollection.com.br\/wp-content\/uploads\/2023\/02\/Bege-escuro-2.png?fit=1200%2C1200&ssl=1&resize=1050%2C600 3x"},"classes":[]}],"jetpack_likes_enabled":true,"jetpack_sharing_enabled":true,"_links":{"self":[{"href":"https:\/\/rmarqcollection.com.br\/index.php?rest_route=\/wp\/v2\/product\/4308","targetHints":{"allow":["GET"]}}],"collection":[{"href":"https:\/\/rmarqcollection.com.br\/index.php?rest_route=\/wp\/v2\/product"}],"about":[{"href":"https:\/\/rmarqcollection.com.br\/index.php?rest_route=\/wp\/v2\/types\/product"}],"replies":[{"embeddable":true,"href":"https:\/\/rmarqcollection.com.br\/index.php?rest_route=%2Fwp%2Fv2%2Fcomments&post=4308"}],"wp:featuredmedia":[{"embeddable":true,"href":"https:\/\/rmarqcollection.com.br\/index.php?rest_route=\/wp\/v2\/media\/7604"}],"wp:attachment":[{"href":"https:\/\/rmarqcollection.com.br\/index.php?rest_route=%2Fwp%2Fv2%2Fmedia&parent=4308"}],"wp:term":[{"taxonomy":"product_brand","embeddable":true,"href":"https:\/\/rmarqcollection.com.br\/index.php?rest_route=%2Fwp%2Fv2%2Fproduct_brand&post=4308"},{"taxonomy":"product_cat","embeddable":true,"href":"https:\/\/rmarqcollection.com.br\/index.php?rest_route=%2Fwp%2Fv2%2Fproduct_cat&post=4308"},{"taxonomy":"product_tag","embeddable":true,"href":"https:\/\/rmarqcollection.com.br\/index.php?rest_route=%2Fwp%2Fv2%2Fproduct_tag&post=4308"}],"curies":[{"name":"wp","href":"https:\/\/api.w.org\/{rel}","templated":true}]}}