{"id":4975,"date":"2024-02-19T15:53:31","date_gmt":"2024-02-19T18:53:31","guid":{"rendered":"https:\/\/rmarqcollection.com.br\/?post_type=product&#038;p=4975"},"modified":"2026-02-15T16:34:15","modified_gmt":"2026-02-15T19:34:15","slug":"bolsa-impermeavel-ombro-rmarqcollection-cor-linho-preto-moda-praia-clube","status":"publish","type":"product","link":"https:\/\/rmarqcollection.com.br\/?product=bolsa-impermeavel-ombro-rmarqcollection-cor-linho-preto-moda-praia-clube","title":{"rendered":"Bolsa Feminina Imperme\u00e1vel Preta RMarq Collection Praia Clube"},"content":{"rendered":"<p>Bem-vindo (a) a nossa loja! Queremos proporcionar a voc\u00ea o que h\u00e1 de melhor. Todos os nossos produtos s\u00e3o confeccionados visando a qualidade e o conforto sempre com o objetivo de satisfazer voc\u00ea.<br \/>\nA RMarq Collection produz e comercializa este produto visando sempre a melhor qualidade, beleza e o estilo.<br \/>\n<strong>Bolsa de ombro feminina, feita de tecido imperme\u00e1vel,<\/strong> cor preta. Forrada internamente com Nylon 70 resinado. Al\u00e7as de polipropileno na cor preta com (37 cm) de altura e 3 cm largura. Fecho de z\u00edper na cor preto. Bolsos externo e interno. Uma \u00f3tima op\u00e7\u00e3o para os seus momentos de lazer, pois por ser imperme\u00e1vel resiste aos respingos de \u00e1gua e \u00e0 umidade externa, evitando molhar os seus objetos internamente.<br \/>\nIdeal para uso em Clube, Praia e em diversos ambientes. <span style=\"color: #3366ff;\"><a style=\"color: #3366ff;\" href=\"https:\/\/youtube.com\/shorts\/X1q2Qg92-ko?feature=share\"><strong>V\u00eddeo<\/strong><\/a><\/span><br \/>\n<strong>Obs.<\/strong> Imagem com objetos no bolso \u2018ilustra\u00e7\u00e3o\u2019, n\u00e3o acompanha a bolsa.<\/p>\n<p><strong>Informa\u00e7\u00f5es t\u00e9cnicas:<br \/>\n<img data-recalc-dims=\"1\" loading=\"lazy\" decoding=\"async\" class=\"wp-image-4981 alignright\" src=\"https:\/\/i0.wp.com\/rmarqcollection.com.br\/wp-content\/uploads\/2024\/02\/medidas-preto.jpg?resize=320%2C320&#038;ssl=1\" alt=\"\" width=\"320\" height=\"320\" srcset=\"https:\/\/i0.wp.com\/rmarqcollection.com.br\/wp-content\/uploads\/2024\/02\/medidas-preto.jpg?resize=300%2C300&amp;ssl=1 300w, https:\/\/i0.wp.com\/rmarqcollection.com.br\/wp-content\/uploads\/2024\/02\/medidas-preto.jpg?resize=100%2C100&amp;ssl=1 100w, https:\/\/i0.wp.com\/rmarqcollection.com.br\/wp-content\/uploads\/2024\/02\/medidas-preto.jpg?resize=600%2C600&amp;ssl=1 600w, https:\/\/i0.wp.com\/rmarqcollection.com.br\/wp-content\/uploads\/2024\/02\/medidas-preto.jpg?resize=1024%2C1024&amp;ssl=1 1024w, https:\/\/i0.wp.com\/rmarqcollection.com.br\/wp-content\/uploads\/2024\/02\/medidas-preto.jpg?resize=150%2C150&amp;ssl=1 150w, https:\/\/i0.wp.com\/rmarqcollection.com.br\/wp-content\/uploads\/2024\/02\/medidas-preto.jpg?resize=768%2C768&amp;ssl=1 768w, https:\/\/i0.wp.com\/rmarqcollection.com.br\/wp-content\/uploads\/2024\/02\/medidas-preto.jpg?w=1500&amp;ssl=1 1500w, https:\/\/i0.wp.com\/rmarqcollection.com.br\/wp-content\/uploads\/2024\/02\/medidas-preto.jpg?w=1280&amp;ssl=1 1280w\" sizes=\"auto, (max-width: 320px) 100vw, 320px\" \/><\/strong>Modelo: Bolsa de ombro feminina<br \/>\nMaterial: Tecido Imperme\u00e1vel<br \/>\nCor: linho preto<br \/>\nForro: Nylon 70 resinado<br \/>\nPeso: 130 g<br \/>\nComprimento abertura: 42 cm<br \/>\nComprimento fundo: 35 cm<br \/>\nAltura: 30 cm<br \/>\nLargura fundo: 10 cm<br \/>\nAbertura e fechamento: Z\u00edper<br \/>\nAl\u00e7a: 37 cm altura e 3 cm largura<br \/>\nBolso: externo e interno<br \/>\nSuporta at\u00e9 4 Kg<\/p>\n<p><strong>Recomenda\u00e7\u00f5es importantes:<\/strong> A limpeza pode ser feita com sab\u00e3o neutro e pano \u00famido, evite deixar de molho. N\u00e3o esfregar com bucha grossa, pois pode ocasionar furos no tecido danificando-o. N\u00e3o usar alvejante. Dar prefer\u00eancia para secagem em varal. N\u00e3o usar nenhuma fonte de calor para secar. N\u00e3o usar vapor para passar. Guardar em local sem umidade e deixar descansar na sombra ap\u00f3s o uso. A impermeabilidade do tecido em rela\u00e7\u00e3o a l\u00edquidos derramados depende de limpeza o mais r\u00e1pido poss\u00edvel para evitar manchas e mofo. Cuide bem do seu produto para que tenha uma boa durabilidade.<br \/>\n<strong>Fotos ilustrativas:<\/strong> Em rela\u00e7\u00e3o as cores podem ocorrer pequenas varia\u00e7\u00f5es nos tons devido a ilumina\u00e7\u00e3o e as regulagens em monitores e celulares, portanto n\u00e3o s\u00e3o considerados defeitos ou falta de informa\u00e7\u00f5es.<\/p>\n<p>Produzido e comercializado por RMarq Collection.<br \/>\nGarantia do Fabricante: Contra defeitos de fabrica\u00e7\u00e3o; 30 dias.<br \/>\n<span style=\"color: #0000ff;\"><a style=\"color: #0000ff;\" href=\"https:\/\/rmarqcollection.com.br\/?page_id=238\">Estamos a disposi\u00e7\u00e3o para atender \u00e0s suas d\u00favidas.<\/a><\/span><\/p>\n","protected":false},"excerpt":{"rendered":"<h6><a href=\"https:\/\/rmarqcollection.com.br\/?page_id=1849\"><span style=\"color: #0000ff;\"><strong>Em 12x confira formas de pagamentos<\/strong><\/span><\/a><\/h6>\n<h6><strong>Tecido imperme\u00e1vel, al\u00e7a ombro e\u00a0 fecho z\u00edper. Moda praia clube.<\/strong><\/h6>\n<h6><span style=\"color: #3366ff;\"><a style=\"color: #3366ff;\" href=\"https:\/\/rmarqcollection.com.br\/?p=5508\">V\u00eddeo<\/a><\/span><\/h6>\n","protected":false},"featured_media":4976,"comment_status":"open","ping_status":"closed","template":"","meta":{"jetpack_publicize_message":"","jetpack_publicize_feature_enabled":true,"jetpack_social_post_already_shared":true,"jetpack_social_options":{"image_generator_settings":{"template":"highway","default_image_id":0,"font":"","enabled":false},"version":2}},"product_brand":[509],"product_cat":[376,31],"product_tag":[186,169,170,378,377,389,368],"class_list":{"0":"post-4975","1":"product","2":"type-product","3":"status-publish","6":"product_brand-rmarq-collection","7":"product_cat-bolsas-femininas","8":"product_cat-bolsa-impermeavel","9":"product_tag-bolsa-de-tecido","10":"product_tag-bolsa-feminina","11":"product_tag-bolsa-impermeavel","12":"product_tag-bolsa-ombro","13":"product_tag-bolsa-praia-clube","14":"product_tag-bolsa-preta","15":"product_tag-bolsas","17":"first","18":"instock","19":"sale","20":"taxable","21":"shipping-taxable","22":"purchasable","23":"product-type-simple"},"aioseo_notices":[],"jetpack_publicize_connections":[],"jetpack-related-posts":[{"id":251,"url":"https:\/\/rmarqcollection.com.br\/?product=bolsa-praia-clube-impermeavel","url_meta":{"origin":4975,"position":0},"title":"Bolsa Feminina Imperme\u00e1vel Folhas e Flores RMarq Collection","author":"cole\u00e7\u00e3o rmarq","date":"09\/06\/2021","format":false,"excerpt":"Em 12x confira formas de pagamentos Tecido imperme\u00e1vel, al\u00e7a ombro e fecho z\u00edper. Moda praia clube. V\u00eddeo","rel":"","context":"Post similar","block_context":{"text":"Post similar","link":""},"img":{"alt_text":"","src":"https:\/\/i0.wp.com\/rmarqcollection.com.br\/wp-content\/uploads\/2021\/06\/Bolsa-bege-flores-impermeavel-2.jpg?fit=1200%2C1200&ssl=1&resize=350%2C200","width":350,"height":200,"srcset":"https:\/\/i0.wp.com\/rmarqcollection.com.br\/wp-content\/uploads\/2021\/06\/Bolsa-bege-flores-impermeavel-2.jpg?fit=1200%2C1200&ssl=1&resize=350%2C200 1x, https:\/\/i0.wp.com\/rmarqcollection.com.br\/wp-content\/uploads\/2021\/06\/Bolsa-bege-flores-impermeavel-2.jpg?fit=1200%2C1200&ssl=1&resize=525%2C300 1.5x, https:\/\/i0.wp.com\/rmarqcollection.com.br\/wp-content\/uploads\/2021\/06\/Bolsa-bege-flores-impermeavel-2.jpg?fit=1200%2C1200&ssl=1&resize=700%2C400 2x, https:\/\/i0.wp.com\/rmarqcollection.com.br\/wp-content\/uploads\/2021\/06\/Bolsa-bege-flores-impermeavel-2.jpg?fit=1200%2C1200&ssl=1&resize=1050%2C600 3x"},"classes":[]},{"id":1189,"url":"https:\/\/rmarqcollection.com.br\/?product=bolsa-tecido-impermeavel-alca-ombro-praia-clube-diversas-ocasioes","url_meta":{"origin":4975,"position":1},"title":"Bolsa Feminina Imperme\u00e1vel Listrada Ombro RMarq Collection","author":"cole\u00e7\u00e3o rmarq","date":"07\/02\/2022","format":false,"excerpt":"Em 12x confira formas de pagamentos. Resistente a respingos de \u00e1gua. Praia, clube e diversos momentos. V\u00eddeo","rel":"","context":"Post similar","block_context":{"text":"Post similar","link":""},"img":{"alt_text":"","src":"https:\/\/i0.wp.com\/rmarqcollection.com.br\/wp-content\/uploads\/2022\/02\/Bolsa-impermeavel-listrada-2.png?fit=1200%2C1200&ssl=1&resize=350%2C200","width":350,"height":200,"srcset":"https:\/\/i0.wp.com\/rmarqcollection.com.br\/wp-content\/uploads\/2022\/02\/Bolsa-impermeavel-listrada-2.png?fit=1200%2C1200&ssl=1&resize=350%2C200 1x, https:\/\/i0.wp.com\/rmarqcollection.com.br\/wp-content\/uploads\/2022\/02\/Bolsa-impermeavel-listrada-2.png?fit=1200%2C1200&ssl=1&resize=525%2C300 1.5x, https:\/\/i0.wp.com\/rmarqcollection.com.br\/wp-content\/uploads\/2022\/02\/Bolsa-impermeavel-listrada-2.png?fit=1200%2C1200&ssl=1&resize=700%2C400 2x, https:\/\/i0.wp.com\/rmarqcollection.com.br\/wp-content\/uploads\/2022\/02\/Bolsa-impermeavel-listrada-2.png?fit=1200%2C1200&ssl=1&resize=1050%2C600 3x"},"classes":[]},{"id":3100,"url":"https:\/\/rmarqcollection.com.br\/?product=bolsa-feminina-tecido-impermeavel-praia-clube-alca-ombro-estampa-folhas","url_meta":{"origin":4975,"position":2},"title":"Bolsa Feminina Imperme\u00e1vel Estampa Azul Folhas RMarq Collection","author":"cole\u00e7\u00e3o rmarq","date":"23\/09\/2022","format":false,"excerpt":"Em 12x confira formas de pagamentos. Tecido imperme\u00e1vel, al\u00e7a ombro e fecho z\u00edper. Moda praia clube. V\u00eddeo","rel":"","context":"Post similar","block_context":{"text":"Post similar","link":""},"img":{"alt_text":"","src":"https:\/\/i0.wp.com\/rmarqcollection.com.br\/wp-content\/uploads\/2022\/09\/bolsa-impermeavel-azul-piscina-1.png?fit=1200%2C1200&ssl=1&resize=350%2C200","width":350,"height":200,"srcset":"https:\/\/i0.wp.com\/rmarqcollection.com.br\/wp-content\/uploads\/2022\/09\/bolsa-impermeavel-azul-piscina-1.png?fit=1200%2C1200&ssl=1&resize=350%2C200 1x, https:\/\/i0.wp.com\/rmarqcollection.com.br\/wp-content\/uploads\/2022\/09\/bolsa-impermeavel-azul-piscina-1.png?fit=1200%2C1200&ssl=1&resize=525%2C300 1.5x, https:\/\/i0.wp.com\/rmarqcollection.com.br\/wp-content\/uploads\/2022\/09\/bolsa-impermeavel-azul-piscina-1.png?fit=1200%2C1200&ssl=1&resize=700%2C400 2x, https:\/\/i0.wp.com\/rmarqcollection.com.br\/wp-content\/uploads\/2022\/09\/bolsa-impermeavel-azul-piscina-1.png?fit=1200%2C1200&ssl=1&resize=1050%2C600 3x"},"classes":[]},{"id":4983,"url":"https:\/\/rmarqcollection.com.br\/?product=bolsa-tecido-impermeavel-ombro-falso-liso-cor-marfim-rmarqcollection-moda-praia-clube","url_meta":{"origin":4975,"position":3},"title":"Bolsa Feminina Imperme\u00e1vel Marfim RMarq Collection Praia Clube","author":"cole\u00e7\u00e3o rmarq","date":"19\/02\/2024","format":false,"excerpt":"Em 12x confira formas de pagamentos Tecido imperme\u00e1vel, al\u00e7a ombro e fecho z\u00edper. Moda praia clube. V\u00eddeo","rel":"","context":"Post similar","block_context":{"text":"Post similar","link":""},"img":{"alt_text":"","src":"https:\/\/i0.wp.com\/rmarqcollection.com.br\/wp-content\/uploads\/2024\/02\/bolsa-falso-liso-marfim-1.png?fit=1200%2C1200&ssl=1&resize=350%2C200","width":350,"height":200,"srcset":"https:\/\/i0.wp.com\/rmarqcollection.com.br\/wp-content\/uploads\/2024\/02\/bolsa-falso-liso-marfim-1.png?fit=1200%2C1200&ssl=1&resize=350%2C200 1x, https:\/\/i0.wp.com\/rmarqcollection.com.br\/wp-content\/uploads\/2024\/02\/bolsa-falso-liso-marfim-1.png?fit=1200%2C1200&ssl=1&resize=525%2C300 1.5x, https:\/\/i0.wp.com\/rmarqcollection.com.br\/wp-content\/uploads\/2024\/02\/bolsa-falso-liso-marfim-1.png?fit=1200%2C1200&ssl=1&resize=700%2C400 2x, https:\/\/i0.wp.com\/rmarqcollection.com.br\/wp-content\/uploads\/2024\/02\/bolsa-falso-liso-marfim-1.png?fit=1200%2C1200&ssl=1&resize=1050%2C600 3x"},"classes":[]},{"id":4991,"url":"https:\/\/rmarqcollection.com.br\/?product=bolsa-tecido-impermeavel-ombro-rmarqcollection-estampa-coqueiros-cru-moda-praia-clube","url_meta":{"origin":4975,"position":4},"title":"Bolsa Feminina Imperme\u00e1vel Estampa Coqueiros RMarq Collection","author":"cole\u00e7\u00e3o rmarq","date":"19\/02\/2024","format":false,"excerpt":"Em 12x confira formas de pagamentos Tecido imperme\u00e1vel, al\u00e7a ombro e fecho z\u00edper. Moda praia clube. V\u00eddeo","rel":"","context":"Post similar","block_context":{"text":"Post similar","link":""},"img":{"alt_text":"","src":"https:\/\/i0.wp.com\/rmarqcollection.com.br\/wp-content\/uploads\/2024\/02\/bolsa-coqueiro-cru-1.png?fit=1197%2C1200&ssl=1&resize=350%2C200","width":350,"height":200,"srcset":"https:\/\/i0.wp.com\/rmarqcollection.com.br\/wp-content\/uploads\/2024\/02\/bolsa-coqueiro-cru-1.png?fit=1197%2C1200&ssl=1&resize=350%2C200 1x, https:\/\/i0.wp.com\/rmarqcollection.com.br\/wp-content\/uploads\/2024\/02\/bolsa-coqueiro-cru-1.png?fit=1197%2C1200&ssl=1&resize=525%2C300 1.5x, https:\/\/i0.wp.com\/rmarqcollection.com.br\/wp-content\/uploads\/2024\/02\/bolsa-coqueiro-cru-1.png?fit=1197%2C1200&ssl=1&resize=700%2C400 2x, https:\/\/i0.wp.com\/rmarqcollection.com.br\/wp-content\/uploads\/2024\/02\/bolsa-coqueiro-cru-1.png?fit=1197%2C1200&ssl=1&resize=1050%2C600 3x"},"classes":[]},{"id":1214,"url":"https:\/\/rmarqcollection.com.br\/?product=bolsa-feminina-ombro-material-sintetico-preto-detalhe-couro-vermelho","url_meta":{"origin":4975,"position":5},"title":"Bolsa Feminina Couro Sint\u00e9tico Preto Ombro RMarq Collection","author":"cole\u00e7\u00e3o rmarq","date":"28\/03\/2022","format":false,"excerpt":"Em 12x confira formas de pagamentos. Al\u00e7as cor preto e detalhe vermelho, metal, rebite n\u00edquel, fecho z\u00edper e bolsos. V\u00eddeo","rel":"","context":"Post similar","block_context":{"text":"Post similar","link":""},"img":{"alt_text":"","src":"https:\/\/i0.wp.com\/rmarqcollection.com.br\/wp-content\/uploads\/2022\/03\/Bolsa-Preta-Sintetica-1.png?fit=1200%2C1200&ssl=1&resize=350%2C200","width":350,"height":200,"srcset":"https:\/\/i0.wp.com\/rmarqcollection.com.br\/wp-content\/uploads\/2022\/03\/Bolsa-Preta-Sintetica-1.png?fit=1200%2C1200&ssl=1&resize=350%2C200 1x, https:\/\/i0.wp.com\/rmarqcollection.com.br\/wp-content\/uploads\/2022\/03\/Bolsa-Preta-Sintetica-1.png?fit=1200%2C1200&ssl=1&resize=525%2C300 1.5x, https:\/\/i0.wp.com\/rmarqcollection.com.br\/wp-content\/uploads\/2022\/03\/Bolsa-Preta-Sintetica-1.png?fit=1200%2C1200&ssl=1&resize=700%2C400 2x, https:\/\/i0.wp.com\/rmarqcollection.com.br\/wp-content\/uploads\/2022\/03\/Bolsa-Preta-Sintetica-1.png?fit=1200%2C1200&ssl=1&resize=1050%2C600 3x"},"classes":[]}],"jetpack_likes_enabled":true,"jetpack_sharing_enabled":true,"_links":{"self":[{"href":"https:\/\/rmarqcollection.com.br\/index.php?rest_route=\/wp\/v2\/product\/4975","targetHints":{"allow":["GET"]}}],"collection":[{"href":"https:\/\/rmarqcollection.com.br\/index.php?rest_route=\/wp\/v2\/product"}],"about":[{"href":"https:\/\/rmarqcollection.com.br\/index.php?rest_route=\/wp\/v2\/types\/product"}],"replies":[{"embeddable":true,"href":"https:\/\/rmarqcollection.com.br\/index.php?rest_route=%2Fwp%2Fv2%2Fcomments&post=4975"}],"wp:featuredmedia":[{"embeddable":true,"href":"https:\/\/rmarqcollection.com.br\/index.php?rest_route=\/wp\/v2\/media\/4976"}],"wp:attachment":[{"href":"https:\/\/rmarqcollection.com.br\/index.php?rest_route=%2Fwp%2Fv2%2Fmedia&parent=4975"}],"wp:term":[{"taxonomy":"product_brand","embeddable":true,"href":"https:\/\/rmarqcollection.com.br\/index.php?rest_route=%2Fwp%2Fv2%2Fproduct_brand&post=4975"},{"taxonomy":"product_cat","embeddable":true,"href":"https:\/\/rmarqcollection.com.br\/index.php?rest_route=%2Fwp%2Fv2%2Fproduct_cat&post=4975"},{"taxonomy":"product_tag","embeddable":true,"href":"https:\/\/rmarqcollection.com.br\/index.php?rest_route=%2Fwp%2Fv2%2Fproduct_tag&post=4975"}],"curies":[{"name":"wp","href":"https:\/\/api.w.org\/{rel}","templated":true}]}}