{"id":5428,"date":"2024-03-25T22:37:06","date_gmt":"2024-03-26T01:37:06","guid":{"rendered":"https:\/\/rmarqcollection.com.br\/?post_type=product&#038;p=5428"},"modified":"2026-01-02T18:57:32","modified_gmt":"2026-01-02T21:57:32","slug":"bolsa-tecido-jeans-feminina-pequena-rmarqcollection","status":"publish","type":"product","link":"https:\/\/rmarqcollection.com.br\/?product=bolsa-tecido-jeans-feminina-pequena-rmarqcollection","title":{"rendered":"Bolsa Feminina Tecido Jeans Marinho Pequena RMarq Collection"},"content":{"rendered":"<p>Bem-vindo (a) a nossa loja! Queremos proporcionar a voc\u00ea o que h\u00e1 de melhor. Todos os nossos produtos s\u00e3o confeccionados visando a qualidade e o conforto sempre com o objetivo de satisfazer voc\u00ea.<br \/>\nA RMarq Collection produz e comercializa este produto visando sempre a melhor qualidade, beleza e o estilo.<br \/>\nBolsa Tecido Jeans\u00a0 al\u00e7a ombro feminina, cor azul-marinho, tamanho pequena. Forrada internamente. Medidas da Al\u00e7a 38 cm (76 cm total) com detalhe flor\u00a0 e costuras na cor rosa. Fecho de z\u00edper na cor preto e cursor preto. Dois bolsos externos e um interno. Confira\u00a0<a href=\"https:\/\/rmarqcollection.com.br\/?p=6123\"> <span style=\"color: #3366ff;\">V\u00eddeo<\/span><\/a><br \/>\nUma \u00f3tima op\u00e7\u00e3o para os seus momentos de passeio e encontros sociais. Guarde seus objetos e tenha uma bolsa estilosa para o dia a dia.<\/p>\n<p>Ideal para uso em diversos ambientes. <img data-recalc-dims=\"1\" loading=\"lazy\" decoding=\"async\" class=\" wp-image-4967 alignright\" src=\"https:\/\/i0.wp.com\/rmarqcollection.com.br\/wp-content\/uploads\/2022\/10\/Bolsa-Jeans-Pequena-5.jpg?resize=291%2C291&#038;ssl=1\" sizes=\"auto, (max-width: 291px) 100vw, 291px\" srcset=\"https:\/\/rmarqcollection.com.br\/wp-content\/uploads\/2022\/10\/Bolsa-Jeans-Pequena-5-300x300.jpg 300w, https:\/\/rmarqcollection.com.br\/wp-content\/uploads\/2022\/10\/Bolsa-Jeans-Pequena-5-324x324.jpg 324w, https:\/\/rmarqcollection.com.br\/wp-content\/uploads\/2022\/10\/Bolsa-Jeans-Pequena-5-100x100.jpg 100w, https:\/\/rmarqcollection.com.br\/wp-content\/uploads\/2022\/10\/Bolsa-Jeans-Pequena-5-416x416.jpg 416w, https:\/\/rmarqcollection.com.br\/wp-content\/uploads\/2022\/10\/Bolsa-Jeans-Pequena-5-1024x1024.jpg 1024w, https:\/\/rmarqcollection.com.br\/wp-content\/uploads\/2022\/10\/Bolsa-Jeans-Pequena-5-150x150.jpg 150w, https:\/\/rmarqcollection.com.br\/wp-content\/uploads\/2022\/10\/Bolsa-Jeans-Pequena-5-768x768.jpg 768w, https:\/\/rmarqcollection.com.br\/wp-content\/uploads\/2022\/10\/Bolsa-Jeans-Pequena-5.jpg 1500w\" alt=\"\" width=\"291\" height=\"291\" \/><br \/>\nInforma\u00e7\u00f5es t\u00e9cnicas:<br \/>\nModelo: Bolsa de ombro feminina.<br \/>\nMaterial:\u00a0 Tecido jeans.<br \/>\nCor:\u00a0 Azul-Marinho.<br \/>\nForro: Interno cor preto.<br \/>\nPeso: 140 g.<br \/>\nLargura abertura : 29 cm.<br \/>\nComprimento 29 cm \/ Altura: 19 cm.<br \/>\nLargura fundo: 04 cm.<br \/>\nAbertura e fechamento: Z\u00edper preto.<br \/>\nAl\u00e7a: 38 cm altura (circunfer\u00eancia total 76 cm) e 02 cm largura.<br \/>\nBolso: dois bolsos externos e um interno.<\/p>\n<p>Cuide bem do seu produto para que tenha uma boa durabilidade.<br \/>\nProduzido e comercializado por RMarq Collection.<\/p>\n<p>Garantia do Fabricante: Contra defeitos de fabrica\u00e7\u00e3o; 30 dias.<br \/>\n<span style=\"color: #0000ff;\"><a style=\"color: #0000ff;\" href=\"https:\/\/rmarqcollection.com.br\/?page_id=238\">Estamos a disposi\u00e7\u00e3o para atender \u00e0s suas d\u00favidas.<\/a><\/span><\/p>\n","protected":false},"excerpt":{"rendered":"<h6><span style=\"color: #0000ff;\"><a style=\"color: #0000ff;\" href=\"https:\/\/rmarqcollection.com.br\/?page_id=1849\"><strong>Em 12x confira formas de pagamentos.<\/strong><\/a><\/span><\/h6>\n<h6><span style=\"color: #339966;\"><a style=\"color: #339966;\" href=\"https:\/\/rmarqcollection.com.br\/?page_id=2010\"><strong>Frete gr\u00e1tis saiba mais\u2026<\/strong><\/a><\/span><\/h6>\n<h6><strong>Al\u00e7a ombro, azul marinho, flor, costuras rosa, fecho z\u00edper e bolsos.\u00a0<\/strong><\/h6>\n<h6><span style=\"color: #3366ff;\"><a style=\"color: #3366ff;\" href=\"https:\/\/rmarqcollection.com.br\/?p=6123\"><strong>V\u00eddeo<\/strong><\/a><\/span><\/h6>\n","protected":false},"featured_media":4963,"comment_status":"open","ping_status":"closed","template":"","meta":{"jetpack_publicize_message":"","jetpack_publicize_feature_enabled":true,"jetpack_social_post_already_shared":false,"jetpack_social_options":{"image_generator_settings":{"template":"highway","default_image_id":0,"font":"","enabled":false},"version":2}},"product_brand":[509],"product_cat":[376,230],"product_tag":[186,234,371,372,472,369],"class_list":{"0":"post-5428","1":"product","2":"type-product","3":"status-publish","6":"product_brand-rmarq-collection","7":"product_cat-bolsas-femininas","8":"product_cat-bolsa-jeans","9":"product_tag-bolsa-de-tecido","10":"product_tag-bolsa-jeans","11":"product_tag-bolsa-jeans-marinho","12":"product_tag-bolsa-jeans-ombro","13":"product_tag-bolsa-pequena","14":"product_tag-bolsa-tecido","16":"first","17":"instock","18":"taxable","19":"shipping-taxable","20":"purchasable","21":"product-type-simple"},"aioseo_notices":[],"jetpack_publicize_connections":[],"jetpack-related-posts":[{"id":3431,"url":"https:\/\/rmarqcollection.com.br\/?product=bolsa-jeans-feminina-grande-marinho-escuro-alca-ombro","url_meta":{"origin":5428,"position":0},"title":"Bolsa Feminina Jeans Azul-Marinho Ombro RMarq Collection","author":"cole\u00e7\u00e3o rmarq","date":"30\/12\/2022","format":false,"excerpt":"Em 12x confira formas de pagamentos. Al\u00e7a ombro, corrente e fita dourada, costuras rosa, fecho z\u00edper e bolsos.\u00a0 V\u00eddeo","rel":"","context":"Post similar","block_context":{"text":"Post similar","link":""},"img":{"alt_text":"","src":"https:\/\/i0.wp.com\/rmarqcollection.com.br\/wp-content\/uploads\/2022\/12\/Bolsa-Jeans-G-0.jpg?fit=1200%2C1200&ssl=1&resize=350%2C200","width":350,"height":200,"srcset":"https:\/\/i0.wp.com\/rmarqcollection.com.br\/wp-content\/uploads\/2022\/12\/Bolsa-Jeans-G-0.jpg?fit=1200%2C1200&ssl=1&resize=350%2C200 1x, https:\/\/i0.wp.com\/rmarqcollection.com.br\/wp-content\/uploads\/2022\/12\/Bolsa-Jeans-G-0.jpg?fit=1200%2C1200&ssl=1&resize=525%2C300 1.5x, https:\/\/i0.wp.com\/rmarqcollection.com.br\/wp-content\/uploads\/2022\/12\/Bolsa-Jeans-G-0.jpg?fit=1200%2C1200&ssl=1&resize=700%2C400 2x, https:\/\/i0.wp.com\/rmarqcollection.com.br\/wp-content\/uploads\/2022\/12\/Bolsa-Jeans-G-0.jpg?fit=1200%2C1200&ssl=1&resize=1050%2C600 3x"},"classes":[]},{"id":3632,"url":"https:\/\/rmarqcollection.com.br\/?product=necessaire-estojo-feminino-material-tecido-jeans","url_meta":{"origin":5428,"position":1},"title":"Estojo Necessaire Feminino Jeans Azul-Marinho RMarq Collection","author":"cole\u00e7\u00e3o rmarq","date":"21\/02\/2023","format":false,"excerpt":"Em 12x confira formas de pagamentos Frete gr\u00e1tis saiba mais\u2026 Tecido jeans azul marinho e fecho z\u00edper V\u00eddeo","rel":"","context":"Post similar","block_context":{"text":"Post similar","link":""},"img":{"alt_text":"","src":"https:\/\/i0.wp.com\/rmarqcollection.com.br\/wp-content\/uploads\/2023\/02\/Estojo-jeans-grande-3.png?fit=1200%2C1200&ssl=1&resize=350%2C200","width":350,"height":200,"srcset":"https:\/\/i0.wp.com\/rmarqcollection.com.br\/wp-content\/uploads\/2023\/02\/Estojo-jeans-grande-3.png?fit=1200%2C1200&ssl=1&resize=350%2C200 1x, https:\/\/i0.wp.com\/rmarqcollection.com.br\/wp-content\/uploads\/2023\/02\/Estojo-jeans-grande-3.png?fit=1200%2C1200&ssl=1&resize=525%2C300 1.5x, https:\/\/i0.wp.com\/rmarqcollection.com.br\/wp-content\/uploads\/2023\/02\/Estojo-jeans-grande-3.png?fit=1200%2C1200&ssl=1&resize=700%2C400 2x, https:\/\/i0.wp.com\/rmarqcollection.com.br\/wp-content\/uploads\/2023\/02\/Estojo-jeans-grande-3.png?fit=1200%2C1200&ssl=1&resize=1050%2C600 3x"},"classes":[]},{"id":251,"url":"https:\/\/rmarqcollection.com.br\/?product=bolsa-praia-clube-impermeavel","url_meta":{"origin":5428,"position":2},"title":"Bolsa Feminina Imperme\u00e1vel Folhas e Flores RMarq Collection","author":"cole\u00e7\u00e3o rmarq","date":"09\/06\/2021","format":false,"excerpt":"Em 12x confira formas de pagamentos Tecido imperme\u00e1vel, al\u00e7a ombro e fecho z\u00edper. Moda praia clube. V\u00eddeo","rel":"","context":"Post similar","block_context":{"text":"Post similar","link":""},"img":{"alt_text":"","src":"https:\/\/i0.wp.com\/rmarqcollection.com.br\/wp-content\/uploads\/2021\/06\/Bolsa-bege-flores-impermeavel-2.jpg?fit=1200%2C1200&ssl=1&resize=350%2C200","width":350,"height":200,"srcset":"https:\/\/i0.wp.com\/rmarqcollection.com.br\/wp-content\/uploads\/2021\/06\/Bolsa-bege-flores-impermeavel-2.jpg?fit=1200%2C1200&ssl=1&resize=350%2C200 1x, https:\/\/i0.wp.com\/rmarqcollection.com.br\/wp-content\/uploads\/2021\/06\/Bolsa-bege-flores-impermeavel-2.jpg?fit=1200%2C1200&ssl=1&resize=525%2C300 1.5x, https:\/\/i0.wp.com\/rmarqcollection.com.br\/wp-content\/uploads\/2021\/06\/Bolsa-bege-flores-impermeavel-2.jpg?fit=1200%2C1200&ssl=1&resize=700%2C400 2x, https:\/\/i0.wp.com\/rmarqcollection.com.br\/wp-content\/uploads\/2021\/06\/Bolsa-bege-flores-impermeavel-2.jpg?fit=1200%2C1200&ssl=1&resize=1050%2C600 3x"},"classes":[]},{"id":3100,"url":"https:\/\/rmarqcollection.com.br\/?product=bolsa-feminina-tecido-impermeavel-praia-clube-alca-ombro-estampa-folhas","url_meta":{"origin":5428,"position":3},"title":"Bolsa Feminina Imperme\u00e1vel Estampa Azul Folhas RMarq Collection","author":"cole\u00e7\u00e3o rmarq","date":"23\/09\/2022","format":false,"excerpt":"Em 12x confira formas de pagamentos. Tecido imperme\u00e1vel, al\u00e7a ombro e fecho z\u00edper. Moda praia clube. V\u00eddeo","rel":"","context":"Post similar","block_context":{"text":"Post similar","link":""},"img":{"alt_text":"","src":"https:\/\/i0.wp.com\/rmarqcollection.com.br\/wp-content\/uploads\/2022\/09\/bolsa-impermeavel-azul-piscina-1.png?fit=1200%2C1200&ssl=1&resize=350%2C200","width":350,"height":200,"srcset":"https:\/\/i0.wp.com\/rmarqcollection.com.br\/wp-content\/uploads\/2022\/09\/bolsa-impermeavel-azul-piscina-1.png?fit=1200%2C1200&ssl=1&resize=350%2C200 1x, https:\/\/i0.wp.com\/rmarqcollection.com.br\/wp-content\/uploads\/2022\/09\/bolsa-impermeavel-azul-piscina-1.png?fit=1200%2C1200&ssl=1&resize=525%2C300 1.5x, https:\/\/i0.wp.com\/rmarqcollection.com.br\/wp-content\/uploads\/2022\/09\/bolsa-impermeavel-azul-piscina-1.png?fit=1200%2C1200&ssl=1&resize=700%2C400 2x, https:\/\/i0.wp.com\/rmarqcollection.com.br\/wp-content\/uploads\/2022\/09\/bolsa-impermeavel-azul-piscina-1.png?fit=1200%2C1200&ssl=1&resize=1050%2C600 3x"},"classes":[]},{"id":1214,"url":"https:\/\/rmarqcollection.com.br\/?product=bolsa-feminina-ombro-material-sintetico-preto-detalhe-couro-vermelho","url_meta":{"origin":5428,"position":4},"title":"Bolsa Feminina Couro Sint\u00e9tico Preto Ombro RMarq Collection","author":"cole\u00e7\u00e3o rmarq","date":"28\/03\/2022","format":false,"excerpt":"Em 12x confira formas de pagamentos. Al\u00e7as cor preto e detalhe vermelho, metal, rebite n\u00edquel, fecho z\u00edper e bolsos. V\u00eddeo","rel":"","context":"Post similar","block_context":{"text":"Post similar","link":""},"img":{"alt_text":"","src":"https:\/\/i0.wp.com\/rmarqcollection.com.br\/wp-content\/uploads\/2022\/03\/Bolsa-Preta-Sintetica-1.png?fit=1200%2C1200&ssl=1&resize=350%2C200","width":350,"height":200,"srcset":"https:\/\/i0.wp.com\/rmarqcollection.com.br\/wp-content\/uploads\/2022\/03\/Bolsa-Preta-Sintetica-1.png?fit=1200%2C1200&ssl=1&resize=350%2C200 1x, https:\/\/i0.wp.com\/rmarqcollection.com.br\/wp-content\/uploads\/2022\/03\/Bolsa-Preta-Sintetica-1.png?fit=1200%2C1200&ssl=1&resize=525%2C300 1.5x, https:\/\/i0.wp.com\/rmarqcollection.com.br\/wp-content\/uploads\/2022\/03\/Bolsa-Preta-Sintetica-1.png?fit=1200%2C1200&ssl=1&resize=700%2C400 2x, https:\/\/i0.wp.com\/rmarqcollection.com.br\/wp-content\/uploads\/2022\/03\/Bolsa-Preta-Sintetica-1.png?fit=1200%2C1200&ssl=1&resize=1050%2C600 3x"},"classes":[]},{"id":1242,"url":"https:\/\/rmarqcollection.com.br\/?product=bolsa-feminina-ombro-sintetico-caramelo","url_meta":{"origin":5428,"position":5},"title":"Bolsa Feminina Couro Sint\u00e9tico Caramelo Ombro RMarq Collection","author":"cole\u00e7\u00e3o rmarq","date":"10\/04\/2022","format":false,"excerpt":"Em 12x confira formas de pagamentos Al\u00e7a remov\u00edvel, fecho z\u00edper, metais dourados e bolsos. V\u00eddeo\u00a0","rel":"","context":"Post similar","block_context":{"text":"Post similar","link":""},"img":{"alt_text":"","src":"https:\/\/i0.wp.com\/rmarqcollection.com.br\/wp-content\/uploads\/2022\/04\/bolsa-Caramelo-10.jpg?fit=1200%2C1199&ssl=1&resize=350%2C200","width":350,"height":200,"srcset":"https:\/\/i0.wp.com\/rmarqcollection.com.br\/wp-content\/uploads\/2022\/04\/bolsa-Caramelo-10.jpg?fit=1200%2C1199&ssl=1&resize=350%2C200 1x, https:\/\/i0.wp.com\/rmarqcollection.com.br\/wp-content\/uploads\/2022\/04\/bolsa-Caramelo-10.jpg?fit=1200%2C1199&ssl=1&resize=525%2C300 1.5x, https:\/\/i0.wp.com\/rmarqcollection.com.br\/wp-content\/uploads\/2022\/04\/bolsa-Caramelo-10.jpg?fit=1200%2C1199&ssl=1&resize=700%2C400 2x, https:\/\/i0.wp.com\/rmarqcollection.com.br\/wp-content\/uploads\/2022\/04\/bolsa-Caramelo-10.jpg?fit=1200%2C1199&ssl=1&resize=1050%2C600 3x"},"classes":[]}],"jetpack_likes_enabled":true,"jetpack_sharing_enabled":true,"_links":{"self":[{"href":"https:\/\/rmarqcollection.com.br\/index.php?rest_route=\/wp\/v2\/product\/5428","targetHints":{"allow":["GET"]}}],"collection":[{"href":"https:\/\/rmarqcollection.com.br\/index.php?rest_route=\/wp\/v2\/product"}],"about":[{"href":"https:\/\/rmarqcollection.com.br\/index.php?rest_route=\/wp\/v2\/types\/product"}],"replies":[{"embeddable":true,"href":"https:\/\/rmarqcollection.com.br\/index.php?rest_route=%2Fwp%2Fv2%2Fcomments&post=5428"}],"wp:featuredmedia":[{"embeddable":true,"href":"https:\/\/rmarqcollection.com.br\/index.php?rest_route=\/wp\/v2\/media\/4963"}],"wp:attachment":[{"href":"https:\/\/rmarqcollection.com.br\/index.php?rest_route=%2Fwp%2Fv2%2Fmedia&parent=5428"}],"wp:term":[{"taxonomy":"product_brand","embeddable":true,"href":"https:\/\/rmarqcollection.com.br\/index.php?rest_route=%2Fwp%2Fv2%2Fproduct_brand&post=5428"},{"taxonomy":"product_cat","embeddable":true,"href":"https:\/\/rmarqcollection.com.br\/index.php?rest_route=%2Fwp%2Fv2%2Fproduct_cat&post=5428"},{"taxonomy":"product_tag","embeddable":true,"href":"https:\/\/rmarqcollection.com.br\/index.php?rest_route=%2Fwp%2Fv2%2Fproduct_tag&post=5428"}],"curies":[{"name":"wp","href":"https:\/\/api.w.org\/{rel}","templated":true}]}}