{"id":5446,"date":"2024-04-02T18:30:02","date_gmt":"2024-04-02T21:30:02","guid":{"rendered":"https:\/\/rmarqcollection.com.br\/?post_type=product&#038;p=5446"},"modified":"2026-04-09T18:23:54","modified_gmt":"2026-04-09T21:23:54","slug":"bracelete-pulseira-masculina-couro-fivela-ajustavel-rm501","status":"publish","type":"product","link":"https:\/\/rmarqcollection.com.br\/?product=bracelete-pulseira-masculina-couro-fivela-ajustavel-rm501","title":{"rendered":"Bracelete Pulseira Masculina Couro Fivela Ajust\u00e1vel RM501"},"content":{"rendered":"<p>Bem-vindo (a) a nossa loja! Queremos proporcionar a voc\u00ea o que h\u00e1 de melhor. Todos os nossos produtos s\u00e3o confeccionados visando a qualidade e o conforto sempre com o objetivo de satisfazer voc\u00ea.<br \/>\n<strong>Braceletes\/pulseiras masculinas<\/strong> s\u00e3o confeccionadas com material Couro genu\u00edno, forradas internamente e costuradas \u00e0 m\u00e1quina. Possui fecho em fivela e furos na ponta para regulagem da fivela na circunfer\u00eancia do pulso. Detalhes em rebites e costura manual de enfeite.<br \/>\nDisponibilidade em quatro (4) op\u00e7\u00f5es de cores a escolher.<span style=\"color: #3366ff;\"><a style=\"color: #3366ff;\" href=\"https:\/\/youtube.com\/shorts\/zSk00UQYoiQ?si=_wDTGB9XGvbIHXub\"><strong>V\u00eddeo<\/strong><\/a><\/span><br \/>\nAcess\u00f3rio da moda ideal para o uso em diversas ocasi\u00f5es.<\/p>\n<p><strong>Caracter\u00edsticas:<\/strong><br \/>\nMaterial: Couro genu\u00edno<br \/>\nFecho: Fivela<br \/>\nRegulagem: Furos<br \/>\n<strong>Tamanho: Ajust\u00e1vel (16 cm a 22 cm)<br \/>\nLargura: (2,5 cm)<\/strong><br \/>\nPeso: 0,070 gr<br \/>\nG\u00eanero: Masculino<br \/>\nMarca: RMarq Collection<br \/>\nModelo: BRARM501<\/p>\n<p><strong>Importante fazer as medidas<\/strong>\u00a0da circunfer\u00eancia do Pulso ou verificar medidas de outra que voc\u00ea usa.<br \/>\nMedidas padronizadas para braceletes pulseiras que produzimos.<br \/>\nLembre-se que por ter v\u00e1rios furos pode ser ajust\u00e1vel ao pulso para mais ou menos.<br \/>\nConfira as possibilidades nos ajustes vari\u00e1veis entre (16 cm e 22 cm).<br \/>\nAntes de efetuar o pedido, observar se as nossas medidas s\u00e3o adequadas para o uso.<\/p>\n<p><strong>Cuidados importantes:<\/strong>\u00a0O suor pode ocasionar umidade no couro e desgaste. Procure cuidar da limpeza deste produto. Use um pano \u00famido e deixe secar. N\u00e3o lave com produtos qu\u00edmicos. N\u00e3o esfregue o couro, pois pode causar ranhuras. Para conserva\u00e7\u00e3o do couro use produto dispon\u00edveis no mercado.<br \/>\nPor se tratar de couro pode ocorrer pequenas varia\u00e7\u00f5es nos tons. Em computadores diferentes, as imagens apresentam pequenas varia\u00e7\u00f5es em cores.<br \/>\nPortanto, n\u00e3o s\u00e3o considerados defeitos ou falta de informa\u00e7\u00f5es.<\/p>\n<p>Fabricado e comercializado pela RMarq Collection com todo cuidado e qualidade, visando sempre o melhor benef\u00edcio para voc\u00ea.<br \/>\nGarantia do Fabricante: contra defeitos de fabrica\u00e7\u00e3o \/30 dias.<br \/>\n<span style=\"color: #0000ff;\"><a style=\"color: #0000ff;\" href=\"https:\/\/rmarqcollection.com.br\/?page_id=238\">Estamos a disposi\u00e7\u00e3o para atender \u00e0s suas d\u00favidas.<\/a><\/span><\/p>\n","protected":false},"excerpt":{"rendered":"<h6><span style=\"color: #0000ff;\"><a style=\"color: #0000ff;\" href=\"https:\/\/rmarqcollection.com.br\/?page_id=1849\"><strong>Em 12x confira formas de pagamentos.<\/strong><\/a><\/span><\/h6>\n<h6>Tamanho: Ajust\u00e1vel (16 cm a 22 cm)\/Largura: (2,5 cm)<br \/>\n<a href=\"https:\/\/rmarqcollection.com.br\/?p=7334\"><strong><span style=\"color: #3366ff;\">V\u00eddeo<\/span><\/strong><\/a><\/h6>\n","protected":false},"featured_media":7701,"comment_status":"open","ping_status":"closed","template":"","meta":{"jetpack_publicize_message":"","jetpack_publicize_feature_enabled":true,"jetpack_social_post_already_shared":false,"jetpack_social_options":{"image_generator_settings":{"template":"highway","default_image_id":0,"font":"","enabled":false},"version":2}},"product_brand":[509],"product_cat":[632,444],"product_tag":[445,594,450,595,446,447,365,236,364],"class_list":{"0":"post-5446","1":"product","2":"type-product","3":"status-publish","6":"product_brand-rmarq-collection","7":"product_cat-bracelete","8":"product_cat-braceletes-masculinos","9":"product_tag-bracelete","10":"product_tag-bracelete-couro-genuino","11":"product_tag-bracelete-de-couro","12":"product_tag-bracelete-masculino","13":"product_tag-braceletes","14":"product_tag-braceletes-masculinos","15":"product_tag-pulseira","16":"product_tag-pulseiras","17":"product_tag-pulseiras-de-couro","19":"first","20":"instock","21":"sale","22":"taxable","23":"shipping-taxable","24":"purchasable","25":"product-type-variable"},"aioseo_notices":[],"jetpack_publicize_connections":[],"jetpack-related-posts":[{"id":4601,"url":"https:\/\/rmarqcollection.com.br\/?product=bracelete-masculino-material-couro-rm502","url_meta":{"origin":5446,"position":0},"title":"Bracelete Pulseira Masculina Couro Fivela Ajust\u00e1vel RM502","author":"cole\u00e7\u00e3o rmarq","date":"27\/12\/2023","format":false,"excerpt":"Em 12x confira formas de pagamentos. Tamanho: Ajust\u00e1vel (16 cm a 22 cm)\/Largura: (2 cm) Bracelete com rebites e tran\u00e7a fixa no centro. V\u00eddeo","rel":"","context":"Post similar","block_context":{"text":"Post similar","link":""},"img":{"alt_text":"","src":"https:\/\/i0.wp.com\/rmarqcollection.com.br\/wp-content\/uploads\/2023\/12\/Braceletes-RM502.png?fit=1200%2C1200&ssl=1&resize=350%2C200","width":350,"height":200,"srcset":"https:\/\/i0.wp.com\/rmarqcollection.com.br\/wp-content\/uploads\/2023\/12\/Braceletes-RM502.png?fit=1200%2C1200&ssl=1&resize=350%2C200 1x, https:\/\/i0.wp.com\/rmarqcollection.com.br\/wp-content\/uploads\/2023\/12\/Braceletes-RM502.png?fit=1200%2C1200&ssl=1&resize=525%2C300 1.5x, https:\/\/i0.wp.com\/rmarqcollection.com.br\/wp-content\/uploads\/2023\/12\/Braceletes-RM502.png?fit=1200%2C1200&ssl=1&resize=700%2C400 2x, https:\/\/i0.wp.com\/rmarqcollection.com.br\/wp-content\/uploads\/2023\/12\/Braceletes-RM502.png?fit=1200%2C1200&ssl=1&resize=1050%2C600 3x"},"classes":[]},{"id":4555,"url":"https:\/\/rmarqcollection.com.br\/?product=bracelete-masculino-material-couro-rm500","url_meta":{"origin":5446,"position":1},"title":"Bracelete Pulseira Masculina Couro Fivela Ajust\u00e1vel RM500","author":"cole\u00e7\u00e3o rmarq","date":"27\/12\/2023","format":false,"excerpt":"Em 12x confira formas de pagamentos. Tamanho: Ajust\u00e1vel (16 cm a 22 cm)\/Largura: (2,5 cm) Bracelete enfeite tress\u00ea. V\u00eddeo","rel":"","context":"Post similar","block_context":{"text":"Post similar","link":""},"img":{"alt_text":"","src":"https:\/\/i0.wp.com\/rmarqcollection.com.br\/wp-content\/uploads\/2023\/12\/Braceletes-RM500-2.png?fit=1200%2C1200&ssl=1&resize=350%2C200","width":350,"height":200,"srcset":"https:\/\/i0.wp.com\/rmarqcollection.com.br\/wp-content\/uploads\/2023\/12\/Braceletes-RM500-2.png?fit=1200%2C1200&ssl=1&resize=350%2C200 1x, https:\/\/i0.wp.com\/rmarqcollection.com.br\/wp-content\/uploads\/2023\/12\/Braceletes-RM500-2.png?fit=1200%2C1200&ssl=1&resize=525%2C300 1.5x, https:\/\/i0.wp.com\/rmarqcollection.com.br\/wp-content\/uploads\/2023\/12\/Braceletes-RM500-2.png?fit=1200%2C1200&ssl=1&resize=700%2C400 2x, https:\/\/i0.wp.com\/rmarqcollection.com.br\/wp-content\/uploads\/2023\/12\/Braceletes-RM500-2.png?fit=1200%2C1200&ssl=1&resize=1050%2C600 3x"},"classes":[]},{"id":7202,"url":"https:\/\/rmarqcollection.com.br\/?product=bracelete-pulseira-masculino-cruz-couro-genuino-rmarq-collection","url_meta":{"origin":5446,"position":2},"title":"Bracelete Pulseira Masculino Cruz Couro Genu\u00edno RMarq Collection","author":"cole\u00e7\u00e3o rmarq","date":"26\/12\/2025","format":false,"excerpt":"Em 12x confira formas de pagamentos. Tamanho: Ajust\u00e1vel (16 cm a 21 cm)\/Largura: (2 cm) V\u00eddeos","rel":"","context":"Post similar","block_context":{"text":"Post similar","link":""},"img":{"alt_text":"","src":"https:\/\/i0.wp.com\/rmarqcollection.com.br\/wp-content\/uploads\/2025\/12\/bracelete-couro-marrom-escuro-cruz-linha-cinza-1.png?fit=1200%2C1200&ssl=1&resize=350%2C200","width":350,"height":200,"srcset":"https:\/\/i0.wp.com\/rmarqcollection.com.br\/wp-content\/uploads\/2025\/12\/bracelete-couro-marrom-escuro-cruz-linha-cinza-1.png?fit=1200%2C1200&ssl=1&resize=350%2C200 1x, https:\/\/i0.wp.com\/rmarqcollection.com.br\/wp-content\/uploads\/2025\/12\/bracelete-couro-marrom-escuro-cruz-linha-cinza-1.png?fit=1200%2C1200&ssl=1&resize=525%2C300 1.5x, https:\/\/i0.wp.com\/rmarqcollection.com.br\/wp-content\/uploads\/2025\/12\/bracelete-couro-marrom-escuro-cruz-linha-cinza-1.png?fit=1200%2C1200&ssl=1&resize=700%2C400 2x, https:\/\/i0.wp.com\/rmarqcollection.com.br\/wp-content\/uploads\/2025\/12\/bracelete-couro-marrom-escuro-cruz-linha-cinza-1.png?fit=1200%2C1200&ssl=1&resize=1050%2C600 3x"},"classes":[]},{"id":7221,"url":"https:\/\/rmarqcollection.com.br\/?product=bracelete-pulseira-masculino-couro-genuino-rmarq-collection","url_meta":{"origin":5446,"position":3},"title":"Bracelete Pulseira Masculino Couro Genu\u00edno RMarq Collection","author":"cole\u00e7\u00e3o rmarq","date":"26\/12\/2025","format":false,"excerpt":"Em 12x confira formas de pagamentos. Tamanho: Ajust\u00e1vel (16 cm a 21 cm)\/Largura: (2 cm) V\u00eddeo","rel":"","context":"Post similar","block_context":{"text":"Post similar","link":""},"img":{"alt_text":"","src":"https:\/\/i0.wp.com\/rmarqcollection.com.br\/wp-content\/uploads\/2025\/12\/bracelete-couro-marrom-escuro-ponto-linha-marrom-1.png?fit=1200%2C1200&ssl=1&resize=350%2C200","width":350,"height":200,"srcset":"https:\/\/i0.wp.com\/rmarqcollection.com.br\/wp-content\/uploads\/2025\/12\/bracelete-couro-marrom-escuro-ponto-linha-marrom-1.png?fit=1200%2C1200&ssl=1&resize=350%2C200 1x, https:\/\/i0.wp.com\/rmarqcollection.com.br\/wp-content\/uploads\/2025\/12\/bracelete-couro-marrom-escuro-ponto-linha-marrom-1.png?fit=1200%2C1200&ssl=1&resize=525%2C300 1.5x, https:\/\/i0.wp.com\/rmarqcollection.com.br\/wp-content\/uploads\/2025\/12\/bracelete-couro-marrom-escuro-ponto-linha-marrom-1.png?fit=1200%2C1200&ssl=1&resize=700%2C400 2x, https:\/\/i0.wp.com\/rmarqcollection.com.br\/wp-content\/uploads\/2025\/12\/bracelete-couro-marrom-escuro-ponto-linha-marrom-1.png?fit=1200%2C1200&ssl=1&resize=1050%2C600 3x"},"classes":[]},{"id":7226,"url":"https:\/\/rmarqcollection.com.br\/?product=bracelete-pulseira-feminino-couro-genuino-rmarq-collection","url_meta":{"origin":5446,"position":4},"title":"Bracelete Pulseira Feminino Couro Genu\u00edno RMarq Collection","author":"cole\u00e7\u00e3o rmarq","date":"28\/12\/2025","format":false,"excerpt":"Em 12x confira formas de pagamentos. Tamanho: Ajust\u00e1vel (15 cm a 21 cm)\/Largura: (1,4 cm) V\u00eddeo","rel":"","context":"Post similar","block_context":{"text":"Post similar","link":""},"img":{"alt_text":"","src":"https:\/\/i0.wp.com\/rmarqcollection.com.br\/wp-content\/uploads\/2025\/12\/braceletes-pulseiras-femininas-01.png?fit=1200%2C1200&ssl=1&resize=350%2C200","width":350,"height":200,"srcset":"https:\/\/i0.wp.com\/rmarqcollection.com.br\/wp-content\/uploads\/2025\/12\/braceletes-pulseiras-femininas-01.png?fit=1200%2C1200&ssl=1&resize=350%2C200 1x, https:\/\/i0.wp.com\/rmarqcollection.com.br\/wp-content\/uploads\/2025\/12\/braceletes-pulseiras-femininas-01.png?fit=1200%2C1200&ssl=1&resize=525%2C300 1.5x, https:\/\/i0.wp.com\/rmarqcollection.com.br\/wp-content\/uploads\/2025\/12\/braceletes-pulseiras-femininas-01.png?fit=1200%2C1200&ssl=1&resize=700%2C400 2x, https:\/\/i0.wp.com\/rmarqcollection.com.br\/wp-content\/uploads\/2025\/12\/braceletes-pulseiras-femininas-01.png?fit=1200%2C1200&ssl=1&resize=1050%2C600 3x"},"classes":[]},{"id":7462,"url":"https:\/\/rmarqcollection.com.br\/?product=bracelete-pulseira-feminino-couro-genuino-strass-rmarq-collection","url_meta":{"origin":5446,"position":5},"title":"Bracelete Pulseira Feminino Couro Genu\u00edno Strass RMarq Collection","author":"cole\u00e7\u00e3o rmarq","date":"19\/01\/2026","format":false,"excerpt":"Em 12x confira formas de pagamentos. Tamanho: Ajust\u00e1vel (15 cm a 21 cm)\/Largura: (0,85 cm) V\u00eddeo","rel":"","context":"Post similar","block_context":{"text":"Post similar","link":""},"img":{"alt_text":"","src":"https:\/\/i0.wp.com\/rmarqcollection.com.br\/wp-content\/uploads\/2026\/01\/Bracelete-feminino-A-capa-2-Couro-Genuino.png?fit=1200%2C1200&ssl=1&resize=350%2C200","width":350,"height":200,"srcset":"https:\/\/i0.wp.com\/rmarqcollection.com.br\/wp-content\/uploads\/2026\/01\/Bracelete-feminino-A-capa-2-Couro-Genuino.png?fit=1200%2C1200&ssl=1&resize=350%2C200 1x, https:\/\/i0.wp.com\/rmarqcollection.com.br\/wp-content\/uploads\/2026\/01\/Bracelete-feminino-A-capa-2-Couro-Genuino.png?fit=1200%2C1200&ssl=1&resize=525%2C300 1.5x, https:\/\/i0.wp.com\/rmarqcollection.com.br\/wp-content\/uploads\/2026\/01\/Bracelete-feminino-A-capa-2-Couro-Genuino.png?fit=1200%2C1200&ssl=1&resize=700%2C400 2x, https:\/\/i0.wp.com\/rmarqcollection.com.br\/wp-content\/uploads\/2026\/01\/Bracelete-feminino-A-capa-2-Couro-Genuino.png?fit=1200%2C1200&ssl=1&resize=1050%2C600 3x"},"classes":[]}],"jetpack_likes_enabled":true,"jetpack_sharing_enabled":true,"_links":{"self":[{"href":"https:\/\/rmarqcollection.com.br\/index.php?rest_route=\/wp\/v2\/product\/5446","targetHints":{"allow":["GET"]}}],"collection":[{"href":"https:\/\/rmarqcollection.com.br\/index.php?rest_route=\/wp\/v2\/product"}],"about":[{"href":"https:\/\/rmarqcollection.com.br\/index.php?rest_route=\/wp\/v2\/types\/product"}],"replies":[{"embeddable":true,"href":"https:\/\/rmarqcollection.com.br\/index.php?rest_route=%2Fwp%2Fv2%2Fcomments&post=5446"}],"wp:featuredmedia":[{"embeddable":true,"href":"https:\/\/rmarqcollection.com.br\/index.php?rest_route=\/wp\/v2\/media\/7701"}],"wp:attachment":[{"href":"https:\/\/rmarqcollection.com.br\/index.php?rest_route=%2Fwp%2Fv2%2Fmedia&parent=5446"}],"wp:term":[{"taxonomy":"product_brand","embeddable":true,"href":"https:\/\/rmarqcollection.com.br\/index.php?rest_route=%2Fwp%2Fv2%2Fproduct_brand&post=5446"},{"taxonomy":"product_cat","embeddable":true,"href":"https:\/\/rmarqcollection.com.br\/index.php?rest_route=%2Fwp%2Fv2%2Fproduct_cat&post=5446"},{"taxonomy":"product_tag","embeddable":true,"href":"https:\/\/rmarqcollection.com.br\/index.php?rest_route=%2Fwp%2Fv2%2Fproduct_tag&post=5446"}],"curies":[{"name":"wp","href":"https:\/\/api.w.org\/{rel}","templated":true}]}}