{"id":5881,"date":"2024-12-22T19:46:41","date_gmt":"2024-12-22T22:46:41","guid":{"rendered":"https:\/\/rmarqcollection.com.br\/?post_type=product&#038;p=5881"},"modified":"2025-10-01T22:08:19","modified_gmt":"2025-10-02T01:08:19","slug":"pochete-transversal-e-cintura-rmarqcollection-shoulder-bag","status":"publish","type":"product","link":"https:\/\/rmarqcollection.com.br\/?product=pochete-transversal-e-cintura-rmarqcollection-shoulder-bag","title":{"rendered":"Pochete Unissex Transversal e Cintura RMarq Collection"},"content":{"rendered":"<p>Bem-vindo (a) a nossa loja! Queremos proporcionar a voc\u00ea o que h\u00e1 de melhor. Todos os nossos produtos s\u00e3o confeccionados visando a qualidade e o conforto sempre com o objetivo de satisfazer voc\u00ea.<br \/>\nA RMarq Collection produz e comercializa este produto visando sempre a melhor qualidade, beleza e o estilo. Pochete unissex\u00a0 Transversal e cintura , feita com nylon 600 leve e regulador de pvc, proporcionando um melhor ajuste ao ombro e a cintura.\u00a0 Abertura e fechamento com z\u00edper e bolso externo e interno. \u00a0Comporta celulares, documentos, chaves, dinheiro, cart\u00f5es e outros pequenos objetos.<br \/>\nA pr\u00e1tica de exerc\u00edcios \u00e9 muito importante e precisa ser realizada com frequ\u00eancia, por\u00e9m o corpo transpira, molhando as roupas. A pochete protege evitando molhar os seus documentos e demais objetos, pois n\u00e3o deixa o suor e a umidade penetrar facilmente.<br \/>\nProduto ideal para caminhadas, passeios, viagens, esportes, academia e outros momentos.<\/p>\n<p>Recomenda\u00e7\u00f5es importantes:<br \/>\nA limpeza pode ser feita com sab\u00e3o neutro e pano \u00famido. Ao lavar n\u00e3o utilize m\u00e1quinas de lavar, n\u00e3o utilize buchas grossas e n\u00e3o esfregue com muita for\u00e7a, pois pode danificar o material.<br \/>\nN\u00e3o usar nenhuma fonte de calor para secar como secadores, fogo, forno ou atr\u00e1s de geladeiras. Deixe secar naturalmente.<br \/>\nCuide bem do seu produto para que tenha uma boa durabilidade.<\/p>\n<p>Informa\u00e7\u00f5es t\u00e9cnicas:<img data-recalc-dims=\"1\" loading=\"lazy\" decoding=\"async\" class=\" wp-image-6015 alignright\" src=\"https:\/\/i0.wp.com\/rmarqcollection.com.br\/wp-content\/uploads\/2024\/12\/medida-pochete-2.jpg?resize=402%2C402&#038;ssl=1\" alt=\"\" width=\"402\" height=\"402\" srcset=\"https:\/\/i0.wp.com\/rmarqcollection.com.br\/wp-content\/uploads\/2024\/12\/medida-pochete-2.jpg?resize=300%2C300&amp;ssl=1 300w, https:\/\/i0.wp.com\/rmarqcollection.com.br\/wp-content\/uploads\/2024\/12\/medida-pochete-2.jpg?resize=100%2C100&amp;ssl=1 100w, https:\/\/i0.wp.com\/rmarqcollection.com.br\/wp-content\/uploads\/2024\/12\/medida-pochete-2.jpg?resize=600%2C600&amp;ssl=1 600w, https:\/\/i0.wp.com\/rmarqcollection.com.br\/wp-content\/uploads\/2024\/12\/medida-pochete-2.jpg?resize=150%2C150&amp;ssl=1 150w, https:\/\/i0.wp.com\/rmarqcollection.com.br\/wp-content\/uploads\/2024\/12\/medida-pochete-2.jpg?resize=768%2C768&amp;ssl=1 768w, https:\/\/i0.wp.com\/rmarqcollection.com.br\/wp-content\/uploads\/2024\/12\/medida-pochete-2.jpg?w=804&amp;ssl=1 804w\" sizes=\"auto, (max-width: 402px) 100vw, 402px\" \/><br \/>\nMaterial: Nylon 600<br \/>\nMaterial interno: forro<br \/>\nPeso: 100 g<br \/>\nAltura: 14 cm<br \/>\nLargura: 4 cm<br \/>\nComprimento: 19 cm<br \/>\nComprimento da al\u00e7a: 115 cm<br \/>\nComprimento al\u00e7a incluindo Pochete:\u00a0135 cm<br \/>\nLargura fita al\u00e7a 3 cm<br \/>\nRegulador: pvc<br \/>\nAbertura: Z\u00edper<br \/>\nBolsos externo e interno<\/p>\n<p>Garantia do Fabricante: Contra defeitos de fabrica\u00e7\u00e3o \/ 30 dias.<br \/>\n<a href=\"https:\/\/rmarqcollection.com.br\/?page_id=238\">Estamos a disposi\u00e7\u00e3o para atender \u00e0s suas d\u00favidas.<\/a><\/p>\n","protected":false},"excerpt":{"rendered":"<div class=\"woocommerce-product-details__short-description\">\n<h6><a href=\"https:\/\/rmarqcollection.com.br\/?page_id=1849\"><strong><span style=\"color: #008000;\">Em 12x confira formas de pagamentos<\/span><\/strong><\/a><\/h6>\n<h6><strong>Tecido Nylon, fecho z\u00edper, ideal para caminhadas, passeios e outros momentos.<\/strong><\/h6>\n<\/div>\n","protected":false},"featured_media":6011,"comment_status":"open","ping_status":"closed","template":"","meta":{"jetpack_publicize_message":"","jetpack_publicize_feature_enabled":true,"jetpack_social_post_already_shared":true,"jetpack_social_options":{"image_generator_settings":{"template":"highway","default_image_id":0,"font":"","enabled":false},"version":2}},"product_brand":[509],"product_cat":[37,503],"product_tag":[200,201,501,499,498,500,497,502],"class_list":{"0":"post-5881","1":"product","2":"type-product","3":"status-publish","6":"product_brand-rmarq-collection","7":"product_cat-pochete","8":"product_cat-pochete-transversal","9":"product_tag-pochete","10":"product_tag-pochete-cintura","11":"product_tag-pochete-feminina","12":"product_tag-pochete-masculina","13":"product_tag-pochete-naylon","14":"product_tag-pochete-ombro","15":"product_tag-pochete-transversal","16":"product_tag-pochete-unissex","18":"first","19":"instock","20":"sale","21":"taxable","22":"shipping-taxable","23":"purchasable","24":"product-type-variable"},"aioseo_notices":[],"jetpack_publicize_connections":[],"jetpack-related-posts":[{"id":277,"url":"https:\/\/rmarqcollection.com.br\/?product=pochete-cintura-nylon-600","url_meta":{"origin":5881,"position":0},"title":"Pochete Cintura Unissex El\u00e1stico Regulador RMarq Collection","author":"cole\u00e7\u00e3o rmarq","date":"09\/06\/2021","format":false,"excerpt":"Em 12x confira formas de pagamentos \u00a0Ideal para caminhadas, passeios e outros momentos. V\u00eddeo","rel":"","context":"Post similar","block_context":{"text":"Post similar","link":""},"img":{"alt_text":"","src":"https:\/\/i0.wp.com\/rmarqcollection.com.br\/wp-content\/uploads\/2021\/06\/20240118_113739-PhotoRoom.png-PhotoRoom.jpg?fit=1200%2C1200&ssl=1&resize=350%2C200","width":350,"height":200,"srcset":"https:\/\/i0.wp.com\/rmarqcollection.com.br\/wp-content\/uploads\/2021\/06\/20240118_113739-PhotoRoom.png-PhotoRoom.jpg?fit=1200%2C1200&ssl=1&resize=350%2C200 1x, https:\/\/i0.wp.com\/rmarqcollection.com.br\/wp-content\/uploads\/2021\/06\/20240118_113739-PhotoRoom.png-PhotoRoom.jpg?fit=1200%2C1200&ssl=1&resize=525%2C300 1.5x, https:\/\/i0.wp.com\/rmarqcollection.com.br\/wp-content\/uploads\/2021\/06\/20240118_113739-PhotoRoom.png-PhotoRoom.jpg?fit=1200%2C1200&ssl=1&resize=700%2C400 2x, https:\/\/i0.wp.com\/rmarqcollection.com.br\/wp-content\/uploads\/2021\/06\/20240118_113739-PhotoRoom.png-PhotoRoom.jpg?fit=1200%2C1200&ssl=1&resize=1050%2C600 3x"},"classes":[]},{"id":3615,"url":"https:\/\/rmarqcollection.com.br\/?product=porta-passaporte-documentos-e-cartoes-material-couro","url_meta":{"origin":5881,"position":1},"title":"Porta Passaporte Carteira Couro Genu\u00edno RMarq Collection","author":"cole\u00e7\u00e3o rmarq","date":"19\/02\/2023","format":false,"excerpt":"Em 12x confira formas de pagamentos Frete gr\u00e1tis saiba mais\u2026 Couro genu\u00edno, costuras refor\u00e7adas, forrada e fecho bot\u00e3o de press\u00e3o. V\u00eddeo","rel":"","context":"Post similar","block_context":{"text":"Post similar","link":""},"img":{"alt_text":"","src":"https:\/\/i0.wp.com\/rmarqcollection.com.br\/wp-content\/uploads\/2023\/02\/Porta-Passaporte-Bege-4.jpeg?fit=1200%2C1200&ssl=1&resize=350%2C200","width":350,"height":200,"srcset":"https:\/\/i0.wp.com\/rmarqcollection.com.br\/wp-content\/uploads\/2023\/02\/Porta-Passaporte-Bege-4.jpeg?fit=1200%2C1200&ssl=1&resize=350%2C200 1x, https:\/\/i0.wp.com\/rmarqcollection.com.br\/wp-content\/uploads\/2023\/02\/Porta-Passaporte-Bege-4.jpeg?fit=1200%2C1200&ssl=1&resize=525%2C300 1.5x, https:\/\/i0.wp.com\/rmarqcollection.com.br\/wp-content\/uploads\/2023\/02\/Porta-Passaporte-Bege-4.jpeg?fit=1200%2C1200&ssl=1&resize=700%2C400 2x, https:\/\/i0.wp.com\/rmarqcollection.com.br\/wp-content\/uploads\/2023\/02\/Porta-Passaporte-Bege-4.jpeg?fit=1200%2C1200&ssl=1&resize=1050%2C600 3x"},"classes":[]},{"id":3577,"url":"https:\/\/rmarqcollection.com.br\/?product=porta-passaporte-carteira-para-documentos-material-couro","url_meta":{"origin":5881,"position":2},"title":"Carteira Masculina Pequena Couro Genu\u00edno RMarq Collection","author":"cole\u00e7\u00e3o rmarq","date":"18\/02\/2023","format":false,"excerpt":"Em 12x confira formas de pagamentos Guarde documentos e cart\u00f5es. Costuras refor\u00e7adas, forrada e fecho bot\u00e3o de press\u00e3o.","rel":"","context":"Post similar","block_context":{"text":"Post similar","link":""},"img":{"alt_text":"","src":"https:\/\/i0.wp.com\/rmarqcollection.com.br\/wp-content\/uploads\/2023\/02\/Porta-documentos-cartoes-8.jpg?fit=1200%2C1197&ssl=1&resize=350%2C200","width":350,"height":200,"srcset":"https:\/\/i0.wp.com\/rmarqcollection.com.br\/wp-content\/uploads\/2023\/02\/Porta-documentos-cartoes-8.jpg?fit=1200%2C1197&ssl=1&resize=350%2C200 1x, https:\/\/i0.wp.com\/rmarqcollection.com.br\/wp-content\/uploads\/2023\/02\/Porta-documentos-cartoes-8.jpg?fit=1200%2C1197&ssl=1&resize=525%2C300 1.5x, https:\/\/i0.wp.com\/rmarqcollection.com.br\/wp-content\/uploads\/2023\/02\/Porta-documentos-cartoes-8.jpg?fit=1200%2C1197&ssl=1&resize=700%2C400 2x, https:\/\/i0.wp.com\/rmarqcollection.com.br\/wp-content\/uploads\/2023\/02\/Porta-documentos-cartoes-8.jpg?fit=1200%2C1197&ssl=1&resize=1050%2C600 3x"},"classes":[]},{"id":3590,"url":"https:\/\/rmarqcollection.com.br\/?product=porta-oculos-material-couro","url_meta":{"origin":5881,"position":3},"title":"Estojo Porta \u00d3culos Unissex Couro Genu\u00edno RMarq Collection","author":"cole\u00e7\u00e3o rmarq","date":"18\/02\/2023","format":false,"excerpt":"Em 12x confira formas de pagamentos Estojo Porta \u00f3culos prote\u00e7\u00e3o contra sujeiras, riscos e impactos leves. V\u00eddeo","rel":"","context":"Post similar","block_context":{"text":"Post similar","link":""},"img":{"alt_text":"","src":"https:\/\/i0.wp.com\/rmarqcollection.com.br\/wp-content\/uploads\/2024\/03\/pink-1.png?fit=1200%2C1200&ssl=1&resize=350%2C200","width":350,"height":200,"srcset":"https:\/\/i0.wp.com\/rmarqcollection.com.br\/wp-content\/uploads\/2024\/03\/pink-1.png?fit=1200%2C1200&ssl=1&resize=350%2C200 1x, https:\/\/i0.wp.com\/rmarqcollection.com.br\/wp-content\/uploads\/2024\/03\/pink-1.png?fit=1200%2C1200&ssl=1&resize=525%2C300 1.5x, https:\/\/i0.wp.com\/rmarqcollection.com.br\/wp-content\/uploads\/2024\/03\/pink-1.png?fit=1200%2C1200&ssl=1&resize=700%2C400 2x, https:\/\/i0.wp.com\/rmarqcollection.com.br\/wp-content\/uploads\/2024\/03\/pink-1.png?fit=1200%2C1200&ssl=1&resize=1050%2C600 3x"},"classes":[]},{"id":3539,"url":"https:\/\/rmarqcollection.com.br\/?product=cintos-femininos-material-couro","url_meta":{"origin":5881,"position":4},"title":"Cinto Feminino Couro Genu\u00edno (Largura 2 cm) RMarq Collection","author":"cole\u00e7\u00e3o rmarq","date":"12\/02\/2023","format":false,"excerpt":"Em 12x confira formas de pagamentos \u00a0Fivela n\u00edquel ou dourada, largura (2 cm) V\u00eddeo","rel":"","context":"Post similar","block_context":{"text":"Post similar","link":""},"img":{"alt_text":"","src":"https:\/\/i0.wp.com\/rmarqcollection.com.br\/wp-content\/uploads\/2023\/02\/cinto-feminino-quadro-1.png?fit=1200%2C705&ssl=1&resize=350%2C200","width":350,"height":200,"srcset":"https:\/\/i0.wp.com\/rmarqcollection.com.br\/wp-content\/uploads\/2023\/02\/cinto-feminino-quadro-1.png?fit=1200%2C705&ssl=1&resize=350%2C200 1x, https:\/\/i0.wp.com\/rmarqcollection.com.br\/wp-content\/uploads\/2023\/02\/cinto-feminino-quadro-1.png?fit=1200%2C705&ssl=1&resize=525%2C300 1.5x, https:\/\/i0.wp.com\/rmarqcollection.com.br\/wp-content\/uploads\/2023\/02\/cinto-feminino-quadro-1.png?fit=1200%2C705&ssl=1&resize=700%2C400 2x, https:\/\/i0.wp.com\/rmarqcollection.com.br\/wp-content\/uploads\/2023\/02\/cinto-feminino-quadro-1.png?fit=1200%2C705&ssl=1&resize=1050%2C600 3x"},"classes":[]},{"id":3329,"url":"https:\/\/rmarqcollection.com.br\/?product=cinto-masculino-couro-preto-fivela-removivel-largura-35-cm","url_meta":{"origin":5881,"position":5},"title":"Cinto Masculino Couro Genu\u00edno Preto Largura 3,5 cm RMarq Collection","author":"cole\u00e7\u00e3o rmarq","date":"29\/10\/2022","format":false,"excerpt":"Em 12x confira formas de pagamentos. Largura (3,5 cm), costurado, possui oito furos e presilha. V\u00eddeo","rel":"","context":"Post similar","block_context":{"text":"Post similar","link":""},"img":{"alt_text":"","src":"https:\/\/i0.wp.com\/rmarqcollection.com.br\/wp-content\/uploads\/2022\/10\/Cinto-masculino-preto-fivela-parafuso-largura-35-cm-1.png?fit=1200%2C1200&ssl=1&resize=350%2C200","width":350,"height":200,"srcset":"https:\/\/i0.wp.com\/rmarqcollection.com.br\/wp-content\/uploads\/2022\/10\/Cinto-masculino-preto-fivela-parafuso-largura-35-cm-1.png?fit=1200%2C1200&ssl=1&resize=350%2C200 1x, https:\/\/i0.wp.com\/rmarqcollection.com.br\/wp-content\/uploads\/2022\/10\/Cinto-masculino-preto-fivela-parafuso-largura-35-cm-1.png?fit=1200%2C1200&ssl=1&resize=525%2C300 1.5x, https:\/\/i0.wp.com\/rmarqcollection.com.br\/wp-content\/uploads\/2022\/10\/Cinto-masculino-preto-fivela-parafuso-largura-35-cm-1.png?fit=1200%2C1200&ssl=1&resize=700%2C400 2x, https:\/\/i0.wp.com\/rmarqcollection.com.br\/wp-content\/uploads\/2022\/10\/Cinto-masculino-preto-fivela-parafuso-largura-35-cm-1.png?fit=1200%2C1200&ssl=1&resize=1050%2C600 3x"},"classes":[]}],"jetpack_likes_enabled":true,"jetpack_sharing_enabled":true,"_links":{"self":[{"href":"https:\/\/rmarqcollection.com.br\/index.php?rest_route=\/wp\/v2\/product\/5881","targetHints":{"allow":["GET"]}}],"collection":[{"href":"https:\/\/rmarqcollection.com.br\/index.php?rest_route=\/wp\/v2\/product"}],"about":[{"href":"https:\/\/rmarqcollection.com.br\/index.php?rest_route=\/wp\/v2\/types\/product"}],"replies":[{"embeddable":true,"href":"https:\/\/rmarqcollection.com.br\/index.php?rest_route=%2Fwp%2Fv2%2Fcomments&post=5881"}],"wp:featuredmedia":[{"embeddable":true,"href":"https:\/\/rmarqcollection.com.br\/index.php?rest_route=\/wp\/v2\/media\/6011"}],"wp:attachment":[{"href":"https:\/\/rmarqcollection.com.br\/index.php?rest_route=%2Fwp%2Fv2%2Fmedia&parent=5881"}],"wp:term":[{"taxonomy":"product_brand","embeddable":true,"href":"https:\/\/rmarqcollection.com.br\/index.php?rest_route=%2Fwp%2Fv2%2Fproduct_brand&post=5881"},{"taxonomy":"product_cat","embeddable":true,"href":"https:\/\/rmarqcollection.com.br\/index.php?rest_route=%2Fwp%2Fv2%2Fproduct_cat&post=5881"},{"taxonomy":"product_tag","embeddable":true,"href":"https:\/\/rmarqcollection.com.br\/index.php?rest_route=%2Fwp%2Fv2%2Fproduct_tag&post=5881"}],"curies":[{"name":"wp","href":"https:\/\/api.w.org\/{rel}","templated":true}]}}