{"id":5882,"date":"2024-09-19T14:18:15","date_gmt":"2024-09-19T17:18:15","guid":{"rendered":"https:\/\/rmarqcollection.com.br\/?post_type=product&#038;p=5882"},"modified":"2026-03-17T20:21:40","modified_gmt":"2026-03-17T23:21:40","slug":"sapato-masculino-couro-nobuck-rmarqcollection-sola-borracha","status":"publish","type":"product","link":"https:\/\/rmarqcollection.com.br\/?product=sapato-masculino-couro-nobuck-rmarqcollection-sola-borracha","title":{"rendered":"Sapato Masculino Couro Nobuck Sola Borracha RMarq Collection"},"content":{"rendered":"<p><strong>Bem-vindo (a) a nossa loja!<\/strong><br \/>\nQueremos proporcionar a voc\u00ea o que h\u00e1 de melhor. Todos os nossos produtos s\u00e3o confeccionados visando a qualidade e o conforto sempre com o objetivo de satisfazer voc\u00ea.<br \/>\nA RMarq Collection oferece para voc\u00ea um sapato que abrange os estilos tradicional, cl\u00e1ssico e moderno ao mesmo tempo.<br \/>\nConfeccionado em couro genu\u00edno nobuck, costuras refor\u00e7adas, forrado internamente, atacador (cadar\u00e7o), ilh\u00f3ses nos furos, palmilha EVA cacharrel, solado de borracha colado e costurado (blaqueado).<br \/>\nIdeal para o uso no dia a dia em diversas ocasi\u00f5es proporcionando sensa\u00e7\u00e3o de bem-estar aos p\u00e9s.<\/p>\n<p><strong><span style=\"vertical-align: inherit;\"><span style=\"vertical-align: inherit;\">Especifica\u00e7\u00f5es t\u00e9cnicas:<\/span><\/span><\/strong><br \/>\n<span style=\"vertical-align: inherit;\"><span style=\"vertical-align: inherit;\"> Material: Couro genu\u00edno Nobuck <\/span><\/span><img data-recalc-dims=\"1\" loading=\"lazy\" decoding=\"async\" class=\" wp-image-5903 alignright\" src=\"https:\/\/i0.wp.com\/rmarqcollection.com.br\/wp-content\/uploads\/2024\/09\/Medidas-boot-tenis.jpg?resize=323%2C323&#038;ssl=1\" alt=\"\" width=\"323\" height=\"323\" srcset=\"https:\/\/i0.wp.com\/rmarqcollection.com.br\/wp-content\/uploads\/2024\/09\/Medidas-boot-tenis.jpg?resize=300%2C300&amp;ssl=1 300w, https:\/\/i0.wp.com\/rmarqcollection.com.br\/wp-content\/uploads\/2024\/09\/Medidas-boot-tenis.jpg?resize=100%2C100&amp;ssl=1 100w, https:\/\/i0.wp.com\/rmarqcollection.com.br\/wp-content\/uploads\/2024\/09\/Medidas-boot-tenis.jpg?resize=416%2C416&amp;ssl=1 416w, https:\/\/i0.wp.com\/rmarqcollection.com.br\/wp-content\/uploads\/2024\/09\/Medidas-boot-tenis.jpg?resize=150%2C150&amp;ssl=1 150w, https:\/\/i0.wp.com\/rmarqcollection.com.br\/wp-content\/uploads\/2024\/09\/Medidas-boot-tenis.jpg?w=562&amp;ssl=1 562w\" sizes=\"auto, (max-width: 323px) 100vw, 323px\" \/><br \/>\n<span style=\"vertical-align: inherit;\"><span style=\"vertical-align: inherit;\">Cores: Preto e Castor <\/span><\/span><br \/>\n<span style=\"vertical-align: inherit;\"><span style=\"vertical-align: inherit;\">Forro interno: eva cacharrel <\/span><\/span><br \/>\n<span style=\"vertical-align: inherit;\"><span style=\"vertical-align: inherit;\">Solado: Borracha macia <\/span><\/span><br \/>\n<span style=\"vertical-align: inherit;\"><span style=\"vertical-align: inherit;\">Altura do Salto: Baixo <\/span><\/span><br \/>\n<span style=\"vertical-align: inherit;\"><span style=\"vertical-align: inherit;\">Tipo de Bico: Redondo <\/span><\/span><br \/>\n<span style=\"vertical-align: inherit;\"><span style=\"vertical-align: inherit;\">Ocasi\u00e3o: Tradicional, Conforto <\/span><\/span><br \/>\n<span style=\"vertical-align: inherit;\"><span style=\"vertical-align: inherit;\">Dispon\u00edvel nos tamanhos de 37 ao 44 <\/span><\/span><br \/>\n<span style=\"vertical-align: inherit;\"><span style=\"vertical-align: inherit;\">Cadar\u00e7o : Preto <\/span><\/span><br \/>\n<span style=\"vertical-align: inherit;\"><span style=\"vertical-align: inherit;\">Ilh\u00f3ses nos furos <\/span><\/span><br \/>\n<span style=\"vertical-align: inherit;\"><span style=\"vertical-align: inherit;\">Palmilha: Eva 3 mm <\/span><\/span><br \/>\n<span style=\"vertical-align: inherit;\"><span style=\"vertical-align: inherit;\">Acabamento: fosco <\/span><\/span><br \/>\n<span style=\"vertical-align: inherit;\"><span style=\"vertical-align: inherit;\">Marca: RMarq Collection<\/span><\/span><\/p>\n<p><strong>Recomenda\u00e7\u00f5es de Uso: <\/strong>A limpeza do cal\u00e7ado pode ser feita com sab\u00e3o neutro e pano \u00famido e n\u00e3o deve ficar de molho. N\u00e3o usar bucha grossa, pois pode ocasionar ranhuras e danificar o couro. Secar naturalmente. N\u00e3o usar nenhuma fonte de calor para secar. Guardar em local sem umidade e deixar descansar na sombra ap\u00f3s o uso. Pode-se usar produtos dispon\u00edveis e compat\u00edveis no mercado para conserva\u00e7\u00e3o e manter a cor do couro.<\/p>\n<p>Por se tratar de couro pode ocorrer pequenas varia\u00e7\u00f5es nos tons. Portanto, n\u00e3o s\u00e3o considerados defeitos ou falta de informa\u00e7\u00f5es.<\/p>\n<p><strong>Garantia do Fabricante:<\/strong> Contra defeitos de fabrica\u00e7\u00e3o 30 dias.<br \/>\nEstamos a disposi\u00e7\u00e3o para atender \u00e0s suas d\u00favidas.<\/p>\n","protected":false},"excerpt":{"rendered":"<h6><a href=\"https:\/\/rmarqcollection.com.br\/?page_id=1849\"><strong>Em 12x confira formas de pagamentos<\/strong><\/a><\/h6>\n<h6><strong>Sapato nobuck , bico redondo. Conforto e prote\u00e7\u00e3o para os p\u00e9s.<\/strong><\/h6>\n","protected":false},"featured_media":5884,"comment_status":"open","ping_status":"closed","template":"","meta":{"jetpack_publicize_message":"","jetpack_publicize_feature_enabled":true,"jetpack_social_post_already_shared":true,"jetpack_social_options":{"image_generator_settings":{"template":"highway","default_image_id":0,"font":"","enabled":false},"version":2}},"product_brand":[509],"product_cat":[38,402],"product_tag":[494,194,264,403,593,592,490,493,198,491,492],"class_list":{"0":"post-5882","1":"product","2":"type-product","3":"status-publish","6":"product_brand-rmarq-collection","7":"product_cat-calcados-masculinos","8":"product_cat-sapatos","9":"product_tag-calcado-nobuck","10":"product_tag-calcados","11":"product_tag-calcados-masculinos","12":"product_tag-sapato","13":"product_tag-sapato-couro-genuino","14":"product_tag-sapato-couro-nobuck","15":"product_tag-sapato-de-couro","16":"product_tag-sapato-de-couro-classico","17":"product_tag-sapato-masculino","18":"product_tag-sapato-nobuck","19":"product_tag-sapato-tradicional","21":"first","22":"instock","23":"sale","24":"taxable","25":"shipping-taxable","26":"purchasable","27":"product-type-variable"},"aioseo_notices":[],"jetpack_publicize_connections":[],"jetpack-related-posts":[{"id":4308,"url":"https:\/\/rmarqcollection.com.br\/?product=bota-tenis-cano-medio-couro-camurca","url_meta":{"origin":5882,"position":0},"title":"Coturno Bota T\u00eanis Masculino Couro Camur\u00e7a RMarq Collection","author":"cole\u00e7\u00e3o rmarq","date":"01\/09\/2023","format":false,"excerpt":"Em 12x confira formas de pagamentos. Frete gr\u00e1tis saiba mais\u2026 Couro Camur\u00e7a, cano curto, forro interno, solado borracha V\u00eddeo","rel":"","context":"Post similar","block_context":{"text":"Post similar","link":""},"img":{"alt_text":"","src":"https:\/\/i0.wp.com\/rmarqcollection.com.br\/wp-content\/uploads\/2023\/09\/IMG_20260302_160728-scaled.jpg?fit=1200%2C900&ssl=1&resize=350%2C200","width":350,"height":200,"srcset":"https:\/\/i0.wp.com\/rmarqcollection.com.br\/wp-content\/uploads\/2023\/09\/IMG_20260302_160728-scaled.jpg?fit=1200%2C900&ssl=1&resize=350%2C200 1x, https:\/\/i0.wp.com\/rmarqcollection.com.br\/wp-content\/uploads\/2023\/09\/IMG_20260302_160728-scaled.jpg?fit=1200%2C900&ssl=1&resize=525%2C300 1.5x, https:\/\/i0.wp.com\/rmarqcollection.com.br\/wp-content\/uploads\/2023\/09\/IMG_20260302_160728-scaled.jpg?fit=1200%2C900&ssl=1&resize=700%2C400 2x, https:\/\/i0.wp.com\/rmarqcollection.com.br\/wp-content\/uploads\/2023\/09\/IMG_20260302_160728-scaled.jpg?fit=1200%2C900&ssl=1&resize=1050%2C600 3x"},"classes":[]},{"id":305,"url":"https:\/\/rmarqcollection.com.br\/?product=sapato","url_meta":{"origin":5882,"position":1},"title":"Sapato Mocassim Masculino Couro Genu\u00edno Pelica\/Mesti\u00e7o","author":"cole\u00e7\u00e3o rmarq","date":"10\/06\/2021","format":false,"excerpt":"Em 12x confira formas de pagamentos. Frete gr\u00e1tis saiba mais\u2026 Dispon\u00edvel em at\u00e9 6 dias ap\u00f3s compra V\u00eddeo","rel":"","context":"Post similar","block_context":{"text":"Post similar","link":""},"img":{"alt_text":"","src":"https:\/\/i0.wp.com\/rmarqcollection.com.br\/wp-content\/uploads\/2021\/06\/Apresentacao1-1.png?fit=1200%2C1200&ssl=1&resize=350%2C200","width":350,"height":200,"srcset":"https:\/\/i0.wp.com\/rmarqcollection.com.br\/wp-content\/uploads\/2021\/06\/Apresentacao1-1.png?fit=1200%2C1200&ssl=1&resize=350%2C200 1x, https:\/\/i0.wp.com\/rmarqcollection.com.br\/wp-content\/uploads\/2021\/06\/Apresentacao1-1.png?fit=1200%2C1200&ssl=1&resize=525%2C300 1.5x, https:\/\/i0.wp.com\/rmarqcollection.com.br\/wp-content\/uploads\/2021\/06\/Apresentacao1-1.png?fit=1200%2C1200&ssl=1&resize=700%2C400 2x, https:\/\/i0.wp.com\/rmarqcollection.com.br\/wp-content\/uploads\/2021\/06\/Apresentacao1-1.png?fit=1200%2C1200&ssl=1&resize=1050%2C600 3x"},"classes":[]},{"id":7166,"url":"https:\/\/rmarqcollection.com.br\/?product=sandalia-masculina-franciscana-tk-couro-genuino","url_meta":{"origin":5882,"position":2},"title":"Sand\u00e1lia Masculina Franciscana TK Couro Genu\u00edno","author":"cole\u00e7\u00e3o rmarq","date":"28\/10\/2025","format":false,"excerpt":"Em 12x confira formas de pagamentos","rel":"","context":"Post similar","block_context":{"text":"Post similar","link":""},"img":{"alt_text":"","src":"https:\/\/i0.wp.com\/rmarqcollection.com.br\/wp-content\/uploads\/2025\/10\/Sandalia-masculina-couro-genuino-preto-4.jpg?fit=1200%2C1200&ssl=1&resize=350%2C200","width":350,"height":200,"srcset":"https:\/\/i0.wp.com\/rmarqcollection.com.br\/wp-content\/uploads\/2025\/10\/Sandalia-masculina-couro-genuino-preto-4.jpg?fit=1200%2C1200&ssl=1&resize=350%2C200 1x, https:\/\/i0.wp.com\/rmarqcollection.com.br\/wp-content\/uploads\/2025\/10\/Sandalia-masculina-couro-genuino-preto-4.jpg?fit=1200%2C1200&ssl=1&resize=525%2C300 1.5x, https:\/\/i0.wp.com\/rmarqcollection.com.br\/wp-content\/uploads\/2025\/10\/Sandalia-masculina-couro-genuino-preto-4.jpg?fit=1200%2C1200&ssl=1&resize=700%2C400 2x, https:\/\/i0.wp.com\/rmarqcollection.com.br\/wp-content\/uploads\/2025\/10\/Sandalia-masculina-couro-genuino-preto-4.jpg?fit=1200%2C1200&ssl=1&resize=1050%2C600 3x"},"classes":[]},{"id":377,"url":"https:\/\/rmarqcollection.com.br\/?product=botina-masculina-de-couro-carneiro","url_meta":{"origin":5882,"position":3},"title":"Botina Masculina Couro Mesti\u00e7o Pelica Sola de Borracha","author":"cole\u00e7\u00e3o rmarq","date":"19\/06\/2021","format":false,"excerpt":"Em 12x confira formas de pagamentos. Frete gr\u00e1tis saiba mais\u2026 Dispon\u00edvel em at\u00e9 6 dias ap\u00f3s a compra V\u00eddeo\u00a0","rel":"","context":"Post similar","block_context":{"text":"Post similar","link":""},"img":{"alt_text":"","src":"https:\/\/i0.wp.com\/rmarqcollection.com.br\/wp-content\/uploads\/2021\/06\/Apresentacao1.png?fit=1200%2C1200&ssl=1&resize=350%2C200","width":350,"height":200,"srcset":"https:\/\/i0.wp.com\/rmarqcollection.com.br\/wp-content\/uploads\/2021\/06\/Apresentacao1.png?fit=1200%2C1200&ssl=1&resize=350%2C200 1x, https:\/\/i0.wp.com\/rmarqcollection.com.br\/wp-content\/uploads\/2021\/06\/Apresentacao1.png?fit=1200%2C1200&ssl=1&resize=525%2C300 1.5x, https:\/\/i0.wp.com\/rmarqcollection.com.br\/wp-content\/uploads\/2021\/06\/Apresentacao1.png?fit=1200%2C1200&ssl=1&resize=700%2C400 2x, https:\/\/i0.wp.com\/rmarqcollection.com.br\/wp-content\/uploads\/2021\/06\/Apresentacao1.png?fit=1200%2C1200&ssl=1&resize=1050%2C600 3x"},"classes":[]},{"id":3539,"url":"https:\/\/rmarqcollection.com.br\/?product=cintos-femininos-material-couro","url_meta":{"origin":5882,"position":4},"title":"Cinto Feminino Couro Genu\u00edno (Largura 2 cm) RMarq Collection","author":"cole\u00e7\u00e3o rmarq","date":"12\/02\/2023","format":false,"excerpt":"Em 12x confira formas de pagamentos \u00a0Fivela n\u00edquel ou dourada, largura (2 cm) V\u00eddeo","rel":"","context":"Post similar","block_context":{"text":"Post similar","link":""},"img":{"alt_text":"","src":"https:\/\/i0.wp.com\/rmarqcollection.com.br\/wp-content\/uploads\/2023\/02\/cinto-feminino-quadro-1.png?fit=1200%2C705&ssl=1&resize=350%2C200","width":350,"height":200,"srcset":"https:\/\/i0.wp.com\/rmarqcollection.com.br\/wp-content\/uploads\/2023\/02\/cinto-feminino-quadro-1.png?fit=1200%2C705&ssl=1&resize=350%2C200 1x, https:\/\/i0.wp.com\/rmarqcollection.com.br\/wp-content\/uploads\/2023\/02\/cinto-feminino-quadro-1.png?fit=1200%2C705&ssl=1&resize=525%2C300 1.5x, https:\/\/i0.wp.com\/rmarqcollection.com.br\/wp-content\/uploads\/2023\/02\/cinto-feminino-quadro-1.png?fit=1200%2C705&ssl=1&resize=700%2C400 2x, https:\/\/i0.wp.com\/rmarqcollection.com.br\/wp-content\/uploads\/2023\/02\/cinto-feminino-quadro-1.png?fit=1200%2C705&ssl=1&resize=1050%2C600 3x"},"classes":[]},{"id":7202,"url":"https:\/\/rmarqcollection.com.br\/?product=bracelete-pulseira-masculino-cruz-couro-genuino-rmarq-collection","url_meta":{"origin":5882,"position":5},"title":"Bracelete Pulseira Masculino Cruz Couro Genu\u00edno RMarq Collection","author":"cole\u00e7\u00e3o rmarq","date":"26\/12\/2025","format":false,"excerpt":"Em 12x confira formas de pagamentos. Tamanho: Ajust\u00e1vel (16 cm a 21 cm)\/Largura: (2 cm) V\u00eddeos","rel":"","context":"Post similar","block_context":{"text":"Post similar","link":""},"img":{"alt_text":"","src":"https:\/\/i0.wp.com\/rmarqcollection.com.br\/wp-content\/uploads\/2025\/12\/bracelete-couro-marrom-escuro-cruz-linha-cinza-1.png?fit=1200%2C1200&ssl=1&resize=350%2C200","width":350,"height":200,"srcset":"https:\/\/i0.wp.com\/rmarqcollection.com.br\/wp-content\/uploads\/2025\/12\/bracelete-couro-marrom-escuro-cruz-linha-cinza-1.png?fit=1200%2C1200&ssl=1&resize=350%2C200 1x, https:\/\/i0.wp.com\/rmarqcollection.com.br\/wp-content\/uploads\/2025\/12\/bracelete-couro-marrom-escuro-cruz-linha-cinza-1.png?fit=1200%2C1200&ssl=1&resize=525%2C300 1.5x, https:\/\/i0.wp.com\/rmarqcollection.com.br\/wp-content\/uploads\/2025\/12\/bracelete-couro-marrom-escuro-cruz-linha-cinza-1.png?fit=1200%2C1200&ssl=1&resize=700%2C400 2x, https:\/\/i0.wp.com\/rmarqcollection.com.br\/wp-content\/uploads\/2025\/12\/bracelete-couro-marrom-escuro-cruz-linha-cinza-1.png?fit=1200%2C1200&ssl=1&resize=1050%2C600 3x"},"classes":[]}],"jetpack_likes_enabled":true,"jetpack_sharing_enabled":true,"_links":{"self":[{"href":"https:\/\/rmarqcollection.com.br\/index.php?rest_route=\/wp\/v2\/product\/5882","targetHints":{"allow":["GET"]}}],"collection":[{"href":"https:\/\/rmarqcollection.com.br\/index.php?rest_route=\/wp\/v2\/product"}],"about":[{"href":"https:\/\/rmarqcollection.com.br\/index.php?rest_route=\/wp\/v2\/types\/product"}],"replies":[{"embeddable":true,"href":"https:\/\/rmarqcollection.com.br\/index.php?rest_route=%2Fwp%2Fv2%2Fcomments&post=5882"}],"wp:featuredmedia":[{"embeddable":true,"href":"https:\/\/rmarqcollection.com.br\/index.php?rest_route=\/wp\/v2\/media\/5884"}],"wp:attachment":[{"href":"https:\/\/rmarqcollection.com.br\/index.php?rest_route=%2Fwp%2Fv2%2Fmedia&parent=5882"}],"wp:term":[{"taxonomy":"product_brand","embeddable":true,"href":"https:\/\/rmarqcollection.com.br\/index.php?rest_route=%2Fwp%2Fv2%2Fproduct_brand&post=5882"},{"taxonomy":"product_cat","embeddable":true,"href":"https:\/\/rmarqcollection.com.br\/index.php?rest_route=%2Fwp%2Fv2%2Fproduct_cat&post=5882"},{"taxonomy":"product_tag","embeddable":true,"href":"https:\/\/rmarqcollection.com.br\/index.php?rest_route=%2Fwp%2Fv2%2Fproduct_tag&post=5882"}],"curies":[{"name":"wp","href":"https:\/\/api.w.org\/{rel}","templated":true}]}}