{"id":6030,"date":"2025-01-08T08:03:50","date_gmt":"2025-01-08T11:03:50","guid":{"rendered":"https:\/\/rmarqcollection.com.br\/?post_type=product&#038;p=6030"},"modified":"2026-02-15T16:21:22","modified_gmt":"2026-02-15T19:21:22","slug":"estojo-escolar-duplo-rmarq-collection-material-naylon","status":"publish","type":"product","link":"https:\/\/rmarqcollection.com.br\/?product=estojo-escolar-duplo-rmarq-collection-material-naylon","title":{"rendered":"Estojo Escolar Duplo Material Nylon RMarq Collection"},"content":{"rendered":"<p>Bem-vindo (a) a nossa loja! Queremos proporcionar a voc\u00ea o que h\u00e1 de melhor. Todos os nossos produtos s\u00e3o confeccionados visando a qualidade e o conforto sempre com o objetivo de satisfazer voc\u00ea.<\/p>\n<p>Estojo organizador duplo escolar e para diversas ocasi\u00f5es, feito com nylon 600 leve, forro interno e fecho z\u00edper.\u00a0 Comporta v\u00e1rios objetos do dia a dia: como documentos, chaves, dinheiro, cart\u00f5es e outros. Ideal para guardar materiais escolares, como: l\u00e1pis, canetas, l\u00e1pis de cor, canetinhas, borrachas, cola, apontador tesoura pequena.<\/p>\n<p><span dir=\"auto\" style=\"vertical-align: inherit;\"><span dir=\"auto\" style=\"vertical-align: inherit;\"><span dir=\"auto\" style=\"vertical-align: inherit;\"><span dir=\"auto\" style=\"vertical-align: inherit;\">V\u00e1rias cores dispon\u00edveis: <\/span><\/span><\/span><\/span><img data-recalc-dims=\"1\" loading=\"lazy\" decoding=\"async\" class=\" wp-image-6990 alignright\" src=\"https:\/\/i0.wp.com\/rmarqcollection.com.br\/wp-content\/uploads\/2025\/01\/foto-ilustrativa-estojo-escolar-1.png?resize=279%2C279&#038;ssl=1\" alt=\"\" width=\"279\" height=\"279\" srcset=\"https:\/\/i0.wp.com\/rmarqcollection.com.br\/wp-content\/uploads\/2025\/01\/foto-ilustrativa-estojo-escolar-1.png?resize=300%2C300&amp;ssl=1 300w, https:\/\/i0.wp.com\/rmarqcollection.com.br\/wp-content\/uploads\/2025\/01\/foto-ilustrativa-estojo-escolar-1.png?resize=1024%2C1024&amp;ssl=1 1024w, https:\/\/i0.wp.com\/rmarqcollection.com.br\/wp-content\/uploads\/2025\/01\/foto-ilustrativa-estojo-escolar-1.png?resize=150%2C150&amp;ssl=1 150w, https:\/\/i0.wp.com\/rmarqcollection.com.br\/wp-content\/uploads\/2025\/01\/foto-ilustrativa-estojo-escolar-1.png?resize=768%2C768&amp;ssl=1 768w, https:\/\/i0.wp.com\/rmarqcollection.com.br\/wp-content\/uploads\/2025\/01\/foto-ilustrativa-estojo-escolar-1.png?resize=600%2C600&amp;ssl=1 600w, https:\/\/i0.wp.com\/rmarqcollection.com.br\/wp-content\/uploads\/2025\/01\/foto-ilustrativa-estojo-escolar-1.png?resize=100%2C100&amp;ssl=1 100w, https:\/\/i0.wp.com\/rmarqcollection.com.br\/wp-content\/uploads\/2025\/01\/foto-ilustrativa-estojo-escolar-1.png?w=1500&amp;ssl=1 1500w, https:\/\/i0.wp.com\/rmarqcollection.com.br\/wp-content\/uploads\/2025\/01\/foto-ilustrativa-estojo-escolar-1.png?w=1280&amp;ssl=1 1280w\" sizes=\"auto, (max-width: 279px) 100vw, 279px\" \/><br \/>\n<span dir=\"auto\" style=\"vertical-align: inherit;\"><span dir=\"auto\" style=\"vertical-align: inherit;\"><span dir=\"auto\" style=\"vertical-align: inherit;\"><span dir=\"auto\" style=\"vertical-align: inherit;\">Preto; Bege; Azul royal, Laranja, Marinho, Rosa claro; Verde camuflado<\/span><\/span><\/span><\/span><\/p>\n<p><strong>Informa\u00e7\u00f5es t\u00e9cnicas:<\/strong><br \/>\nMaterial: Nylon 600<br \/>\nForro interno: cacharrel eva<br \/>\nCompartimento:\u00a0 duplo (2 divis\u00f3rias)<br \/>\nAltura: 6 cm<br \/>\nLargura: Fundo\u00a0 9 cm<br \/>\nComprimento: 20 cm<br \/>\nFecho: Z\u00edper<br \/>\nPeso: 100 g<\/p>\n<p><a href=\"https:\/\/youtube.com\/shorts\/Kuh5g3PsYkc?si=rj28JFC0U-HWerfH\"><strong><span style=\"color: #3366ff;\">V\u00eddeo<\/span><\/strong><\/a><\/p>\n<p><strong>Recomenda\u00e7\u00f5es importantes:<\/strong><br \/>\nA limpeza pode ser feita com sab\u00e3o neutro e pano \u00famido. Ao lavar n\u00e3o utilize m\u00e1quinas de lavar, n\u00e3o utilize buchas grossas e n\u00e3o esfregue com muita for\u00e7a, pois pode danificar o material.<br \/>\nN\u00e3o usar nenhuma fonte de calor para secar como secadores, fogo, forno ou atr\u00e1s de geladeiras. Deixe secar naturalmente.<br \/>\nCuide bem do seu produto para que tenha uma boa durabilidade.<\/p>\n<p>Produzido e comercializado por RMarq Collection.<br \/>\nGarantia do Fabricante: Contra defeitos de fabrica\u00e7\u00e3o \/ 30 dias.<br \/>\n<strong><a href=\"https:\/\/rmarqcollection.com.br\/?page_id=238\">Estamos a disposi\u00e7\u00e3o para atender \u00e0s suas d\u00favidas.<\/a><\/strong><\/p>\n","protected":false},"excerpt":{"rendered":"<h6><span style=\"color: #3366ff;\"><a style=\"color: #3366ff;\" href=\"https:\/\/rmarqcollection.com.br\/?page_id=1849\"><strong>Em 12x confira formas de pagamentos<\/strong><\/a><\/span><\/h6>\n<h6><strong>Tecido Nylon, fecho z\u00edper, ideal para organizar objetos escolares e outros.<\/strong><\/h6>\n<p><strong><span style=\"color: #3366ff;\"><a style=\"color: #3366ff;\" href=\"https:\/\/rmarqcollection.com.br\/?p=7049\">V\u00eddeo<\/a><\/span><\/strong><\/p>\n","protected":false},"featured_media":6987,"comment_status":"open","ping_status":"closed","template":"","meta":{"jetpack_publicize_message":"","jetpack_publicize_feature_enabled":true,"jetpack_social_post_already_shared":true,"jetpack_social_options":{"image_generator_settings":{"template":"highway","default_image_id":0,"font":"","enabled":false},"version":2}},"product_brand":[509],"product_cat":[504],"product_tag":[348,558,557,560,505,556,591,506,561,559,583,248,584,455],"class_list":{"0":"post-6030","1":"product","2":"type-product","3":"status-publish","6":"product_brand-rmarq-collection","7":"product_cat-estojos","8":"product_tag-estojo","9":"product_tag-estojo-azul-marinho","10":"product_tag-estojo-azul-royal","11":"product_tag-estojo-bege","12":"product_tag-estojo-escolar","13":"product_tag-estojo-laranja","14":"product_tag-estojo-marinho","15":"product_tag-estojo-nylon","16":"product_tag-estojo-preto","17":"product_tag-estojo-rosa","18":"product_tag-estojo-verde-camuflado","19":"product_tag-necessaire-estojo","20":"product_tag-nylon","21":"product_tag-organizador","23":"first","24":"instock","25":"sale","26":"taxable","27":"shipping-taxable","28":"purchasable","29":"product-type-variable"},"aioseo_notices":[],"jetpack_publicize_connections":[],"jetpack-related-posts":[{"id":6097,"url":"https:\/\/rmarqcollection.com.br\/?product=estojo-escolar-simples-rmarq-collection-material-nylon","url_meta":{"origin":6030,"position":0},"title":"Estojo Escolar Simples Material Nylon RMarq Collection","author":"cole\u00e7\u00e3o rmarq","date":"31\/01\/2025","format":false,"excerpt":"V\u00eddeo Em 12x confira formas de pagamentos Ideal para organizar objetos escolares e outros.","rel":"","context":"Post similar","block_context":{"text":"Post similar","link":""},"img":{"alt_text":"","src":"https:\/\/i0.wp.com\/rmarqcollection.com.br\/wp-content\/uploads\/2025\/01\/Estojo-simples-laranja-3.png?fit=1200%2C1200&ssl=1&resize=350%2C200","width":350,"height":200,"srcset":"https:\/\/i0.wp.com\/rmarqcollection.com.br\/wp-content\/uploads\/2025\/01\/Estojo-simples-laranja-3.png?fit=1200%2C1200&ssl=1&resize=350%2C200 1x, https:\/\/i0.wp.com\/rmarqcollection.com.br\/wp-content\/uploads\/2025\/01\/Estojo-simples-laranja-3.png?fit=1200%2C1200&ssl=1&resize=525%2C300 1.5x, https:\/\/i0.wp.com\/rmarqcollection.com.br\/wp-content\/uploads\/2025\/01\/Estojo-simples-laranja-3.png?fit=1200%2C1200&ssl=1&resize=700%2C400 2x, https:\/\/i0.wp.com\/rmarqcollection.com.br\/wp-content\/uploads\/2025\/01\/Estojo-simples-laranja-3.png?fit=1200%2C1200&ssl=1&resize=1050%2C600 3x"},"classes":[]},{"id":1214,"url":"https:\/\/rmarqcollection.com.br\/?product=bolsa-feminina-ombro-material-sintetico-preto-detalhe-couro-vermelho","url_meta":{"origin":6030,"position":1},"title":"Bolsa Feminina Couro Sint\u00e9tico Preto Ombro RMarq Collection","author":"cole\u00e7\u00e3o rmarq","date":"28\/03\/2022","format":false,"excerpt":"Em 12x confira formas de pagamentos. Al\u00e7as cor preto e detalhe vermelho, metal, rebite n\u00edquel, fecho z\u00edper e bolsos. V\u00eddeo","rel":"","context":"Post similar","block_context":{"text":"Post similar","link":""},"img":{"alt_text":"","src":"https:\/\/i0.wp.com\/rmarqcollection.com.br\/wp-content\/uploads\/2022\/03\/Bolsa-Preta-Sintetica-1.png?fit=1200%2C1200&ssl=1&resize=350%2C200","width":350,"height":200,"srcset":"https:\/\/i0.wp.com\/rmarqcollection.com.br\/wp-content\/uploads\/2022\/03\/Bolsa-Preta-Sintetica-1.png?fit=1200%2C1200&ssl=1&resize=350%2C200 1x, https:\/\/i0.wp.com\/rmarqcollection.com.br\/wp-content\/uploads\/2022\/03\/Bolsa-Preta-Sintetica-1.png?fit=1200%2C1200&ssl=1&resize=525%2C300 1.5x, https:\/\/i0.wp.com\/rmarqcollection.com.br\/wp-content\/uploads\/2022\/03\/Bolsa-Preta-Sintetica-1.png?fit=1200%2C1200&ssl=1&resize=700%2C400 2x, https:\/\/i0.wp.com\/rmarqcollection.com.br\/wp-content\/uploads\/2022\/03\/Bolsa-Preta-Sintetica-1.png?fit=1200%2C1200&ssl=1&resize=1050%2C600 3x"},"classes":[]},{"id":3632,"url":"https:\/\/rmarqcollection.com.br\/?product=necessaire-estojo-feminino-material-tecido-jeans","url_meta":{"origin":6030,"position":2},"title":"Estojo Necessaire Feminino Jeans Azul-Marinho RMarq Collection","author":"cole\u00e7\u00e3o rmarq","date":"21\/02\/2023","format":false,"excerpt":"Em 12x confira formas de pagamentos Frete gr\u00e1tis saiba mais\u2026 Tecido jeans azul marinho e fecho z\u00edper V\u00eddeo","rel":"","context":"Post similar","block_context":{"text":"Post similar","link":""},"img":{"alt_text":"","src":"https:\/\/i0.wp.com\/rmarqcollection.com.br\/wp-content\/uploads\/2023\/02\/Estojo-jeans-grande-3.png?fit=1200%2C1200&ssl=1&resize=350%2C200","width":350,"height":200,"srcset":"https:\/\/i0.wp.com\/rmarqcollection.com.br\/wp-content\/uploads\/2023\/02\/Estojo-jeans-grande-3.png?fit=1200%2C1200&ssl=1&resize=350%2C200 1x, https:\/\/i0.wp.com\/rmarqcollection.com.br\/wp-content\/uploads\/2023\/02\/Estojo-jeans-grande-3.png?fit=1200%2C1200&ssl=1&resize=525%2C300 1.5x, https:\/\/i0.wp.com\/rmarqcollection.com.br\/wp-content\/uploads\/2023\/02\/Estojo-jeans-grande-3.png?fit=1200%2C1200&ssl=1&resize=700%2C400 2x, https:\/\/i0.wp.com\/rmarqcollection.com.br\/wp-content\/uploads\/2023\/02\/Estojo-jeans-grande-3.png?fit=1200%2C1200&ssl=1&resize=1050%2C600 3x"},"classes":[]},{"id":3606,"url":"https:\/\/rmarqcollection.com.br\/?product=necessaire-estojo-maculino-material-couro","url_meta":{"origin":6030,"position":3},"title":"Estojo Necessaire Unissex Couro Genu\u00edno RMarq Collection","author":"cole\u00e7\u00e3o rmarq","date":"18\/02\/2023","format":false,"excerpt":"Em 12x confira formas de pagamentos Estojo material couro com fecho z\u00edper.","rel":"","context":"Post similar","block_context":{"text":"Post similar","link":""},"img":{"alt_text":"","src":"https:\/\/i0.wp.com\/rmarqcollection.com.br\/wp-content\/uploads\/2023\/02\/Bege-escuro-2.png?fit=1200%2C1200&ssl=1&resize=350%2C200","width":350,"height":200,"srcset":"https:\/\/i0.wp.com\/rmarqcollection.com.br\/wp-content\/uploads\/2023\/02\/Bege-escuro-2.png?fit=1200%2C1200&ssl=1&resize=350%2C200 1x, https:\/\/i0.wp.com\/rmarqcollection.com.br\/wp-content\/uploads\/2023\/02\/Bege-escuro-2.png?fit=1200%2C1200&ssl=1&resize=525%2C300 1.5x, https:\/\/i0.wp.com\/rmarqcollection.com.br\/wp-content\/uploads\/2023\/02\/Bege-escuro-2.png?fit=1200%2C1200&ssl=1&resize=700%2C400 2x, https:\/\/i0.wp.com\/rmarqcollection.com.br\/wp-content\/uploads\/2023\/02\/Bege-escuro-2.png?fit=1200%2C1200&ssl=1&resize=1050%2C600 3x"},"classes":[]},{"id":1189,"url":"https:\/\/rmarqcollection.com.br\/?product=bolsa-tecido-impermeavel-alca-ombro-praia-clube-diversas-ocasioes","url_meta":{"origin":6030,"position":4},"title":"Bolsa Feminina Imperme\u00e1vel Listrada Ombro RMarq Collection","author":"cole\u00e7\u00e3o rmarq","date":"07\/02\/2022","format":false,"excerpt":"Em 12x confira formas de pagamentos. Resistente a respingos de \u00e1gua. Praia, clube e diversos momentos. V\u00eddeo","rel":"","context":"Post similar","block_context":{"text":"Post similar","link":""},"img":{"alt_text":"","src":"https:\/\/i0.wp.com\/rmarqcollection.com.br\/wp-content\/uploads\/2022\/02\/Bolsa-impermeavel-listrada-2.png?fit=1200%2C1200&ssl=1&resize=350%2C200","width":350,"height":200,"srcset":"https:\/\/i0.wp.com\/rmarqcollection.com.br\/wp-content\/uploads\/2022\/02\/Bolsa-impermeavel-listrada-2.png?fit=1200%2C1200&ssl=1&resize=350%2C200 1x, https:\/\/i0.wp.com\/rmarqcollection.com.br\/wp-content\/uploads\/2022\/02\/Bolsa-impermeavel-listrada-2.png?fit=1200%2C1200&ssl=1&resize=525%2C300 1.5x, https:\/\/i0.wp.com\/rmarqcollection.com.br\/wp-content\/uploads\/2022\/02\/Bolsa-impermeavel-listrada-2.png?fit=1200%2C1200&ssl=1&resize=700%2C400 2x, https:\/\/i0.wp.com\/rmarqcollection.com.br\/wp-content\/uploads\/2022\/02\/Bolsa-impermeavel-listrada-2.png?fit=1200%2C1200&ssl=1&resize=1050%2C600 3x"},"classes":[]},{"id":5881,"url":"https:\/\/rmarqcollection.com.br\/?product=pochete-transversal-e-cintura-rmarqcollection-shoulder-bag","url_meta":{"origin":6030,"position":5},"title":"Pochete Unissex Transversal e Cintura RMarq Collection","author":"cole\u00e7\u00e3o rmarq","date":"22\/12\/2024","format":false,"excerpt":"Em 12x confira formas de pagamentos Tecido Nylon, fecho z\u00edper, ideal para caminhadas, passeios e outros momentos.","rel":"","context":"Post similar","block_context":{"text":"Post similar","link":""},"img":{"alt_text":"","src":"https:\/\/i0.wp.com\/rmarqcollection.com.br\/wp-content\/uploads\/2024\/12\/pochete-militar-002-3.png?fit=1200%2C1200&ssl=1&resize=350%2C200","width":350,"height":200,"srcset":"https:\/\/i0.wp.com\/rmarqcollection.com.br\/wp-content\/uploads\/2024\/12\/pochete-militar-002-3.png?fit=1200%2C1200&ssl=1&resize=350%2C200 1x, https:\/\/i0.wp.com\/rmarqcollection.com.br\/wp-content\/uploads\/2024\/12\/pochete-militar-002-3.png?fit=1200%2C1200&ssl=1&resize=525%2C300 1.5x, https:\/\/i0.wp.com\/rmarqcollection.com.br\/wp-content\/uploads\/2024\/12\/pochete-militar-002-3.png?fit=1200%2C1200&ssl=1&resize=700%2C400 2x, https:\/\/i0.wp.com\/rmarqcollection.com.br\/wp-content\/uploads\/2024\/12\/pochete-militar-002-3.png?fit=1200%2C1200&ssl=1&resize=1050%2C600 3x"},"classes":[]}],"jetpack_likes_enabled":true,"jetpack_sharing_enabled":true,"_links":{"self":[{"href":"https:\/\/rmarqcollection.com.br\/index.php?rest_route=\/wp\/v2\/product\/6030","targetHints":{"allow":["GET"]}}],"collection":[{"href":"https:\/\/rmarqcollection.com.br\/index.php?rest_route=\/wp\/v2\/product"}],"about":[{"href":"https:\/\/rmarqcollection.com.br\/index.php?rest_route=\/wp\/v2\/types\/product"}],"replies":[{"embeddable":true,"href":"https:\/\/rmarqcollection.com.br\/index.php?rest_route=%2Fwp%2Fv2%2Fcomments&post=6030"}],"wp:featuredmedia":[{"embeddable":true,"href":"https:\/\/rmarqcollection.com.br\/index.php?rest_route=\/wp\/v2\/media\/6987"}],"wp:attachment":[{"href":"https:\/\/rmarqcollection.com.br\/index.php?rest_route=%2Fwp%2Fv2%2Fmedia&parent=6030"}],"wp:term":[{"taxonomy":"product_brand","embeddable":true,"href":"https:\/\/rmarqcollection.com.br\/index.php?rest_route=%2Fwp%2Fv2%2Fproduct_brand&post=6030"},{"taxonomy":"product_cat","embeddable":true,"href":"https:\/\/rmarqcollection.com.br\/index.php?rest_route=%2Fwp%2Fv2%2Fproduct_cat&post=6030"},{"taxonomy":"product_tag","embeddable":true,"href":"https:\/\/rmarqcollection.com.br\/index.php?rest_route=%2Fwp%2Fv2%2Fproduct_tag&post=6030"}],"curies":[{"name":"wp","href":"https:\/\/api.w.org\/{rel}","templated":true}]}}