{"id":6250,"date":"2025-05-04T19:40:02","date_gmt":"2025-05-04T22:40:02","guid":{"rendered":"https:\/\/rmarqcollection.com.br\/?post_type=product&#038;p=6250"},"modified":"2025-11-09T16:35:36","modified_gmt":"2025-11-09T19:35:36","slug":"bolsa-de-couro-masculina-transversal-e-mao-rmarq-collection","status":"publish","type":"product","link":"https:\/\/rmarqcollection.com.br\/?product=bolsa-de-couro-masculina-transversal-e-mao-rmarq-collection","title":{"rendered":"Bolsa Masculina Couro Genu\u00edno Transversal M\u00e3o RMarq Collection"},"content":{"rendered":"<p>Bem-vindo (a) a nossa loja! Queremos proporcionar a voc\u00ea o que h\u00e1 de melhor. Todos os nossos produtos s\u00e3o confeccionados visando a qualidade e o conforto sempre com o objetivo de satisfazer voc\u00ea. A RMarq Collection produz e comercializa este produto visando sempre a melhor qualidade, beleza e o estilo.<\/p>\n<p><strong>Bolsa masculina em couro genu\u00edno (Floater), al\u00e7a transversal regul\u00e1vel e al\u00e7a de m\u00e3o\u00a0<\/strong> e tamp\u00e3o em couro frontal. Possui fechamento em z\u00edper, bolsos externos na parte traseira e dois bolsos na frente protegidos pelo tamp\u00e3o. Forrada internamente com tecido preto e bolsos internos com z\u00edper e bolso interno sem z\u00edper. Os compartimentos permitem o uso para guardar diversos objetos como: documentos, cart\u00f5es, canetas, folhas, livros, notebook e outros.<br \/>\nPor ser confeccionada em couro \u00e9 robusta, espa\u00e7osa e estilosa perfeita para o uso em diversas ocasi\u00f5es como trabalho, escola, reuni\u00f5es, viagens.<br \/>\nComo a al\u00e7a \u00e9 ajust\u00e1vel pode ser usada transversalmente e no ombro e a op\u00e7\u00e3o de al\u00e7a de m\u00e3o.<br \/>\n<strong><span style=\"color: #ff0000;\">Aten\u00e7\u00e3o: ap\u00f3s a compra &#8211; Seis (6) dias \u00fateis para postagem da bolsa.<\/span><\/strong><\/p>\n<p><strong>Informa\u00e7\u00f5es t\u00e9cnicas:<img data-recalc-dims=\"1\" loading=\"lazy\" decoding=\"async\" class=\" wp-image-6309 alignright\" src=\"https:\/\/i0.wp.com\/rmarqcollection.com.br\/wp-content\/uploads\/2025\/05\/medida-bolsa-masculina.png?resize=375%2C375&#038;ssl=1\" alt=\"\" width=\"375\" height=\"375\" srcset=\"https:\/\/i0.wp.com\/rmarqcollection.com.br\/wp-content\/uploads\/2025\/05\/medida-bolsa-masculina.png?resize=300%2C300&amp;ssl=1 300w, https:\/\/i0.wp.com\/rmarqcollection.com.br\/wp-content\/uploads\/2025\/05\/medida-bolsa-masculina.png?resize=100%2C100&amp;ssl=1 100w, https:\/\/i0.wp.com\/rmarqcollection.com.br\/wp-content\/uploads\/2025\/05\/medida-bolsa-masculina.png?resize=600%2C600&amp;ssl=1 600w, https:\/\/i0.wp.com\/rmarqcollection.com.br\/wp-content\/uploads\/2025\/05\/medida-bolsa-masculina.png?resize=1024%2C1024&amp;ssl=1 1024w, https:\/\/i0.wp.com\/rmarqcollection.com.br\/wp-content\/uploads\/2025\/05\/medida-bolsa-masculina.png?resize=150%2C150&amp;ssl=1 150w, https:\/\/i0.wp.com\/rmarqcollection.com.br\/wp-content\/uploads\/2025\/05\/medida-bolsa-masculina.png?resize=768%2C768&amp;ssl=1 768w, https:\/\/i0.wp.com\/rmarqcollection.com.br\/wp-content\/uploads\/2025\/05\/medida-bolsa-masculina.png?w=1500&amp;ssl=1 1500w, https:\/\/i0.wp.com\/rmarqcollection.com.br\/wp-content\/uploads\/2025\/05\/medida-bolsa-masculina.png?w=1280&amp;ssl=1 1280w\" sizes=\"auto, (max-width: 375px) 100vw, 375px\" \/><\/strong><br \/>\nMaterial: Couro Genu\u00edno<br \/>\nCor: Marrom escuro<br \/>\nAl\u00e7a ombro ajust\u00e1vel: aprox. (130 cm); fita largura (3 cm)<br \/>\nAl\u00e7a de m\u00e3o<br \/>\nForro interno: tecido preto<br \/>\nAltura: 30 cm<br \/>\nLargura: 6 cm<br \/>\nComprimento: 38 cm<br \/>\nReparti\u00e7\u00e3o para notebook<br \/>\nMetais: niquelados<br \/>\nFecho: z\u00edper<br \/>\nPeso: 600 g<br \/>\nEstilo: cl\u00e1ssico\/moderno<\/p>\n<p><strong>Recomenda\u00e7\u00f5es de Uso:<\/strong><br \/>\nA limpeza pode ser feita com pano seco ou \u00famido. Se lavar n\u00e3o use produtos qu\u00edmicos e n\u00e3o usar bucha grossa, pois pode ocasionar ranhuras e danificar o couro. N\u00e3o usar nenhuma fonte de calor para secar a n\u00e3o ser a natural. Guardar em local sem umidade ap\u00f3s o uso.<br \/>\nPode-se usar produtos dispon\u00edveis e compat\u00edveis no mercado para conserva\u00e7\u00e3o e brilho do couro.<\/p>\n<p>Por se tratar de couro pode ocorrer pequenas varia\u00e7\u00f5es nos tons. Em rela\u00e7\u00e3o as fotos os diversos tipos de monitores podem apresentar varia\u00e7\u00f5es nas cores. \u00a0Portanto, n\u00e3o s\u00e3o considerados defeitos ou falta de informa\u00e7\u00f5es.<\/p>\n<p>Cuide bem do seu produto para que tenha uma boa durabilidade.<br \/>\nProduzido e comercializado por RMarq Collection.<\/p>\n<p>Garantia do Fabricante: Contra defeitos de fabrica\u00e7\u00e3o; 30 dias.<br \/>\n<strong><a href=\"https:\/\/rmarqcollection.com.br\/?page_id=238\">Estamos a disposi\u00e7\u00e3o para atender \u00e0s suas d\u00favidas.<\/a><\/strong><\/p>\n","protected":false},"excerpt":{"rendered":"<h6><a href=\"https:\/\/rmarqcollection.com.br\/?page_id=1849\"><strong>Em 12x confira formas de pagamentos<\/strong><\/a><\/h6>\n<h6><a href=\"https:\/\/rmarqcollection.com.br\/?page_id=2010\"><span style=\"color: #339966;\"><strong>Frete gr\u00e1tis saiba mais&#8230;<\/strong><\/span><\/a><\/h6>\n<h6><strong><span style=\"color: #ff0000;\">Aten\u00e7\u00e3o: ap\u00f3s a compra<\/span><\/strong><br \/>\n<strong><span style=\"color: #ff0000;\">Seis (4) dias \u00fateis para postagem da bolsa.<\/span><\/strong><\/h6>\n","protected":false},"featured_media":6302,"comment_status":"open","ping_status":"closed","template":"","meta":{"jetpack_publicize_message":"","jetpack_publicize_feature_enabled":true,"jetpack_social_post_already_shared":true,"jetpack_social_options":{"image_generator_settings":{"template":"highway","default_image_id":0,"font":"","enabled":false},"version":2}},"product_brand":[509],"product_cat":[516,222],"product_tag":[168,589,513,514,515,596,511,378,512],"class_list":{"0":"post-6250","1":"product","2":"type-product","3":"status-publish","6":"product_brand-rmarq-collection","7":"product_cat-bolsa-masculina","8":"product_cat-bolsas-de-couro","9":"product_tag-bolsa","10":"product_tag-bolsa-couro-genuino","11":"product_tag-bolsa-de-couro","12":"product_tag-bolsa-de-couro-masculina","13":"product_tag-bolsa-mao-e-transversal","14":"product_tag-bolsa-marrom-escuro","15":"product_tag-bolsa-masculina","16":"product_tag-bolsa-ombro","17":"product_tag-bolsa-transversal","19":"first","20":"instock","21":"sale","22":"taxable","23":"shipping-taxable","24":"purchasable","25":"product-type-variable"},"aioseo_notices":[],"jetpack_publicize_connections":[],"jetpack-related-posts":[{"id":2604,"url":"https:\/\/rmarqcollection.com.br\/?product=bolsa-feminina-media-couro-legitimo-alca-transversal","url_meta":{"origin":6250,"position":0},"title":"Bolsa Feminina Couro Genu\u00edno Ombro Transversal RMarq Collection","author":"cole\u00e7\u00e3o rmarq","date":"29\/08\/2022","format":false,"excerpt":"Em 12x confira formas de pagamentos Frete gr\u00e1tis saiba mais\u2026 Couro genu\u00edno, franja, costuras fantasia, enfeite, metal e z\u00edper.","rel":"","context":"Post similar","block_context":{"text":"Post similar","link":""},"img":{"alt_text":"","src":"https:\/\/i0.wp.com\/rmarqcollection.com.br\/wp-content\/uploads\/2022\/08\/Bolsa-bege-sintilante-5.png?fit=1200%2C1200&ssl=1&resize=350%2C200","width":350,"height":200,"srcset":"https:\/\/i0.wp.com\/rmarqcollection.com.br\/wp-content\/uploads\/2022\/08\/Bolsa-bege-sintilante-5.png?fit=1200%2C1200&ssl=1&resize=350%2C200 1x, https:\/\/i0.wp.com\/rmarqcollection.com.br\/wp-content\/uploads\/2022\/08\/Bolsa-bege-sintilante-5.png?fit=1200%2C1200&ssl=1&resize=525%2C300 1.5x, https:\/\/i0.wp.com\/rmarqcollection.com.br\/wp-content\/uploads\/2022\/08\/Bolsa-bege-sintilante-5.png?fit=1200%2C1200&ssl=1&resize=700%2C400 2x, https:\/\/i0.wp.com\/rmarqcollection.com.br\/wp-content\/uploads\/2022\/08\/Bolsa-bege-sintilante-5.png?fit=1200%2C1200&ssl=1&resize=1050%2C600 3x"},"classes":[]},{"id":6438,"url":"https:\/\/rmarqcollection.com.br\/?product=bolsa-feminina-mao-ombro-e-tiracolo-couro-rmarq-collection","url_meta":{"origin":6250,"position":1},"title":"Bolsa Feminina M\u00e3o Ombro Tiracolo Couro Genu\u00edno RMarq Collection","author":"cole\u00e7\u00e3o rmarq","date":"22\/06\/2025","format":false,"excerpt":"V\u00eddeo Em 12x confira formas de pagamentos Frete gr\u00e1tis saiba mais\u2026","rel":"","context":"Post similar","block_context":{"text":"Post similar","link":""},"img":{"alt_text":"","src":"https:\/\/i0.wp.com\/rmarqcollection.com.br\/wp-content\/uploads\/2025\/06\/Bolsa-Feminina-Couro-Camel-RMarq-3-1-1.png?fit=1200%2C1200&ssl=1&resize=350%2C200","width":350,"height":200,"srcset":"https:\/\/i0.wp.com\/rmarqcollection.com.br\/wp-content\/uploads\/2025\/06\/Bolsa-Feminina-Couro-Camel-RMarq-3-1-1.png?fit=1200%2C1200&ssl=1&resize=350%2C200 1x, https:\/\/i0.wp.com\/rmarqcollection.com.br\/wp-content\/uploads\/2025\/06\/Bolsa-Feminina-Couro-Camel-RMarq-3-1-1.png?fit=1200%2C1200&ssl=1&resize=525%2C300 1.5x, https:\/\/i0.wp.com\/rmarqcollection.com.br\/wp-content\/uploads\/2025\/06\/Bolsa-Feminina-Couro-Camel-RMarq-3-1-1.png?fit=1200%2C1200&ssl=1&resize=700%2C400 2x, https:\/\/i0.wp.com\/rmarqcollection.com.br\/wp-content\/uploads\/2025\/06\/Bolsa-Feminina-Couro-Camel-RMarq-3-1-1.png?fit=1200%2C1200&ssl=1&resize=1050%2C600 3x"},"classes":[]},{"id":6411,"url":"https:\/\/rmarqcollection.com.br\/?product=bolsa-feminina-mao-e-ombro-couro-rmarq-collection","url_meta":{"origin":6250,"position":2},"title":"Bolsa Feminina M\u00e3o e Ombro Couro Genu\u00edno RMarq Collection","author":"cole\u00e7\u00e3o rmarq","date":"12\/06\/2025","format":false,"excerpt":"V\u00eddeo Em 12x confira formas de pagamentos Frete gr\u00e1tis saiba mais\u2026","rel":"","context":"Post similar","block_context":{"text":"Post similar","link":""},"img":{"alt_text":"","src":"https:\/\/i0.wp.com\/rmarqcollection.com.br\/wp-content\/uploads\/2025\/06\/Bolsa-Feminina-Couro-Preto-RMarq-2-5-1.png?fit=1199%2C1200&ssl=1&resize=350%2C200","width":350,"height":200,"srcset":"https:\/\/i0.wp.com\/rmarqcollection.com.br\/wp-content\/uploads\/2025\/06\/Bolsa-Feminina-Couro-Preto-RMarq-2-5-1.png?fit=1199%2C1200&ssl=1&resize=350%2C200 1x, https:\/\/i0.wp.com\/rmarqcollection.com.br\/wp-content\/uploads\/2025\/06\/Bolsa-Feminina-Couro-Preto-RMarq-2-5-1.png?fit=1199%2C1200&ssl=1&resize=525%2C300 1.5x, https:\/\/i0.wp.com\/rmarqcollection.com.br\/wp-content\/uploads\/2025\/06\/Bolsa-Feminina-Couro-Preto-RMarq-2-5-1.png?fit=1199%2C1200&ssl=1&resize=700%2C400 2x, https:\/\/i0.wp.com\/rmarqcollection.com.br\/wp-content\/uploads\/2025\/06\/Bolsa-Feminina-Couro-Preto-RMarq-2-5-1.png?fit=1199%2C1200&ssl=1&resize=1050%2C600 3x"},"classes":[]},{"id":3606,"url":"https:\/\/rmarqcollection.com.br\/?product=necessaire-estojo-maculino-material-couro","url_meta":{"origin":6250,"position":3},"title":"Estojo Necessaire Unissex Couro Genu\u00edno RMarq Collection","author":"cole\u00e7\u00e3o rmarq","date":"18\/02\/2023","format":false,"excerpt":"Em 12x confira formas de pagamentos Estojo material couro com fecho z\u00edper.","rel":"","context":"Post similar","block_context":{"text":"Post similar","link":""},"img":{"alt_text":"","src":"https:\/\/i0.wp.com\/rmarqcollection.com.br\/wp-content\/uploads\/2023\/02\/Bege-escuro-2.png?fit=1200%2C1200&ssl=1&resize=350%2C200","width":350,"height":200,"srcset":"https:\/\/i0.wp.com\/rmarqcollection.com.br\/wp-content\/uploads\/2023\/02\/Bege-escuro-2.png?fit=1200%2C1200&ssl=1&resize=350%2C200 1x, https:\/\/i0.wp.com\/rmarqcollection.com.br\/wp-content\/uploads\/2023\/02\/Bege-escuro-2.png?fit=1200%2C1200&ssl=1&resize=525%2C300 1.5x, https:\/\/i0.wp.com\/rmarqcollection.com.br\/wp-content\/uploads\/2023\/02\/Bege-escuro-2.png?fit=1200%2C1200&ssl=1&resize=700%2C400 2x, https:\/\/i0.wp.com\/rmarqcollection.com.br\/wp-content\/uploads\/2023\/02\/Bege-escuro-2.png?fit=1200%2C1200&ssl=1&resize=1050%2C600 3x"},"classes":[]},{"id":1214,"url":"https:\/\/rmarqcollection.com.br\/?product=bolsa-feminina-ombro-material-sintetico-preto-detalhe-couro-vermelho","url_meta":{"origin":6250,"position":4},"title":"Bolsa Feminina Couro Sint\u00e9tico Preto Ombro RMarq Collection","author":"cole\u00e7\u00e3o rmarq","date":"28\/03\/2022","format":false,"excerpt":"Em 12x confira formas de pagamentos. Al\u00e7as cor preto e detalhe vermelho, metal, rebite n\u00edquel, fecho z\u00edper e bolsos. V\u00eddeo","rel":"","context":"Post similar","block_context":{"text":"Post similar","link":""},"img":{"alt_text":"","src":"https:\/\/i0.wp.com\/rmarqcollection.com.br\/wp-content\/uploads\/2022\/03\/Bolsa-Preta-Sintetica-1.png?fit=1200%2C1200&ssl=1&resize=350%2C200","width":350,"height":200,"srcset":"https:\/\/i0.wp.com\/rmarqcollection.com.br\/wp-content\/uploads\/2022\/03\/Bolsa-Preta-Sintetica-1.png?fit=1200%2C1200&ssl=1&resize=350%2C200 1x, https:\/\/i0.wp.com\/rmarqcollection.com.br\/wp-content\/uploads\/2022\/03\/Bolsa-Preta-Sintetica-1.png?fit=1200%2C1200&ssl=1&resize=525%2C300 1.5x, https:\/\/i0.wp.com\/rmarqcollection.com.br\/wp-content\/uploads\/2022\/03\/Bolsa-Preta-Sintetica-1.png?fit=1200%2C1200&ssl=1&resize=700%2C400 2x, https:\/\/i0.wp.com\/rmarqcollection.com.br\/wp-content\/uploads\/2022\/03\/Bolsa-Preta-Sintetica-1.png?fit=1200%2C1200&ssl=1&resize=1050%2C600 3x"},"classes":[]},{"id":1242,"url":"https:\/\/rmarqcollection.com.br\/?product=bolsa-feminina-ombro-sintetico-caramelo","url_meta":{"origin":6250,"position":5},"title":"Bolsa Feminina Couro Sint\u00e9tico Caramelo Ombro RMarq Collection","author":"cole\u00e7\u00e3o rmarq","date":"10\/04\/2022","format":false,"excerpt":"Em 12x confira formas de pagamentos Al\u00e7a remov\u00edvel, fecho z\u00edper, metais dourados e bolsos. V\u00eddeo\u00a0","rel":"","context":"Post similar","block_context":{"text":"Post similar","link":""},"img":{"alt_text":"","src":"https:\/\/i0.wp.com\/rmarqcollection.com.br\/wp-content\/uploads\/2022\/04\/bolsa-Caramelo-10.jpg?fit=1200%2C1199&ssl=1&resize=350%2C200","width":350,"height":200,"srcset":"https:\/\/i0.wp.com\/rmarqcollection.com.br\/wp-content\/uploads\/2022\/04\/bolsa-Caramelo-10.jpg?fit=1200%2C1199&ssl=1&resize=350%2C200 1x, https:\/\/i0.wp.com\/rmarqcollection.com.br\/wp-content\/uploads\/2022\/04\/bolsa-Caramelo-10.jpg?fit=1200%2C1199&ssl=1&resize=525%2C300 1.5x, https:\/\/i0.wp.com\/rmarqcollection.com.br\/wp-content\/uploads\/2022\/04\/bolsa-Caramelo-10.jpg?fit=1200%2C1199&ssl=1&resize=700%2C400 2x, https:\/\/i0.wp.com\/rmarqcollection.com.br\/wp-content\/uploads\/2022\/04\/bolsa-Caramelo-10.jpg?fit=1200%2C1199&ssl=1&resize=1050%2C600 3x"},"classes":[]}],"jetpack_likes_enabled":true,"jetpack_sharing_enabled":true,"_links":{"self":[{"href":"https:\/\/rmarqcollection.com.br\/index.php?rest_route=\/wp\/v2\/product\/6250","targetHints":{"allow":["GET"]}}],"collection":[{"href":"https:\/\/rmarqcollection.com.br\/index.php?rest_route=\/wp\/v2\/product"}],"about":[{"href":"https:\/\/rmarqcollection.com.br\/index.php?rest_route=\/wp\/v2\/types\/product"}],"replies":[{"embeddable":true,"href":"https:\/\/rmarqcollection.com.br\/index.php?rest_route=%2Fwp%2Fv2%2Fcomments&post=6250"}],"wp:featuredmedia":[{"embeddable":true,"href":"https:\/\/rmarqcollection.com.br\/index.php?rest_route=\/wp\/v2\/media\/6302"}],"wp:attachment":[{"href":"https:\/\/rmarqcollection.com.br\/index.php?rest_route=%2Fwp%2Fv2%2Fmedia&parent=6250"}],"wp:term":[{"taxonomy":"product_brand","embeddable":true,"href":"https:\/\/rmarqcollection.com.br\/index.php?rest_route=%2Fwp%2Fv2%2Fproduct_brand&post=6250"},{"taxonomy":"product_cat","embeddable":true,"href":"https:\/\/rmarqcollection.com.br\/index.php?rest_route=%2Fwp%2Fv2%2Fproduct_cat&post=6250"},{"taxonomy":"product_tag","embeddable":true,"href":"https:\/\/rmarqcollection.com.br\/index.php?rest_route=%2Fwp%2Fv2%2Fproduct_tag&post=6250"}],"curies":[{"name":"wp","href":"https:\/\/api.w.org\/{rel}","templated":true}]}}