{"id":6869,"date":"2025-09-03T10:07:25","date_gmt":"2025-09-03T13:07:25","guid":{"rendered":"https:\/\/rmarqcollection.com.br\/?post_type=product&#038;p=6869"},"modified":"2026-03-16T22:07:39","modified_gmt":"2026-03-17T01:07:39","slug":"carteira-masculina-couro-genuino-rmarq-collection","status":"publish","type":"product","link":"https:\/\/rmarqcollection.com.br\/?product=carteira-masculina-couro-genuino-rmarq-collection","title":{"rendered":"Carteira Masculina Couro Genu\u00edno RMarq Collection"},"content":{"rendered":"<p>Bem-vindo (a) a nossa loja! Queremos proporcionar a voc\u00ea o que h\u00e1 de melhor. Todos os nossos produtos s\u00e3o confeccionados visando a qualidade e o conforto sempre com o objetivo de satisfazer voc\u00ea. A RMarq Collection produz e comercializa este produto visando sempre a melhor qualidade, beleza e estilo.<\/p>\n<p><strong>Carteira de bolso masculina<\/strong> produzida em material couro genu\u00edno e revestida com forro. Feita com costuras para fixa\u00e7\u00e3o e dobrada proporcionando um acabamento todo especial e sofisticado. Ideal para colocar os seus documentos necess\u00e1rios para o dia a dia, assim como para armazenar os seus cart\u00f5es e retir\u00e1-los de forma tranquila e pr\u00e1tica. Acompanha porta moedas avulso. Carteira leve e de f\u00e1cil manuseio. Produto tipicamente masculino, totalmente funcional, para uso no dia a dia.<\/p>\n<p>Escolha a sua varia\u00e7\u00e3o de cor predileta!<img data-recalc-dims=\"1\" loading=\"lazy\" decoding=\"async\" class=\" wp-image-6893 alignright\" src=\"https:\/\/i0.wp.com\/rmarqcollection.com.br\/wp-content\/uploads\/2025\/08\/foto-medidas.jpg?resize=288%2C288&#038;ssl=1\" alt=\"\" width=\"288\" height=\"288\" srcset=\"https:\/\/i0.wp.com\/rmarqcollection.com.br\/wp-content\/uploads\/2025\/08\/foto-medidas.jpg?resize=300%2C300&amp;ssl=1 300w, https:\/\/i0.wp.com\/rmarqcollection.com.br\/wp-content\/uploads\/2025\/08\/foto-medidas.jpg?resize=150%2C150&amp;ssl=1 150w, https:\/\/i0.wp.com\/rmarqcollection.com.br\/wp-content\/uploads\/2025\/08\/foto-medidas.jpg?resize=600%2C600&amp;ssl=1 600w, https:\/\/i0.wp.com\/rmarqcollection.com.br\/wp-content\/uploads\/2025\/08\/foto-medidas.jpg?resize=100%2C100&amp;ssl=1 100w, https:\/\/i0.wp.com\/rmarqcollection.com.br\/wp-content\/uploads\/2025\/08\/foto-medidas.jpg?w=617&amp;ssl=1 617w\" sizes=\"auto, (max-width: 288px) 100vw, 288px\" \/><\/p>\n<p>Cores: Preto, Terracota e Camel<br \/>\nMaterial: Couro genu\u00edno<br \/>\n4 espa\u00e7os para cart\u00f5es;<br \/>\n1 entrada fixa para documentos ou outra utilidade;<br \/>\n4 miolos de carteira de pl\u00e1stico para documentos;<br \/>\n1 compartimento para armazenamento de notas (dinheiro).<br \/>\n1 porta moedas avulso<br \/>\nComprimento e largura:<br \/>\nAberta: 26 cm x 9,5 cm<br \/>\nFechada: 13 cm x 9,5 cm<br \/>\nTamanho: Grande<br \/>\nPeso:\u00a0 90 gramas<\/p>\n<p><strong><a href=\"https:\/\/youtube.com\/shorts\/K1I5Bl1S7Ek?si=tJerenCxK94Z9LUq\"><span style=\"color: #3366ff;\">V\u00eddeo<\/span><\/a><\/strong><\/p>\n<p><strong>Detalhes:<\/strong>\u00a0\u00a0Escolha a sua cor preferida dispon\u00edveis nas nossas publica\u00e7\u00f5es. Algumas pequenas varia\u00e7\u00f5es na cor podem ocorrer e s\u00e3o normais no tipo tonalidade do couro, o que n\u00e3o caracteriza defeito ou falha na informa\u00e7\u00e3o, ou seja, pouco mais claro ou mais escuro das apresentadas nas fotos que s\u00e3o ilustrativas.<\/p>\n<p><strong>Cuidados importantes:<\/strong>\u00a0O suor pode ocasionar umidade no couro e desgaste. Procure cuidar da limpeza deste produto. Se lavar use sab\u00e3o neutro, n\u00e3o deixe de molho e n\u00e3o esfregue com bucha. N\u00e3o lave com produtos qu\u00edmicos. \u00a0Use um pano \u00famido e deixe secar naturalmente. Para conserva\u00e7\u00e3o do couro use produto dispon\u00edveis no mercado.<\/p>\n<p>Garantia do Fabricante: Contra defeitos de fabrica\u00e7\u00e3o \/ 30 dias.<br \/>\n<strong><a href=\"https:\/\/rmarqcollection.com.br\/?page_id=238\">Estamos a disposi\u00e7\u00e3o para atender \u00e0s suas d\u00favida.<\/a><\/strong><\/p>\n","protected":false},"excerpt":{"rendered":"<h6><span style=\"color: #008080;\"><a style=\"color: #008080;\" href=\"https:\/\/rmarqcollection.com.br\/?page_id=1849\">Em 12x confira formas de pagamentos<\/a><\/span><\/h6>\n<h6>Cores preto, terracota e camel\/documentos, dinheiro, cart\u00f5es e moedas.<\/h6>\n<h5><span style=\"color: #3366ff;\"><a style=\"color: #3366ff;\" href=\"https:\/\/rmarqcollection.com.br\/?p=7047\">V\u00eddeo<\/a><\/span><\/h5>\n","protected":false},"featured_media":6892,"comment_status":"open","ping_status":"closed","template":"","meta":{"jetpack_publicize_message":"","jetpack_publicize_feature_enabled":true,"jetpack_social_post_already_shared":true,"jetpack_social_options":{"image_generator_settings":{"template":"highway","default_image_id":0,"font":"","enabled":false},"version":2}},"product_brand":[509],"product_cat":[57],"product_tag":[351,566,572,590,196,352,571,569,195,565,570,567,568,197],"class_list":{"0":"post-6869","1":"product","2":"type-product","3":"status-publish","6":"product_brand-rmarq-collection","7":"product_cat-carteira-masculina","8":"product_tag-carteira","9":"product_tag-carteira-camel","10":"product_tag-carteira-com-porta-moedas","11":"product_tag-carteira-couro-genuino","12":"product_tag-carteira-de-bolso","13":"product_tag-carteira-de-couro","14":"product_tag-carteira-documentos","15":"product_tag-carteira-homem","16":"product_tag-carteira-masculina","17":"product_tag-carteira-para-cartoes","18":"product_tag-carteira-para-dinheiro","19":"product_tag-carteira-preta","20":"product_tag-carteira-terracota","21":"product_tag-carteiras","23":"first","24":"instock","25":"taxable","26":"shipping-taxable","27":"purchasable","28":"product-type-variable"},"aioseo_notices":[],"jetpack_publicize_connections":[],"jetpack-related-posts":[{"id":6894,"url":"https:\/\/rmarqcollection.com.br\/?product=carteira-masculina-couro-fecho-ziper-rmarq-collection","url_meta":{"origin":6869,"position":0},"title":"Carteira Masculina Couro Genu\u00edno Z\u00edper RMarq Collection","author":"cole\u00e7\u00e3o rmarq","date":"03\/09\/2025","format":false,"excerpt":"Em 12x confira formas de pagamentos. Cores preto, camel e terracota\/documentos, dinheiro, cart\u00f5es e moedas. V\u00eddeo","rel":"","context":"Post similar","block_context":{"text":"Post similar","link":""},"img":{"alt_text":"","src":"https:\/\/i0.wp.com\/rmarqcollection.com.br\/wp-content\/uploads\/2025\/08\/carteira-preta-ziper-1.png?fit=1200%2C1200&ssl=1&resize=350%2C200","width":350,"height":200,"srcset":"https:\/\/i0.wp.com\/rmarqcollection.com.br\/wp-content\/uploads\/2025\/08\/carteira-preta-ziper-1.png?fit=1200%2C1200&ssl=1&resize=350%2C200 1x, https:\/\/i0.wp.com\/rmarqcollection.com.br\/wp-content\/uploads\/2025\/08\/carteira-preta-ziper-1.png?fit=1200%2C1200&ssl=1&resize=525%2C300 1.5x, https:\/\/i0.wp.com\/rmarqcollection.com.br\/wp-content\/uploads\/2025\/08\/carteira-preta-ziper-1.png?fit=1200%2C1200&ssl=1&resize=700%2C400 2x, https:\/\/i0.wp.com\/rmarqcollection.com.br\/wp-content\/uploads\/2025\/08\/carteira-preta-ziper-1.png?fit=1200%2C1200&ssl=1&resize=1050%2C600 3x"},"classes":[]},{"id":323,"url":"https:\/\/rmarqcollection.com.br\/?product=carteira-masculina-tamanho-unico","url_meta":{"origin":6869,"position":1},"title":"Carteira Masculina Couro Genu\u00edno listrada RMarq Collection","author":"cole\u00e7\u00e3o rmarq","date":"11\/06\/2021","format":false,"excerpt":"Em 12x confira formas de pagamentos. Cores preto e marrom, espa\u00e7os documentos e cart\u00f5es. V\u00eddeo","rel":"","context":"Post similar","block_context":{"text":"Post similar","link":""},"img":{"alt_text":"","src":"https:\/\/i0.wp.com\/rmarqcollection.com.br\/wp-content\/uploads\/2024\/01\/carteira-de-bolso-masculina-1.jpg?fit=1187%2C1200&ssl=1&resize=350%2C200","width":350,"height":200,"srcset":"https:\/\/i0.wp.com\/rmarqcollection.com.br\/wp-content\/uploads\/2024\/01\/carteira-de-bolso-masculina-1.jpg?fit=1187%2C1200&ssl=1&resize=350%2C200 1x, https:\/\/i0.wp.com\/rmarqcollection.com.br\/wp-content\/uploads\/2024\/01\/carteira-de-bolso-masculina-1.jpg?fit=1187%2C1200&ssl=1&resize=525%2C300 1.5x, https:\/\/i0.wp.com\/rmarqcollection.com.br\/wp-content\/uploads\/2024\/01\/carteira-de-bolso-masculina-1.jpg?fit=1187%2C1200&ssl=1&resize=700%2C400 2x, https:\/\/i0.wp.com\/rmarqcollection.com.br\/wp-content\/uploads\/2024\/01\/carteira-de-bolso-masculina-1.jpg?fit=1187%2C1200&ssl=1&resize=1050%2C600 3x"},"classes":[]},{"id":3577,"url":"https:\/\/rmarqcollection.com.br\/?product=porta-passaporte-carteira-para-documentos-material-couro","url_meta":{"origin":6869,"position":2},"title":"Carteira Masculina Pequena Couro Genu\u00edno RMarq Collection","author":"cole\u00e7\u00e3o rmarq","date":"18\/02\/2023","format":false,"excerpt":"Em 12x confira formas de pagamentos Guarde documentos e cart\u00f5es. Costuras refor\u00e7adas, forrada e fecho bot\u00e3o de press\u00e3o.","rel":"","context":"Post similar","block_context":{"text":"Post similar","link":""},"img":{"alt_text":"","src":"https:\/\/i0.wp.com\/rmarqcollection.com.br\/wp-content\/uploads\/2023\/02\/Porta-documentos-cartoes-8.jpg?fit=1200%2C1197&ssl=1&resize=350%2C200","width":350,"height":200,"srcset":"https:\/\/i0.wp.com\/rmarqcollection.com.br\/wp-content\/uploads\/2023\/02\/Porta-documentos-cartoes-8.jpg?fit=1200%2C1197&ssl=1&resize=350%2C200 1x, https:\/\/i0.wp.com\/rmarqcollection.com.br\/wp-content\/uploads\/2023\/02\/Porta-documentos-cartoes-8.jpg?fit=1200%2C1197&ssl=1&resize=525%2C300 1.5x, https:\/\/i0.wp.com\/rmarqcollection.com.br\/wp-content\/uploads\/2023\/02\/Porta-documentos-cartoes-8.jpg?fit=1200%2C1197&ssl=1&resize=700%2C400 2x, https:\/\/i0.wp.com\/rmarqcollection.com.br\/wp-content\/uploads\/2023\/02\/Porta-documentos-cartoes-8.jpg?fit=1200%2C1197&ssl=1&resize=1050%2C600 3x"},"classes":[]},{"id":3564,"url":"https:\/\/rmarqcollection.com.br\/?product=mini-necessaire-carteira-feminina-material-couro","url_meta":{"origin":6869,"position":3},"title":"Carteira Necessaire Feminina Couro Genu\u00edno RMarq Collection","author":"cole\u00e7\u00e3o rmarq","date":"17\/02\/2023","format":false,"excerpt":"Em 12x confira formas de pagamentos Frete gr\u00e1tis saiba mais\u2026 Forro interno, Fecho z\u00edper e bolso externo, al\u00e7a remov\u00edvel e bolsinha avulsa. V\u00eddeo","rel":"","context":"Post similar","block_context":{"text":"Post similar","link":""},"img":{"alt_text":"","src":"https:\/\/i0.wp.com\/rmarqcollection.com.br\/wp-content\/uploads\/2023\/02\/mini-necessaire-carteira-feminina-rosa-chiclete-1.png?fit=1200%2C1200&ssl=1&resize=350%2C200","width":350,"height":200,"srcset":"https:\/\/i0.wp.com\/rmarqcollection.com.br\/wp-content\/uploads\/2023\/02\/mini-necessaire-carteira-feminina-rosa-chiclete-1.png?fit=1200%2C1200&ssl=1&resize=350%2C200 1x, https:\/\/i0.wp.com\/rmarqcollection.com.br\/wp-content\/uploads\/2023\/02\/mini-necessaire-carteira-feminina-rosa-chiclete-1.png?fit=1200%2C1200&ssl=1&resize=525%2C300 1.5x, https:\/\/i0.wp.com\/rmarqcollection.com.br\/wp-content\/uploads\/2023\/02\/mini-necessaire-carteira-feminina-rosa-chiclete-1.png?fit=1200%2C1200&ssl=1&resize=700%2C400 2x, https:\/\/i0.wp.com\/rmarqcollection.com.br\/wp-content\/uploads\/2023\/02\/mini-necessaire-carteira-feminina-rosa-chiclete-1.png?fit=1200%2C1200&ssl=1&resize=1050%2C600 3x"},"classes":[]},{"id":3606,"url":"https:\/\/rmarqcollection.com.br\/?product=necessaire-estojo-maculino-material-couro","url_meta":{"origin":6869,"position":4},"title":"Estojo Necessaire Unissex Couro Genu\u00edno RMarq Collection","author":"cole\u00e7\u00e3o rmarq","date":"18\/02\/2023","format":false,"excerpt":"Em 12x confira formas de pagamentos Estojo material couro com fecho z\u00edper.","rel":"","context":"Post similar","block_context":{"text":"Post similar","link":""},"img":{"alt_text":"","src":"https:\/\/i0.wp.com\/rmarqcollection.com.br\/wp-content\/uploads\/2023\/02\/Bege-escuro-2.png?fit=1200%2C1200&ssl=1&resize=350%2C200","width":350,"height":200,"srcset":"https:\/\/i0.wp.com\/rmarqcollection.com.br\/wp-content\/uploads\/2023\/02\/Bege-escuro-2.png?fit=1200%2C1200&ssl=1&resize=350%2C200 1x, https:\/\/i0.wp.com\/rmarqcollection.com.br\/wp-content\/uploads\/2023\/02\/Bege-escuro-2.png?fit=1200%2C1200&ssl=1&resize=525%2C300 1.5x, https:\/\/i0.wp.com\/rmarqcollection.com.br\/wp-content\/uploads\/2023\/02\/Bege-escuro-2.png?fit=1200%2C1200&ssl=1&resize=700%2C400 2x, https:\/\/i0.wp.com\/rmarqcollection.com.br\/wp-content\/uploads\/2023\/02\/Bege-escuro-2.png?fit=1200%2C1200&ssl=1&resize=1050%2C600 3x"},"classes":[]},{"id":3615,"url":"https:\/\/rmarqcollection.com.br\/?product=porta-passaporte-documentos-e-cartoes-material-couro","url_meta":{"origin":6869,"position":5},"title":"Porta Passaporte Carteira Couro Genu\u00edno RMarq Collection","author":"cole\u00e7\u00e3o rmarq","date":"19\/02\/2023","format":false,"excerpt":"Em 12x confira formas de pagamentos Frete gr\u00e1tis saiba mais\u2026 Couro genu\u00edno, costuras refor\u00e7adas, forrada e fecho bot\u00e3o de press\u00e3o. V\u00eddeo","rel":"","context":"Post similar","block_context":{"text":"Post similar","link":""},"img":{"alt_text":"","src":"https:\/\/i0.wp.com\/rmarqcollection.com.br\/wp-content\/uploads\/2023\/02\/Porta-Passaporte-Bege-4.jpeg?fit=1200%2C1200&ssl=1&resize=350%2C200","width":350,"height":200,"srcset":"https:\/\/i0.wp.com\/rmarqcollection.com.br\/wp-content\/uploads\/2023\/02\/Porta-Passaporte-Bege-4.jpeg?fit=1200%2C1200&ssl=1&resize=350%2C200 1x, https:\/\/i0.wp.com\/rmarqcollection.com.br\/wp-content\/uploads\/2023\/02\/Porta-Passaporte-Bege-4.jpeg?fit=1200%2C1200&ssl=1&resize=525%2C300 1.5x, https:\/\/i0.wp.com\/rmarqcollection.com.br\/wp-content\/uploads\/2023\/02\/Porta-Passaporte-Bege-4.jpeg?fit=1200%2C1200&ssl=1&resize=700%2C400 2x, https:\/\/i0.wp.com\/rmarqcollection.com.br\/wp-content\/uploads\/2023\/02\/Porta-Passaporte-Bege-4.jpeg?fit=1200%2C1200&ssl=1&resize=1050%2C600 3x"},"classes":[]}],"jetpack_likes_enabled":true,"jetpack_sharing_enabled":true,"_links":{"self":[{"href":"https:\/\/rmarqcollection.com.br\/index.php?rest_route=\/wp\/v2\/product\/6869","targetHints":{"allow":["GET"]}}],"collection":[{"href":"https:\/\/rmarqcollection.com.br\/index.php?rest_route=\/wp\/v2\/product"}],"about":[{"href":"https:\/\/rmarqcollection.com.br\/index.php?rest_route=\/wp\/v2\/types\/product"}],"replies":[{"embeddable":true,"href":"https:\/\/rmarqcollection.com.br\/index.php?rest_route=%2Fwp%2Fv2%2Fcomments&post=6869"}],"wp:featuredmedia":[{"embeddable":true,"href":"https:\/\/rmarqcollection.com.br\/index.php?rest_route=\/wp\/v2\/media\/6892"}],"wp:attachment":[{"href":"https:\/\/rmarqcollection.com.br\/index.php?rest_route=%2Fwp%2Fv2%2Fmedia&parent=6869"}],"wp:term":[{"taxonomy":"product_brand","embeddable":true,"href":"https:\/\/rmarqcollection.com.br\/index.php?rest_route=%2Fwp%2Fv2%2Fproduct_brand&post=6869"},{"taxonomy":"product_cat","embeddable":true,"href":"https:\/\/rmarqcollection.com.br\/index.php?rest_route=%2Fwp%2Fv2%2Fproduct_cat&post=6869"},{"taxonomy":"product_tag","embeddable":true,"href":"https:\/\/rmarqcollection.com.br\/index.php?rest_route=%2Fwp%2Fv2%2Fproduct_tag&post=6869"}],"curies":[{"name":"wp","href":"https:\/\/api.w.org\/{rel}","templated":true}]}}