{"id":6944,"date":"2025-09-07T14:44:18","date_gmt":"2025-09-07T17:44:18","guid":{"rendered":"https:\/\/rmarqcollection.com.br\/?post_type=product&#038;p=6944"},"modified":"2026-02-15T15:50:55","modified_gmt":"2026-02-15T18:50:55","slug":"cinto-masculino-gorgurao-azul-marinho-listras-rmarq-collection","status":"publish","type":"product","link":"https:\/\/rmarqcollection.com.br\/?product=cinto-masculino-gorgurao-azul-marinho-listras-rmarq-collection","title":{"rendered":"Cinto Masculino Gorgur\u00e3o Azul Marinho Listras RMarq Collection"},"content":{"rendered":"<p>Bem-vindo (a) a nossa loja! Queremos proporcionar a voc\u00ea o que h\u00e1 de melhor. Todos os nossos produtos s\u00e3o confeccionados visando a qualidade e o conforto, sempre com o objetivo de satisfazer voc\u00ea.<\/p>\n<p>Cinto confeccionado em material algod\u00e3o fita\/gorgur\u00e3o, cor azul-marinho com listras brancas e cinzas, largura (3,5 cm) e fivela (3,5 cm) em metal n\u00edquel escovado. Possui oito (8) furos,\u00a0 presilhas e fivela com parafuso remov\u00edvel. Utilizamos nos detalhes material couro genu\u00edno na cor azul marinho para complemento na fivela, nos furos e na ponta do cinto, proporcionando um melhor acabamento e prote\u00e7\u00e3o para o gorgur\u00e3o.<br \/>\nVisual moderno que possibilita o uso com cal\u00e7as e bermudas.<br \/>\nIndicado para dia a dia em diversas ocasi\u00f5es. Resistente e dur\u00e1vel.<\/p>\n<p><a href=\"https:\/\/rmarqcollection.com.br\/?p=7128\"><strong>V\u00eddeo<\/strong><\/a><\/p>\n<p>Material: Fita Gorgur\u00e3o<br \/>\nCor: Azul-marinho listra branca e cinza<br \/>\nDetalhes: Couro genu\u00edno azul-marinho<br \/>\n2 presilhas<br \/>\n8 furos<br \/>\n1 parafuso fixador<br \/>\nFivela n\u00edquel escovado (3,5 cm)<br \/>\nLargura: (3,5 cm)<\/p>\n<p>Medidas padronizadas para os nossos cintos.<\/p>\n<table style=\"height: 236px;\" width=\"318\">\n<tbody>\n<tr>\n<td width=\"57\">Tamanho<\/td>\n<td style=\"text-align: left;\" width=\"75\">Comprimento<\/td>\n<td width=\"77\">Cintura<\/td>\n<\/tr>\n<tr>\n<td width=\"57\">P<\/td>\n<td width=\"75\">105<\/td>\n<td width=\"77\">\u00a0 \u00a074 \u00a0\u00a0a \u00a0\u00a094<\/td>\n<\/tr>\n<tr>\n<td width=\"57\">M<\/td>\n<td width=\"75\">110<\/td>\n<td width=\"77\">\u00a0 \u00a080 \u00a0\u00a0a \u00a0\u00a0100<\/td>\n<\/tr>\n<tr>\n<td width=\"57\">G<\/td>\n<td width=\"75\">120<\/td>\n<td width=\"77\">\u00a0 \u00a090\u00a0 \u00a0a \u00a0\u00a0\u00a0110<\/td>\n<\/tr>\n<tr>\n<td width=\"57\">GG<\/td>\n<td width=\"75\">135<\/td>\n<td width=\"77\">\u00a0\u00a0 105\u00a0 \u00a0a \u00a0\u00a0125<\/td>\n<\/tr>\n<\/tbody>\n<\/table>\n<p>Importante fazer as medidas de sua cintura para a aquisi\u00e7\u00e3o correta do seu cinto.<br \/>\nComo medir? Use um cinto que voc\u00ea j\u00e1 usa para medir.<br \/>\nMedir da extremidade da fivela at\u00e9 o furo do meio, por\u00e9m por ter v\u00e1rios furos pode ser ajustado ao corpo para mais ou menos.<\/p>\n<p>O cinto pode ser cortado de acordo com o tamanho que desejar.<br \/>\nRemover a fivela\u00a0 no parafuso para efetuar o corte no gorgur\u00e3o.<br \/>\nSe caso precisar cortar tenha cuidado com as pontas de linhas para n\u00e3o descosturar\u00a0 ou desfiar o gorgur\u00e3o.<\/p>\n<p>Fabricado e comercializado pela RMarq Collection com todo cuidado e qualidade, visando sempre o melhor benef\u00edcio para voc\u00ea.<\/p>\n<p>Garantia do Fabricante: Contra defeitos de fabrica\u00e7\u00e3o \/ 30 dias.<br \/>\n<strong><a href=\"https:\/\/rmarqcollection.com.br\/?page_id=238\">Estamos dispon\u00edveis para atender \u00e0s suas d\u00favidas.<\/a><\/strong><\/p>\n","protected":false},"excerpt":{"rendered":"<h6><span style=\"color: #3366ff;\"><a style=\"color: #3366ff;\" href=\"https:\/\/rmarqcollection.com.br\/?page_id=1849\"><strong>Em 12x confira formas de pagamentos.<\/strong><\/a><\/span><\/h6>\n<h6>Largura (3,5 cm), detalhes couro, oito furos, presilha e parafuso.<\/h6>\n<h5><a href=\"https:\/\/rmarqcollection.com.br\/?p=7128\">V\u00eddeo<\/a><\/h5>\n","protected":false},"featured_media":6963,"comment_status":"open","ping_status":"closed","template":"","meta":{"jetpack_publicize_message":"","jetpack_publicize_feature_enabled":true,"jetpack_social_post_already_shared":true,"jetpack_social_options":{"image_generator_settings":{"template":"highway","default_image_id":0,"font":"","enabled":false},"version":2}},"product_brand":[509],"product_cat":[261,32],"product_tag":[362,581,487,526,576,580,578,202],"class_list":{"0":"post-6944","1":"product","2":"type-product","3":"status-publish","6":"product_brand-rmarq-collection","7":"product_cat-cintos-de-fita-gorgurao","8":"product_cat-cintos-masculinos","9":"product_tag-cinto","10":"product_tag-cinto-azul-marinho-listrado","11":"product_tag-cinto-fita-gorgurao","12":"product_tag-cinto-fivela-com-parafuso","13":"product_tag-cinto-gorgurao","14":"product_tag-cinto-gorgurao-detalhe-couro","15":"product_tag-cinto-homem","16":"product_tag-cinto-masculino","18":"first","19":"instock","20":"sale","21":"taxable","22":"shipping-taxable","23":"purchasable","24":"product-type-variable"},"aioseo_notices":[],"jetpack_publicize_connections":[],"jetpack-related-posts":[{"id":6918,"url":"https:\/\/rmarqcollection.com.br\/?product=cinto-masculino-gorgurao-verde-listrado-preto-rmarq-collection","url_meta":{"origin":6944,"position":0},"title":"Cinto Masculino Gorgur\u00e3o Verde Listrado Preto RMarq Collection","author":"cole\u00e7\u00e3o rmarq","date":"07\/09\/2025","format":false,"excerpt":"Em 12x confira formas de pagamentos. Largura (3,5 cm), detalhes couro, oito furos, presilha e parafuso. V\u00eddeo","rel":"","context":"Post similar","block_context":{"text":"Post similar","link":""},"img":{"alt_text":"","src":"https:\/\/i0.wp.com\/rmarqcollection.com.br\/wp-content\/uploads\/2025\/09\/cinto-gorgurao-verde-listras-pretas-1.png?fit=1200%2C1200&ssl=1&resize=350%2C200","width":350,"height":200,"srcset":"https:\/\/i0.wp.com\/rmarqcollection.com.br\/wp-content\/uploads\/2025\/09\/cinto-gorgurao-verde-listras-pretas-1.png?fit=1200%2C1200&ssl=1&resize=350%2C200 1x, https:\/\/i0.wp.com\/rmarqcollection.com.br\/wp-content\/uploads\/2025\/09\/cinto-gorgurao-verde-listras-pretas-1.png?fit=1200%2C1200&ssl=1&resize=525%2C300 1.5x, https:\/\/i0.wp.com\/rmarqcollection.com.br\/wp-content\/uploads\/2025\/09\/cinto-gorgurao-verde-listras-pretas-1.png?fit=1200%2C1200&ssl=1&resize=700%2C400 2x, https:\/\/i0.wp.com\/rmarqcollection.com.br\/wp-content\/uploads\/2025\/09\/cinto-gorgurao-verde-listras-pretas-1.png?fit=1200%2C1200&ssl=1&resize=1050%2C600 3x"},"classes":[]},{"id":6928,"url":"https:\/\/rmarqcollection.com.br\/?product=cinto-masculino-gorgurao-branco-listra-preta-rmarq-collection","url_meta":{"origin":6944,"position":1},"title":"Cinto Masculino Gorgur\u00e3o Branco Listra Preta RMarq Collection","author":"cole\u00e7\u00e3o rmarq","date":"07\/09\/2025","format":false,"excerpt":"Em 12x confira formas de pagamentos. Largura (4 cm), detalhes couro, oito furos, presilha e parafuso. V\u00eddeo","rel":"","context":"Post similar","block_context":{"text":"Post similar","link":""},"img":{"alt_text":"","src":"https:\/\/i0.wp.com\/rmarqcollection.com.br\/wp-content\/uploads\/2025\/09\/Cinto-gorgurao-branco-listra-preta-1.png?fit=1200%2C1200&ssl=1&resize=350%2C200","width":350,"height":200,"srcset":"https:\/\/i0.wp.com\/rmarqcollection.com.br\/wp-content\/uploads\/2025\/09\/Cinto-gorgurao-branco-listra-preta-1.png?fit=1200%2C1200&ssl=1&resize=350%2C200 1x, https:\/\/i0.wp.com\/rmarqcollection.com.br\/wp-content\/uploads\/2025\/09\/Cinto-gorgurao-branco-listra-preta-1.png?fit=1200%2C1200&ssl=1&resize=525%2C300 1.5x, https:\/\/i0.wp.com\/rmarqcollection.com.br\/wp-content\/uploads\/2025\/09\/Cinto-gorgurao-branco-listra-preta-1.png?fit=1200%2C1200&ssl=1&resize=700%2C400 2x, https:\/\/i0.wp.com\/rmarqcollection.com.br\/wp-content\/uploads\/2025\/09\/Cinto-gorgurao-branco-listra-preta-1.png?fit=1200%2C1200&ssl=1&resize=1050%2C600 3x"},"classes":[]},{"id":6923,"url":"https:\/\/rmarqcollection.com.br\/?product=cinto-masculino-gorgurao-cinza-rmarq-collection","url_meta":{"origin":6944,"position":2},"title":"Cinto Masculino Gorgur\u00e3o Cinza RMarq Collection","author":"cole\u00e7\u00e3o rmarq","date":"07\/09\/2025","format":false,"excerpt":"Em 12x confira formas de pagamentos. Largura (3,5 cm), detalhes couro, oito furos, presilha e parafuso. V\u00eddeo","rel":"","context":"Post similar","block_context":{"text":"Post similar","link":""},"img":{"alt_text":"","src":"https:\/\/i0.wp.com\/rmarqcollection.com.br\/wp-content\/uploads\/2025\/09\/cinto-gorgurao-cinza-1.png?fit=1200%2C1200&ssl=1&resize=350%2C200","width":350,"height":200,"srcset":"https:\/\/i0.wp.com\/rmarqcollection.com.br\/wp-content\/uploads\/2025\/09\/cinto-gorgurao-cinza-1.png?fit=1200%2C1200&ssl=1&resize=350%2C200 1x, https:\/\/i0.wp.com\/rmarqcollection.com.br\/wp-content\/uploads\/2025\/09\/cinto-gorgurao-cinza-1.png?fit=1200%2C1200&ssl=1&resize=525%2C300 1.5x, https:\/\/i0.wp.com\/rmarqcollection.com.br\/wp-content\/uploads\/2025\/09\/cinto-gorgurao-cinza-1.png?fit=1200%2C1200&ssl=1&resize=700%2C400 2x, https:\/\/i0.wp.com\/rmarqcollection.com.br\/wp-content\/uploads\/2025\/09\/cinto-gorgurao-cinza-1.png?fit=1200%2C1200&ssl=1&resize=1050%2C600 3x"},"classes":[]},{"id":259,"url":"https:\/\/rmarqcollection.com.br\/?product=cinto-masculino-40mm-fita-gorgurao-algodao","url_meta":{"origin":6944,"position":3},"title":"Cinto Masculino Gorgur\u00e3o Listra Vermelha RMarq Collection","author":"cole\u00e7\u00e3o rmarq","date":"09\/06\/2021","format":false,"excerpt":"Em 12x confira formas de pagamentos Fivela Ouro Velho (4 cm), ilh\u00f3ses e detalhe em couro.","rel":"","context":"Post similar","block_context":{"text":"Post similar","link":""},"img":{"alt_text":"","src":"https:\/\/i0.wp.com\/rmarqcollection.com.br\/wp-content\/uploads\/2021\/06\/Cinto-listrado-Marrom-vermelho-5-.png?fit=1200%2C1200&ssl=1&resize=350%2C200","width":350,"height":200,"srcset":"https:\/\/i0.wp.com\/rmarqcollection.com.br\/wp-content\/uploads\/2021\/06\/Cinto-listrado-Marrom-vermelho-5-.png?fit=1200%2C1200&ssl=1&resize=350%2C200 1x, https:\/\/i0.wp.com\/rmarqcollection.com.br\/wp-content\/uploads\/2021\/06\/Cinto-listrado-Marrom-vermelho-5-.png?fit=1200%2C1200&ssl=1&resize=525%2C300 1.5x, https:\/\/i0.wp.com\/rmarqcollection.com.br\/wp-content\/uploads\/2021\/06\/Cinto-listrado-Marrom-vermelho-5-.png?fit=1200%2C1200&ssl=1&resize=700%2C400 2x, https:\/\/i0.wp.com\/rmarqcollection.com.br\/wp-content\/uploads\/2021\/06\/Cinto-listrado-Marrom-vermelho-5-.png?fit=1200%2C1200&ssl=1&resize=1050%2C600 3x"},"classes":[]},{"id":2873,"url":"https:\/\/rmarqcollection.com.br\/?product=cinto-masculino-jeans-escuro-fivela-e-parafuso-largura-4-cm","url_meta":{"origin":6944,"position":4},"title":"Cinto Masculino Tecido Jeans Largura (4 cm) RMarq Collection","author":"cole\u00e7\u00e3o rmarq","date":"09\/09\/2022","format":false,"excerpt":"Em 12x confira formas de pagamentos Frete gr\u00e1tis saiba mais\u2026 Azul marinho liso\/ listrado, detalhes couro, largura (4 cm), presilha e parafuso. V\u00eddeo","rel":"","context":"Post similar","block_context":{"text":"Post similar","link":""},"img":{"alt_text":"","src":"https:\/\/i0.wp.com\/rmarqcollection.com.br\/wp-content\/uploads\/2022\/09\/os-tres.jpg?fit=1197%2C1200&ssl=1&resize=350%2C200","width":350,"height":200,"srcset":"https:\/\/i0.wp.com\/rmarqcollection.com.br\/wp-content\/uploads\/2022\/09\/os-tres.jpg?fit=1197%2C1200&ssl=1&resize=350%2C200 1x, https:\/\/i0.wp.com\/rmarqcollection.com.br\/wp-content\/uploads\/2022\/09\/os-tres.jpg?fit=1197%2C1200&ssl=1&resize=525%2C300 1.5x, https:\/\/i0.wp.com\/rmarqcollection.com.br\/wp-content\/uploads\/2022\/09\/os-tres.jpg?fit=1197%2C1200&ssl=1&resize=700%2C400 2x, https:\/\/i0.wp.com\/rmarqcollection.com.br\/wp-content\/uploads\/2022\/09\/os-tres.jpg?fit=1197%2C1200&ssl=1&resize=1050%2C600 3x"},"classes":[]},{"id":3539,"url":"https:\/\/rmarqcollection.com.br\/?product=cintos-femininos-material-couro","url_meta":{"origin":6944,"position":5},"title":"Cinto Feminino Couro Genu\u00edno (Largura 2 cm) RMarq Collection","author":"cole\u00e7\u00e3o rmarq","date":"12\/02\/2023","format":false,"excerpt":"Em 12x confira formas de pagamentos \u00a0Fivela n\u00edquel ou dourada, largura (2 cm) V\u00eddeo","rel":"","context":"Post similar","block_context":{"text":"Post similar","link":""},"img":{"alt_text":"","src":"https:\/\/i0.wp.com\/rmarqcollection.com.br\/wp-content\/uploads\/2023\/02\/cinto-feminino-quadro-1.png?fit=1200%2C705&ssl=1&resize=350%2C200","width":350,"height":200,"srcset":"https:\/\/i0.wp.com\/rmarqcollection.com.br\/wp-content\/uploads\/2023\/02\/cinto-feminino-quadro-1.png?fit=1200%2C705&ssl=1&resize=350%2C200 1x, https:\/\/i0.wp.com\/rmarqcollection.com.br\/wp-content\/uploads\/2023\/02\/cinto-feminino-quadro-1.png?fit=1200%2C705&ssl=1&resize=525%2C300 1.5x, https:\/\/i0.wp.com\/rmarqcollection.com.br\/wp-content\/uploads\/2023\/02\/cinto-feminino-quadro-1.png?fit=1200%2C705&ssl=1&resize=700%2C400 2x, https:\/\/i0.wp.com\/rmarqcollection.com.br\/wp-content\/uploads\/2023\/02\/cinto-feminino-quadro-1.png?fit=1200%2C705&ssl=1&resize=1050%2C600 3x"},"classes":[]}],"jetpack_likes_enabled":true,"jetpack_sharing_enabled":true,"_links":{"self":[{"href":"https:\/\/rmarqcollection.com.br\/index.php?rest_route=\/wp\/v2\/product\/6944","targetHints":{"allow":["GET"]}}],"collection":[{"href":"https:\/\/rmarqcollection.com.br\/index.php?rest_route=\/wp\/v2\/product"}],"about":[{"href":"https:\/\/rmarqcollection.com.br\/index.php?rest_route=\/wp\/v2\/types\/product"}],"replies":[{"embeddable":true,"href":"https:\/\/rmarqcollection.com.br\/index.php?rest_route=%2Fwp%2Fv2%2Fcomments&post=6944"}],"wp:featuredmedia":[{"embeddable":true,"href":"https:\/\/rmarqcollection.com.br\/index.php?rest_route=\/wp\/v2\/media\/6963"}],"wp:attachment":[{"href":"https:\/\/rmarqcollection.com.br\/index.php?rest_route=%2Fwp%2Fv2%2Fmedia&parent=6944"}],"wp:term":[{"taxonomy":"product_brand","embeddable":true,"href":"https:\/\/rmarqcollection.com.br\/index.php?rest_route=%2Fwp%2Fv2%2Fproduct_brand&post=6944"},{"taxonomy":"product_cat","embeddable":true,"href":"https:\/\/rmarqcollection.com.br\/index.php?rest_route=%2Fwp%2Fv2%2Fproduct_cat&post=6944"},{"taxonomy":"product_tag","embeddable":true,"href":"https:\/\/rmarqcollection.com.br\/index.php?rest_route=%2Fwp%2Fv2%2Fproduct_tag&post=6944"}],"curies":[{"name":"wp","href":"https:\/\/api.w.org\/{rel}","templated":true}]}}