{"id":7226,"date":"2025-12-28T19:05:59","date_gmt":"2025-12-28T22:05:59","guid":{"rendered":"https:\/\/rmarqcollection.com.br\/?post_type=product&#038;p=7226"},"modified":"2026-02-15T15:36:18","modified_gmt":"2026-02-15T18:36:18","slug":"bracelete-pulseira-feminino-couro-genuino-rmarq-collection","status":"publish","type":"product","link":"https:\/\/rmarqcollection.com.br\/?product=bracelete-pulseira-feminino-couro-genuino-rmarq-collection","title":{"rendered":"Bracelete Pulseira Feminino Couro Genu\u00edno RMarq Collection"},"content":{"rendered":"<p>Bem-vindo (a) a nossa loja! Queremos proporcionar a voc\u00ea o que h\u00e1 de melhor.<br \/>\nTodos os nossos produtos s\u00e3o confeccionados visando a qualidade e o conforto sempre com o objetivo de satisfazer voc\u00ea.<br \/>\n<strong>Braceletes\/pulseiras femininas<\/strong> s\u00e3o confeccionadas com material couro genu\u00edno, forradas internamente, com<br \/>\ncosturas vis\u00edveis na borda \u00e0 m\u00e1quina, adornos em formato pir\u00e2mides na extens\u00e3o da tira.<\/p>\n<p>Possui fecho em fivela e furos na ponta para regulagem na circunfer\u00eancia do pulso. Sendo poss\u00edvel a ajustar entre as medidas (15 cm a 21 cm).<\/p>\n<p>Disponibilidade em quatro (4) varia\u00e7\u00f5es de cores a escolher.<span style=\"color: #3366ff;\"> <a style=\"color: #3366ff;\" href=\"https:\/\/youtube.com\/shorts\/DzrhEpclG8A?si=PTXA7h1-9tte486d\">V\u00eddeo<\/a><\/span><br \/>\nAcess\u00f3rios da moda ideal para o uso em diversas ocasi\u00f5es.<\/p>\n<p data-path-to-node=\"3,0,0\"><b data-path-to-node=\"3,0,0\" data-index-in-node=\"0\">Rosa claro:<\/b>\u00a0Enfeites piramidais nude no mesmo tom.<\/p>\n<p data-path-to-node=\"3,1,0\"><b data-path-to-node=\"3,1,0\" data-index-in-node=\"0\">Preta:<\/b> Enfeites piramidais preto no mesmo tom.<\/p>\n<p data-path-to-node=\"3,2,0\"><b data-path-to-node=\"3,2,0\" data-index-in-node=\"0\">Rosa Chiclete:<\/b> Enfeites piramidais vermelho contraste.<\/p>\n<p data-path-to-node=\"3,3,0\"><b data-path-to-node=\"3,3,0\" data-index-in-node=\"0\">Marrom:<\/b> Enfeites piramidais ros\u00e9 contraste.<\/p>\n<p><strong>Caracter\u00edsticas:<\/strong><br \/>\nMaterial: Couro genu\u00edno<br \/>\nCores principal: Couro marrom, couro preto, couro rosa claro e couro rosa cchiclete<br \/>\nDetalhes: Enfeites em pir\u00e2mides e costuras na mesma tonalidade nas bordas da tira.<br \/>\nFecho: Fivela<br \/>\nRegulagem: Furos<br \/>\n<strong>Tamanho: Ajust\u00e1vel (15 cm a 21 cm)<\/strong><br \/>\n<strong>Largura: (1,4 cm)<\/strong><br \/>\nPeso: (0,070) g<br \/>\nG\u00eanero: Feminino<br \/>\nMarca: RMarq Collection<br \/>\nModelo: BRARM01<\/p>\n<p><strong>Importante fazer as medidas<\/strong>\u00a0da circunfer\u00eancia do Pulso ou verificar medidas de outra que voc\u00ea usa.<br \/>\nMedidas padronizadas para braceletes pulseiras que produzimos.<br \/>\nLembre-se que por ter v\u00e1rios furos pode ser ajust\u00e1vel ao Pulso para mais ou menos.<br \/>\nConfira as possibilidades nos ajustes vari\u00e1veis entre<strong> (15 cm e 21 cm)<\/strong>.<br \/>\nAntes de efetuar o pedido, observar se as nossas medidas s\u00e3o adequadas para o uso.<\/p>\n<p><strong>Cuidados importantes:<\/strong>\u00a0O suor pode ocasionar umidade no couro e desgaste.<br \/>\nProcure cuidar da limpeza deste produto. Use um pano \u00famido e deixe secar. N\u00e3o lave com produtos qu\u00edmicos.<br \/>\nN\u00e3o esfregue o couro, pois pode causar ranhuras. Para conserva\u00e7\u00e3o do couro use produto dispon\u00edveis no mercado.<br \/>\nPor se tratar de couro pode ocorrer pequenas varia\u00e7\u00f5es nos tons.<br \/>\nEm computadores diferentes, as imagens apresentam pequenas varia\u00e7\u00f5es em cores.<br \/>\nPortanto, n\u00e3o s\u00e3o considerados defeitos ou falta de informa\u00e7\u00f5es.<\/p>\n<p>Fabricado e comercializado pela RMarq Collection com todo cuidado e qualidade, visando sempre o melhor benef\u00edcio para voc\u00ea.<\/p>\n<p>Garantia do Fabricante: contra defeitos de fabrica\u00e7\u00e3o \/30 dias.<br \/>\n<a href=\"https:\/\/rmarqcollection.com.br\/?page_id=238\">Estamos a disposi\u00e7\u00e3o para atender \u00e0s suas d\u00favidas.<\/a><\/p>\n<div id=\"jp-relatedposts\" class=\"jp-relatedposts\">\n<div class=\"jp-relatedposts-items jp-relatedposts-items-minimal jp-relatedposts-grid \">\n<p class=\"jp-relatedposts-post jp-relatedposts-post0\" data-post-id=\"7202\" data-post-format=\"false\">\n<\/div>\n<\/div>\n","protected":false},"excerpt":{"rendered":"<h4><a href=\"https:\/\/rmarqcollection.com.br\/?page_id=1849\"><strong>Em 12x confira formas de pagamentos.<\/strong><\/a><\/h4>\n<h6>Tamanho: Ajust\u00e1vel (15 cm a 21 cm)\/Largura: (1,4 cm)<br \/>\n<span style=\"color: #3366ff;\"><a style=\"color: #3366ff;\" href=\"https:\/\/rmarqcollection.com.br\/?p=7332\">V\u00eddeo<\/a><\/span><\/h6>\n","protected":false},"featured_media":7239,"comment_status":"open","ping_status":"closed","template":"","meta":{"jetpack_publicize_message":"","jetpack_publicize_feature_enabled":true,"jetpack_social_post_already_shared":true,"jetpack_social_options":{"image_generator_settings":{"template":"highway","default_image_id":0,"font":"","enabled":false},"version":2}},"product_brand":[509],"product_cat":[632,631],"product_tag":[445,594,450,633,635,634,446,601,537],"class_list":{"0":"post-7226","1":"product","2":"type-product","3":"status-publish","6":"product_brand-rmarq-collection","7":"product_cat-bracelete","8":"product_cat-bracelete-feminino","9":"product_tag-bracelete","10":"product_tag-bracelete-couro-genuino","11":"product_tag-bracelete-de-couro","12":"product_tag-bracelete-feminino","13":"product_tag-bracelete-feminino-couro","14":"product_tag-bracelete-pulseira","15":"product_tag-braceletes","16":"product_tag-pulseira-couro-genuino","17":"product_tag-pulseira-feminina","19":"first","20":"instock","21":"sale","22":"taxable","23":"shipping-taxable","24":"purchasable","25":"product-type-variable"},"aioseo_notices":[],"jetpack_publicize_connections":[],"jetpack-related-posts":[{"id":7462,"url":"https:\/\/rmarqcollection.com.br\/?product=bracelete-pulseira-feminino-couro-genuino-strass-rmarq-collection","url_meta":{"origin":7226,"position":0},"title":"Bracelete Pulseira Feminino Couro Genu\u00edno Strass RMarq Collection","author":"cole\u00e7\u00e3o rmarq","date":"19\/01\/2026","format":false,"excerpt":"Em 12x confira formas de pagamentos. Tamanho: Ajust\u00e1vel (15 cm a 21 cm)\/Largura: (0,85 cm) V\u00eddeo","rel":"","context":"Post similar","block_context":{"text":"Post similar","link":""},"img":{"alt_text":"","src":"https:\/\/i0.wp.com\/rmarqcollection.com.br\/wp-content\/uploads\/2026\/01\/Bracelete-feminino-A-capa-2-Couro-Genuino.png?fit=1200%2C1200&ssl=1&resize=350%2C200","width":350,"height":200,"srcset":"https:\/\/i0.wp.com\/rmarqcollection.com.br\/wp-content\/uploads\/2026\/01\/Bracelete-feminino-A-capa-2-Couro-Genuino.png?fit=1200%2C1200&ssl=1&resize=350%2C200 1x, https:\/\/i0.wp.com\/rmarqcollection.com.br\/wp-content\/uploads\/2026\/01\/Bracelete-feminino-A-capa-2-Couro-Genuino.png?fit=1200%2C1200&ssl=1&resize=525%2C300 1.5x, https:\/\/i0.wp.com\/rmarqcollection.com.br\/wp-content\/uploads\/2026\/01\/Bracelete-feminino-A-capa-2-Couro-Genuino.png?fit=1200%2C1200&ssl=1&resize=700%2C400 2x, https:\/\/i0.wp.com\/rmarqcollection.com.br\/wp-content\/uploads\/2026\/01\/Bracelete-feminino-A-capa-2-Couro-Genuino.png?fit=1200%2C1200&ssl=1&resize=1050%2C600 3x"},"classes":[]},{"id":7221,"url":"https:\/\/rmarqcollection.com.br\/?product=bracelete-pulseira-masculino-couro-genuino-rmarq-collection","url_meta":{"origin":7226,"position":1},"title":"Bracelete Pulseira Masculino Couro Genu\u00edno RMarq Collection","author":"cole\u00e7\u00e3o rmarq","date":"26\/12\/2025","format":false,"excerpt":"Em 12x confira formas de pagamentos. Tamanho: Ajust\u00e1vel (16 cm a 21 cm)\/Largura: (2 cm) V\u00eddeo","rel":"","context":"Post similar","block_context":{"text":"Post similar","link":""},"img":{"alt_text":"","src":"https:\/\/i0.wp.com\/rmarqcollection.com.br\/wp-content\/uploads\/2025\/12\/bracelete-couro-marrom-escuro-ponto-linha-marrom-1.png?fit=1200%2C1200&ssl=1&resize=350%2C200","width":350,"height":200,"srcset":"https:\/\/i0.wp.com\/rmarqcollection.com.br\/wp-content\/uploads\/2025\/12\/bracelete-couro-marrom-escuro-ponto-linha-marrom-1.png?fit=1200%2C1200&ssl=1&resize=350%2C200 1x, https:\/\/i0.wp.com\/rmarqcollection.com.br\/wp-content\/uploads\/2025\/12\/bracelete-couro-marrom-escuro-ponto-linha-marrom-1.png?fit=1200%2C1200&ssl=1&resize=525%2C300 1.5x, https:\/\/i0.wp.com\/rmarqcollection.com.br\/wp-content\/uploads\/2025\/12\/bracelete-couro-marrom-escuro-ponto-linha-marrom-1.png?fit=1200%2C1200&ssl=1&resize=700%2C400 2x, https:\/\/i0.wp.com\/rmarqcollection.com.br\/wp-content\/uploads\/2025\/12\/bracelete-couro-marrom-escuro-ponto-linha-marrom-1.png?fit=1200%2C1200&ssl=1&resize=1050%2C600 3x"},"classes":[]},{"id":7202,"url":"https:\/\/rmarqcollection.com.br\/?product=bracelete-pulseira-masculino-cruz-couro-genuino-rmarq-collection","url_meta":{"origin":7226,"position":2},"title":"Bracelete Pulseira Masculino Cruz Couro Genu\u00edno RMarq Collection","author":"cole\u00e7\u00e3o rmarq","date":"26\/12\/2025","format":false,"excerpt":"Em 12x confira formas de pagamentos. Tamanho: Ajust\u00e1vel (16 cm a 21 cm)\/Largura: (2 cm) V\u00eddeos","rel":"","context":"Post similar","block_context":{"text":"Post similar","link":""},"img":{"alt_text":"","src":"https:\/\/i0.wp.com\/rmarqcollection.com.br\/wp-content\/uploads\/2025\/12\/bracelete-couro-marrom-escuro-cruz-linha-cinza-1.png?fit=1200%2C1200&ssl=1&resize=350%2C200","width":350,"height":200,"srcset":"https:\/\/i0.wp.com\/rmarqcollection.com.br\/wp-content\/uploads\/2025\/12\/bracelete-couro-marrom-escuro-cruz-linha-cinza-1.png?fit=1200%2C1200&ssl=1&resize=350%2C200 1x, https:\/\/i0.wp.com\/rmarqcollection.com.br\/wp-content\/uploads\/2025\/12\/bracelete-couro-marrom-escuro-cruz-linha-cinza-1.png?fit=1200%2C1200&ssl=1&resize=525%2C300 1.5x, https:\/\/i0.wp.com\/rmarqcollection.com.br\/wp-content\/uploads\/2025\/12\/bracelete-couro-marrom-escuro-cruz-linha-cinza-1.png?fit=1200%2C1200&ssl=1&resize=700%2C400 2x, https:\/\/i0.wp.com\/rmarqcollection.com.br\/wp-content\/uploads\/2025\/12\/bracelete-couro-marrom-escuro-cruz-linha-cinza-1.png?fit=1200%2C1200&ssl=1&resize=1050%2C600 3x"},"classes":[]},{"id":5446,"url":"https:\/\/rmarqcollection.com.br\/?product=bracelete-pulseira-masculina-couro-fivela-ajustavel-rm501","url_meta":{"origin":7226,"position":3},"title":"Bracelete Pulseira Masculina Couro Fivela Ajust\u00e1vel RM501","author":"cole\u00e7\u00e3o rmarq","date":"02\/04\/2024","format":false,"excerpt":"Em 12x confira formas de pagamentos. Tamanho: Ajust\u00e1vel (16 cm a 22 cm)\/Largura: (2,5 cm) V\u00eddeo","rel":"","context":"Post similar","block_context":{"text":"Post similar","link":""},"img":{"alt_text":"","src":"https:\/\/i0.wp.com\/rmarqcollection.com.br\/wp-content\/uploads\/2024\/04\/Braceletes-RM501.png?fit=1200%2C1200&ssl=1&resize=350%2C200","width":350,"height":200,"srcset":"https:\/\/i0.wp.com\/rmarqcollection.com.br\/wp-content\/uploads\/2024\/04\/Braceletes-RM501.png?fit=1200%2C1200&ssl=1&resize=350%2C200 1x, https:\/\/i0.wp.com\/rmarqcollection.com.br\/wp-content\/uploads\/2024\/04\/Braceletes-RM501.png?fit=1200%2C1200&ssl=1&resize=525%2C300 1.5x, https:\/\/i0.wp.com\/rmarqcollection.com.br\/wp-content\/uploads\/2024\/04\/Braceletes-RM501.png?fit=1200%2C1200&ssl=1&resize=700%2C400 2x, https:\/\/i0.wp.com\/rmarqcollection.com.br\/wp-content\/uploads\/2024\/04\/Braceletes-RM501.png?fit=1200%2C1200&ssl=1&resize=1050%2C600 3x"},"classes":[]},{"id":4555,"url":"https:\/\/rmarqcollection.com.br\/?product=bracelete-masculino-material-couro-rm500","url_meta":{"origin":7226,"position":4},"title":"Bracelete Pulseira Masculina Couro Fivela Ajust\u00e1vel RM500","author":"cole\u00e7\u00e3o rmarq","date":"27\/12\/2023","format":false,"excerpt":"Em 12x confira formas de pagamentos. Tamanho: Ajust\u00e1vel (16 cm a 22 cm)\/Largura: (2,5 cm) Bracelete enfeite tress\u00ea. V\u00eddeo","rel":"","context":"Post similar","block_context":{"text":"Post similar","link":""},"img":{"alt_text":"","src":"https:\/\/i0.wp.com\/rmarqcollection.com.br\/wp-content\/uploads\/2023\/12\/Braceletes-RM500-2.png?fit=1200%2C1200&ssl=1&resize=350%2C200","width":350,"height":200,"srcset":"https:\/\/i0.wp.com\/rmarqcollection.com.br\/wp-content\/uploads\/2023\/12\/Braceletes-RM500-2.png?fit=1200%2C1200&ssl=1&resize=350%2C200 1x, https:\/\/i0.wp.com\/rmarqcollection.com.br\/wp-content\/uploads\/2023\/12\/Braceletes-RM500-2.png?fit=1200%2C1200&ssl=1&resize=525%2C300 1.5x, https:\/\/i0.wp.com\/rmarqcollection.com.br\/wp-content\/uploads\/2023\/12\/Braceletes-RM500-2.png?fit=1200%2C1200&ssl=1&resize=700%2C400 2x, https:\/\/i0.wp.com\/rmarqcollection.com.br\/wp-content\/uploads\/2023\/12\/Braceletes-RM500-2.png?fit=1200%2C1200&ssl=1&resize=1050%2C600 3x"},"classes":[]},{"id":4601,"url":"https:\/\/rmarqcollection.com.br\/?product=bracelete-masculino-material-couro-rm502","url_meta":{"origin":7226,"position":5},"title":"Bracelete Pulseira Masculina Couro Fivela Ajust\u00e1vel RM502","author":"cole\u00e7\u00e3o rmarq","date":"27\/12\/2023","format":false,"excerpt":"Em 12x confira formas de pagamentos. Tamanho: Ajust\u00e1vel (16 cm a 22 cm)\/Largura: (2 cm) Bracelete com rebites e tran\u00e7a fixa no centro. V\u00eddeo","rel":"","context":"Post similar","block_context":{"text":"Post similar","link":""},"img":{"alt_text":"","src":"https:\/\/i0.wp.com\/rmarqcollection.com.br\/wp-content\/uploads\/2023\/12\/Braceletes-RM502.png?fit=1200%2C1200&ssl=1&resize=350%2C200","width":350,"height":200,"srcset":"https:\/\/i0.wp.com\/rmarqcollection.com.br\/wp-content\/uploads\/2023\/12\/Braceletes-RM502.png?fit=1200%2C1200&ssl=1&resize=350%2C200 1x, https:\/\/i0.wp.com\/rmarqcollection.com.br\/wp-content\/uploads\/2023\/12\/Braceletes-RM502.png?fit=1200%2C1200&ssl=1&resize=525%2C300 1.5x, https:\/\/i0.wp.com\/rmarqcollection.com.br\/wp-content\/uploads\/2023\/12\/Braceletes-RM502.png?fit=1200%2C1200&ssl=1&resize=700%2C400 2x, https:\/\/i0.wp.com\/rmarqcollection.com.br\/wp-content\/uploads\/2023\/12\/Braceletes-RM502.png?fit=1200%2C1200&ssl=1&resize=1050%2C600 3x"},"classes":[]}],"jetpack_likes_enabled":true,"jetpack_sharing_enabled":true,"_links":{"self":[{"href":"https:\/\/rmarqcollection.com.br\/index.php?rest_route=\/wp\/v2\/product\/7226","targetHints":{"allow":["GET"]}}],"collection":[{"href":"https:\/\/rmarqcollection.com.br\/index.php?rest_route=\/wp\/v2\/product"}],"about":[{"href":"https:\/\/rmarqcollection.com.br\/index.php?rest_route=\/wp\/v2\/types\/product"}],"replies":[{"embeddable":true,"href":"https:\/\/rmarqcollection.com.br\/index.php?rest_route=%2Fwp%2Fv2%2Fcomments&post=7226"}],"wp:featuredmedia":[{"embeddable":true,"href":"https:\/\/rmarqcollection.com.br\/index.php?rest_route=\/wp\/v2\/media\/7239"}],"wp:attachment":[{"href":"https:\/\/rmarqcollection.com.br\/index.php?rest_route=%2Fwp%2Fv2%2Fmedia&parent=7226"}],"wp:term":[{"taxonomy":"product_brand","embeddable":true,"href":"https:\/\/rmarqcollection.com.br\/index.php?rest_route=%2Fwp%2Fv2%2Fproduct_brand&post=7226"},{"taxonomy":"product_cat","embeddable":true,"href":"https:\/\/rmarqcollection.com.br\/index.php?rest_route=%2Fwp%2Fv2%2Fproduct_cat&post=7226"},{"taxonomy":"product_tag","embeddable":true,"href":"https:\/\/rmarqcollection.com.br\/index.php?rest_route=%2Fwp%2Fv2%2Fproduct_tag&post=7226"}],"curies":[{"name":"wp","href":"https:\/\/api.w.org\/{rel}","templated":true}]}}