{"id":7349,"date":"2026-01-05T16:06:59","date_gmt":"2026-01-05T19:06:59","guid":{"rendered":"https:\/\/rmarqcollection.com.br\/?post_type=product&#038;p=7349"},"modified":"2026-03-16T22:04:14","modified_gmt":"2026-03-17T01:04:14","slug":"cinto-masculino-couro-genuino-marrom-escuro-35cm-rmarq-collection","status":"publish","type":"product","link":"https:\/\/rmarqcollection.com.br\/?product=cinto-masculino-couro-genuino-marrom-escuro-35cm-rmarq-collection","title":{"rendered":"Cinto Masculino Couro Genu\u00edno Marrom Escuro 3,5cm RMarq Collection"},"content":{"rendered":"<p>Bem-vindo (a) a nossa loja! Queremos proporcionar a voc\u00ea o que h\u00e1 de melhor. Todos os nossos produtos s\u00e3o confeccionados visando a qualidade e o conforto sempre com o objetivo de satisfazer voc\u00ea.<\/p>\n<p>Cinto confeccionado em material couro genu\u00edno marrom escuro, largura (3,5 cm). Costurado \u00e0 m\u00e1quina, possui 8 furos,\u00a0 presilha, fivela e parafuso fixador remov\u00edvel.<br \/>\nAcabamento do couro original e forro couro vacum. Visual moderno que possibilita o uso com cal\u00e7as e bermudas.<br \/>\nIndicado para o dia a dia em diversas ocasi\u00f5es. Resistente e dur\u00e1vel. <strong><span style=\"color: #3366ff;\"><a style=\"color: #3366ff;\" href=\"https:\/\/youtu.be\/HFvF0aPtPhU\">V\u00eddeo<\/a><\/span><\/strong><\/p>\n<p>Material: Couro Genu\u00edno<img loading=\"lazy\" decoding=\"async\" class=\"wp-image-4671 alignright\" src=\"https:\/\/i0.wp.com\/rmarqcollection.com.br\/wp-content\/uploads\/2022\/10\/Tabela-Medidas-Cintos-Masculinos.jpg?resize=226%2C226&amp;ssl=1\" sizes=\"auto, (max-width: 226px) 100vw, 226px\" srcset=\"https:\/\/i0.wp.com\/rmarqcollection.com.br\/wp-content\/uploads\/2022\/10\/Tabela-Medidas-Cintos-Masculinos.jpg?resize=300%2C300&amp;ssl=1 300w, https:\/\/i0.wp.com\/rmarqcollection.com.br\/wp-content\/uploads\/2022\/10\/Tabela-Medidas-Cintos-Masculinos.jpg?resize=100%2C100&amp;ssl=1 100w, https:\/\/i0.wp.com\/rmarqcollection.com.br\/wp-content\/uploads\/2022\/10\/Tabela-Medidas-Cintos-Masculinos.jpg?resize=600%2C600&amp;ssl=1 600w, https:\/\/i0.wp.com\/rmarqcollection.com.br\/wp-content\/uploads\/2022\/10\/Tabela-Medidas-Cintos-Masculinos.jpg?resize=1024%2C1024&amp;ssl=1 1024w, https:\/\/i0.wp.com\/rmarqcollection.com.br\/wp-content\/uploads\/2022\/10\/Tabela-Medidas-Cintos-Masculinos.jpg?resize=150%2C150&amp;ssl=1 150w, https:\/\/i0.wp.com\/rmarqcollection.com.br\/wp-content\/uploads\/2022\/10\/Tabela-Medidas-Cintos-Masculinos.jpg?resize=768%2C768&amp;ssl=1 768w, https:\/\/i0.wp.com\/rmarqcollection.com.br\/wp-content\/uploads\/2022\/10\/Tabela-Medidas-Cintos-Masculinos.jpg?w=1500&amp;ssl=1 1500w, https:\/\/i0.wp.com\/rmarqcollection.com.br\/wp-content\/uploads\/2022\/10\/Tabela-Medidas-Cintos-Masculinos.jpg?w=1280&amp;ssl=1 1280w\" alt=\"\" width=\"226\" height=\"226\" data-recalc-dims=\"1\" \/><br \/>\nCor: Marrom escuro<br \/>\nLargura: (3,5 cm)<br \/>\nFivela e parafuso: Niquel<\/p>\n<p>Tamanho \u2014 Comprimento \u2014 Cintura<br \/>\nP \u2014\u2014\u2014\u2014\u2013\u2014- 105 cm \u2014\u2014\u2013\u2014 74 a 94<br \/>\nM \u2014\u2014\u2014\u2014\u2013\u2014- 110 cm \u2014\u2014\u2013\u2013 80 a 100<br \/>\nG \u2014\u2014\u2014\u2014\u2013\u2014- 120 cm \u2014\u2014\u2013\u2013 90 a 110<br \/>\nGG \u2014\u2014\u2014\u2014\u2014- 135 cm \u2014\u2014\u2013- 105 a 125<\/p>\n<p><strong>Importante fazer as medidas de sua cintura para a aquisi\u00e7\u00e3o correta do seu cinto.<\/strong><br \/>\nComo medir? Use um cinto que voc\u00ea j\u00e1 usa para medir.<br \/>\nMedir da extremidade da fivela at\u00e9 o furo do meio, por\u00e9m por ter v\u00e1rios furos pode ser ajustado ao corpo para mais ou menos.<\/p>\n<p>O cinto pode ser cortado de acordo com o tamanho que desejar.<br \/>\nRemover a fivela no parafuso, fazer outro furo no cinto, se necess\u00e1rio.<br \/>\nSe caso precisar cortar o couro cuidado com as pontas de linhas para n\u00e3o descosturar.<\/p>\n<p><strong>Recomenda\u00e7\u00f5es importantes:\u00a0<\/strong>A limpeza pode ser feita com sab\u00e3o neutro e pano \u00famido e n\u00e3o deve ficar de molho. N\u00e3o esfregar com bucha grossa, pois pode ocasionar ranhuras no couro danificando-o. N\u00e3o usar nenhuma fonte de calor para secar, somente a natural. Guardar em local sem umidade.<br \/>\nPode-se usar produtos dispon\u00edveis e compat\u00edveis no mercado para a conserva\u00e7\u00e3o e o brilho do couro.<\/p>\n<p>Fabricado e comercializado pela RMarq Collection com todo cuidado e qualidade, visando sempre o melhor benef\u00edcio para voc\u00ea.<br \/>\nGarantia do Fabricante: Contra defeitos de fabrica\u00e7\u00e3o \/ 30 dias.<br \/>\n<strong><a href=\"https:\/\/rmarqcollection.com.br\/?page_id=238\">Estamos dispon\u00edveis para atender \u00e0s suas d\u00favidas.<\/a><\/strong><\/p>\n","protected":false},"excerpt":{"rendered":"<h6><a href=\"https:\/\/rmarqcollection.com.br\/?page_id=1849\"><strong>Em 12x confira formas de pagamentos.<\/strong><\/a><\/h6>\n<h6><strong><span style=\"color: #000000;\">Largura (3,5 cm), costurado, possui oito furos e presilha.<\/span><br \/>\n<span style=\"color: #3366ff;\"><a style=\"color: #3366ff;\" href=\"https:\/\/rmarqcollection.com.br\/?p=7347\">V\u00eddeo<\/a><\/span><\/strong><\/h6>\n","protected":false},"featured_media":6505,"comment_status":"open","ping_status":"closed","template":"","meta":{"jetpack_publicize_message":"","jetpack_publicize_feature_enabled":true,"jetpack_social_post_already_shared":true,"jetpack_social_options":{"image_generator_settings":{"template":"highway","default_image_id":0,"font":"","enabled":false},"version":2}},"product_brand":[509],"product_cat":[260,32],"product_tag":[362,663,600,531,578,202,355],"class_list":{"0":"post-7349","1":"product","2":"type-product","3":"status-publish","6":"product_brand-rmarq-collection","7":"product_cat-cintos-de-couro","8":"product_cat-cintos-masculinos","9":"product_tag-cinto","10":"product_tag-cinto-couro","11":"product_tag-cinto-couro-genuino","12":"product_tag-cinto-de-couro-marrom-escuro","13":"product_tag-cinto-homem","14":"product_tag-cinto-masculino","15":"product_tag-cintos","17":"first","18":"instock","19":"taxable","20":"shipping-taxable","21":"purchasable","22":"product-type-variable"},"aioseo_notices":[],"jetpack_publicize_connections":[],"jetpack-related-posts":[{"id":3329,"url":"https:\/\/rmarqcollection.com.br\/?product=cinto-masculino-couro-preto-fivela-removivel-largura-35-cm","url_meta":{"origin":7349,"position":0},"title":"Cinto Masculino Couro Genu\u00edno Preto Largura 3,5 cm RMarq Collection","author":"cole\u00e7\u00e3o rmarq","date":"29\/10\/2022","format":false,"excerpt":"Em 12x confira formas de pagamentos. Largura (3,5 cm), costurado, possui oito furos e presilha. V\u00eddeo","rel":"","context":"Post similar","block_context":{"text":"Post similar","link":""},"img":{"alt_text":"","src":"https:\/\/i0.wp.com\/rmarqcollection.com.br\/wp-content\/uploads\/2022\/10\/Cinto-masculino-preto-fivela-parafuso-largura-35-cm-1.png?fit=1200%2C1200&ssl=1&resize=350%2C200","width":350,"height":200,"srcset":"https:\/\/i0.wp.com\/rmarqcollection.com.br\/wp-content\/uploads\/2022\/10\/Cinto-masculino-preto-fivela-parafuso-largura-35-cm-1.png?fit=1200%2C1200&ssl=1&resize=350%2C200 1x, https:\/\/i0.wp.com\/rmarqcollection.com.br\/wp-content\/uploads\/2022\/10\/Cinto-masculino-preto-fivela-parafuso-largura-35-cm-1.png?fit=1200%2C1200&ssl=1&resize=525%2C300 1.5x, https:\/\/i0.wp.com\/rmarqcollection.com.br\/wp-content\/uploads\/2022\/10\/Cinto-masculino-preto-fivela-parafuso-largura-35-cm-1.png?fit=1200%2C1200&ssl=1&resize=700%2C400 2x, https:\/\/i0.wp.com\/rmarqcollection.com.br\/wp-content\/uploads\/2022\/10\/Cinto-masculino-preto-fivela-parafuso-largura-35-cm-1.png?fit=1200%2C1200&ssl=1&resize=1050%2C600 3x"},"classes":[]},{"id":6484,"url":"https:\/\/rmarqcollection.com.br\/?product=cinto-masculino-couro-fivela-largura-35-cm-rmarq-collection","url_meta":{"origin":7349,"position":1},"title":"Cinto Masculino Couro Genu\u00edno Branco 3,5 cm RMarq Collection","author":"cole\u00e7\u00e3o rmarq","date":"30\/06\/2025","format":false,"excerpt":"Em 12x confira formas de pagamentos. Largura (3,5 cm), costurado, oito furos, presilha e parafuso.","rel":"","context":"Post similar","block_context":{"text":"Post similar","link":""},"img":{"alt_text":"","src":"https:\/\/i0.wp.com\/rmarqcollection.com.br\/wp-content\/uploads\/2025\/06\/Cinto-RMarq-Couro-Genuino-Branco-1.png?fit=1200%2C1200&ssl=1&resize=350%2C200","width":350,"height":200,"srcset":"https:\/\/i0.wp.com\/rmarqcollection.com.br\/wp-content\/uploads\/2025\/06\/Cinto-RMarq-Couro-Genuino-Branco-1.png?fit=1200%2C1200&ssl=1&resize=350%2C200 1x, https:\/\/i0.wp.com\/rmarqcollection.com.br\/wp-content\/uploads\/2025\/06\/Cinto-RMarq-Couro-Genuino-Branco-1.png?fit=1200%2C1200&ssl=1&resize=525%2C300 1.5x, https:\/\/i0.wp.com\/rmarqcollection.com.br\/wp-content\/uploads\/2025\/06\/Cinto-RMarq-Couro-Genuino-Branco-1.png?fit=1200%2C1200&ssl=1&resize=700%2C400 2x, https:\/\/i0.wp.com\/rmarqcollection.com.br\/wp-content\/uploads\/2025\/06\/Cinto-RMarq-Couro-Genuino-Branco-1.png?fit=1200%2C1200&ssl=1&resize=1050%2C600 3x"},"classes":[]},{"id":3497,"url":"https:\/\/rmarqcollection.com.br\/?product=3497","url_meta":{"origin":7349,"position":2},"title":"Cinto Masculino Couro Genu\u00edno Marrom Escuro RMarq Collection","author":"cole\u00e7\u00e3o rmarq","date":"04\/02\/2023","format":false,"excerpt":"Em 12x confira formas de pagamentos. Fivela remov\u00edvel preta (4 cm), regulagem em parafuso. Detalhe em couro preto. V\u00eddeo","rel":"","context":"Post similar","block_context":{"text":"Post similar","link":""},"img":{"alt_text":"","src":"https:\/\/i0.wp.com\/rmarqcollection.com.br\/wp-content\/uploads\/2023\/02\/Cinto-Masculino-4-cm-Couro-Marrom-escuro-1.png?fit=1200%2C1199&ssl=1&resize=350%2C200","width":350,"height":200,"srcset":"https:\/\/i0.wp.com\/rmarqcollection.com.br\/wp-content\/uploads\/2023\/02\/Cinto-Masculino-4-cm-Couro-Marrom-escuro-1.png?fit=1200%2C1199&ssl=1&resize=350%2C200 1x, https:\/\/i0.wp.com\/rmarqcollection.com.br\/wp-content\/uploads\/2023\/02\/Cinto-Masculino-4-cm-Couro-Marrom-escuro-1.png?fit=1200%2C1199&ssl=1&resize=525%2C300 1.5x, https:\/\/i0.wp.com\/rmarqcollection.com.br\/wp-content\/uploads\/2023\/02\/Cinto-Masculino-4-cm-Couro-Marrom-escuro-1.png?fit=1200%2C1199&ssl=1&resize=700%2C400 2x, https:\/\/i0.wp.com\/rmarqcollection.com.br\/wp-content\/uploads\/2023\/02\/Cinto-Masculino-4-cm-Couro-Marrom-escuro-1.png?fit=1200%2C1199&ssl=1&resize=1050%2C600 3x"},"classes":[]},{"id":2529,"url":"https:\/\/rmarqcollection.com.br\/?product=cinto-masculino-couro-branco-fivela-removivel-largura-35cm","url_meta":{"origin":7349,"position":3},"title":"Cinto Masculino Couro Genu\u00edno Branco Fivela Press\u00e3o RMarq Collection","author":"cole\u00e7\u00e3o rmarq","date":"21\/08\/2022","format":false,"excerpt":"Em 12x confira formas de pagamentos Largura (3,5 cm), fivela press\u00e3o, costurado, (8 furos) e presilha.\u00a0 V\u00eddeo","rel":"","context":"Post similar","block_context":{"text":"Post similar","link":""},"img":{"alt_text":"","src":"https:\/\/i0.wp.com\/rmarqcollection.com.br\/wp-content\/uploads\/2022\/08\/Cinto-Couro-branco-3.png?fit=1200%2C1200&ssl=1&resize=350%2C200","width":350,"height":200,"srcset":"https:\/\/i0.wp.com\/rmarqcollection.com.br\/wp-content\/uploads\/2022\/08\/Cinto-Couro-branco-3.png?fit=1200%2C1200&ssl=1&resize=350%2C200 1x, https:\/\/i0.wp.com\/rmarqcollection.com.br\/wp-content\/uploads\/2022\/08\/Cinto-Couro-branco-3.png?fit=1200%2C1200&ssl=1&resize=525%2C300 1.5x, https:\/\/i0.wp.com\/rmarqcollection.com.br\/wp-content\/uploads\/2022\/08\/Cinto-Couro-branco-3.png?fit=1200%2C1200&ssl=1&resize=700%2C400 2x, https:\/\/i0.wp.com\/rmarqcollection.com.br\/wp-content\/uploads\/2022\/08\/Cinto-Couro-branco-3.png?fit=1200%2C1200&ssl=1&resize=1050%2C600 3x"},"classes":[]},{"id":6923,"url":"https:\/\/rmarqcollection.com.br\/?product=cinto-masculino-gorgurao-cinza-rmarq-collection","url_meta":{"origin":7349,"position":4},"title":"Cinto Masculino Gorgur\u00e3o Cinza RMarq Collection","author":"cole\u00e7\u00e3o rmarq","date":"07\/09\/2025","format":false,"excerpt":"Em 12x confira formas de pagamentos. Largura (3,5 cm), detalhes couro, oito furos, presilha e parafuso. V\u00eddeo","rel":"","context":"Post similar","block_context":{"text":"Post similar","link":""},"img":{"alt_text":"","src":"https:\/\/i0.wp.com\/rmarqcollection.com.br\/wp-content\/uploads\/2025\/09\/cinto-gorgurao-cinza-1.png?fit=1200%2C1200&ssl=1&resize=350%2C200","width":350,"height":200,"srcset":"https:\/\/i0.wp.com\/rmarqcollection.com.br\/wp-content\/uploads\/2025\/09\/cinto-gorgurao-cinza-1.png?fit=1200%2C1200&ssl=1&resize=350%2C200 1x, https:\/\/i0.wp.com\/rmarqcollection.com.br\/wp-content\/uploads\/2025\/09\/cinto-gorgurao-cinza-1.png?fit=1200%2C1200&ssl=1&resize=525%2C300 1.5x, https:\/\/i0.wp.com\/rmarqcollection.com.br\/wp-content\/uploads\/2025\/09\/cinto-gorgurao-cinza-1.png?fit=1200%2C1200&ssl=1&resize=700%2C400 2x, https:\/\/i0.wp.com\/rmarqcollection.com.br\/wp-content\/uploads\/2025\/09\/cinto-gorgurao-cinza-1.png?fit=1200%2C1200&ssl=1&resize=1050%2C600 3x"},"classes":[]},{"id":6944,"url":"https:\/\/rmarqcollection.com.br\/?product=cinto-masculino-gorgurao-azul-marinho-listras-rmarq-collection","url_meta":{"origin":7349,"position":5},"title":"Cinto Masculino Gorgur\u00e3o Azul Marinho Listras RMarq Collection","author":"cole\u00e7\u00e3o rmarq","date":"07\/09\/2025","format":false,"excerpt":"Em 12x confira formas de pagamentos. Largura (3,5 cm), detalhes couro, oito furos, presilha e parafuso. V\u00eddeo","rel":"","context":"Post similar","block_context":{"text":"Post similar","link":""},"img":{"alt_text":"","src":"https:\/\/i0.wp.com\/rmarqcollection.com.br\/wp-content\/uploads\/2025\/09\/Cinto-gorgurao-azul-marinho-listras-1.png?fit=1200%2C1200&ssl=1&resize=350%2C200","width":350,"height":200,"srcset":"https:\/\/i0.wp.com\/rmarqcollection.com.br\/wp-content\/uploads\/2025\/09\/Cinto-gorgurao-azul-marinho-listras-1.png?fit=1200%2C1200&ssl=1&resize=350%2C200 1x, https:\/\/i0.wp.com\/rmarqcollection.com.br\/wp-content\/uploads\/2025\/09\/Cinto-gorgurao-azul-marinho-listras-1.png?fit=1200%2C1200&ssl=1&resize=525%2C300 1.5x, https:\/\/i0.wp.com\/rmarqcollection.com.br\/wp-content\/uploads\/2025\/09\/Cinto-gorgurao-azul-marinho-listras-1.png?fit=1200%2C1200&ssl=1&resize=700%2C400 2x, https:\/\/i0.wp.com\/rmarqcollection.com.br\/wp-content\/uploads\/2025\/09\/Cinto-gorgurao-azul-marinho-listras-1.png?fit=1200%2C1200&ssl=1&resize=1050%2C600 3x"},"classes":[]}],"jetpack_likes_enabled":true,"jetpack_sharing_enabled":true,"_links":{"self":[{"href":"https:\/\/rmarqcollection.com.br\/index.php?rest_route=\/wp\/v2\/product\/7349","targetHints":{"allow":["GET"]}}],"collection":[{"href":"https:\/\/rmarqcollection.com.br\/index.php?rest_route=\/wp\/v2\/product"}],"about":[{"href":"https:\/\/rmarqcollection.com.br\/index.php?rest_route=\/wp\/v2\/types\/product"}],"replies":[{"embeddable":true,"href":"https:\/\/rmarqcollection.com.br\/index.php?rest_route=%2Fwp%2Fv2%2Fcomments&post=7349"}],"wp:featuredmedia":[{"embeddable":true,"href":"https:\/\/rmarqcollection.com.br\/index.php?rest_route=\/wp\/v2\/media\/6505"}],"wp:attachment":[{"href":"https:\/\/rmarqcollection.com.br\/index.php?rest_route=%2Fwp%2Fv2%2Fmedia&parent=7349"}],"wp:term":[{"taxonomy":"product_brand","embeddable":true,"href":"https:\/\/rmarqcollection.com.br\/index.php?rest_route=%2Fwp%2Fv2%2Fproduct_brand&post=7349"},{"taxonomy":"product_cat","embeddable":true,"href":"https:\/\/rmarqcollection.com.br\/index.php?rest_route=%2Fwp%2Fv2%2Fproduct_cat&post=7349"},{"taxonomy":"product_tag","embeddable":true,"href":"https:\/\/rmarqcollection.com.br\/index.php?rest_route=%2Fwp%2Fv2%2Fproduct_tag&post=7349"}],"curies":[{"name":"wp","href":"https:\/\/api.w.org\/{rel}","templated":true}]}}