{"id":7487,"date":"2026-03-08T16:36:38","date_gmt":"2026-03-08T19:36:38","guid":{"rendered":"https:\/\/rmarqcollection.com.br\/?post_type=product&#038;p=7487"},"modified":"2026-03-08T16:38:22","modified_gmt":"2026-03-08T19:38:22","slug":"capa-de-celular-para-cinto-nylon-reforcado","status":"publish","type":"product","link":"https:\/\/rmarqcollection.com.br\/?product=capa-de-celular-para-cinto-nylon-reforcado","title":{"rendered":"Capa de Celular Para Cinto Nylon Refor\u00e7ado"},"content":{"rendered":"<p>Bem-vindo (a) a nossa loja! Queremos proporcionar a voc\u00ea o que h\u00e1 de melhor. Todos os nossos produtos s\u00e3o confeccionados visando a qualidade e o conforto sempre com o objetivo de satisfazer voc\u00ea.<\/p>\n<p><strong>Capa porta celular para cinto<\/strong>, confeccionado em material Nylon 900 resistente e possui uma camada de refor\u00e7o interno e forro imperme\u00e1vel, ajudando na prote\u00e7\u00e3o do celular contra respingos de \u00e1gua, l\u00edquidos em geral e suor. Deixe o dispositivo mais protegido contra sujeiras, l\u00edquidos, quedas, arranh\u00f5es e riscos na tela.<\/p>\n<p>Possui uma abertura traseira que permite ser utilizado na maioria dos modelos de cintos (at\u00e9 6,5 cm de largura). A abertura de passagem do cinto \u00e9 simples e com mobilidade f\u00e1cil para posicionar na lateral da cintura que melhor adeque a necessidade. Oferece mais seguran\u00e7a para o aparelho celular quando estiver se movimentando, principalmente no trabalho e nas atividades di\u00e1rias.<\/p>\n<p>Ideal para quem trabalha e necessita usar o celular em v\u00e1rios momentos, possibilitando praticidade e agilidade para atender as mensagens e liga\u00e7\u00f5es.<\/p>\n<p>Atende a v\u00e1rios modelos e tamanhos de aparelhos. \u00c9 compat\u00edvel com todos os aparelhos de smartphone (at\u00e9 7 polegadas). Realize as medidas do celular para uma compra correta e segura.<\/p>\n<p>Com fecho em material velcro possibilita uma abertura r\u00e1pida e sem complica\u00e7\u00f5es, assim como um fechamento pr\u00e1tico e \u00e1gil.<\/p>\n<p>Fecho extra passante fixo, caso necessite adequar o fechamento. Qualidade e seguran\u00e7a evitando poss\u00edveis danos ao aparelho.<\/p>\n<p>Informa\u00e7\u00f5es t\u00e9cnicas:<img data-recalc-dims=\"1\" loading=\"lazy\" decoding=\"async\" class=\" wp-image-7595 alignright\" src=\"https:\/\/i0.wp.com\/rmarqcollection.com.br\/wp-content\/uploads\/2026\/02\/foto-medidas-2.png?resize=390%2C263&#038;ssl=1\" alt=\"\" width=\"390\" height=\"263\" srcset=\"https:\/\/i0.wp.com\/rmarqcollection.com.br\/wp-content\/uploads\/2026\/02\/foto-medidas-2.png?resize=300%2C202&amp;ssl=1 300w, https:\/\/i0.wp.com\/rmarqcollection.com.br\/wp-content\/uploads\/2026\/02\/foto-medidas-2.png?resize=600%2C403&amp;ssl=1 600w, https:\/\/i0.wp.com\/rmarqcollection.com.br\/wp-content\/uploads\/2026\/02\/foto-medidas-2.png?w=699&amp;ssl=1 699w\" sizes=\"auto, (max-width: 390px) 100vw, 390px\" \/><br \/>\nMaterial externo:\u00a0 Nylon 900 resistente<br \/>\nMaterial interno: Nylon resinado imperme\u00e1vel<br \/>\nRefor\u00e7o interno<br \/>\nCores: Preto, Azul-marinho<br \/>\nModelo: Porta celular tipo bainha<br \/>\nComprimento: 10 cm<br \/>\nAltura: 17 cm<br \/>\nLargura: 1,5 cm<br \/>\nAbertura e fechamento: Velcro<br \/>\nDetalhes: Passante extra fixo<br \/>\nAbertura passagem cinto: at\u00e9 6,2 cm<br \/>\nPeso:0,075<br \/>\nMarca: RMarq Collection<br \/>\nG\u00eanero: Masculino<\/p>\n<p><strong>Importante realizar as medidas do celular, observando as medidas mencionadas, para o bom \u00eaxito da compra.<\/strong><\/p>\n<p>N\u00e3o precisa mais segurar o celular ou colocar no bolso enquanto estiver se movimentando ou em atividades profissionais. Outra vantagem \u00e9 n\u00e3o se preocupar com quedas, pois ele fica totalmente fixo ao cinto proporcionando tranquilidade em todas as atividades.<\/p>\n<p>Use em diversas ocasi\u00f5es do dia a dia como: trabalho, passeios, aventuras, dirigindo e em diversas possibilidades.<br \/>\nDesign tradicional, elegante e pr\u00e1tico, apresentando um visual simplificado e utilidade funcional protetiva para o celular.<\/p>\n<p><strong>Recomenda\u00e7\u00f5es de Uso:<\/strong><br \/>\nA limpeza pode ser feita com pano seco ou \u00famido. Se lavar n\u00e3o use produtos qu\u00edmicos e n\u00e3o usar bucha grossa, pois pode ocasionar ranhuras e danificar o Nylon.<\/p>\n<p>N\u00e3o usar nenhuma fonte de calor para secar a n\u00e3o ser a natural. Guardar em local sem umidade ap\u00f3s o uso e a limpeza.<\/p>\n<p>As fotos poder\u00e3o apresentar pequenas varia\u00e7\u00f5es nos tons, devido a diferen\u00e7as de telas em monitores e celulares. Portanto, n\u00e3o s\u00e3o considerados defeitos ou falta de informa\u00e7\u00f5es.<\/p>\n<p>A RMarq Collection produz e comercializa este produto visando sempre a melhor qualidade, beleza e o estilo.<\/p>\n<p>Cuide bem do seu produto para que tenha uma boa durabilidade.<\/p>\n<p>Garantia do Fabricante: Contra defeitos de fabrica\u00e7\u00e3o: 30 dias.<br \/>\n<a href=\"https:\/\/rmarqcollection.com.br\/?page_id=238\">Estamos a disposi\u00e7\u00e3o para atender as suas d\u00favidas.<\/a><\/p>\n<p>&nbsp;<\/p>\n","protected":false},"excerpt":{"rendered":"<p><span style=\"color: #3366ff;\"><a style=\"color: #3366ff;\" href=\"https:\/\/rmarqcollection.com.br\/?page_id=1849\"><strong>Em 12x confira formas de pagamentos<\/strong><\/a><\/span><\/p>\n<p>Capa porta celular para cinto.<\/p>\n","protected":false},"featured_media":7594,"comment_status":"open","ping_status":"closed","template":"","meta":{"jetpack_publicize_message":"","jetpack_publicize_feature_enabled":true,"jetpack_social_post_already_shared":true,"jetpack_social_options":{"image_generator_settings":{"template":"highway","default_image_id":0,"font":"","enabled":false},"version":2}},"product_brand":[509],"product_cat":[686,685],"product_tag":[],"class_list":{"0":"post-7487","1":"product","2":"type-product","3":"status-publish","6":"product_brand-rmarq-collection","7":"product_cat-capa-para-celular","8":"product_cat-porta-celular","10":"first","11":"instock","12":"taxable","13":"shipping-taxable","14":"purchasable","15":"product-type-variable"},"aioseo_notices":[],"jetpack_publicize_connections":[],"jetpack-related-posts":[{"id":277,"url":"https:\/\/rmarqcollection.com.br\/?product=pochete-cintura-nylon-600","url_meta":{"origin":7487,"position":0},"title":"Pochete Cintura Unissex El\u00e1stico Regulador RMarq Collection","author":"cole\u00e7\u00e3o rmarq","date":"09\/06\/2021","format":false,"excerpt":"Em 12x confira formas de pagamentos \u00a0Ideal para caminhadas, passeios e outros momentos. V\u00eddeo","rel":"","context":"Post similar","block_context":{"text":"Post similar","link":""},"img":{"alt_text":"","src":"https:\/\/i0.wp.com\/rmarqcollection.com.br\/wp-content\/uploads\/2021\/06\/20240118_113739-PhotoRoom.png-PhotoRoom.jpg?fit=1200%2C1200&ssl=1&resize=350%2C200","width":350,"height":200,"srcset":"https:\/\/i0.wp.com\/rmarqcollection.com.br\/wp-content\/uploads\/2021\/06\/20240118_113739-PhotoRoom.png-PhotoRoom.jpg?fit=1200%2C1200&ssl=1&resize=350%2C200 1x, https:\/\/i0.wp.com\/rmarqcollection.com.br\/wp-content\/uploads\/2021\/06\/20240118_113739-PhotoRoom.png-PhotoRoom.jpg?fit=1200%2C1200&ssl=1&resize=525%2C300 1.5x, https:\/\/i0.wp.com\/rmarqcollection.com.br\/wp-content\/uploads\/2021\/06\/20240118_113739-PhotoRoom.png-PhotoRoom.jpg?fit=1200%2C1200&ssl=1&resize=700%2C400 2x, https:\/\/i0.wp.com\/rmarqcollection.com.br\/wp-content\/uploads\/2021\/06\/20240118_113739-PhotoRoom.png-PhotoRoom.jpg?fit=1200%2C1200&ssl=1&resize=1050%2C600 3x"},"classes":[]},{"id":2873,"url":"https:\/\/rmarqcollection.com.br\/?product=cinto-masculino-jeans-escuro-fivela-e-parafuso-largura-4-cm","url_meta":{"origin":7487,"position":1},"title":"Cinto Masculino Tecido Jeans Largura (4 cm) RMarq Collection","author":"cole\u00e7\u00e3o rmarq","date":"09\/09\/2022","format":false,"excerpt":"Em 12x confira formas de pagamentos Frete gr\u00e1tis saiba mais\u2026 Azul marinho liso\/ listrado, detalhes couro, largura (4 cm), presilha e parafuso. V\u00eddeo","rel":"","context":"Post similar","block_context":{"text":"Post similar","link":""},"img":{"alt_text":"","src":"https:\/\/i0.wp.com\/rmarqcollection.com.br\/wp-content\/uploads\/2022\/09\/os-tres.jpg?fit=1197%2C1200&ssl=1&resize=350%2C200","width":350,"height":200,"srcset":"https:\/\/i0.wp.com\/rmarqcollection.com.br\/wp-content\/uploads\/2022\/09\/os-tres.jpg?fit=1197%2C1200&ssl=1&resize=350%2C200 1x, https:\/\/i0.wp.com\/rmarqcollection.com.br\/wp-content\/uploads\/2022\/09\/os-tres.jpg?fit=1197%2C1200&ssl=1&resize=525%2C300 1.5x, https:\/\/i0.wp.com\/rmarqcollection.com.br\/wp-content\/uploads\/2022\/09\/os-tres.jpg?fit=1197%2C1200&ssl=1&resize=700%2C400 2x, https:\/\/i0.wp.com\/rmarqcollection.com.br\/wp-content\/uploads\/2022\/09\/os-tres.jpg?fit=1197%2C1200&ssl=1&resize=1050%2C600 3x"},"classes":[]},{"id":5881,"url":"https:\/\/rmarqcollection.com.br\/?product=pochete-transversal-e-cintura-rmarqcollection-shoulder-bag","url_meta":{"origin":7487,"position":2},"title":"Pochete Unissex Transversal e Cintura RMarq Collection","author":"cole\u00e7\u00e3o rmarq","date":"22\/12\/2024","format":false,"excerpt":"Em 12x confira formas de pagamentos Tecido Nylon, fecho z\u00edper, ideal para caminhadas, passeios e outros momentos.","rel":"","context":"Post similar","block_context":{"text":"Post similar","link":""},"img":{"alt_text":"","src":"https:\/\/i0.wp.com\/rmarqcollection.com.br\/wp-content\/uploads\/2024\/12\/pochete-militar-002-3.png?fit=1200%2C1200&ssl=1&resize=350%2C200","width":350,"height":200,"srcset":"https:\/\/i0.wp.com\/rmarqcollection.com.br\/wp-content\/uploads\/2024\/12\/pochete-militar-002-3.png?fit=1200%2C1200&ssl=1&resize=350%2C200 1x, https:\/\/i0.wp.com\/rmarqcollection.com.br\/wp-content\/uploads\/2024\/12\/pochete-militar-002-3.png?fit=1200%2C1200&ssl=1&resize=525%2C300 1.5x, https:\/\/i0.wp.com\/rmarqcollection.com.br\/wp-content\/uploads\/2024\/12\/pochete-militar-002-3.png?fit=1200%2C1200&ssl=1&resize=700%2C400 2x, https:\/\/i0.wp.com\/rmarqcollection.com.br\/wp-content\/uploads\/2024\/12\/pochete-militar-002-3.png?fit=1200%2C1200&ssl=1&resize=1050%2C600 3x"},"classes":[]},{"id":4975,"url":"https:\/\/rmarqcollection.com.br\/?product=bolsa-impermeavel-ombro-rmarqcollection-cor-linho-preto-moda-praia-clube","url_meta":{"origin":7487,"position":3},"title":"Bolsa Feminina Imperme\u00e1vel Preta RMarq Collection Praia Clube","author":"cole\u00e7\u00e3o rmarq","date":"19\/02\/2024","format":false,"excerpt":"Em 12x confira formas de pagamentos Tecido imperme\u00e1vel, al\u00e7a ombro e\u00a0 fecho z\u00edper. Moda praia clube. V\u00eddeo","rel":"","context":"Post similar","block_context":{"text":"Post similar","link":""},"img":{"alt_text":"","src":"https:\/\/i0.wp.com\/rmarqcollection.com.br\/wp-content\/uploads\/2024\/02\/bolsa-linho-preto-1.png?fit=1200%2C1200&ssl=1&resize=350%2C200","width":350,"height":200,"srcset":"https:\/\/i0.wp.com\/rmarqcollection.com.br\/wp-content\/uploads\/2024\/02\/bolsa-linho-preto-1.png?fit=1200%2C1200&ssl=1&resize=350%2C200 1x, https:\/\/i0.wp.com\/rmarqcollection.com.br\/wp-content\/uploads\/2024\/02\/bolsa-linho-preto-1.png?fit=1200%2C1200&ssl=1&resize=525%2C300 1.5x, https:\/\/i0.wp.com\/rmarqcollection.com.br\/wp-content\/uploads\/2024\/02\/bolsa-linho-preto-1.png?fit=1200%2C1200&ssl=1&resize=700%2C400 2x, https:\/\/i0.wp.com\/rmarqcollection.com.br\/wp-content\/uploads\/2024\/02\/bolsa-linho-preto-1.png?fit=1200%2C1200&ssl=1&resize=1050%2C600 3x"},"classes":[]},{"id":3539,"url":"https:\/\/rmarqcollection.com.br\/?product=cintos-femininos-material-couro","url_meta":{"origin":7487,"position":4},"title":"Cinto Feminino Couro Genu\u00edno (Largura 2 cm) RMarq Collection","author":"cole\u00e7\u00e3o rmarq","date":"12\/02\/2023","format":false,"excerpt":"Em 12x confira formas de pagamentos \u00a0Fivela n\u00edquel ou dourada, largura (2 cm) V\u00eddeo","rel":"","context":"Post similar","block_context":{"text":"Post similar","link":""},"img":{"alt_text":"","src":"https:\/\/i0.wp.com\/rmarqcollection.com.br\/wp-content\/uploads\/2023\/02\/cinto-feminino-quadro-1.png?fit=1200%2C705&ssl=1&resize=350%2C200","width":350,"height":200,"srcset":"https:\/\/i0.wp.com\/rmarqcollection.com.br\/wp-content\/uploads\/2023\/02\/cinto-feminino-quadro-1.png?fit=1200%2C705&ssl=1&resize=350%2C200 1x, https:\/\/i0.wp.com\/rmarqcollection.com.br\/wp-content\/uploads\/2023\/02\/cinto-feminino-quadro-1.png?fit=1200%2C705&ssl=1&resize=525%2C300 1.5x, https:\/\/i0.wp.com\/rmarqcollection.com.br\/wp-content\/uploads\/2023\/02\/cinto-feminino-quadro-1.png?fit=1200%2C705&ssl=1&resize=700%2C400 2x, https:\/\/i0.wp.com\/rmarqcollection.com.br\/wp-content\/uploads\/2023\/02\/cinto-feminino-quadro-1.png?fit=1200%2C705&ssl=1&resize=1050%2C600 3x"},"classes":[]},{"id":3329,"url":"https:\/\/rmarqcollection.com.br\/?product=cinto-masculino-couro-preto-fivela-removivel-largura-35-cm","url_meta":{"origin":7487,"position":5},"title":"Cinto Masculino Couro Genu\u00edno Preto Largura 3,5 cm RMarq Collection","author":"cole\u00e7\u00e3o rmarq","date":"29\/10\/2022","format":false,"excerpt":"Em 12x confira formas de pagamentos. Largura (3,5 cm), costurado, possui oito furos e presilha. V\u00eddeo","rel":"","context":"Post similar","block_context":{"text":"Post similar","link":""},"img":{"alt_text":"","src":"https:\/\/i0.wp.com\/rmarqcollection.com.br\/wp-content\/uploads\/2022\/10\/Cinto-masculino-preto-fivela-parafuso-largura-35-cm-1.png?fit=1200%2C1200&ssl=1&resize=350%2C200","width":350,"height":200,"srcset":"https:\/\/i0.wp.com\/rmarqcollection.com.br\/wp-content\/uploads\/2022\/10\/Cinto-masculino-preto-fivela-parafuso-largura-35-cm-1.png?fit=1200%2C1200&ssl=1&resize=350%2C200 1x, https:\/\/i0.wp.com\/rmarqcollection.com.br\/wp-content\/uploads\/2022\/10\/Cinto-masculino-preto-fivela-parafuso-largura-35-cm-1.png?fit=1200%2C1200&ssl=1&resize=525%2C300 1.5x, https:\/\/i0.wp.com\/rmarqcollection.com.br\/wp-content\/uploads\/2022\/10\/Cinto-masculino-preto-fivela-parafuso-largura-35-cm-1.png?fit=1200%2C1200&ssl=1&resize=700%2C400 2x, https:\/\/i0.wp.com\/rmarqcollection.com.br\/wp-content\/uploads\/2022\/10\/Cinto-masculino-preto-fivela-parafuso-largura-35-cm-1.png?fit=1200%2C1200&ssl=1&resize=1050%2C600 3x"},"classes":[]}],"jetpack_likes_enabled":true,"jetpack_sharing_enabled":true,"_links":{"self":[{"href":"https:\/\/rmarqcollection.com.br\/index.php?rest_route=\/wp\/v2\/product\/7487","targetHints":{"allow":["GET"]}}],"collection":[{"href":"https:\/\/rmarqcollection.com.br\/index.php?rest_route=\/wp\/v2\/product"}],"about":[{"href":"https:\/\/rmarqcollection.com.br\/index.php?rest_route=\/wp\/v2\/types\/product"}],"replies":[{"embeddable":true,"href":"https:\/\/rmarqcollection.com.br\/index.php?rest_route=%2Fwp%2Fv2%2Fcomments&post=7487"}],"wp:featuredmedia":[{"embeddable":true,"href":"https:\/\/rmarqcollection.com.br\/index.php?rest_route=\/wp\/v2\/media\/7594"}],"wp:attachment":[{"href":"https:\/\/rmarqcollection.com.br\/index.php?rest_route=%2Fwp%2Fv2%2Fmedia&parent=7487"}],"wp:term":[{"taxonomy":"product_brand","embeddable":true,"href":"https:\/\/rmarqcollection.com.br\/index.php?rest_route=%2Fwp%2Fv2%2Fproduct_brand&post=7487"},{"taxonomy":"product_cat","embeddable":true,"href":"https:\/\/rmarqcollection.com.br\/index.php?rest_route=%2Fwp%2Fv2%2Fproduct_cat&post=7487"},{"taxonomy":"product_tag","embeddable":true,"href":"https:\/\/rmarqcollection.com.br\/index.php?rest_route=%2Fwp%2Fv2%2Fproduct_tag&post=7487"}],"curies":[{"name":"wp","href":"https:\/\/api.w.org\/{rel}","templated":true}]}}