{"id":911,"date":"2021-12-22T20:56:50","date_gmt":"2021-12-22T23:56:50","guid":{"rendered":"https:\/\/rmarqcollection.com.br\/?post_type=product&#038;p=911"},"modified":"2025-10-01T22:08:39","modified_gmt":"2025-10-02T01:08:39","slug":"pulseira-para-relogio-unissex-couro-floater-marrom-escuro-sem-fivela-20mm-22mm","status":"publish","type":"product","link":"https:\/\/rmarqcollection.com.br\/?product=pulseira-para-relogio-unissex-couro-floater-marrom-escuro-sem-fivela-20mm-22mm","title":{"rendered":"Pulseira Rel\u00f3gio Unissex Couro Genu\u00edno RMarq Collection Sem Fivela"},"content":{"rendered":"<p>Bem-vindo (a) a nossa loja! Queremos proporcionar a voc\u00ea o que h\u00e1 de melhor. Todos os nossos produtos s\u00e3o confeccionados visando a qualidade e o conforto sempre com o objetivo de satisfazer voc\u00ea.<br \/>\nA RMarq Collection produz e comercializa este produto visando sempre a melhor qualidade, beleza e o estilo.<br \/>\nPulseiras para rel\u00f3gios unissex\u00a0 confeccionadas com material couro genu\u00edno, costuradas \u00e0 maquina e sem fivelas.<\/p>\n<p><strong><span style=\"color: #000000;\">Ideal para troca de pulseiras nos rel\u00f3gios de pulso.<\/span><\/strong><\/p>\n<p><strong>Larguras: 10 mm, 12 mm, 14 mm, 16 mm, 18 mm, 20 mm, 22 mm, 24 mm e 26 mm.<\/strong><br \/>\nMaterial : Couro genu\u00edno<br \/>\nCores: Marrom escuro, Verde, Marrom claro, Vermelho, Preto, Mostarda, Vinho, Azul-marinho, Branco.<\/p>\n<p><strong>OBS.: N\u00c3O ACOMPANHA FIVELA E PINOS.<\/strong><\/p>\n<p>As trocas geralmente podem ser feitas por voc\u00ea manualmente.<br \/>\nSe caso n\u00e3o conseguir procure um relojoeiro.<\/p>\n<p>Cuidados importantes: O suor pode ocasionar umidade no couro e desgaste. Procure cuidar da limpeza deste produto. Use um pano \u00famido e deixe secar. N\u00e3o lave com produtos qu\u00edmicos. Para conserva\u00e7\u00e3o do couro use produto dispon\u00edveis no mercado.<\/p>\n<p>Por se tratar de couro pode ocorrer pequenas varia\u00e7\u00f5es nos tons.<br \/>\nPortanto, n\u00e3o s\u00e3o considerados defeitos ou falta de informa\u00e7\u00f5es.<\/p>\n<p>Garantia do Fabricante: Contra defeitos de fabrica\u00e7\u00e3o \/30 dias.<br \/>\n<span style=\"color: #0000ff;\"><a style=\"color: #0000ff;\" href=\"https:\/\/rmarqcollection.com.br\/?page_id=238\"><strong><span style=\"vertical-align: inherit;\"><span style=\"vertical-align: inherit;\">Estamos a disposi\u00e7\u00e3o para atender \u00e0s suas d\u00favidas.<\/span><\/span><\/strong><\/a><\/span><\/p>\n","protected":false},"excerpt":{"rendered":"<h6><span style=\"color: #0000ff;\"><a style=\"color: #0000ff;\" href=\"https:\/\/rmarqcollection.com.br\/?page_id=1849\"><strong>Em 12x confira formas de pagamentos.<\/strong><\/a><\/span><\/h6>\n<h6><strong>Obs.: N\u00e3o acompanha fivela e pinos. Op\u00e7\u00f5es Cores e Larguras.<\/strong><\/h6>\n<h5><a href=\"https:\/\/rmarqcollection.com.br\/?tag=pulseira-relogios-unissex\"> <strong>V\u00eddeo<\/strong><\/a><\/h5>\n","protected":false},"featured_media":5823,"comment_status":"open","ping_status":"closed","template":"","meta":{"jetpack_publicize_message":"","jetpack_publicize_feature_enabled":true,"jetpack_social_post_already_shared":false,"jetpack_social_options":{"image_generator_settings":{"template":"highway","default_image_id":0,"font":"","enabled":false},"version":2}},"product_brand":[509],"product_cat":[21,398],"product_tag":[365,601,537,536,184,538,185,236,364,363,399],"class_list":{"0":"post-911","1":"product","2":"type-product","3":"status-publish","6":"product_brand-rmarq-collection","7":"product_cat-pulseiras-para-relogios","8":"product_cat-pulseiras-relogios-sem-fivela","9":"product_tag-pulseira","10":"product_tag-pulseira-couro-genuino","11":"product_tag-pulseira-feminina","12":"product_tag-pulseira-masculina","13":"product_tag-pulseira-para-relogio","14":"product_tag-pulseira-relogio","15":"product_tag-pulseira-sem-fivela","16":"product_tag-pulseiras","17":"product_tag-pulseiras-de-couro","18":"product_tag-pulseiras-de-pulso","19":"product_tag-pulseiras-relogio-de-pulso","21":"first","22":"instock","23":"sale","24":"taxable","25":"shipping-taxable","26":"purchasable","27":"product-type-variable"},"aioseo_notices":[],"jetpack_publicize_connections":[],"jetpack-related-posts":[{"id":3459,"url":"https:\/\/rmarqcollection.com.br\/?product=pulseira-para-relogio-com-fivela-material-couro","url_meta":{"origin":911,"position":0},"title":"Pulseira Rel\u00f3gio Unissex Couro Genu\u00edno Com Fivela RMarq Collection","author":"cole\u00e7\u00e3o rmarq","date":"12\/01\/2023","format":false,"excerpt":"Em 12x confira formas de pagamentos. Cores e larguras variadas, costuradas e fivela dourada ou prateada.","rel":"","context":"Post similar","block_context":{"text":"Post similar","link":""},"img":{"alt_text":"","src":"https:\/\/i0.wp.com\/rmarqcollection.com.br\/wp-content\/uploads\/2023\/01\/pulseira-vinho-fivela-prateada-2.png?fit=1200%2C1200&ssl=1&resize=350%2C200","width":350,"height":200,"srcset":"https:\/\/i0.wp.com\/rmarqcollection.com.br\/wp-content\/uploads\/2023\/01\/pulseira-vinho-fivela-prateada-2.png?fit=1200%2C1200&ssl=1&resize=350%2C200 1x, https:\/\/i0.wp.com\/rmarqcollection.com.br\/wp-content\/uploads\/2023\/01\/pulseira-vinho-fivela-prateada-2.png?fit=1200%2C1200&ssl=1&resize=525%2C300 1.5x, https:\/\/i0.wp.com\/rmarqcollection.com.br\/wp-content\/uploads\/2023\/01\/pulseira-vinho-fivela-prateada-2.png?fit=1200%2C1200&ssl=1&resize=700%2C400 2x, https:\/\/i0.wp.com\/rmarqcollection.com.br\/wp-content\/uploads\/2023\/01\/pulseira-vinho-fivela-prateada-2.png?fit=1200%2C1200&ssl=1&resize=1050%2C600 3x"},"classes":[]},{"id":207,"url":"https:\/\/rmarqcollection.com.br\/?product=pulseira-para-relogio","url_meta":{"origin":911,"position":1},"title":"Pulseira Rel\u00f3gio Unissex Couro Genu\u00edno Sem Fivela RMarq Collection Dobrada","author":"cole\u00e7\u00e3o rmarq","date":"04\/06\/2021","format":false,"excerpt":"Em 12x confira formas de pagamentos Couro genu\u00edno, costuradas, sem fivela e pinos.","rel":"","context":"Post similar","block_context":{"text":"Post similar","link":""},"img":{"alt_text":"","src":"https:\/\/i0.wp.com\/rmarqcollection.com.br\/wp-content\/uploads\/2021\/06\/x-pul-foto.jpg?fit=1200%2C1200&ssl=1&resize=350%2C200","width":350,"height":200,"srcset":"https:\/\/i0.wp.com\/rmarqcollection.com.br\/wp-content\/uploads\/2021\/06\/x-pul-foto.jpg?fit=1200%2C1200&ssl=1&resize=350%2C200 1x, https:\/\/i0.wp.com\/rmarqcollection.com.br\/wp-content\/uploads\/2021\/06\/x-pul-foto.jpg?fit=1200%2C1200&ssl=1&resize=525%2C300 1.5x, https:\/\/i0.wp.com\/rmarqcollection.com.br\/wp-content\/uploads\/2021\/06\/x-pul-foto.jpg?fit=1200%2C1200&ssl=1&resize=700%2C400 2x, https:\/\/i0.wp.com\/rmarqcollection.com.br\/wp-content\/uploads\/2021\/06\/x-pul-foto.jpg?fit=1200%2C1200&ssl=1&resize=1050%2C600 3x"},"classes":[]},{"id":220,"url":"https:\/\/rmarqcollection.com.br\/?product=pulseira-para-relogio-10mm-3","url_meta":{"origin":911,"position":2},"title":"Pulseira Rel\u00f3gio Feminino Couro Genu\u00edno Sem Fivela RMarq Collection Dobrada","author":"cole\u00e7\u00e3o rmarq","date":"05\/06\/2021","format":false,"excerpt":"Em 12x confira formas de pagamentos. Largura (1 cm =10 mm), sem fivela e pinos.\u00a0","rel":"","context":"Post similar","block_context":{"text":"Post similar","link":""},"img":{"alt_text":"","src":"https:\/\/i0.wp.com\/rmarqcollection.com.br\/wp-content\/uploads\/2021\/06\/Pulseira-dobrada-marrom-sem-fivela-3.jpg?fit=1200%2C1200&ssl=1&resize=350%2C200","width":350,"height":200,"srcset":"https:\/\/i0.wp.com\/rmarqcollection.com.br\/wp-content\/uploads\/2021\/06\/Pulseira-dobrada-marrom-sem-fivela-3.jpg?fit=1200%2C1200&ssl=1&resize=350%2C200 1x, https:\/\/i0.wp.com\/rmarqcollection.com.br\/wp-content\/uploads\/2021\/06\/Pulseira-dobrada-marrom-sem-fivela-3.jpg?fit=1200%2C1200&ssl=1&resize=525%2C300 1.5x, https:\/\/i0.wp.com\/rmarqcollection.com.br\/wp-content\/uploads\/2021\/06\/Pulseira-dobrada-marrom-sem-fivela-3.jpg?fit=1200%2C1200&ssl=1&resize=700%2C400 2x, https:\/\/i0.wp.com\/rmarqcollection.com.br\/wp-content\/uploads\/2021\/06\/Pulseira-dobrada-marrom-sem-fivela-3.jpg?fit=1200%2C1200&ssl=1&resize=1050%2C600 3x"},"classes":[]},{"id":848,"url":"https:\/\/rmarqcollection.com.br\/?product=pulseira-para-relogio-feminino-de-couro-legitimo-dobrada-com-fivela-10mm","url_meta":{"origin":911,"position":3},"title":"Pulseira Rel\u00f3gio Feminino Couro Genu\u00edno Fivela (1cm) RMarq Collection Dobrada","author":"cole\u00e7\u00e3o rmarq","date":"08\/12\/2021","format":false,"excerpt":"Em 12x confira formas de pagamentos. Acompanha fivela e pinos. Largura (1 cm = 10 mm).","rel":"","context":"Post similar","block_context":{"text":"Post similar","link":""},"img":{"alt_text":"","src":"https:\/\/i0.wp.com\/rmarqcollection.com.br\/wp-content\/uploads\/2021\/12\/Pulseira-dobrada-preta-fivela-prateada-2.jpg?fit=1200%2C1200&ssl=1&resize=350%2C200","width":350,"height":200,"srcset":"https:\/\/i0.wp.com\/rmarqcollection.com.br\/wp-content\/uploads\/2021\/12\/Pulseira-dobrada-preta-fivela-prateada-2.jpg?fit=1200%2C1200&ssl=1&resize=350%2C200 1x, https:\/\/i0.wp.com\/rmarqcollection.com.br\/wp-content\/uploads\/2021\/12\/Pulseira-dobrada-preta-fivela-prateada-2.jpg?fit=1200%2C1200&ssl=1&resize=525%2C300 1.5x, https:\/\/i0.wp.com\/rmarqcollection.com.br\/wp-content\/uploads\/2021\/12\/Pulseira-dobrada-preta-fivela-prateada-2.jpg?fit=1200%2C1200&ssl=1&resize=700%2C400 2x, https:\/\/i0.wp.com\/rmarqcollection.com.br\/wp-content\/uploads\/2021\/12\/Pulseira-dobrada-preta-fivela-prateada-2.jpg?fit=1200%2C1200&ssl=1&resize=1050%2C600 3x"},"classes":[]},{"id":7202,"url":"https:\/\/rmarqcollection.com.br\/?product=bracelete-pulseira-masculino-cruz-couro-genuino-rmarq-collection","url_meta":{"origin":911,"position":4},"title":"Bracelete Pulseira Masculino Cruz Couro Genu\u00edno RMarq Collection","author":"cole\u00e7\u00e3o rmarq","date":"26\/12\/2025","format":false,"excerpt":"Em 12x confira formas de pagamentos. Tamanho: Ajust\u00e1vel (16 cm a 21 cm)\/Largura: (2 cm) V\u00eddeos","rel":"","context":"Post similar","block_context":{"text":"Post similar","link":""},"img":{"alt_text":"","src":"https:\/\/i0.wp.com\/rmarqcollection.com.br\/wp-content\/uploads\/2025\/12\/bracelete-couro-marrom-escuro-cruz-linha-cinza-1.png?fit=1200%2C1200&ssl=1&resize=350%2C200","width":350,"height":200,"srcset":"https:\/\/i0.wp.com\/rmarqcollection.com.br\/wp-content\/uploads\/2025\/12\/bracelete-couro-marrom-escuro-cruz-linha-cinza-1.png?fit=1200%2C1200&ssl=1&resize=350%2C200 1x, https:\/\/i0.wp.com\/rmarqcollection.com.br\/wp-content\/uploads\/2025\/12\/bracelete-couro-marrom-escuro-cruz-linha-cinza-1.png?fit=1200%2C1200&ssl=1&resize=525%2C300 1.5x, https:\/\/i0.wp.com\/rmarqcollection.com.br\/wp-content\/uploads\/2025\/12\/bracelete-couro-marrom-escuro-cruz-linha-cinza-1.png?fit=1200%2C1200&ssl=1&resize=700%2C400 2x, https:\/\/i0.wp.com\/rmarqcollection.com.br\/wp-content\/uploads\/2025\/12\/bracelete-couro-marrom-escuro-cruz-linha-cinza-1.png?fit=1200%2C1200&ssl=1&resize=1050%2C600 3x"},"classes":[]},{"id":7221,"url":"https:\/\/rmarqcollection.com.br\/?product=bracelete-pulseira-masculino-couro-genuino-rmarq-collection","url_meta":{"origin":911,"position":5},"title":"Bracelete Pulseira Masculino Couro Genu\u00edno RMarq Collection","author":"cole\u00e7\u00e3o rmarq","date":"26\/12\/2025","format":false,"excerpt":"Em 12x confira formas de pagamentos. Tamanho: Ajust\u00e1vel (16 cm a 21 cm)\/Largura: (2 cm) V\u00eddeo","rel":"","context":"Post similar","block_context":{"text":"Post similar","link":""},"img":{"alt_text":"","src":"https:\/\/i0.wp.com\/rmarqcollection.com.br\/wp-content\/uploads\/2025\/12\/bracelete-couro-marrom-escuro-ponto-linha-marrom-1.png?fit=1200%2C1200&ssl=1&resize=350%2C200","width":350,"height":200,"srcset":"https:\/\/i0.wp.com\/rmarqcollection.com.br\/wp-content\/uploads\/2025\/12\/bracelete-couro-marrom-escuro-ponto-linha-marrom-1.png?fit=1200%2C1200&ssl=1&resize=350%2C200 1x, https:\/\/i0.wp.com\/rmarqcollection.com.br\/wp-content\/uploads\/2025\/12\/bracelete-couro-marrom-escuro-ponto-linha-marrom-1.png?fit=1200%2C1200&ssl=1&resize=525%2C300 1.5x, https:\/\/i0.wp.com\/rmarqcollection.com.br\/wp-content\/uploads\/2025\/12\/bracelete-couro-marrom-escuro-ponto-linha-marrom-1.png?fit=1200%2C1200&ssl=1&resize=700%2C400 2x, https:\/\/i0.wp.com\/rmarqcollection.com.br\/wp-content\/uploads\/2025\/12\/bracelete-couro-marrom-escuro-ponto-linha-marrom-1.png?fit=1200%2C1200&ssl=1&resize=1050%2C600 3x"},"classes":[]}],"jetpack_likes_enabled":true,"jetpack_sharing_enabled":true,"_links":{"self":[{"href":"https:\/\/rmarqcollection.com.br\/index.php?rest_route=\/wp\/v2\/product\/911","targetHints":{"allow":["GET"]}}],"collection":[{"href":"https:\/\/rmarqcollection.com.br\/index.php?rest_route=\/wp\/v2\/product"}],"about":[{"href":"https:\/\/rmarqcollection.com.br\/index.php?rest_route=\/wp\/v2\/types\/product"}],"replies":[{"embeddable":true,"href":"https:\/\/rmarqcollection.com.br\/index.php?rest_route=%2Fwp%2Fv2%2Fcomments&post=911"}],"wp:featuredmedia":[{"embeddable":true,"href":"https:\/\/rmarqcollection.com.br\/index.php?rest_route=\/wp\/v2\/media\/5823"}],"wp:attachment":[{"href":"https:\/\/rmarqcollection.com.br\/index.php?rest_route=%2Fwp%2Fv2%2Fmedia&parent=911"}],"wp:term":[{"taxonomy":"product_brand","embeddable":true,"href":"https:\/\/rmarqcollection.com.br\/index.php?rest_route=%2Fwp%2Fv2%2Fproduct_brand&post=911"},{"taxonomy":"product_cat","embeddable":true,"href":"https:\/\/rmarqcollection.com.br\/index.php?rest_route=%2Fwp%2Fv2%2Fproduct_cat&post=911"},{"taxonomy":"product_tag","embeddable":true,"href":"https:\/\/rmarqcollection.com.br\/index.php?rest_route=%2Fwp%2Fv2%2Fproduct_tag&post=911"}],"curies":[{"name":"wp","href":"https:\/\/api.w.org\/{rel}","templated":true}]}}